{"id":994,"date":"2022-08-07T23:28:17","date_gmt":"2022-08-07T22:28:17","guid":{"rendered":"http:\/\/martins-reisen.de\/?p=994"},"modified":"2025-10-03T18:14:27","modified_gmt":"2025-10-03T17:14:27","slug":"von-vancouver-nach-whitehouse-in-yukon","status":"publish","type":"page","link":"https:\/\/martins-reisen.de\/?page_id=994","title":{"rendered":"Von Vancouver nach Whitehorse in Yukon"},"content":{"rendered":"\n<h3 class=\"wp-block-heading\">Von Vancouver geht es jetzt in den hohen Norden.<br>Und das zieht sich! Bis Whitehorse im s\u00fcdlichen Yukon ca 2.400 km.<br>Und dort geht das Abenteuer erst los<\/h3>\n\n\n\n<figure class=\"wp-block-gallery has-nested-images columns-default is-cropped wp-block-gallery-1 is-layout-flex wp-block-gallery-is-layout-flex\">\n<figure class=\"wp-block-image size-full\"><a href=\"http:\/\/martins-reisen.de\/wp-content\/uploads\/2022\/08\/IMG_0853_ergebnis.jpg\"><img loading=\"lazy\" decoding=\"async\" width=\"800\" height=\"600\" data-id=\"992\" src=\"http:\/\/martins-reisen.de\/wp-content\/uploads\/2022\/08\/IMG_0853_ergebnis.jpg\" alt=\"\" class=\"wp-image-992\" srcset=\"https:\/\/martins-reisen.de\/wp-content\/uploads\/2022\/08\/IMG_0853_ergebnis.jpg 800w, https:\/\/martins-reisen.de\/wp-content\/uploads\/2022\/08\/IMG_0853_ergebnis-300x225.jpg 300w, https:\/\/martins-reisen.de\/wp-content\/uploads\/2022\/08\/IMG_0853_ergebnis-768x576.jpg 768w\" sizes=\"auto, (max-width: 800px) 100vw, 800px\" \/><\/a><figcaption class=\"wp-element-caption\">Anfangs ist es sehr gebirgig, dann f\u00e4hrt man lange durch h\u00fcgelige Landschaft auf einem Art Hochplateau (700 &#8211; 900 m)<\/figcaption><\/figure>\n\n\n\n<figure class=\"wp-block-image size-full\"><a href=\"http:\/\/martins-reisen.de\/wp-content\/uploads\/2022\/08\/IMG_0852_ergebnis.jpg\"><img loading=\"lazy\" decoding=\"async\" width=\"800\" height=\"600\" data-id=\"993\" src=\"http:\/\/martins-reisen.de\/wp-content\/uploads\/2022\/08\/IMG_0852_ergebnis.jpg\" alt=\"\" class=\"wp-image-993\" srcset=\"https:\/\/martins-reisen.de\/wp-content\/uploads\/2022\/08\/IMG_0852_ergebnis.jpg 800w, https:\/\/martins-reisen.de\/wp-content\/uploads\/2022\/08\/IMG_0852_ergebnis-300x225.jpg 300w, https:\/\/martins-reisen.de\/wp-content\/uploads\/2022\/08\/IMG_0852_ergebnis-768x576.jpg 768w\" sizes=\"auto, (max-width: 800px) 100vw, 800px\" \/><\/a><figcaption class=\"wp-element-caption\">Auch in Kanada gibt es einen National Forest Service mit entsprechenden Campgrounds<\/figcaption><\/figure>\n\n\n\n<figure class=\"wp-block-image size-full\"><a href=\"http:\/\/martins-reisen.de\/wp-content\/uploads\/2022\/08\/IMG_0856_ergebnis.jpg\"><img loading=\"lazy\" decoding=\"async\" width=\"800\" height=\"600\" data-id=\"991\" src=\"http:\/\/martins-reisen.de\/wp-content\/uploads\/2022\/08\/IMG_0856_ergebnis.jpg\" alt=\"\" class=\"wp-image-991\" srcset=\"https:\/\/martins-reisen.de\/wp-content\/uploads\/2022\/08\/IMG_0856_ergebnis.jpg 800w, https:\/\/martins-reisen.de\/wp-content\/uploads\/2022\/08\/IMG_0856_ergebnis-300x225.jpg 300w, https:\/\/martins-reisen.de\/wp-content\/uploads\/2022\/08\/IMG_0856_ergebnis-768x576.jpg 768w\" sizes=\"auto, (max-width: 800px) 100vw, 800px\" \/><\/a><\/figure>\n<\/figure>\n\n\n\n<p>Es geht durch unmermessliche W\u00e4lder, die allerdings auch rigoros abgeholzt werden, vor allem in der Provinz British Columbia.<br>Die Holzkonzerne haben hier \u00e4hnlich viel Macht und Einfluss, wie in anderen Weltgegenden die \u00d6lfirmen<\/p>\n\n\n\n<figure class=\"wp-block-gallery has-nested-images columns-default is-cropped wp-block-gallery-2 is-layout-flex wp-block-gallery-is-layout-flex\">\n<figure class=\"wp-block-image size-full\"><a href=\"http:\/\/martins-reisen.de\/wp-content\/uploads\/2022\/08\/IMG_0863_ergebnis.jpg\"><img loading=\"lazy\" decoding=\"async\" width=\"800\" height=\"600\" data-id=\"986\" src=\"http:\/\/martins-reisen.de\/wp-content\/uploads\/2022\/08\/IMG_0863_ergebnis.jpg\" alt=\"\" class=\"wp-image-986\" srcset=\"https:\/\/martins-reisen.de\/wp-content\/uploads\/2022\/08\/IMG_0863_ergebnis.jpg 800w, https:\/\/martins-reisen.de\/wp-content\/uploads\/2022\/08\/IMG_0863_ergebnis-300x225.jpg 300w, https:\/\/martins-reisen.de\/wp-content\/uploads\/2022\/08\/IMG_0863_ergebnis-768x576.jpg 768w\" sizes=\"auto, (max-width: 800px) 100vw, 800px\" \/><\/a><figcaption class=\"wp-element-caption\">Solche LKWs sieht man massenhaft<\/figcaption><\/figure>\n\n\n\n<figure class=\"wp-block-image size-full\"><a href=\"http:\/\/martins-reisen.de\/wp-content\/uploads\/2022\/08\/IMG_0877_ergebnis.jpg\"><img loading=\"lazy\" decoding=\"async\" width=\"800\" height=\"600\" data-id=\"978\" src=\"http:\/\/martins-reisen.de\/wp-content\/uploads\/2022\/08\/IMG_0877_ergebnis.jpg\" alt=\"\" class=\"wp-image-978\" srcset=\"https:\/\/martins-reisen.de\/wp-content\/uploads\/2022\/08\/IMG_0877_ergebnis.jpg 800w, https:\/\/martins-reisen.de\/wp-content\/uploads\/2022\/08\/IMG_0877_ergebnis-300x225.jpg 300w, https:\/\/martins-reisen.de\/wp-content\/uploads\/2022\/08\/IMG_0877_ergebnis-768x576.jpg 768w\" sizes=\"auto, (max-width: 800px) 100vw, 800px\" \/><\/a><figcaption class=\"wp-element-caption\">Auch hier brennen leider ab und zu die W\u00e4lder<\/figcaption><\/figure>\n<\/figure>\n\n\n\n<figure class=\"wp-block-gallery has-nested-images columns-default is-cropped wp-block-gallery-3 is-layout-flex wp-block-gallery-is-layout-flex\">\n<figure class=\"wp-block-image size-full\"><a href=\"http:\/\/martins-reisen.de\/wp-content\/uploads\/2022\/08\/IMG_0858_ergebnis.jpg\"><img loading=\"lazy\" decoding=\"async\" width=\"800\" height=\"600\" data-id=\"990\" src=\"http:\/\/martins-reisen.de\/wp-content\/uploads\/2022\/08\/IMG_0858_ergebnis.jpg\" alt=\"\" class=\"wp-image-990\" srcset=\"https:\/\/martins-reisen.de\/wp-content\/uploads\/2022\/08\/IMG_0858_ergebnis.jpg 800w, https:\/\/martins-reisen.de\/wp-content\/uploads\/2022\/08\/IMG_0858_ergebnis-300x225.jpg 300w, https:\/\/martins-reisen.de\/wp-content\/uploads\/2022\/08\/IMG_0858_ergebnis-768x576.jpg 768w\" sizes=\"auto, (max-width: 800px) 100vw, 800px\" \/><\/a><\/figure>\n\n\n\n<figure class=\"wp-block-image size-full\"><a href=\"http:\/\/martins-reisen.de\/wp-content\/uploads\/2022\/08\/IMG_0859_ergebnis.jpg\"><img loading=\"lazy\" decoding=\"async\" width=\"800\" height=\"600\" data-id=\"989\" src=\"http:\/\/martins-reisen.de\/wp-content\/uploads\/2022\/08\/IMG_0859_ergebnis.jpg\" alt=\"\" class=\"wp-image-989\" srcset=\"https:\/\/martins-reisen.de\/wp-content\/uploads\/2022\/08\/IMG_0859_ergebnis.jpg 800w, https:\/\/martins-reisen.de\/wp-content\/uploads\/2022\/08\/IMG_0859_ergebnis-300x225.jpg 300w, https:\/\/martins-reisen.de\/wp-content\/uploads\/2022\/08\/IMG_0859_ergebnis-768x576.jpg 768w\" sizes=\"auto, (max-width: 800px) 100vw, 800px\" \/><\/a><figcaption class=\"wp-element-caption\">teilweise heftige Gef\u00e4lle, wo man schon mal seine Bremsen abkochen kann<\/figcaption><\/figure>\n\n\n\n<figure class=\"wp-block-image size-full\"><a href=\"http:\/\/martins-reisen.de\/wp-content\/uploads\/2022\/08\/IMG_0861_ergebnis.jpg\"><img loading=\"lazy\" decoding=\"async\" width=\"800\" height=\"600\" data-id=\"988\" src=\"http:\/\/martins-reisen.de\/wp-content\/uploads\/2022\/08\/IMG_0861_ergebnis.jpg\" alt=\"\" class=\"wp-image-988\" srcset=\"https:\/\/martins-reisen.de\/wp-content\/uploads\/2022\/08\/IMG_0861_ergebnis.jpg 800w, https:\/\/martins-reisen.de\/wp-content\/uploads\/2022\/08\/IMG_0861_ergebnis-300x225.jpg 300w, https:\/\/martins-reisen.de\/wp-content\/uploads\/2022\/08\/IMG_0861_ergebnis-768x576.jpg 768w\" sizes=\"auto, (max-width: 800px) 100vw, 800px\" \/><\/a><\/figure>\n<\/figure>\n\n\n\n<p>Je weiter wir nach Norden kommen, desto mehr Touristen sind unterwegs.<br>Alaska ist zu einem beliebten Ziel geworden, zumal die Infrastruktur dort gut ausgebaut ist,<br>so dass sich dort auch jede Menge Wei\u00dfware tummelt<\/p>\n\n\n\n<figure class=\"wp-block-gallery has-nested-images columns-default is-cropped wp-block-gallery-4 is-layout-flex wp-block-gallery-is-layout-flex\">\n<figure class=\"wp-block-image size-full\"><a href=\"http:\/\/martins-reisen.de\/wp-content\/uploads\/2022\/08\/IMG_0862_ergebnis.jpg\"><img loading=\"lazy\" decoding=\"async\" width=\"800\" height=\"600\" data-id=\"987\" src=\"http:\/\/martins-reisen.de\/wp-content\/uploads\/2022\/08\/IMG_0862_ergebnis.jpg\" alt=\"\" class=\"wp-image-987\" srcset=\"https:\/\/martins-reisen.de\/wp-content\/uploads\/2022\/08\/IMG_0862_ergebnis.jpg 800w, https:\/\/martins-reisen.de\/wp-content\/uploads\/2022\/08\/IMG_0862_ergebnis-300x225.jpg 300w, https:\/\/martins-reisen.de\/wp-content\/uploads\/2022\/08\/IMG_0862_ergebnis-768x576.jpg 768w\" sizes=\"auto, (max-width: 800px) 100vw, 800px\" \/><\/a><\/figure>\n\n\n\n<figure class=\"wp-block-image size-full\"><a href=\"http:\/\/martins-reisen.de\/wp-content\/uploads\/2022\/08\/IMG_0869_ergebnis.jpg\"><img loading=\"lazy\" decoding=\"async\" width=\"800\" height=\"600\" data-id=\"981\" src=\"http:\/\/martins-reisen.de\/wp-content\/uploads\/2022\/08\/IMG_0869_ergebnis.jpg\" alt=\"\" class=\"wp-image-981\" srcset=\"https:\/\/martins-reisen.de\/wp-content\/uploads\/2022\/08\/IMG_0869_ergebnis.jpg 800w, https:\/\/martins-reisen.de\/wp-content\/uploads\/2022\/08\/IMG_0869_ergebnis-300x225.jpg 300w, https:\/\/martins-reisen.de\/wp-content\/uploads\/2022\/08\/IMG_0869_ergebnis-768x576.jpg 768w\" sizes=\"auto, (max-width: 800px) 100vw, 800px\" \/><\/a><figcaption class=\"wp-element-caption\">Wir sind da nicht r\u00fcber, wir bleiben in Kanada<\/figcaption><\/figure>\n<\/figure>\n\n\n\n<p>Der Alaska Highway wurde \u00fcbrigends 1942 von Amerikanern in Kanada gebaut, um die Versorgung Alaskas im Krieg gegen die Japaner zu sichern. <br>Die USA haben keine direkte Landverbindung nach Alaska<\/p>\n\n\n\n<p>Aus den Hochlagen w\u00e4lzen sich die Gletscher in die T\u00e4ler, \u00e4hnlich wie in Patagonien<\/p>\n\n\n\n<figure class=\"wp-block-gallery has-nested-images columns-default is-cropped wp-block-gallery-5 is-layout-flex wp-block-gallery-is-layout-flex\">\n<figure class=\"wp-block-image size-full\"><a href=\"http:\/\/martins-reisen.de\/wp-content\/uploads\/2022\/08\/IMG_0865_ergebnis.jpg\"><img loading=\"lazy\" decoding=\"async\" width=\"800\" height=\"600\" data-id=\"984\" src=\"http:\/\/martins-reisen.de\/wp-content\/uploads\/2022\/08\/IMG_0865_ergebnis.jpg\" alt=\"\" class=\"wp-image-984\" srcset=\"https:\/\/martins-reisen.de\/wp-content\/uploads\/2022\/08\/IMG_0865_ergebnis.jpg 800w, https:\/\/martins-reisen.de\/wp-content\/uploads\/2022\/08\/IMG_0865_ergebnis-300x225.jpg 300w, https:\/\/martins-reisen.de\/wp-content\/uploads\/2022\/08\/IMG_0865_ergebnis-768x576.jpg 768w\" sizes=\"auto, (max-width: 800px) 100vw, 800px\" \/><\/a><\/figure>\n\n\n\n<figure class=\"wp-block-image size-full\"><a href=\"http:\/\/martins-reisen.de\/wp-content\/uploads\/2022\/08\/IMG_0868_ergebnis.jpg\"><img loading=\"lazy\" decoding=\"async\" width=\"800\" height=\"600\" data-id=\"982\" src=\"http:\/\/martins-reisen.de\/wp-content\/uploads\/2022\/08\/IMG_0868_ergebnis.jpg\" alt=\"\" class=\"wp-image-982\" srcset=\"https:\/\/martins-reisen.de\/wp-content\/uploads\/2022\/08\/IMG_0868_ergebnis.jpg 800w, https:\/\/martins-reisen.de\/wp-content\/uploads\/2022\/08\/IMG_0868_ergebnis-300x225.jpg 300w, https:\/\/martins-reisen.de\/wp-content\/uploads\/2022\/08\/IMG_0868_ergebnis-768x576.jpg 768w\" sizes=\"auto, (max-width: 800px) 100vw, 800px\" \/><\/a><\/figure>\n\n\n\n<figure class=\"wp-block-image size-full\"><a href=\"http:\/\/martins-reisen.de\/wp-content\/uploads\/2022\/08\/IMG_0864_ergebnis.jpg\"><img loading=\"lazy\" decoding=\"async\" width=\"800\" height=\"600\" data-id=\"985\" src=\"http:\/\/martins-reisen.de\/wp-content\/uploads\/2022\/08\/IMG_0864_ergebnis.jpg\" alt=\"\" class=\"wp-image-985\" srcset=\"https:\/\/martins-reisen.de\/wp-content\/uploads\/2022\/08\/IMG_0864_ergebnis.jpg 800w, https:\/\/martins-reisen.de\/wp-content\/uploads\/2022\/08\/IMG_0864_ergebnis-300x225.jpg 300w, https:\/\/martins-reisen.de\/wp-content\/uploads\/2022\/08\/IMG_0864_ergebnis-768x576.jpg 768w\" sizes=\"auto, (max-width: 800px) 100vw, 800px\" \/><\/a><\/figure>\n<\/figure>\n\n\n\n<p>Leider spielt das Wetter nicht mehr so mit, wir haben jetzt h\u00e4ufig Regen bei ca 15\u00b0C<\/p>\n\n\n\n<figure class=\"wp-block-gallery has-nested-images columns-default is-cropped wp-block-gallery-6 is-layout-flex wp-block-gallery-is-layout-flex\">\n<figure class=\"wp-block-image size-full\"><a href=\"http:\/\/martins-reisen.de\/wp-content\/uploads\/2022\/08\/IMG_0874_ergebnis.jpg\"><img loading=\"lazy\" decoding=\"async\" width=\"800\" height=\"600\" data-id=\"980\" src=\"http:\/\/martins-reisen.de\/wp-content\/uploads\/2022\/08\/IMG_0874_ergebnis.jpg\" alt=\"\" class=\"wp-image-980\" srcset=\"https:\/\/martins-reisen.de\/wp-content\/uploads\/2022\/08\/IMG_0874_ergebnis.jpg 800w, https:\/\/martins-reisen.de\/wp-content\/uploads\/2022\/08\/IMG_0874_ergebnis-300x225.jpg 300w, https:\/\/martins-reisen.de\/wp-content\/uploads\/2022\/08\/IMG_0874_ergebnis-768x576.jpg 768w\" sizes=\"auto, (max-width: 800px) 100vw, 800px\" \/><\/a><\/figure>\n\n\n\n<figure class=\"wp-block-image size-full\"><a href=\"http:\/\/martins-reisen.de\/wp-content\/uploads\/2022\/08\/IMG_0876_ergebnis.jpg\"><img loading=\"lazy\" decoding=\"async\" width=\"800\" height=\"600\" data-id=\"979\" src=\"http:\/\/martins-reisen.de\/wp-content\/uploads\/2022\/08\/IMG_0876_ergebnis.jpg\" alt=\"\" class=\"wp-image-979\" srcset=\"https:\/\/martins-reisen.de\/wp-content\/uploads\/2022\/08\/IMG_0876_ergebnis.jpg 800w, https:\/\/martins-reisen.de\/wp-content\/uploads\/2022\/08\/IMG_0876_ergebnis-300x225.jpg 300w, https:\/\/martins-reisen.de\/wp-content\/uploads\/2022\/08\/IMG_0876_ergebnis-768x576.jpg 768w\" sizes=\"auto, (max-width: 800px) 100vw, 800px\" \/><\/a><\/figure>\n<\/figure>\n\n\n\n<figure class=\"wp-block-gallery has-nested-images columns-default is-cropped wp-block-gallery-7 is-layout-flex wp-block-gallery-is-layout-flex\">\n<figure class=\"wp-block-image size-full\"><a href=\"http:\/\/martins-reisen.de\/wp-content\/uploads\/2022\/08\/IMG_0882_ergebnis.jpg\"><img loading=\"lazy\" decoding=\"async\" width=\"800\" height=\"600\" data-id=\"977\" src=\"http:\/\/martins-reisen.de\/wp-content\/uploads\/2022\/08\/IMG_0882_ergebnis.jpg\" alt=\"\" class=\"wp-image-977\" srcset=\"https:\/\/martins-reisen.de\/wp-content\/uploads\/2022\/08\/IMG_0882_ergebnis.jpg 800w, https:\/\/martins-reisen.de\/wp-content\/uploads\/2022\/08\/IMG_0882_ergebnis-300x225.jpg 300w, https:\/\/martins-reisen.de\/wp-content\/uploads\/2022\/08\/IMG_0882_ergebnis-768x576.jpg 768w\" sizes=\"auto, (max-width: 800px) 100vw, 800px\" \/><\/a><\/figure>\n\n\n\n<figure class=\"wp-block-image size-full\"><a href=\"http:\/\/martins-reisen.de\/wp-content\/uploads\/2022\/08\/IMG_0883_ergebnis.jpg\"><img loading=\"lazy\" decoding=\"async\" width=\"450\" height=\"600\" data-id=\"976\" src=\"http:\/\/martins-reisen.de\/wp-content\/uploads\/2022\/08\/IMG_0883_ergebnis.jpg\" alt=\"\" class=\"wp-image-976\" srcset=\"https:\/\/martins-reisen.de\/wp-content\/uploads\/2022\/08\/IMG_0883_ergebnis.jpg 450w, https:\/\/martins-reisen.de\/wp-content\/uploads\/2022\/08\/IMG_0883_ergebnis-225x300.jpg 225w\" sizes=\"auto, (max-width: 450px) 100vw, 450px\" \/><\/a><\/figure>\n<\/figure>\n\n\n\n<h3 class=\"wp-block-heading\">Endlich haben wir es geschafft. Wir haben den 60. Breitengrad \u00fcberschritten und die arktische Provinz Yukon erreicht<\/h3>\n\n\n\n<p>Und die M\u00fcckenplage hat uns erreicht!<br>Wir m\u00fcssen dringend aufr\u00fcsten, um uns besser zur Wehr setzen zu k\u00f6nnen<\/p>\n\n\n\n<figure class=\"wp-block-image size-full is-resized\"><img loading=\"lazy\" decoding=\"async\" width=\"800\" height=\"600\" src=\"http:\/\/martins-reisen.de\/wp-content\/uploads\/2022\/08\/IMG_0885_ergebnis.jpg\" alt=\"\" class=\"wp-image-1007\" style=\"width:745px;height:558px\" srcset=\"https:\/\/martins-reisen.de\/wp-content\/uploads\/2022\/08\/IMG_0885_ergebnis.jpg 800w, https:\/\/martins-reisen.de\/wp-content\/uploads\/2022\/08\/IMG_0885_ergebnis-300x225.jpg 300w, https:\/\/martins-reisen.de\/wp-content\/uploads\/2022\/08\/IMG_0885_ergebnis-768x576.jpg 768w\" sizes=\"auto, (max-width: 800px) 100vw, 800px\" \/><\/figure>\n\n\n\n<p>Das neue Arsenal<\/p>\n\n\n\n<figure class=\"wp-block-image size-full\"><img loading=\"lazy\" decoding=\"async\" width=\"800\" height=\"600\" src=\"http:\/\/martins-reisen.de\/wp-content\/uploads\/2022\/08\/IMG_0896_ergebnis.jpg\" alt=\"\" class=\"wp-image-999\" srcset=\"https:\/\/martins-reisen.de\/wp-content\/uploads\/2022\/08\/IMG_0896_ergebnis.jpg 800w, https:\/\/martins-reisen.de\/wp-content\/uploads\/2022\/08\/IMG_0896_ergebnis-300x225.jpg 300w, https:\/\/martins-reisen.de\/wp-content\/uploads\/2022\/08\/IMG_0896_ergebnis-768x576.jpg 768w\" sizes=\"auto, (max-width: 800px) 100vw, 800px\" \/><figcaption class=\"wp-element-caption\">Mal sehen, ob es besser hilft<\/figcaption><\/figure>\n\n\n\n<p>Eine Attraktion in Watson Lake, dem &#8222;Gateway to Yukon&#8220;, ist der sog. Schilderwald<\/p>\n\n\n\n<figure class=\"wp-block-gallery has-nested-images columns-default is-cropped wp-block-gallery-8 is-layout-flex wp-block-gallery-is-layout-flex\">\n<figure class=\"wp-block-image size-full\"><a href=\"http:\/\/martins-reisen.de\/wp-content\/uploads\/2022\/08\/IMG_0888_ergebnis.jpg\"><img loading=\"lazy\" decoding=\"async\" width=\"800\" height=\"600\" data-id=\"1006\" src=\"http:\/\/martins-reisen.de\/wp-content\/uploads\/2022\/08\/IMG_0888_ergebnis.jpg\" alt=\"\" class=\"wp-image-1006\" srcset=\"https:\/\/martins-reisen.de\/wp-content\/uploads\/2022\/08\/IMG_0888_ergebnis.jpg 800w, https:\/\/martins-reisen.de\/wp-content\/uploads\/2022\/08\/IMG_0888_ergebnis-300x225.jpg 300w, https:\/\/martins-reisen.de\/wp-content\/uploads\/2022\/08\/IMG_0888_ergebnis-768x576.jpg 768w\" sizes=\"auto, (max-width: 800px) 100vw, 800px\" \/><\/a><\/figure>\n\n\n\n<figure class=\"wp-block-image size-full\"><a href=\"http:\/\/martins-reisen.de\/wp-content\/uploads\/2022\/08\/IMG_0890_ergebnis.jpg\"><img loading=\"lazy\" decoding=\"async\" width=\"800\" height=\"600\" data-id=\"1005\" src=\"http:\/\/martins-reisen.de\/wp-content\/uploads\/2022\/08\/IMG_0890_ergebnis.jpg\" alt=\"\" class=\"wp-image-1005\" srcset=\"https:\/\/martins-reisen.de\/wp-content\/uploads\/2022\/08\/IMG_0890_ergebnis.jpg 800w, https:\/\/martins-reisen.de\/wp-content\/uploads\/2022\/08\/IMG_0890_ergebnis-300x225.jpg 300w, https:\/\/martins-reisen.de\/wp-content\/uploads\/2022\/08\/IMG_0890_ergebnis-768x576.jpg 768w\" sizes=\"auto, (max-width: 800px) 100vw, 800px\" \/><\/a><\/figure>\n\n\n\n<figure class=\"wp-block-image size-full\"><a href=\"http:\/\/martins-reisen.de\/wp-content\/uploads\/2022\/08\/IMG_0893_ergebnis.jpg\"><img loading=\"lazy\" decoding=\"async\" width=\"800\" height=\"600\" data-id=\"1004\" src=\"http:\/\/martins-reisen.de\/wp-content\/uploads\/2022\/08\/IMG_0893_ergebnis.jpg\" alt=\"\" class=\"wp-image-1004\" srcset=\"https:\/\/martins-reisen.de\/wp-content\/uploads\/2022\/08\/IMG_0893_ergebnis.jpg 800w, https:\/\/martins-reisen.de\/wp-content\/uploads\/2022\/08\/IMG_0893_ergebnis-300x225.jpg 300w, https:\/\/martins-reisen.de\/wp-content\/uploads\/2022\/08\/IMG_0893_ergebnis-768x576.jpg 768w\" sizes=\"auto, (max-width: 800px) 100vw, 800px\" \/><\/a><figcaption class=\"wp-element-caption\">Auch einige deutsche Schilder sind dabei<\/figcaption><\/figure>\n<\/figure>\n\n\n\n<p>Einer hat vor Jahren mal damit angefangen, dann wurde es zum Selbstl\u00e4ufer, unterst\u00fctzt von der Gemeindeverwaltung.<br>Haupts\u00e4chlich Auto- und Ortsschilder, ca. 80.000 sollen es inzwischen sein<\/p>\n\n\n\n<p>Das Auto bekommt langsam ein z\u00fcnftigeres Aussehen<\/p>\n\n\n\n<figure class=\"wp-block-image size-full\"><img loading=\"lazy\" decoding=\"async\" width=\"800\" height=\"600\" src=\"http:\/\/martins-reisen.de\/wp-content\/uploads\/2022\/08\/IMG_0895_ergebnis-1.jpg\" alt=\"\" class=\"wp-image-1003\" srcset=\"https:\/\/martins-reisen.de\/wp-content\/uploads\/2022\/08\/IMG_0895_ergebnis-1.jpg 800w, https:\/\/martins-reisen.de\/wp-content\/uploads\/2022\/08\/IMG_0895_ergebnis-1-300x225.jpg 300w, https:\/\/martins-reisen.de\/wp-content\/uploads\/2022\/08\/IMG_0895_ergebnis-1-768x576.jpg 768w\" sizes=\"auto, (max-width: 800px) 100vw, 800px\" \/><figcaption class=\"wp-element-caption\">Vielleicht sollte ich da mal mit Klarlack dr\u00fcbergehen&#8230;?<\/figcaption><\/figure>\n\n\n\n<h3 class=\"wp-block-heading\"><a href=\"http:\/\/martins-reisen.de\/?page_id=1092\" data-type=\"page\" data-id=\"1092\">N\u00e4chste Seite<\/a><\/h3>\n","protected":false},"excerpt":{"rendered":"<p>Von Vancouver geht es jetzt in den hohen Norden.Und das zieht sich! Bis Whitehorse im s\u00fcdlichen Yukon ca 2.400 km.Und dort geht das Abenteuer erst los Es geht durch unmermessliche W\u00e4lder, die allerdings auch rigoros abgeholzt werden, vor allem in der Provinz British Columbia.Die Holzkonzerne haben hier \u00e4hnlich viel Macht und Einfluss, wie in anderen &#8230; <a title=\"Von Vancouver nach Whitehorse in Yukon\" class=\"read-more\" href=\"https:\/\/martins-reisen.de\/?page_id=994\" aria-label=\"Mehr Informationen \u00fcber Von Vancouver nach Whitehorse in Yukon\">Weiterlesen<\/a><\/p>\n","protected":false},"author":1,"featured_media":0,"parent":0,"menu_order":23,"comment_status":"closed","ping_status":"closed","template":"","meta":{"ngg_post_thumbnail":0,"footnotes":""},"categories":[4],"tags":[],"class_list":{"0":"post-994","1":"page","2":"type-page","3":"status-publish","5":"category-nordamerika"},"_links":{"self":[{"href":"https:\/\/martins-reisen.de\/index.php?rest_route=\/wp\/v2\/pages\/994","targetHints":{"allow":["GET"]}}],"collection":[{"href":"https:\/\/martins-reisen.de\/index.php?rest_route=\/wp\/v2\/pages"}],"about":[{"href":"https:\/\/martins-reisen.de\/index.php?rest_route=\/wp\/v2\/types\/page"}],"author":[{"embeddable":true,"href":"https:\/\/martins-reisen.de\/index.php?rest_route=\/wp\/v2\/users\/1"}],"replies":[{"embeddable":true,"href":"https:\/\/martins-reisen.de\/index.php?rest_route=%2Fwp%2Fv2%2Fcomments&post=994"}],"version-history":[{"count":12,"href":"https:\/\/martins-reisen.de\/index.php?rest_route=\/wp\/v2\/pages\/994\/revisions"}],"predecessor-version":[{"id":1632,"href":"https:\/\/martins-reisen.de\/index.php?rest_route=\/wp\/v2\/pages\/994\/revisions\/1632"}],"wp:attachment":[{"href":"https:\/\/martins-reisen.de\/index.php?rest_route=%2Fwp%2Fv2%2Fmedia&parent=994"}],"wp:term":[{"taxonomy":"category","embeddable":true,"href":"https:\/\/martins-reisen.de\/index.php?rest_route=%2Fwp%2Fv2%2Fcategories&post=994"},{"taxonomy":"post_tag","embeddable":true,"href":"https:\/\/martins-reisen.de\/index.php?rest_route=%2Fwp%2Fv2%2Ftags&post=994"}],"curies":[{"name":"wp","href":"https:\/\/api.w.org\/{rel}","templated":true}]}}