{"id":966,"date":"2022-08-02T00:57:14","date_gmt":"2022-08-01T23:57:14","guid":{"rendered":"http:\/\/martins-reisen.de\/?p=966"},"modified":"2025-10-03T17:43:39","modified_gmt":"2025-10-03T16:43:39","slug":"vancouver","status":"publish","type":"page","link":"https:\/\/martins-reisen.de\/?page_id=966","title":{"rendered":"Vancouver"},"content":{"rendered":"\n<p>Und wieder geht es auf die F\u00e4hre, diesmal von Vancouver Island nach Vancouver<\/p>\n\n\n\n<figure class=\"wp-block-gallery has-nested-images columns-default is-cropped wp-block-gallery-1 is-layout-flex wp-block-gallery-is-layout-flex\">\n<figure class=\"wp-block-image size-full\"><a href=\"http:\/\/martins-reisen.de\/wp-content\/uploads\/2022\/08\/IMG_0809_ergebnis.jpg\"><img loading=\"lazy\" decoding=\"async\" width=\"800\" height=\"600\" data-id=\"964\" src=\"http:\/\/martins-reisen.de\/wp-content\/uploads\/2022\/08\/IMG_0809_ergebnis.jpg\" alt=\"\" class=\"wp-image-964\" srcset=\"https:\/\/martins-reisen.de\/wp-content\/uploads\/2022\/08\/IMG_0809_ergebnis.jpg 800w, https:\/\/martins-reisen.de\/wp-content\/uploads\/2022\/08\/IMG_0809_ergebnis-300x225.jpg 300w, https:\/\/martins-reisen.de\/wp-content\/uploads\/2022\/08\/IMG_0809_ergebnis-768x576.jpg 768w\" sizes=\"auto, (max-width: 800px) 100vw, 800px\" \/><\/a><\/figure>\n\n\n\n<figure class=\"wp-block-image size-full\"><a href=\"http:\/\/martins-reisen.de\/wp-content\/uploads\/2022\/08\/IMG_0812_ergebnis.jpg\"><img loading=\"lazy\" decoding=\"async\" width=\"800\" height=\"600\" data-id=\"962\" src=\"http:\/\/martins-reisen.de\/wp-content\/uploads\/2022\/08\/IMG_0812_ergebnis.jpg\" alt=\"\" class=\"wp-image-962\" srcset=\"https:\/\/martins-reisen.de\/wp-content\/uploads\/2022\/08\/IMG_0812_ergebnis.jpg 800w, https:\/\/martins-reisen.de\/wp-content\/uploads\/2022\/08\/IMG_0812_ergebnis-300x225.jpg 300w, https:\/\/martins-reisen.de\/wp-content\/uploads\/2022\/08\/IMG_0812_ergebnis-768x576.jpg 768w\" sizes=\"auto, (max-width: 800px) 100vw, 800px\" \/><\/a><\/figure>\n\n\n\n<figure class=\"wp-block-image size-full\"><a href=\"http:\/\/martins-reisen.de\/wp-content\/uploads\/2022\/08\/IMG_0811_ergebnis.jpg\"><img loading=\"lazy\" decoding=\"async\" width=\"800\" height=\"600\" data-id=\"963\" src=\"http:\/\/martins-reisen.de\/wp-content\/uploads\/2022\/08\/IMG_0811_ergebnis.jpg\" alt=\"\" class=\"wp-image-963\" srcset=\"https:\/\/martins-reisen.de\/wp-content\/uploads\/2022\/08\/IMG_0811_ergebnis.jpg 800w, https:\/\/martins-reisen.de\/wp-content\/uploads\/2022\/08\/IMG_0811_ergebnis-300x225.jpg 300w, https:\/\/martins-reisen.de\/wp-content\/uploads\/2022\/08\/IMG_0811_ergebnis-768x576.jpg 768w\" sizes=\"auto, (max-width: 800px) 100vw, 800px\" \/><\/a><\/figure>\n<\/figure>\n\n\n\n<p>Dort parken wir in North Vancouver und fahren am n\u00e4chsten Tag mit dem sog. SeaBus nach Downtown.<br>Der SeaBus ist direkt mit dem Schnellbahnsystem verbunden, eine Infrastrukturma\u00dfnahme anl\u00e4\u00dflich der Expo 1986<\/p>\n\n\n\n<figure class=\"wp-block-image size-full\"><img loading=\"lazy\" decoding=\"async\" width=\"800\" height=\"600\" src=\"http:\/\/martins-reisen.de\/wp-content\/uploads\/2022\/08\/IMG_0815_ergebnis.jpg\" alt=\"\" class=\"wp-image-961\" srcset=\"https:\/\/martins-reisen.de\/wp-content\/uploads\/2022\/08\/IMG_0815_ergebnis.jpg 800w, https:\/\/martins-reisen.de\/wp-content\/uploads\/2022\/08\/IMG_0815_ergebnis-300x225.jpg 300w, https:\/\/martins-reisen.de\/wp-content\/uploads\/2022\/08\/IMG_0815_ergebnis-768x576.jpg 768w\" sizes=\"auto, (max-width: 800px) 100vw, 800px\" \/><figcaption class=\"wp-element-caption\">Blick aus dem SeaBus kurz vorm Anlegen<\/figcaption><\/figure>\n\n\n\n<p>Dann folgte ein Gang durch Downtown<\/p>\n\n\n\n<figure class=\"wp-block-gallery has-nested-images columns-default is-cropped wp-block-gallery-2 is-layout-flex wp-block-gallery-is-layout-flex\">\n<figure class=\"wp-block-image size-full\"><a href=\"http:\/\/martins-reisen.de\/wp-content\/uploads\/2022\/08\/IMG_0816_ergebnis.jpg\"><img loading=\"lazy\" decoding=\"async\" width=\"800\" height=\"600\" data-id=\"960\" src=\"http:\/\/martins-reisen.de\/wp-content\/uploads\/2022\/08\/IMG_0816_ergebnis.jpg\" alt=\"\" class=\"wp-image-960\" srcset=\"https:\/\/martins-reisen.de\/wp-content\/uploads\/2022\/08\/IMG_0816_ergebnis.jpg 800w, https:\/\/martins-reisen.de\/wp-content\/uploads\/2022\/08\/IMG_0816_ergebnis-300x225.jpg 300w, https:\/\/martins-reisen.de\/wp-content\/uploads\/2022\/08\/IMG_0816_ergebnis-768x576.jpg 768w\" sizes=\"auto, (max-width: 800px) 100vw, 800px\" \/><\/a><\/figure>\n\n\n\n<figure class=\"wp-block-image size-full\"><a href=\"http:\/\/martins-reisen.de\/wp-content\/uploads\/2022\/08\/IMG_0818_ergebnis.jpg\"><img loading=\"lazy\" decoding=\"async\" width=\"800\" height=\"600\" data-id=\"959\" src=\"http:\/\/martins-reisen.de\/wp-content\/uploads\/2022\/08\/IMG_0818_ergebnis.jpg\" alt=\"\" class=\"wp-image-959\" srcset=\"https:\/\/martins-reisen.de\/wp-content\/uploads\/2022\/08\/IMG_0818_ergebnis.jpg 800w, https:\/\/martins-reisen.de\/wp-content\/uploads\/2022\/08\/IMG_0818_ergebnis-300x225.jpg 300w, https:\/\/martins-reisen.de\/wp-content\/uploads\/2022\/08\/IMG_0818_ergebnis-768x576.jpg 768w\" sizes=\"auto, (max-width: 800px) 100vw, 800px\" \/><\/a><\/figure>\n\n\n\n<figure class=\"wp-block-image size-full\"><a href=\"http:\/\/martins-reisen.de\/wp-content\/uploads\/2022\/08\/IMG_0819_ergebnis.jpg\"><img loading=\"lazy\" decoding=\"async\" width=\"800\" height=\"600\" data-id=\"958\" src=\"http:\/\/martins-reisen.de\/wp-content\/uploads\/2022\/08\/IMG_0819_ergebnis.jpg\" alt=\"\" class=\"wp-image-958\" srcset=\"https:\/\/martins-reisen.de\/wp-content\/uploads\/2022\/08\/IMG_0819_ergebnis.jpg 800w, https:\/\/martins-reisen.de\/wp-content\/uploads\/2022\/08\/IMG_0819_ergebnis-300x225.jpg 300w, https:\/\/martins-reisen.de\/wp-content\/uploads\/2022\/08\/IMG_0819_ergebnis-768x576.jpg 768w\" sizes=\"auto, (max-width: 800px) 100vw, 800px\" \/><\/a><\/figure>\n<\/figure>\n\n\n\n<p>Auch diese Stadt wirkt ziemlich europ\u00e4isch; die Innenstadt war allerdings nicht so belebt, weil Feiertag war<\/p>\n\n\n\n<figure class=\"wp-block-gallery has-nested-images columns-default is-cropped wp-block-gallery-3 is-layout-flex wp-block-gallery-is-layout-flex\">\n<figure class=\"wp-block-image size-full\"><a href=\"http:\/\/martins-reisen.de\/wp-content\/uploads\/2022\/08\/IMG_0820_ergebnis.jpg\"><img loading=\"lazy\" decoding=\"async\" width=\"800\" height=\"600\" data-id=\"957\" src=\"http:\/\/martins-reisen.de\/wp-content\/uploads\/2022\/08\/IMG_0820_ergebnis.jpg\" alt=\"\" class=\"wp-image-957\" srcset=\"https:\/\/martins-reisen.de\/wp-content\/uploads\/2022\/08\/IMG_0820_ergebnis.jpg 800w, https:\/\/martins-reisen.de\/wp-content\/uploads\/2022\/08\/IMG_0820_ergebnis-300x225.jpg 300w, https:\/\/martins-reisen.de\/wp-content\/uploads\/2022\/08\/IMG_0820_ergebnis-768x576.jpg 768w\" sizes=\"auto, (max-width: 800px) 100vw, 800px\" \/><\/a><figcaption class=\"wp-element-caption\">Das gibt es nicht nur in Los Angeles<\/figcaption><\/figure>\n\n\n\n<figure class=\"wp-block-image size-full\"><a href=\"http:\/\/martins-reisen.de\/wp-content\/uploads\/2022\/08\/IMG_0821_ergebnis.jpg\"><img loading=\"lazy\" decoding=\"async\" width=\"800\" height=\"600\" data-id=\"956\" src=\"http:\/\/martins-reisen.de\/wp-content\/uploads\/2022\/08\/IMG_0821_ergebnis.jpg\" alt=\"\" class=\"wp-image-956\" srcset=\"https:\/\/martins-reisen.de\/wp-content\/uploads\/2022\/08\/IMG_0821_ergebnis.jpg 800w, https:\/\/martins-reisen.de\/wp-content\/uploads\/2022\/08\/IMG_0821_ergebnis-300x225.jpg 300w, https:\/\/martins-reisen.de\/wp-content\/uploads\/2022\/08\/IMG_0821_ergebnis-768x576.jpg 768w\" sizes=\"auto, (max-width: 800px) 100vw, 800px\" \/><\/a><\/figure>\n\n\n\n<figure class=\"wp-block-image size-full\"><a href=\"http:\/\/martins-reisen.de\/wp-content\/uploads\/2022\/08\/IMG_0836_ergebnis.jpg\"><img loading=\"lazy\" decoding=\"async\" width=\"800\" height=\"600\" data-id=\"950\" src=\"http:\/\/martins-reisen.de\/wp-content\/uploads\/2022\/08\/IMG_0836_ergebnis.jpg\" alt=\"\" class=\"wp-image-950\" srcset=\"https:\/\/martins-reisen.de\/wp-content\/uploads\/2022\/08\/IMG_0836_ergebnis.jpg 800w, https:\/\/martins-reisen.de\/wp-content\/uploads\/2022\/08\/IMG_0836_ergebnis-300x225.jpg 300w, https:\/\/martins-reisen.de\/wp-content\/uploads\/2022\/08\/IMG_0836_ergebnis-768x576.jpg 768w\" sizes=\"auto, (max-width: 800px) 100vw, 800px\" \/><\/a><\/figure>\n<\/figure>\n\n\n\n<p>Zahlreiche Neubauten am sog. False Creek, die fast nur aus Glas bestehen; die Investoren mussten sich verpflichten, ein Gro\u00dfteil als Wohnfl\u00e4che zu bauen<\/p>\n\n\n\n<figure class=\"wp-block-gallery has-nested-images columns-default is-cropped wp-block-gallery-4 is-layout-flex wp-block-gallery-is-layout-flex\">\n<figure class=\"wp-block-image size-full\"><a href=\"http:\/\/martins-reisen.de\/wp-content\/uploads\/2022\/08\/IMG_0824_ergebnis.jpg\"><img loading=\"lazy\" decoding=\"async\" width=\"800\" height=\"600\" data-id=\"955\" src=\"http:\/\/martins-reisen.de\/wp-content\/uploads\/2022\/08\/IMG_0824_ergebnis.jpg\" alt=\"\" class=\"wp-image-955\" srcset=\"https:\/\/martins-reisen.de\/wp-content\/uploads\/2022\/08\/IMG_0824_ergebnis.jpg 800w, https:\/\/martins-reisen.de\/wp-content\/uploads\/2022\/08\/IMG_0824_ergebnis-300x225.jpg 300w, https:\/\/martins-reisen.de\/wp-content\/uploads\/2022\/08\/IMG_0824_ergebnis-768x576.jpg 768w\" sizes=\"auto, (max-width: 800px) 100vw, 800px\" \/><\/a><\/figure>\n\n\n\n<figure class=\"wp-block-image size-full\"><a href=\"http:\/\/martins-reisen.de\/wp-content\/uploads\/2022\/08\/IMG_0825_ergebnis.jpg\"><img loading=\"lazy\" decoding=\"async\" width=\"450\" height=\"600\" data-id=\"954\" src=\"http:\/\/martins-reisen.de\/wp-content\/uploads\/2022\/08\/IMG_0825_ergebnis.jpg\" alt=\"\" class=\"wp-image-954\" srcset=\"https:\/\/martins-reisen.de\/wp-content\/uploads\/2022\/08\/IMG_0825_ergebnis.jpg 450w, https:\/\/martins-reisen.de\/wp-content\/uploads\/2022\/08\/IMG_0825_ergebnis-225x300.jpg 225w\" sizes=\"auto, (max-width: 450px) 100vw, 450px\" \/><\/a><\/figure>\n\n\n\n<figure class=\"wp-block-image size-full\"><a href=\"http:\/\/martins-reisen.de\/wp-content\/uploads\/2022\/08\/IMG_0830_ergebnis.jpg\"><img loading=\"lazy\" decoding=\"async\" width=\"800\" height=\"600\" data-id=\"952\" src=\"http:\/\/martins-reisen.de\/wp-content\/uploads\/2022\/08\/IMG_0830_ergebnis.jpg\" alt=\"\" class=\"wp-image-952\" srcset=\"https:\/\/martins-reisen.de\/wp-content\/uploads\/2022\/08\/IMG_0830_ergebnis.jpg 800w, https:\/\/martins-reisen.de\/wp-content\/uploads\/2022\/08\/IMG_0830_ergebnis-300x225.jpg 300w, https:\/\/martins-reisen.de\/wp-content\/uploads\/2022\/08\/IMG_0830_ergebnis-768x576.jpg 768w\" sizes=\"auto, (max-width: 800px) 100vw, 800px\" \/><\/a><\/figure>\n<\/figure>\n\n\n\n<figure class=\"wp-block-image size-full\"><img loading=\"lazy\" decoding=\"async\" width=\"800\" height=\"600\" src=\"http:\/\/martins-reisen.de\/wp-content\/uploads\/2022\/08\/IMG_0829_ergebnis.jpg\" alt=\"\" class=\"wp-image-953\" srcset=\"https:\/\/martins-reisen.de\/wp-content\/uploads\/2022\/08\/IMG_0829_ergebnis.jpg 800w, https:\/\/martins-reisen.de\/wp-content\/uploads\/2022\/08\/IMG_0829_ergebnis-300x225.jpg 300w, https:\/\/martins-reisen.de\/wp-content\/uploads\/2022\/08\/IMG_0829_ergebnis-768x576.jpg 768w\" sizes=\"auto, (max-width: 800px) 100vw, 800px\" \/><figcaption class=\"wp-element-caption\">ein Wassertaxi auf dem False Creek<\/figcaption><\/figure>\n\n\n\n<p>Die Kehrseite:  Wir haben in keiner Stadt Nordamerikas so viele Obdachlose und Assis gesehen!<br>Halb Chinatown ist ein einziges Slum (man getraut sich nicht richtig zu fotografieren)<br>Wir waren richtig geschockt<\/p>\n\n\n\n<figure class=\"wp-block-gallery has-nested-images columns-default is-cropped wp-block-gallery-5 is-layout-flex wp-block-gallery-is-layout-flex\">\n<figure class=\"wp-block-image size-full\"><a href=\"http:\/\/martins-reisen.de\/wp-content\/uploads\/2022\/08\/IMG_0838_ergebnis.jpg\"><img loading=\"lazy\" decoding=\"async\" width=\"800\" height=\"600\" data-id=\"948\" src=\"http:\/\/martins-reisen.de\/wp-content\/uploads\/2022\/08\/IMG_0838_ergebnis.jpg\" alt=\"\" class=\"wp-image-948\" srcset=\"https:\/\/martins-reisen.de\/wp-content\/uploads\/2022\/08\/IMG_0838_ergebnis.jpg 800w, https:\/\/martins-reisen.de\/wp-content\/uploads\/2022\/08\/IMG_0838_ergebnis-300x225.jpg 300w, https:\/\/martins-reisen.de\/wp-content\/uploads\/2022\/08\/IMG_0838_ergebnis-768x576.jpg 768w\" sizes=\"auto, (max-width: 800px) 100vw, 800px\" \/><\/a><figcaption class=\"wp-element-caption\">Ganze Star\u00dfenz\u00fcge sehen so aus. Auf beiden Trottoirseiten<\/figcaption><\/figure>\n\n\n\n<figure class=\"wp-block-image size-full\"><a href=\"http:\/\/martins-reisen.de\/wp-content\/uploads\/2022\/08\/IMG_0839_ergebnis.jpg\"><img loading=\"lazy\" decoding=\"async\" width=\"800\" height=\"600\" data-id=\"947\" src=\"http:\/\/martins-reisen.de\/wp-content\/uploads\/2022\/08\/IMG_0839_ergebnis.jpg\" alt=\"\" class=\"wp-image-947\" srcset=\"https:\/\/martins-reisen.de\/wp-content\/uploads\/2022\/08\/IMG_0839_ergebnis.jpg 800w, https:\/\/martins-reisen.de\/wp-content\/uploads\/2022\/08\/IMG_0839_ergebnis-300x225.jpg 300w, https:\/\/martins-reisen.de\/wp-content\/uploads\/2022\/08\/IMG_0839_ergebnis-768x576.jpg 768w\" sizes=\"auto, (max-width: 800px) 100vw, 800px\" \/><\/a><\/figure>\n<\/figure>\n\n\n\n<p>Direkt neben dran Gastown, das ehemalige heruntergekommene Altstadtviertel, das dann aber doch der Abrissbirne enttronnen ist und aufwendig restauriert wurde<\/p>\n\n\n\n<figure class=\"wp-block-gallery has-nested-images columns-default is-cropped wp-block-gallery-6 is-layout-flex wp-block-gallery-is-layout-flex\">\n<figure class=\"wp-block-image size-full\"><a href=\"http:\/\/martins-reisen.de\/wp-content\/uploads\/2022\/08\/IMG_0841_ergebnis.jpg\"><img loading=\"lazy\" decoding=\"async\" width=\"800\" height=\"600\" data-id=\"946\" src=\"http:\/\/martins-reisen.de\/wp-content\/uploads\/2022\/08\/IMG_0841_ergebnis.jpg\" alt=\"\" class=\"wp-image-946\" srcset=\"https:\/\/martins-reisen.de\/wp-content\/uploads\/2022\/08\/IMG_0841_ergebnis.jpg 800w, https:\/\/martins-reisen.de\/wp-content\/uploads\/2022\/08\/IMG_0841_ergebnis-300x225.jpg 300w, https:\/\/martins-reisen.de\/wp-content\/uploads\/2022\/08\/IMG_0841_ergebnis-768x576.jpg 768w\" sizes=\"auto, (max-width: 800px) 100vw, 800px\" \/><\/a><\/figure>\n\n\n\n<figure class=\"wp-block-image size-full\"><a href=\"http:\/\/martins-reisen.de\/wp-content\/uploads\/2022\/08\/IMG_0843_ergebnis.jpg\"><img loading=\"lazy\" decoding=\"async\" width=\"800\" height=\"600\" data-id=\"945\" src=\"http:\/\/martins-reisen.de\/wp-content\/uploads\/2022\/08\/IMG_0843_ergebnis.jpg\" alt=\"\" class=\"wp-image-945\" srcset=\"https:\/\/martins-reisen.de\/wp-content\/uploads\/2022\/08\/IMG_0843_ergebnis.jpg 800w, https:\/\/martins-reisen.de\/wp-content\/uploads\/2022\/08\/IMG_0843_ergebnis-300x225.jpg 300w, https:\/\/martins-reisen.de\/wp-content\/uploads\/2022\/08\/IMG_0843_ergebnis-768x576.jpg 768w\" sizes=\"auto, (max-width: 800px) 100vw, 800px\" \/><\/a><\/figure>\n\n\n\n<figure class=\"wp-block-image size-full\"><a href=\"http:\/\/martins-reisen.de\/wp-content\/uploads\/2022\/08\/IMG_0844_ergebnis.jpg\"><img loading=\"lazy\" decoding=\"async\" width=\"800\" height=\"600\" data-id=\"944\" src=\"http:\/\/martins-reisen.de\/wp-content\/uploads\/2022\/08\/IMG_0844_ergebnis.jpg\" alt=\"\" class=\"wp-image-944\" srcset=\"https:\/\/martins-reisen.de\/wp-content\/uploads\/2022\/08\/IMG_0844_ergebnis.jpg 800w, https:\/\/martins-reisen.de\/wp-content\/uploads\/2022\/08\/IMG_0844_ergebnis-300x225.jpg 300w, https:\/\/martins-reisen.de\/wp-content\/uploads\/2022\/08\/IMG_0844_ergebnis-768x576.jpg 768w\" sizes=\"auto, (max-width: 800px) 100vw, 800px\" \/><\/a><\/figure>\n<\/figure>\n\n\n\n<p>Eine alte mit einer kleinen Dampfmaschine betriebene Uhr<\/p>\n\n\n\n<figure class=\"wp-block-gallery has-nested-images columns-default is-cropped wp-block-gallery-7 is-layout-flex wp-block-gallery-is-layout-flex\">\n<figure class=\"wp-block-image size-large\"><img loading=\"lazy\" decoding=\"async\" width=\"450\" height=\"600\" data-id=\"943\" src=\"http:\/\/martins-reisen.de\/wp-content\/uploads\/2022\/08\/IMG_0845_ergebnis.jpg\" alt=\"\" class=\"wp-image-943\" srcset=\"https:\/\/martins-reisen.de\/wp-content\/uploads\/2022\/08\/IMG_0845_ergebnis.jpg 450w, https:\/\/martins-reisen.de\/wp-content\/uploads\/2022\/08\/IMG_0845_ergebnis-225x300.jpg 225w\" sizes=\"auto, (max-width: 450px) 100vw, 450px\" \/><\/figure>\n\n\n\n<figure class=\"wp-block-image size-large\"><img loading=\"lazy\" decoding=\"async\" width=\"450\" height=\"600\" data-id=\"942\" src=\"http:\/\/martins-reisen.de\/wp-content\/uploads\/2022\/08\/IMG_0846_ergebnis.jpg\" alt=\"\" class=\"wp-image-942\" srcset=\"https:\/\/martins-reisen.de\/wp-content\/uploads\/2022\/08\/IMG_0846_ergebnis.jpg 450w, https:\/\/martins-reisen.de\/wp-content\/uploads\/2022\/08\/IMG_0846_ergebnis-225x300.jpg 225w\" sizes=\"auto, (max-width: 450px) 100vw, 450px\" \/><\/figure>\n<\/figure>\n\n\n\n<p>Auch einen riesigen, zum Teil naturbelassenen Stadtpark hat Vancouver zu bieten: den Stanleypark<\/p>\n\n\n\n<figure class=\"wp-block-image size-full\"><img loading=\"lazy\" decoding=\"async\" width=\"800\" height=\"600\" src=\"http:\/\/martins-reisen.de\/wp-content\/uploads\/2022\/08\/IMG_0849_ergebnis.jpg\" alt=\"\" class=\"wp-image-940\" srcset=\"https:\/\/martins-reisen.de\/wp-content\/uploads\/2022\/08\/IMG_0849_ergebnis.jpg 800w, https:\/\/martins-reisen.de\/wp-content\/uploads\/2022\/08\/IMG_0849_ergebnis-300x225.jpg 300w, https:\/\/martins-reisen.de\/wp-content\/uploads\/2022\/08\/IMG_0849_ergebnis-768x576.jpg 768w\" sizes=\"auto, (max-width: 800px) 100vw, 800px\" \/><\/figure>\n\n\n\n<p>Downtown bei Nacht<\/p>\n\n\n\n<figure class=\"wp-block-image size-full\"><img loading=\"lazy\" decoding=\"async\" width=\"800\" height=\"600\" src=\"http:\/\/martins-reisen.de\/wp-content\/uploads\/2022\/08\/IMG_0851_ergebnis.jpg\" alt=\"\" class=\"wp-image-972\" srcset=\"https:\/\/martins-reisen.de\/wp-content\/uploads\/2022\/08\/IMG_0851_ergebnis.jpg 800w, https:\/\/martins-reisen.de\/wp-content\/uploads\/2022\/08\/IMG_0851_ergebnis-300x225.jpg 300w, https:\/\/martins-reisen.de\/wp-content\/uploads\/2022\/08\/IMG_0851_ergebnis-768x576.jpg 768w\" sizes=\"auto, (max-width: 800px) 100vw, 800px\" \/><\/figure>\n\n\n\n<h3 class=\"wp-block-heading\">Von hier geht es jetzt direkt nach Norden, bis ans Polarmeer (Inuvik), 3.600 km!<\/h3>\n\n\n\n<h3 class=\"wp-block-heading\"><a href=\"http:\/\/martins-reisen.de\/?page_id=994\" data-type=\"page\" data-id=\"994\">N\u00e4chste Seite<\/a><\/h3>\n","protected":false},"excerpt":{"rendered":"<p>Und wieder geht es auf die F\u00e4hre, diesmal von Vancouver Island nach Vancouver Dort parken wir in North Vancouver und fahren am n\u00e4chsten Tag mit dem sog. SeaBus nach Downtown.Der SeaBus ist direkt mit dem Schnellbahnsystem verbunden, eine Infrastrukturma\u00dfnahme anl\u00e4\u00dflich der Expo 1986 Dann folgte ein Gang durch Downtown Auch diese Stadt wirkt ziemlich europ\u00e4isch; &#8230; <a title=\"Vancouver\" class=\"read-more\" href=\"https:\/\/martins-reisen.de\/?page_id=966\" aria-label=\"Mehr Informationen \u00fcber Vancouver\">Weiterlesen<\/a><\/p>\n","protected":false},"author":1,"featured_media":0,"parent":0,"menu_order":22,"comment_status":"closed","ping_status":"closed","template":"","meta":{"ngg_post_thumbnail":0,"footnotes":""},"categories":[4],"tags":[],"class_list":{"0":"post-966","1":"page","2":"type-page","3":"status-publish","5":"category-nordamerika"},"_links":{"self":[{"href":"https:\/\/martins-reisen.de\/index.php?rest_route=\/wp\/v2\/pages\/966","targetHints":{"allow":["GET"]}}],"collection":[{"href":"https:\/\/martins-reisen.de\/index.php?rest_route=\/wp\/v2\/pages"}],"about":[{"href":"https:\/\/martins-reisen.de\/index.php?rest_route=\/wp\/v2\/types\/page"}],"author":[{"embeddable":true,"href":"https:\/\/martins-reisen.de\/index.php?rest_route=\/wp\/v2\/users\/1"}],"replies":[{"embeddable":true,"href":"https:\/\/martins-reisen.de\/index.php?rest_route=%2Fwp%2Fv2%2Fcomments&post=966"}],"version-history":[{"count":7,"href":"https:\/\/martins-reisen.de\/index.php?rest_route=\/wp\/v2\/pages\/966\/revisions"}],"predecessor-version":[{"id":1626,"href":"https:\/\/martins-reisen.de\/index.php?rest_route=\/wp\/v2\/pages\/966\/revisions\/1626"}],"wp:attachment":[{"href":"https:\/\/martins-reisen.de\/index.php?rest_route=%2Fwp%2Fv2%2Fmedia&parent=966"}],"wp:term":[{"taxonomy":"category","embeddable":true,"href":"https:\/\/martins-reisen.de\/index.php?rest_route=%2Fwp%2Fv2%2Fcategories&post=966"},{"taxonomy":"post_tag","embeddable":true,"href":"https:\/\/martins-reisen.de\/index.php?rest_route=%2Fwp%2Fv2%2Ftags&post=966"}],"curies":[{"name":"wp","href":"https:\/\/api.w.org\/{rel}","templated":true}]}}