{"id":788,"date":"2022-07-22T19:24:48","date_gmt":"2022-07-22T18:24:48","guid":{"rendered":"http:\/\/martins-reisen.de\/?p=788"},"modified":"2025-10-03T17:40:40","modified_gmt":"2025-10-03T16:40:40","slug":"von-san-francisco-nach-seattle","status":"publish","type":"page","link":"https:\/\/martins-reisen.de\/?page_id=788","title":{"rendered":"Von San Francisco nach Seattle"},"content":{"rendered":"\n<h3 class=\"wp-block-heading\">Bisher war die Hauptrichtung immer West gewesen, ab jetzt ist es Norden,<br>immer an der Pazifikk\u00fcste entlang<\/h3>\n\n\n\n<figure class=\"wp-block-gallery has-nested-images columns-3 is-cropped wp-block-gallery-1 is-layout-flex wp-block-gallery-is-layout-flex\">\n<figure class=\"wp-block-image size-full\"><a href=\"http:\/\/martins-reisen.de\/wp-content\/uploads\/2022\/07\/IMG_0641_ergebnis.jpg\"><img loading=\"lazy\" decoding=\"async\" width=\"800\" height=\"600\" data-id=\"795\" src=\"http:\/\/martins-reisen.de\/wp-content\/uploads\/2022\/07\/IMG_0641_ergebnis.jpg\" alt=\"\" class=\"wp-image-795\" srcset=\"https:\/\/martins-reisen.de\/wp-content\/uploads\/2022\/07\/IMG_0641_ergebnis.jpg 800w, https:\/\/martins-reisen.de\/wp-content\/uploads\/2022\/07\/IMG_0641_ergebnis-300x225.jpg 300w, https:\/\/martins-reisen.de\/wp-content\/uploads\/2022\/07\/IMG_0641_ergebnis-768x576.jpg 768w\" sizes=\"auto, (max-width: 800px) 100vw, 800px\" \/><\/a><\/figure>\n\n\n\n<figure class=\"wp-block-image size-full\"><a href=\"http:\/\/martins-reisen.de\/wp-content\/uploads\/2022\/07\/IMG_0642_ergebnis.jpg\"><img loading=\"lazy\" decoding=\"async\" width=\"800\" height=\"600\" data-id=\"794\" src=\"http:\/\/martins-reisen.de\/wp-content\/uploads\/2022\/07\/IMG_0642_ergebnis.jpg\" alt=\"\" class=\"wp-image-794\" srcset=\"https:\/\/martins-reisen.de\/wp-content\/uploads\/2022\/07\/IMG_0642_ergebnis.jpg 800w, https:\/\/martins-reisen.de\/wp-content\/uploads\/2022\/07\/IMG_0642_ergebnis-300x225.jpg 300w, https:\/\/martins-reisen.de\/wp-content\/uploads\/2022\/07\/IMG_0642_ergebnis-768x576.jpg 768w\" sizes=\"auto, (max-width: 800px) 100vw, 800px\" \/><\/a><\/figure>\n\n\n\n<figure class=\"wp-block-image size-full\"><a href=\"http:\/\/martins-reisen.de\/wp-content\/uploads\/2022\/07\/IMG_0645_ergebnis.jpg\"><img loading=\"lazy\" decoding=\"async\" width=\"800\" height=\"600\" data-id=\"793\" src=\"http:\/\/martins-reisen.de\/wp-content\/uploads\/2022\/07\/IMG_0645_ergebnis.jpg\" alt=\"\" class=\"wp-image-793\" srcset=\"https:\/\/martins-reisen.de\/wp-content\/uploads\/2022\/07\/IMG_0645_ergebnis.jpg 800w, https:\/\/martins-reisen.de\/wp-content\/uploads\/2022\/07\/IMG_0645_ergebnis-300x225.jpg 300w, https:\/\/martins-reisen.de\/wp-content\/uploads\/2022\/07\/IMG_0645_ergebnis-768x576.jpg 768w\" sizes=\"auto, (max-width: 800px) 100vw, 800px\" \/><\/a><\/figure>\n<\/figure>\n\n\n\n<figure class=\"wp-block-gallery has-nested-images columns-3 is-cropped wp-block-gallery-2 is-layout-flex wp-block-gallery-is-layout-flex\">\n<figure class=\"wp-block-image size-full\"><a href=\"http:\/\/martins-reisen.de\/wp-content\/uploads\/2022\/07\/IMG_0685_ergebnis.jpg\"><img loading=\"lazy\" decoding=\"async\" width=\"800\" height=\"600\" data-id=\"824\" src=\"http:\/\/martins-reisen.de\/wp-content\/uploads\/2022\/07\/IMG_0685_ergebnis.jpg\" alt=\"\" class=\"wp-image-824\" srcset=\"https:\/\/martins-reisen.de\/wp-content\/uploads\/2022\/07\/IMG_0685_ergebnis.jpg 800w, https:\/\/martins-reisen.de\/wp-content\/uploads\/2022\/07\/IMG_0685_ergebnis-300x225.jpg 300w, https:\/\/martins-reisen.de\/wp-content\/uploads\/2022\/07\/IMG_0685_ergebnis-768x576.jpg 768w\" sizes=\"auto, (max-width: 800px) 100vw, 800px\" \/><\/a><\/figure>\n\n\n\n<figure class=\"wp-block-image size-full\"><a href=\"http:\/\/martins-reisen.de\/wp-content\/uploads\/2022\/07\/IMG_0668_ergebnis.jpg\"><img loading=\"lazy\" decoding=\"async\" width=\"800\" height=\"600\" data-id=\"807\" src=\"http:\/\/martins-reisen.de\/wp-content\/uploads\/2022\/07\/IMG_0668_ergebnis.jpg\" alt=\"\" class=\"wp-image-807\" srcset=\"https:\/\/martins-reisen.de\/wp-content\/uploads\/2022\/07\/IMG_0668_ergebnis.jpg 800w, https:\/\/martins-reisen.de\/wp-content\/uploads\/2022\/07\/IMG_0668_ergebnis-300x225.jpg 300w, https:\/\/martins-reisen.de\/wp-content\/uploads\/2022\/07\/IMG_0668_ergebnis-768x576.jpg 768w\" sizes=\"auto, (max-width: 800px) 100vw, 800px\" \/><\/a><\/figure>\n\n\n\n<figure class=\"wp-block-image size-full\"><a href=\"http:\/\/martins-reisen.de\/wp-content\/uploads\/2022\/07\/IMG_0670_ergebnis.jpg\"><img loading=\"lazy\" decoding=\"async\" width=\"800\" height=\"600\" data-id=\"805\" src=\"http:\/\/martins-reisen.de\/wp-content\/uploads\/2022\/07\/IMG_0670_ergebnis.jpg\" alt=\"\" class=\"wp-image-805\" srcset=\"https:\/\/martins-reisen.de\/wp-content\/uploads\/2022\/07\/IMG_0670_ergebnis.jpg 800w, https:\/\/martins-reisen.de\/wp-content\/uploads\/2022\/07\/IMG_0670_ergebnis-300x225.jpg 300w, https:\/\/martins-reisen.de\/wp-content\/uploads\/2022\/07\/IMG_0670_ergebnis-768x576.jpg 768w\" sizes=\"auto, (max-width: 800px) 100vw, 800px\" \/><\/a><\/figure>\n<\/figure>\n\n\n\n<p>Wirklich grass sind die Temperaturunterschiede:<br>An der K\u00fcste im Nebel ca. 16\u00b0C, 20 km im Landesinneren 41\u00b0C! Und das innerhalb 1 Stunde.<br>Das hei\u00dft, man ist nie richtig angezogen<\/p>\n\n\n\n<p>Meist ist es Steilk\u00fcste, aber es gibt auch bei den sog. Oregon Dunes Sandstr\u00e4nde. \u00c4u\u00dferst beliebt, um mit Quads darin rum zu fahren.<br>Auch ich wollte mal ausprobieren, wie sich mein Auto so im Weichsand macht.<\/p>\n\n\n\n<p>Sandfahren: Kurzes Video<\/p>\n\n\n\n<figure class=\"wp-block-video\"><video controls src=\"http:\/\/martins-reisen.de\/wp-content\/uploads\/2022\/07\/2022-07-19-fuer-Martin-1-1.m4v\"><\/video><\/figure>\n\n\n\n<p>Die Pazifikk\u00fcste ist auch ber\u00fchmt wegen der riesigen Redwood-B\u00e4ume. Bis 100 m hoch.<\/p>\n\n\n\n<figure class=\"wp-block-gallery has-nested-images columns-3 is-cropped wp-block-gallery-3 is-layout-flex wp-block-gallery-is-layout-flex\">\n<figure class=\"wp-block-image size-full\"><a href=\"http:\/\/martins-reisen.de\/wp-content\/uploads\/2022\/07\/IMG_0634_ergebnis.jpg\"><img loading=\"lazy\" decoding=\"async\" width=\"800\" height=\"600\" data-id=\"798\" src=\"http:\/\/martins-reisen.de\/wp-content\/uploads\/2022\/07\/IMG_0634_ergebnis.jpg\" alt=\"\" class=\"wp-image-798\" srcset=\"https:\/\/martins-reisen.de\/wp-content\/uploads\/2022\/07\/IMG_0634_ergebnis.jpg 800w, https:\/\/martins-reisen.de\/wp-content\/uploads\/2022\/07\/IMG_0634_ergebnis-300x225.jpg 300w, https:\/\/martins-reisen.de\/wp-content\/uploads\/2022\/07\/IMG_0634_ergebnis-768x576.jpg 768w\" sizes=\"auto, (max-width: 800px) 100vw, 800px\" \/><\/a><\/figure>\n\n\n\n<figure class=\"wp-block-image size-full\"><a href=\"http:\/\/martins-reisen.de\/wp-content\/uploads\/2022\/07\/IMG_0639_ergebnis.jpg\"><img loading=\"lazy\" decoding=\"async\" width=\"800\" height=\"600\" data-id=\"796\" src=\"http:\/\/martins-reisen.de\/wp-content\/uploads\/2022\/07\/IMG_0639_ergebnis.jpg\" alt=\"\" class=\"wp-image-796\" srcset=\"https:\/\/martins-reisen.de\/wp-content\/uploads\/2022\/07\/IMG_0639_ergebnis.jpg 800w, https:\/\/martins-reisen.de\/wp-content\/uploads\/2022\/07\/IMG_0639_ergebnis-300x225.jpg 300w, https:\/\/martins-reisen.de\/wp-content\/uploads\/2022\/07\/IMG_0639_ergebnis-768x576.jpg 768w\" sizes=\"auto, (max-width: 800px) 100vw, 800px\" \/><\/a><\/figure>\n\n\n\n<figure class=\"wp-block-image size-full\"><a href=\"http:\/\/martins-reisen.de\/wp-content\/uploads\/2022\/07\/IMG_0651_ergebnis.jpg\"><img loading=\"lazy\" decoding=\"async\" width=\"450\" height=\"600\" data-id=\"792\" src=\"http:\/\/martins-reisen.de\/wp-content\/uploads\/2022\/07\/IMG_0651_ergebnis.jpg\" alt=\"\" class=\"wp-image-792\" srcset=\"https:\/\/martins-reisen.de\/wp-content\/uploads\/2022\/07\/IMG_0651_ergebnis.jpg 450w, https:\/\/martins-reisen.de\/wp-content\/uploads\/2022\/07\/IMG_0651_ergebnis-225x300.jpg 225w\" sizes=\"auto, (max-width: 450px) 100vw, 450px\" \/><\/a><\/figure>\n<\/figure>\n\n\n\n<p>Wir bevorzugen wieder kleine Stra\u00dfen und Pisten<\/p>\n\n\n\n<figure class=\"wp-block-gallery has-nested-images columns-2 is-cropped wp-block-gallery-4 is-layout-flex wp-block-gallery-is-layout-flex\">\n<figure class=\"wp-block-image size-full\"><a href=\"http:\/\/martins-reisen.de\/wp-content\/uploads\/2022\/07\/IMG_0653_ergebnis.jpg\"><img loading=\"lazy\" decoding=\"async\" width=\"800\" height=\"600\" data-id=\"790\" src=\"http:\/\/martins-reisen.de\/wp-content\/uploads\/2022\/07\/IMG_0653_ergebnis.jpg\" alt=\"\" class=\"wp-image-790\" srcset=\"https:\/\/martins-reisen.de\/wp-content\/uploads\/2022\/07\/IMG_0653_ergebnis.jpg 800w, https:\/\/martins-reisen.de\/wp-content\/uploads\/2022\/07\/IMG_0653_ergebnis-300x225.jpg 300w, https:\/\/martins-reisen.de\/wp-content\/uploads\/2022\/07\/IMG_0653_ergebnis-768x576.jpg 768w\" sizes=\"auto, (max-width: 800px) 100vw, 800px\" \/><\/a><\/figure>\n\n\n\n<figure class=\"wp-block-image size-full\"><a href=\"http:\/\/martins-reisen.de\/wp-content\/uploads\/2022\/07\/IMG_0652_ergebnis.jpg\"><img loading=\"lazy\" decoding=\"async\" width=\"800\" height=\"600\" data-id=\"791\" src=\"http:\/\/martins-reisen.de\/wp-content\/uploads\/2022\/07\/IMG_0652_ergebnis.jpg\" alt=\"\" class=\"wp-image-791\" srcset=\"https:\/\/martins-reisen.de\/wp-content\/uploads\/2022\/07\/IMG_0652_ergebnis.jpg 800w, https:\/\/martins-reisen.de\/wp-content\/uploads\/2022\/07\/IMG_0652_ergebnis-300x225.jpg 300w, https:\/\/martins-reisen.de\/wp-content\/uploads\/2022\/07\/IMG_0652_ergebnis-768x576.jpg 768w\" sizes=\"auto, (max-width: 800px) 100vw, 800px\" \/><\/a><\/figure>\n<\/figure>\n\n\n\n<p>Das Rotwild war erstaunlich zutraulich<\/p>\n\n\n\n<figure class=\"wp-block-gallery has-nested-images columns-2 is-cropped wp-block-gallery-5 is-layout-flex wp-block-gallery-is-layout-flex\">\n<figure class=\"wp-block-image size-full\"><a href=\"http:\/\/martins-reisen.de\/wp-content\/uploads\/2022\/07\/IMG_0655_ergebnis.jpg\"><img loading=\"lazy\" decoding=\"async\" width=\"800\" height=\"600\" data-id=\"810\" src=\"http:\/\/martins-reisen.de\/wp-content\/uploads\/2022\/07\/IMG_0655_ergebnis.jpg\" alt=\"\" class=\"wp-image-810\" srcset=\"https:\/\/martins-reisen.de\/wp-content\/uploads\/2022\/07\/IMG_0655_ergebnis.jpg 800w, https:\/\/martins-reisen.de\/wp-content\/uploads\/2022\/07\/IMG_0655_ergebnis-300x225.jpg 300w, https:\/\/martins-reisen.de\/wp-content\/uploads\/2022\/07\/IMG_0655_ergebnis-768x576.jpg 768w\" sizes=\"auto, (max-width: 800px) 100vw, 800px\" \/><\/a><\/figure>\n\n\n\n<figure class=\"wp-block-image size-full\"><a href=\"http:\/\/martins-reisen.de\/wp-content\/uploads\/2022\/07\/IMG_0656_ergebnis.jpg\"><img loading=\"lazy\" decoding=\"async\" width=\"800\" height=\"600\" data-id=\"809\" src=\"http:\/\/martins-reisen.de\/wp-content\/uploads\/2022\/07\/IMG_0656_ergebnis.jpg\" alt=\"\" class=\"wp-image-809\" srcset=\"https:\/\/martins-reisen.de\/wp-content\/uploads\/2022\/07\/IMG_0656_ergebnis.jpg 800w, https:\/\/martins-reisen.de\/wp-content\/uploads\/2022\/07\/IMG_0656_ergebnis-300x225.jpg 300w, https:\/\/martins-reisen.de\/wp-content\/uploads\/2022\/07\/IMG_0656_ergebnis-768x576.jpg 768w\" sizes=\"auto, (max-width: 800px) 100vw, 800px\" \/><\/a><\/figure>\n<\/figure>\n\n\n\n<p>Campen im M\u00e4rchenwald<\/p>\n\n\n\n<figure class=\"wp-block-gallery has-nested-images columns-2 is-cropped wp-block-gallery-6 is-layout-flex wp-block-gallery-is-layout-flex\">\n<figure class=\"wp-block-image size-full\"><a href=\"http:\/\/martins-reisen.de\/wp-content\/uploads\/2022\/07\/IMG_0722_ergebnis.jpg\"><img loading=\"lazy\" decoding=\"async\" width=\"800\" height=\"600\" data-id=\"813\" src=\"http:\/\/martins-reisen.de\/wp-content\/uploads\/2022\/07\/IMG_0722_ergebnis.jpg\" alt=\"\" class=\"wp-image-813\" srcset=\"https:\/\/martins-reisen.de\/wp-content\/uploads\/2022\/07\/IMG_0722_ergebnis.jpg 800w, https:\/\/martins-reisen.de\/wp-content\/uploads\/2022\/07\/IMG_0722_ergebnis-300x225.jpg 300w, https:\/\/martins-reisen.de\/wp-content\/uploads\/2022\/07\/IMG_0722_ergebnis-768x576.jpg 768w\" sizes=\"auto, (max-width: 800px) 100vw, 800px\" \/><\/a><\/figure>\n\n\n\n<figure class=\"wp-block-image size-full\"><a href=\"http:\/\/martins-reisen.de\/wp-content\/uploads\/2022\/07\/IMG_0725_ergebnis.jpg\"><img loading=\"lazy\" decoding=\"async\" width=\"800\" height=\"600\" data-id=\"812\" src=\"http:\/\/martins-reisen.de\/wp-content\/uploads\/2022\/07\/IMG_0725_ergebnis.jpg\" alt=\"\" class=\"wp-image-812\" srcset=\"https:\/\/martins-reisen.de\/wp-content\/uploads\/2022\/07\/IMG_0725_ergebnis.jpg 800w, https:\/\/martins-reisen.de\/wp-content\/uploads\/2022\/07\/IMG_0725_ergebnis-300x225.jpg 300w, https:\/\/martins-reisen.de\/wp-content\/uploads\/2022\/07\/IMG_0725_ergebnis-768x576.jpg 768w\" sizes=\"auto, (max-width: 800px) 100vw, 800px\" \/><\/a><\/figure>\n<\/figure>\n\n\n\n<p>An den K\u00fcsten (Nordkalifornien, Oregon) ist ein unglaublicher Touristenrummel, die Campgrounds Monate vorher schon ausgebucht.<br>Deswegen sind wir zum Campen immer ein St\u00fcck ins Landesinnere gefahren, da war das dann kein Problem<\/p>\n\n\n\n<p>Im Norden von Oregon sind wir weg von der K\u00fcste in die sog. Cascade Range. Dort stehen als Solit\u00e4re einige Vulkane rum mit \u00fcber 4000 m<\/p>\n\n\n\n<figure class=\"wp-block-gallery has-nested-images columns-3 is-cropped wp-block-gallery-7 is-layout-flex wp-block-gallery-is-layout-flex\">\n<figure class=\"wp-block-image size-full\"><a href=\"http:\/\/martins-reisen.de\/wp-content\/uploads\/2022\/07\/IMG_0715_ergebnis.jpg\"><img loading=\"lazy\" decoding=\"async\" width=\"800\" height=\"600\" data-id=\"816\" src=\"http:\/\/martins-reisen.de\/wp-content\/uploads\/2022\/07\/IMG_0715_ergebnis.jpg\" alt=\"\" class=\"wp-image-816\" srcset=\"https:\/\/martins-reisen.de\/wp-content\/uploads\/2022\/07\/IMG_0715_ergebnis.jpg 800w, https:\/\/martins-reisen.de\/wp-content\/uploads\/2022\/07\/IMG_0715_ergebnis-300x225.jpg 300w, https:\/\/martins-reisen.de\/wp-content\/uploads\/2022\/07\/IMG_0715_ergebnis-768x576.jpg 768w\" sizes=\"auto, (max-width: 800px) 100vw, 800px\" \/><\/a><\/figure>\n\n\n\n<figure class=\"wp-block-image size-full\"><a href=\"http:\/\/martins-reisen.de\/wp-content\/uploads\/2022\/07\/IMG_0716_ergebnis.jpg\"><img loading=\"lazy\" decoding=\"async\" width=\"800\" height=\"600\" data-id=\"815\" src=\"http:\/\/martins-reisen.de\/wp-content\/uploads\/2022\/07\/IMG_0716_ergebnis.jpg\" alt=\"\" class=\"wp-image-815\" srcset=\"https:\/\/martins-reisen.de\/wp-content\/uploads\/2022\/07\/IMG_0716_ergebnis.jpg 800w, https:\/\/martins-reisen.de\/wp-content\/uploads\/2022\/07\/IMG_0716_ergebnis-300x225.jpg 300w, https:\/\/martins-reisen.de\/wp-content\/uploads\/2022\/07\/IMG_0716_ergebnis-768x576.jpg 768w\" sizes=\"auto, (max-width: 800px) 100vw, 800px\" \/><\/a><\/figure>\n\n\n\n<figure class=\"wp-block-image size-full\"><a href=\"http:\/\/martins-reisen.de\/wp-content\/uploads\/2022\/07\/IMG_0720_ergebnis.jpg\"><img loading=\"lazy\" decoding=\"async\" width=\"800\" height=\"600\" data-id=\"814\" src=\"http:\/\/martins-reisen.de\/wp-content\/uploads\/2022\/07\/IMG_0720_ergebnis.jpg\" alt=\"\" class=\"wp-image-814\" srcset=\"https:\/\/martins-reisen.de\/wp-content\/uploads\/2022\/07\/IMG_0720_ergebnis.jpg 800w, https:\/\/martins-reisen.de\/wp-content\/uploads\/2022\/07\/IMG_0720_ergebnis-300x225.jpg 300w, https:\/\/martins-reisen.de\/wp-content\/uploads\/2022\/07\/IMG_0720_ergebnis-768x576.jpg 768w\" sizes=\"auto, (max-width: 800px) 100vw, 800px\" \/><\/a><\/figure>\n<\/figure>\n\n\n\n<p>Der Vulkan Mt. St. Helens hatte das letzte Mal 1980 einen verheerenden Ausbruch, bei dem die umliegennde Landschaft verw\u00fcstet wurde und die halbe Bergspitze weggesprengt wurde.<br>Um so erstaunlicher, wie sich die Natur in den 40 Jahren bereits wieder erholt hat.<\/p>\n\n\n\n<figure class=\"wp-block-gallery has-nested-images columns-3 is-cropped wp-block-gallery-8 is-layout-flex wp-block-gallery-is-layout-flex\">\n<figure class=\"wp-block-image size-full\"><a href=\"http:\/\/martins-reisen.de\/wp-content\/uploads\/2022\/07\/IMG_0702_ergebnis.jpg\"><img loading=\"lazy\" decoding=\"async\" width=\"800\" height=\"600\" data-id=\"820\" src=\"http:\/\/martins-reisen.de\/wp-content\/uploads\/2022\/07\/IMG_0702_ergebnis.jpg\" alt=\"\" class=\"wp-image-820\" srcset=\"https:\/\/martins-reisen.de\/wp-content\/uploads\/2022\/07\/IMG_0702_ergebnis.jpg 800w, https:\/\/martins-reisen.de\/wp-content\/uploads\/2022\/07\/IMG_0702_ergebnis-300x225.jpg 300w, https:\/\/martins-reisen.de\/wp-content\/uploads\/2022\/07\/IMG_0702_ergebnis-768x576.jpg 768w\" sizes=\"auto, (max-width: 800px) 100vw, 800px\" \/><\/a><\/figure>\n\n\n\n<figure class=\"wp-block-image size-full\"><a href=\"http:\/\/martins-reisen.de\/wp-content\/uploads\/2022\/07\/IMG_0714_ergebnis.jpg\"><img loading=\"lazy\" decoding=\"async\" width=\"800\" height=\"600\" data-id=\"817\" src=\"http:\/\/martins-reisen.de\/wp-content\/uploads\/2022\/07\/IMG_0714_ergebnis.jpg\" alt=\"\" class=\"wp-image-817\" srcset=\"https:\/\/martins-reisen.de\/wp-content\/uploads\/2022\/07\/IMG_0714_ergebnis.jpg 800w, https:\/\/martins-reisen.de\/wp-content\/uploads\/2022\/07\/IMG_0714_ergebnis-300x225.jpg 300w, https:\/\/martins-reisen.de\/wp-content\/uploads\/2022\/07\/IMG_0714_ergebnis-768x576.jpg 768w\" sizes=\"auto, (max-width: 800px) 100vw, 800px\" \/><\/a><\/figure>\n\n\n\n<figure class=\"wp-block-image size-full\"><a href=\"http:\/\/martins-reisen.de\/wp-content\/uploads\/2022\/07\/IMG_0709_ergebnis.jpg\"><img loading=\"lazy\" decoding=\"async\" width=\"800\" height=\"600\" data-id=\"819\" src=\"http:\/\/martins-reisen.de\/wp-content\/uploads\/2022\/07\/IMG_0709_ergebnis.jpg\" alt=\"\" class=\"wp-image-819\" srcset=\"https:\/\/martins-reisen.de\/wp-content\/uploads\/2022\/07\/IMG_0709_ergebnis.jpg 800w, https:\/\/martins-reisen.de\/wp-content\/uploads\/2022\/07\/IMG_0709_ergebnis-300x225.jpg 300w, https:\/\/martins-reisen.de\/wp-content\/uploads\/2022\/07\/IMG_0709_ergebnis-768x576.jpg 768w\" sizes=\"auto, (max-width: 800px) 100vw, 800px\" \/><\/a><\/figure>\n<\/figure>\n\n\n\n<p>Nur der Mt. Rainier, der h\u00f6chste der Vulkane hier, wollte sich uns nicht zeigen<\/p>\n\n\n\n<figure class=\"wp-block-gallery has-nested-images columns-2 is-cropped wp-block-gallery-9 is-layout-flex wp-block-gallery-is-layout-flex\">\n<figure class=\"wp-block-image size-full\"><a href=\"http:\/\/martins-reisen.de\/wp-content\/uploads\/2022\/07\/IMG_0728_ergebnis.jpg\"><img loading=\"lazy\" decoding=\"async\" width=\"800\" height=\"600\" data-id=\"851\" src=\"http:\/\/martins-reisen.de\/wp-content\/uploads\/2022\/07\/IMG_0728_ergebnis.jpg\" alt=\"\" class=\"wp-image-851\" srcset=\"https:\/\/martins-reisen.de\/wp-content\/uploads\/2022\/07\/IMG_0728_ergebnis.jpg 800w, https:\/\/martins-reisen.de\/wp-content\/uploads\/2022\/07\/IMG_0728_ergebnis-300x225.jpg 300w, https:\/\/martins-reisen.de\/wp-content\/uploads\/2022\/07\/IMG_0728_ergebnis-768x576.jpg 768w\" sizes=\"auto, (max-width: 800px) 100vw, 800px\" \/><\/a><\/figure>\n\n\n\n<figure class=\"wp-block-image size-full\"><a href=\"http:\/\/martins-reisen.de\/wp-content\/uploads\/2022\/07\/IMG_0727_ergebnis.jpg\"><img loading=\"lazy\" decoding=\"async\" width=\"800\" height=\"600\" data-id=\"836\" src=\"http:\/\/martins-reisen.de\/wp-content\/uploads\/2022\/07\/IMG_0727_ergebnis.jpg\" alt=\"\" class=\"wp-image-836\" srcset=\"https:\/\/martins-reisen.de\/wp-content\/uploads\/2022\/07\/IMG_0727_ergebnis.jpg 800w, https:\/\/martins-reisen.de\/wp-content\/uploads\/2022\/07\/IMG_0727_ergebnis-300x225.jpg 300w, https:\/\/martins-reisen.de\/wp-content\/uploads\/2022\/07\/IMG_0727_ergebnis-768x576.jpg 768w\" sizes=\"auto, (max-width: 800px) 100vw, 800px\" \/><\/a><\/figure>\n<\/figure>\n\n\n\n<p>Erst als wir uns wieder von ihm entfernt haben, zeigte er sich in seiner ganzen Pracht<\/p>\n\n\n\n<figure class=\"wp-block-image size-full\"><img loading=\"lazy\" decoding=\"async\" width=\"800\" height=\"600\" src=\"http:\/\/martins-reisen.de\/wp-content\/uploads\/2022\/07\/IMG_0733_ergebnis.jpg\" alt=\"\" class=\"wp-image-850\" srcset=\"https:\/\/martins-reisen.de\/wp-content\/uploads\/2022\/07\/IMG_0733_ergebnis.jpg 800w, https:\/\/martins-reisen.de\/wp-content\/uploads\/2022\/07\/IMG_0733_ergebnis-300x225.jpg 300w, https:\/\/martins-reisen.de\/wp-content\/uploads\/2022\/07\/IMG_0733_ergebnis-768x576.jpg 768w\" sizes=\"auto, (max-width: 800px) 100vw, 800px\" \/><\/figure>\n\n\n\n<h3 class=\"wp-block-heading\"><a href=\"http:\/\/martins-reisen.de\/?page_id=857\" data-type=\"page\" data-id=\"857\">N\u00e4chste Seite<\/a><\/h3>\n","protected":false},"excerpt":{"rendered":"<p>Bisher war die Hauptrichtung immer West gewesen, ab jetzt ist es Norden,immer an der Pazifikk\u00fcste entlang Wirklich grass sind die Temperaturunterschiede:An der K\u00fcste im Nebel ca. 16\u00b0C, 20 km im Landesinneren 41\u00b0C! Und das innerhalb 1 Stunde.Das hei\u00dft, man ist nie richtig angezogen Meist ist es Steilk\u00fcste, aber es gibt auch bei den sog. Oregon &#8230; <a title=\"Von San Francisco nach Seattle\" class=\"read-more\" href=\"https:\/\/martins-reisen.de\/?page_id=788\" aria-label=\"Mehr Informationen \u00fcber Von San Francisco nach Seattle\">Weiterlesen<\/a><\/p>\n","protected":false},"author":1,"featured_media":0,"parent":0,"menu_order":19,"comment_status":"closed","ping_status":"closed","template":"","meta":{"ngg_post_thumbnail":0,"footnotes":""},"categories":[4],"tags":[],"class_list":{"0":"post-788","1":"page","2":"type-page","3":"status-publish","5":"category-nordamerika"},"_links":{"self":[{"href":"https:\/\/martins-reisen.de\/index.php?rest_route=\/wp\/v2\/pages\/788","targetHints":{"allow":["GET"]}}],"collection":[{"href":"https:\/\/martins-reisen.de\/index.php?rest_route=\/wp\/v2\/pages"}],"about":[{"href":"https:\/\/martins-reisen.de\/index.php?rest_route=\/wp\/v2\/types\/page"}],"author":[{"embeddable":true,"href":"https:\/\/martins-reisen.de\/index.php?rest_route=\/wp\/v2\/users\/1"}],"replies":[{"embeddable":true,"href":"https:\/\/martins-reisen.de\/index.php?rest_route=%2Fwp%2Fv2%2Fcomments&post=788"}],"version-history":[{"count":11,"href":"https:\/\/martins-reisen.de\/index.php?rest_route=\/wp\/v2\/pages\/788\/revisions"}],"predecessor-version":[{"id":1623,"href":"https:\/\/martins-reisen.de\/index.php?rest_route=\/wp\/v2\/pages\/788\/revisions\/1623"}],"wp:attachment":[{"href":"https:\/\/martins-reisen.de\/index.php?rest_route=%2Fwp%2Fv2%2Fmedia&parent=788"}],"wp:term":[{"taxonomy":"category","embeddable":true,"href":"https:\/\/martins-reisen.de\/index.php?rest_route=%2Fwp%2Fv2%2Fcategories&post=788"},{"taxonomy":"post_tag","embeddable":true,"href":"https:\/\/martins-reisen.de\/index.php?rest_route=%2Fwp%2Fv2%2Ftags&post=788"}],"curies":[{"name":"wp","href":"https:\/\/api.w.org\/{rel}","templated":true}]}}