{"id":763,"date":"2022-07-13T01:56:29","date_gmt":"2022-07-13T00:56:29","guid":{"rendered":"http:\/\/martins-reisen.de\/?p=763"},"modified":"2025-10-03T17:39:50","modified_gmt":"2025-10-03T16:39:50","slug":"san-francisco","status":"publish","type":"page","link":"https:\/\/martins-reisen.de\/?page_id=763","title":{"rendered":"San Francisco"},"content":{"rendered":"\n<h3 class=\"wp-block-heading\">Nach 2 Monaten und ca 12.000 km sind wir in San Francisco am anderen Ende der USA angekommen<\/h3>\n\n\n\n<figure class=\"wp-block-gallery has-nested-images columns-3 is-cropped wp-block-gallery-1 is-layout-flex wp-block-gallery-is-layout-flex\">\n<figure class=\"wp-block-image size-full\"><a href=\"http:\/\/martins-reisen.de\/wp-content\/uploads\/2022\/07\/IMG_6088_ergebnis.jpg\"><img loading=\"lazy\" decoding=\"async\" width=\"800\" height=\"533\" data-id=\"783\" src=\"http:\/\/martins-reisen.de\/wp-content\/uploads\/2022\/07\/IMG_6088_ergebnis.jpg\" alt=\"\" class=\"wp-image-783\" srcset=\"https:\/\/martins-reisen.de\/wp-content\/uploads\/2022\/07\/IMG_6088_ergebnis.jpg 800w, https:\/\/martins-reisen.de\/wp-content\/uploads\/2022\/07\/IMG_6088_ergebnis-300x200.jpg 300w, https:\/\/martins-reisen.de\/wp-content\/uploads\/2022\/07\/IMG_6088_ergebnis-768x512.jpg 768w\" sizes=\"auto, (max-width: 800px) 100vw, 800px\" \/><\/a><\/figure>\n\n\n\n<figure class=\"wp-block-image size-full\"><a href=\"http:\/\/martins-reisen.de\/wp-content\/uploads\/2022\/07\/IMG_6112_ergebnis.jpg\"><img loading=\"lazy\" decoding=\"async\" width=\"800\" height=\"533\" data-id=\"782\" src=\"http:\/\/martins-reisen.de\/wp-content\/uploads\/2022\/07\/IMG_6112_ergebnis.jpg\" alt=\"\" class=\"wp-image-782\" srcset=\"https:\/\/martins-reisen.de\/wp-content\/uploads\/2022\/07\/IMG_6112_ergebnis.jpg 800w, https:\/\/martins-reisen.de\/wp-content\/uploads\/2022\/07\/IMG_6112_ergebnis-300x200.jpg 300w, https:\/\/martins-reisen.de\/wp-content\/uploads\/2022\/07\/IMG_6112_ergebnis-768x512.jpg 768w\" sizes=\"auto, (max-width: 800px) 100vw, 800px\" \/><\/a><\/figure>\n\n\n\n<figure class=\"wp-block-image size-full\"><a href=\"http:\/\/martins-reisen.de\/wp-content\/uploads\/2022\/07\/IMG_6116_ergebnis.jpg\"><img loading=\"lazy\" decoding=\"async\" width=\"800\" height=\"533\" data-id=\"781\" src=\"http:\/\/martins-reisen.de\/wp-content\/uploads\/2022\/07\/IMG_6116_ergebnis.jpg\" alt=\"\" class=\"wp-image-781\" srcset=\"https:\/\/martins-reisen.de\/wp-content\/uploads\/2022\/07\/IMG_6116_ergebnis.jpg 800w, https:\/\/martins-reisen.de\/wp-content\/uploads\/2022\/07\/IMG_6116_ergebnis-300x200.jpg 300w, https:\/\/martins-reisen.de\/wp-content\/uploads\/2022\/07\/IMG_6116_ergebnis-768x512.jpg 768w\" sizes=\"auto, (max-width: 800px) 100vw, 800px\" \/><\/a><\/figure>\n<\/figure>\n\n\n\n<p>Schon im Vorfeld haben wir eine Stadtf\u00fchrung bei einem Deutschen, der seit 6 Jahren dort lebt, gebucht.<br>(frank-in-cisco.com)<br>Dadurch bekamen wir ganz andere Einblicke<\/p>\n\n\n\n<figure class=\"wp-block-gallery has-nested-images columns-3 is-cropped wp-block-gallery-2 is-layout-flex wp-block-gallery-is-layout-flex\">\n<figure class=\"wp-block-image size-full\"><a href=\"http:\/\/martins-reisen.de\/wp-content\/uploads\/2022\/07\/IMG_0609-scaled.jpg\"><img loading=\"lazy\" decoding=\"async\" width=\"2560\" height=\"1920\" data-id=\"762\" src=\"http:\/\/martins-reisen.de\/wp-content\/uploads\/2022\/07\/IMG_0609-scaled.jpg\" alt=\"\" class=\"wp-image-762\" srcset=\"https:\/\/martins-reisen.de\/wp-content\/uploads\/2022\/07\/IMG_0609-scaled.jpg 2560w, https:\/\/martins-reisen.de\/wp-content\/uploads\/2022\/07\/IMG_0609-300x225.jpg 300w, https:\/\/martins-reisen.de\/wp-content\/uploads\/2022\/07\/IMG_0609-1024x768.jpg 1024w, https:\/\/martins-reisen.de\/wp-content\/uploads\/2022\/07\/IMG_0609-768x576.jpg 768w, https:\/\/martins-reisen.de\/wp-content\/uploads\/2022\/07\/IMG_0609-1536x1152.jpg 1536w, https:\/\/martins-reisen.de\/wp-content\/uploads\/2022\/07\/IMG_0609-2048x1536.jpg 2048w\" sizes=\"auto, (max-width: 2560px) 100vw, 2560px\" \/><\/a><\/figure>\n\n\n\n<figure class=\"wp-block-image size-full\"><a href=\"http:\/\/martins-reisen.de\/wp-content\/uploads\/2022\/07\/IMG_0619-scaled.jpg\"><img loading=\"lazy\" decoding=\"async\" width=\"2560\" height=\"1920\" data-id=\"756\" src=\"http:\/\/martins-reisen.de\/wp-content\/uploads\/2022\/07\/IMG_0619-scaled.jpg\" alt=\"\" class=\"wp-image-756\" srcset=\"https:\/\/martins-reisen.de\/wp-content\/uploads\/2022\/07\/IMG_0619-scaled.jpg 2560w, https:\/\/martins-reisen.de\/wp-content\/uploads\/2022\/07\/IMG_0619-300x225.jpg 300w, https:\/\/martins-reisen.de\/wp-content\/uploads\/2022\/07\/IMG_0619-1024x768.jpg 1024w, https:\/\/martins-reisen.de\/wp-content\/uploads\/2022\/07\/IMG_0619-768x576.jpg 768w, https:\/\/martins-reisen.de\/wp-content\/uploads\/2022\/07\/IMG_0619-1536x1152.jpg 1536w, https:\/\/martins-reisen.de\/wp-content\/uploads\/2022\/07\/IMG_0619-2048x1536.jpg 2048w\" sizes=\"auto, (max-width: 2560px) 100vw, 2560px\" \/><\/a><\/figure>\n\n\n\n<figure class=\"wp-block-image size-full\"><a href=\"http:\/\/martins-reisen.de\/wp-content\/uploads\/2022\/07\/IMG_0621-scaled.jpg\"><img loading=\"lazy\" decoding=\"async\" width=\"2560\" height=\"1920\" data-id=\"754\" src=\"http:\/\/martins-reisen.de\/wp-content\/uploads\/2022\/07\/IMG_0621-scaled.jpg\" alt=\"\" class=\"wp-image-754\" srcset=\"https:\/\/martins-reisen.de\/wp-content\/uploads\/2022\/07\/IMG_0621-scaled.jpg 2560w, https:\/\/martins-reisen.de\/wp-content\/uploads\/2022\/07\/IMG_0621-300x225.jpg 300w, https:\/\/martins-reisen.de\/wp-content\/uploads\/2022\/07\/IMG_0621-1024x768.jpg 1024w, https:\/\/martins-reisen.de\/wp-content\/uploads\/2022\/07\/IMG_0621-768x576.jpg 768w, https:\/\/martins-reisen.de\/wp-content\/uploads\/2022\/07\/IMG_0621-1536x1152.jpg 1536w, https:\/\/martins-reisen.de\/wp-content\/uploads\/2022\/07\/IMG_0621-2048x1536.jpg 2048w\" sizes=\"auto, (max-width: 2560px) 100vw, 2560px\" \/><\/a><\/figure>\n<\/figure>\n\n\n\n<p>Frank hat uns vor allem durch &#8222;sein Viertel&#8220; gef\u00fchrt, die sog. Oberstadt, wo noch ganz viele alte viktorianische H\u00e4user stehen, die vom Erdbeben 1906 nicht zerst\u00f6rt wurden<br>(Downtown wurde v\u00f6llig platt gemacht)<\/p>\n\n\n\n<figure class=\"wp-block-gallery has-nested-images columns-3 is-cropped wp-block-gallery-3 is-layout-flex wp-block-gallery-is-layout-flex\">\n<figure class=\"wp-block-image size-full\"><a href=\"http:\/\/martins-reisen.de\/wp-content\/uploads\/2022\/07\/IMG_0610-scaled.jpg\"><img loading=\"lazy\" decoding=\"async\" width=\"1920\" height=\"2560\" data-id=\"761\" src=\"http:\/\/martins-reisen.de\/wp-content\/uploads\/2022\/07\/IMG_0610-scaled.jpg\" alt=\"\" class=\"wp-image-761\" srcset=\"https:\/\/martins-reisen.de\/wp-content\/uploads\/2022\/07\/IMG_0610-scaled.jpg 1920w, https:\/\/martins-reisen.de\/wp-content\/uploads\/2022\/07\/IMG_0610-225x300.jpg 225w, https:\/\/martins-reisen.de\/wp-content\/uploads\/2022\/07\/IMG_0610-768x1024.jpg 768w, https:\/\/martins-reisen.de\/wp-content\/uploads\/2022\/07\/IMG_0610-1152x1536.jpg 1152w, https:\/\/martins-reisen.de\/wp-content\/uploads\/2022\/07\/IMG_0610-1536x2048.jpg 1536w\" sizes=\"auto, (max-width: 1920px) 100vw, 1920px\" \/><\/a><\/figure>\n\n\n\n<figure class=\"wp-block-image size-full\"><a href=\"http:\/\/martins-reisen.de\/wp-content\/uploads\/2022\/07\/IMG_0611-scaled.jpg\"><img loading=\"lazy\" decoding=\"async\" width=\"2560\" height=\"1920\" data-id=\"760\" src=\"http:\/\/martins-reisen.de\/wp-content\/uploads\/2022\/07\/IMG_0611-scaled.jpg\" alt=\"\" class=\"wp-image-760\" srcset=\"https:\/\/martins-reisen.de\/wp-content\/uploads\/2022\/07\/IMG_0611-scaled.jpg 2560w, https:\/\/martins-reisen.de\/wp-content\/uploads\/2022\/07\/IMG_0611-300x225.jpg 300w, https:\/\/martins-reisen.de\/wp-content\/uploads\/2022\/07\/IMG_0611-1024x768.jpg 1024w, https:\/\/martins-reisen.de\/wp-content\/uploads\/2022\/07\/IMG_0611-768x576.jpg 768w, https:\/\/martins-reisen.de\/wp-content\/uploads\/2022\/07\/IMG_0611-1536x1152.jpg 1536w, https:\/\/martins-reisen.de\/wp-content\/uploads\/2022\/07\/IMG_0611-2048x1536.jpg 2048w\" sizes=\"auto, (max-width: 2560px) 100vw, 2560px\" \/><\/a><\/figure>\n\n\n\n<figure class=\"wp-block-image size-full\"><a href=\"http:\/\/martins-reisen.de\/wp-content\/uploads\/2022\/07\/IMG_0622-scaled.jpg\"><img loading=\"lazy\" decoding=\"async\" width=\"2560\" height=\"1920\" data-id=\"753\" src=\"http:\/\/martins-reisen.de\/wp-content\/uploads\/2022\/07\/IMG_0622-scaled.jpg\" alt=\"\" class=\"wp-image-753\" srcset=\"https:\/\/martins-reisen.de\/wp-content\/uploads\/2022\/07\/IMG_0622-scaled.jpg 2560w, https:\/\/martins-reisen.de\/wp-content\/uploads\/2022\/07\/IMG_0622-300x225.jpg 300w, https:\/\/martins-reisen.de\/wp-content\/uploads\/2022\/07\/IMG_0622-1024x768.jpg 1024w, https:\/\/martins-reisen.de\/wp-content\/uploads\/2022\/07\/IMG_0622-768x576.jpg 768w, https:\/\/martins-reisen.de\/wp-content\/uploads\/2022\/07\/IMG_0622-1536x1152.jpg 1536w, https:\/\/martins-reisen.de\/wp-content\/uploads\/2022\/07\/IMG_0622-2048x1536.jpg 2048w\" sizes=\"auto, (max-width: 2560px) 100vw, 2560px\" \/><\/a><\/figure>\n<\/figure>\n\n\n\n<p>Au\u00dferdem hat er uns einiges \u00fcber die H\u00e4userpreise, Mieten und Lebenshaltungskosten in SF erz\u00e4hlt. Unglaublich!<br>Die H\u00e4user oben kosten alle zwischen 5 und 10 Mio. Dollar.<br>Miete f\u00fcr 2-3 Zimmer-Wohnungen in diesem Viertel: 4.000 bis 5.000!<br>Um einigerma\u00dfen leben zu k\u00f6nnen braucht man ein Monatseinkommen von mindestens 10.000 $.<br>Diese Preistreiberei ist Folge der \u00fcberbezahlten IT-Leute aus dem Silicon-Valley, was gleich nebenan liegt (San Jos\u00e9)<\/p>\n\n\n\n<p>Das Viertel hat aber auch ganz andere Seiten. Hier entstand n\u00e4mlich die Hippie-Bewegung der sp\u00e4ten 60er Jahre.<br>Spuren davon sind immer noch zu sehen<\/p>\n\n\n\n<figure class=\"wp-block-gallery has-nested-images columns-3 is-cropped wp-block-gallery-4 is-layout-flex wp-block-gallery-is-layout-flex\">\n<figure class=\"wp-block-image size-full\"><a href=\"http:\/\/martins-reisen.de\/wp-content\/uploads\/2022\/07\/IMG_0612-scaled.jpg\"><img loading=\"lazy\" decoding=\"async\" width=\"2560\" height=\"1920\" data-id=\"759\" src=\"http:\/\/martins-reisen.de\/wp-content\/uploads\/2022\/07\/IMG_0612-scaled.jpg\" alt=\"\" class=\"wp-image-759\" srcset=\"https:\/\/martins-reisen.de\/wp-content\/uploads\/2022\/07\/IMG_0612-scaled.jpg 2560w, https:\/\/martins-reisen.de\/wp-content\/uploads\/2022\/07\/IMG_0612-300x225.jpg 300w, https:\/\/martins-reisen.de\/wp-content\/uploads\/2022\/07\/IMG_0612-1024x768.jpg 1024w, https:\/\/martins-reisen.de\/wp-content\/uploads\/2022\/07\/IMG_0612-768x576.jpg 768w, https:\/\/martins-reisen.de\/wp-content\/uploads\/2022\/07\/IMG_0612-1536x1152.jpg 1536w, https:\/\/martins-reisen.de\/wp-content\/uploads\/2022\/07\/IMG_0612-2048x1536.jpg 2048w\" sizes=\"auto, (max-width: 2560px) 100vw, 2560px\" \/><\/a><\/figure>\n\n\n\n<figure class=\"wp-block-image size-full\"><a href=\"http:\/\/martins-reisen.de\/wp-content\/uploads\/2022\/07\/IMG_6286_ergebnis.jpg\"><img loading=\"lazy\" decoding=\"async\" width=\"400\" height=\"600\" data-id=\"769\" src=\"http:\/\/martins-reisen.de\/wp-content\/uploads\/2022\/07\/IMG_6286_ergebnis.jpg\" alt=\"\" class=\"wp-image-769\" srcset=\"https:\/\/martins-reisen.de\/wp-content\/uploads\/2022\/07\/IMG_6286_ergebnis.jpg 400w, https:\/\/martins-reisen.de\/wp-content\/uploads\/2022\/07\/IMG_6286_ergebnis-200x300.jpg 200w\" sizes=\"auto, (max-width: 400px) 100vw, 400px\" \/><\/a><\/figure>\n\n\n\n<figure class=\"wp-block-image size-full\"><a href=\"http:\/\/martins-reisen.de\/wp-content\/uploads\/2022\/07\/IMG_6256_ergebnis.jpg\"><img loading=\"lazy\" decoding=\"async\" width=\"800\" height=\"533\" data-id=\"775\" src=\"http:\/\/martins-reisen.de\/wp-content\/uploads\/2022\/07\/IMG_6256_ergebnis.jpg\" alt=\"\" class=\"wp-image-775\" srcset=\"https:\/\/martins-reisen.de\/wp-content\/uploads\/2022\/07\/IMG_6256_ergebnis.jpg 800w, https:\/\/martins-reisen.de\/wp-content\/uploads\/2022\/07\/IMG_6256_ergebnis-300x200.jpg 300w, https:\/\/martins-reisen.de\/wp-content\/uploads\/2022\/07\/IMG_6256_ergebnis-768x512.jpg 768w\" sizes=\"auto, (max-width: 800px) 100vw, 800px\" \/><\/a><\/figure>\n<\/figure>\n\n\n\n<p>Frank konnte uns sehr viel dar\u00fcber erz\u00e4hlen und die H\u00e4user zeigen, wo damals einige bedeutende Musiker lebten<br>(Janis Joplin, Jimmy Hendrix, Grateful Dead und viele andere)<\/p>\n\n\n\n<p>Das Viertel hat allerdings auch seine d\u00fcsteren Seiten:<br>Charles Manson (der die Frau von Roman Polanski bestialisch ermordete)<br>und der Sektenf\u00fchrer Jones (der \u00fcber 400 seiner Anh\u00e4nger vergiftete)<br>wohnten hier Haus an Haus. Zufall?<\/p>\n\n\n\n<figure class=\"wp-block-gallery has-nested-images columns-3 is-cropped wp-block-gallery-5 is-layout-flex wp-block-gallery-is-layout-flex\">\n<figure class=\"wp-block-image size-full\"><a href=\"http:\/\/martins-reisen.de\/wp-content\/uploads\/2022\/07\/IMG_6167_ergebnis.jpg\"><img loading=\"lazy\" decoding=\"async\" width=\"800\" height=\"533\" data-id=\"779\" src=\"http:\/\/martins-reisen.de\/wp-content\/uploads\/2022\/07\/IMG_6167_ergebnis.jpg\" alt=\"\" class=\"wp-image-779\" srcset=\"https:\/\/martins-reisen.de\/wp-content\/uploads\/2022\/07\/IMG_6167_ergebnis.jpg 800w, https:\/\/martins-reisen.de\/wp-content\/uploads\/2022\/07\/IMG_6167_ergebnis-300x200.jpg 300w, https:\/\/martins-reisen.de\/wp-content\/uploads\/2022\/07\/IMG_6167_ergebnis-768x512.jpg 768w\" sizes=\"auto, (max-width: 800px) 100vw, 800px\" \/><\/a><\/figure>\n\n\n\n<figure class=\"wp-block-image size-full\"><a href=\"http:\/\/martins-reisen.de\/wp-content\/uploads\/2022\/07\/IMG_6170_ergebnis.jpg\"><img loading=\"lazy\" decoding=\"async\" width=\"800\" height=\"533\" data-id=\"778\" src=\"http:\/\/martins-reisen.de\/wp-content\/uploads\/2022\/07\/IMG_6170_ergebnis.jpg\" alt=\"\" class=\"wp-image-778\" srcset=\"https:\/\/martins-reisen.de\/wp-content\/uploads\/2022\/07\/IMG_6170_ergebnis.jpg 800w, https:\/\/martins-reisen.de\/wp-content\/uploads\/2022\/07\/IMG_6170_ergebnis-300x200.jpg 300w, https:\/\/martins-reisen.de\/wp-content\/uploads\/2022\/07\/IMG_6170_ergebnis-768x512.jpg 768w\" sizes=\"auto, (max-width: 800px) 100vw, 800px\" \/><\/a><\/figure>\n\n\n\n<figure class=\"wp-block-image size-full\"><a href=\"http:\/\/martins-reisen.de\/wp-content\/uploads\/2022\/07\/IMG_6231_ergebnis.jpg\"><img loading=\"lazy\" decoding=\"async\" width=\"800\" height=\"533\" data-id=\"776\" src=\"http:\/\/martins-reisen.de\/wp-content\/uploads\/2022\/07\/IMG_6231_ergebnis.jpg\" alt=\"\" class=\"wp-image-776\" srcset=\"https:\/\/martins-reisen.de\/wp-content\/uploads\/2022\/07\/IMG_6231_ergebnis.jpg 800w, https:\/\/martins-reisen.de\/wp-content\/uploads\/2022\/07\/IMG_6231_ergebnis-300x200.jpg 300w, https:\/\/martins-reisen.de\/wp-content\/uploads\/2022\/07\/IMG_6231_ergebnis-768x512.jpg 768w\" sizes=\"auto, (max-width: 800px) 100vw, 800px\" \/><\/a><\/figure>\n<\/figure>\n\n\n\n<p>Ein ber\u00fchmter Laden, wo man alle m\u00f6glichen Hippie-Klamotten und Kost\u00fcme kaufen kann<br>Gef\u00fchrt von einem Auswanderer aus Deutschland<\/p>\n\n\n\n<figure class=\"wp-block-gallery has-nested-images columns-3 is-cropped wp-block-gallery-6 is-layout-flex wp-block-gallery-is-layout-flex\">\n<figure class=\"wp-block-image size-full\"><a href=\"http:\/\/martins-reisen.de\/wp-content\/uploads\/2022\/07\/IMG_6258_ergebnis.jpg\"><img loading=\"lazy\" decoding=\"async\" width=\"800\" height=\"533\" data-id=\"774\" src=\"http:\/\/martins-reisen.de\/wp-content\/uploads\/2022\/07\/IMG_6258_ergebnis.jpg\" alt=\"\" class=\"wp-image-774\" srcset=\"https:\/\/martins-reisen.de\/wp-content\/uploads\/2022\/07\/IMG_6258_ergebnis.jpg 800w, https:\/\/martins-reisen.de\/wp-content\/uploads\/2022\/07\/IMG_6258_ergebnis-300x200.jpg 300w, https:\/\/martins-reisen.de\/wp-content\/uploads\/2022\/07\/IMG_6258_ergebnis-768x512.jpg 768w\" sizes=\"auto, (max-width: 800px) 100vw, 800px\" \/><\/a><\/figure>\n\n\n\n<figure class=\"wp-block-image size-full\"><a href=\"http:\/\/martins-reisen.de\/wp-content\/uploads\/2022\/07\/IMG_6261_ergebnis.jpg\"><img loading=\"lazy\" decoding=\"async\" width=\"800\" height=\"533\" data-id=\"773\" src=\"http:\/\/martins-reisen.de\/wp-content\/uploads\/2022\/07\/IMG_6261_ergebnis.jpg\" alt=\"\" class=\"wp-image-773\" srcset=\"https:\/\/martins-reisen.de\/wp-content\/uploads\/2022\/07\/IMG_6261_ergebnis.jpg 800w, https:\/\/martins-reisen.de\/wp-content\/uploads\/2022\/07\/IMG_6261_ergebnis-300x200.jpg 300w, https:\/\/martins-reisen.de\/wp-content\/uploads\/2022\/07\/IMG_6261_ergebnis-768x512.jpg 768w\" sizes=\"auto, (max-width: 800px) 100vw, 800px\" \/><\/a><\/figure>\n\n\n\n<figure class=\"wp-block-image size-full\"><a href=\"http:\/\/martins-reisen.de\/wp-content\/uploads\/2022\/07\/IMG_6263_ergebnis.jpg\"><img loading=\"lazy\" decoding=\"async\" width=\"800\" height=\"533\" data-id=\"772\" src=\"http:\/\/martins-reisen.de\/wp-content\/uploads\/2022\/07\/IMG_6263_ergebnis.jpg\" alt=\"\" class=\"wp-image-772\" srcset=\"https:\/\/martins-reisen.de\/wp-content\/uploads\/2022\/07\/IMG_6263_ergebnis.jpg 800w, https:\/\/martins-reisen.de\/wp-content\/uploads\/2022\/07\/IMG_6263_ergebnis-300x200.jpg 300w, https:\/\/martins-reisen.de\/wp-content\/uploads\/2022\/07\/IMG_6263_ergebnis-768x512.jpg 768w\" sizes=\"auto, (max-width: 800px) 100vw, 800px\" \/><\/a><\/figure>\n<\/figure>\n\n\n\n<p>Downtown haben wir uns dann auf eigene Faust angeschaut und nat\u00fcrlich durfte auch eine Fahrt mit dem Cable Car nicht fehlen<\/p>\n\n\n\n<figure class=\"wp-block-gallery has-nested-images columns-3 is-cropped wp-block-gallery-7 is-layout-flex wp-block-gallery-is-layout-flex\">\n<figure class=\"wp-block-image size-full\"><a href=\"http:\/\/martins-reisen.de\/wp-content\/uploads\/2022\/07\/IMG_6378_ergebnis.jpg\"><img loading=\"lazy\" decoding=\"async\" width=\"800\" height=\"533\" data-id=\"766\" src=\"http:\/\/martins-reisen.de\/wp-content\/uploads\/2022\/07\/IMG_6378_ergebnis.jpg\" alt=\"\" class=\"wp-image-766\" srcset=\"https:\/\/martins-reisen.de\/wp-content\/uploads\/2022\/07\/IMG_6378_ergebnis.jpg 800w, https:\/\/martins-reisen.de\/wp-content\/uploads\/2022\/07\/IMG_6378_ergebnis-300x200.jpg 300w, https:\/\/martins-reisen.de\/wp-content\/uploads\/2022\/07\/IMG_6378_ergebnis-768x512.jpg 768w\" sizes=\"auto, (max-width: 800px) 100vw, 800px\" \/><\/a><\/figure>\n\n\n\n<figure class=\"wp-block-image size-full\"><a href=\"http:\/\/martins-reisen.de\/wp-content\/uploads\/2022\/07\/IMG_6401_ergebnis.jpg\"><img loading=\"lazy\" decoding=\"async\" width=\"800\" height=\"533\" data-id=\"765\" src=\"http:\/\/martins-reisen.de\/wp-content\/uploads\/2022\/07\/IMG_6401_ergebnis.jpg\" alt=\"\" class=\"wp-image-765\" srcset=\"https:\/\/martins-reisen.de\/wp-content\/uploads\/2022\/07\/IMG_6401_ergebnis.jpg 800w, https:\/\/martins-reisen.de\/wp-content\/uploads\/2022\/07\/IMG_6401_ergebnis-300x200.jpg 300w, https:\/\/martins-reisen.de\/wp-content\/uploads\/2022\/07\/IMG_6401_ergebnis-768x512.jpg 768w\" sizes=\"auto, (max-width: 800px) 100vw, 800px\" \/><\/a><\/figure>\n\n\n\n<figure class=\"wp-block-image size-full\"><a href=\"http:\/\/martins-reisen.de\/wp-content\/uploads\/2022\/07\/IMG_0624-scaled.jpg\"><img loading=\"lazy\" decoding=\"async\" width=\"2560\" height=\"1920\" data-id=\"751\" src=\"http:\/\/martins-reisen.de\/wp-content\/uploads\/2022\/07\/IMG_0624-scaled.jpg\" alt=\"\" class=\"wp-image-751\" srcset=\"https:\/\/martins-reisen.de\/wp-content\/uploads\/2022\/07\/IMG_0624-scaled.jpg 2560w, https:\/\/martins-reisen.de\/wp-content\/uploads\/2022\/07\/IMG_0624-300x225.jpg 300w, https:\/\/martins-reisen.de\/wp-content\/uploads\/2022\/07\/IMG_0624-1024x768.jpg 1024w, https:\/\/martins-reisen.de\/wp-content\/uploads\/2022\/07\/IMG_0624-768x576.jpg 768w, https:\/\/martins-reisen.de\/wp-content\/uploads\/2022\/07\/IMG_0624-1536x1152.jpg 1536w, https:\/\/martins-reisen.de\/wp-content\/uploads\/2022\/07\/IMG_0624-2048x1536.jpg 2048w\" sizes=\"auto, (max-width: 2560px) 100vw, 2560px\" \/><\/a><\/figure>\n<\/figure>\n\n\n\n<p>Die Technik und die Wagen sind immer noch original<\/p>\n\n\n\n<p>Auch die Golden Gate Bridge war ein Muss.&nbsp; Leider im Nebel<\/p>\n\n\n\n<figure class=\"wp-block-gallery has-nested-images columns-2 is-cropped wp-block-gallery-8 is-layout-flex wp-block-gallery-is-layout-flex\">\n<figure class=\"wp-block-image size-full\"><a href=\"http:\/\/martins-reisen.de\/wp-content\/uploads\/2022\/07\/IMG_0633-scaled.jpg\"><img loading=\"lazy\" decoding=\"async\" width=\"1920\" height=\"2560\" data-id=\"746\" src=\"http:\/\/martins-reisen.de\/wp-content\/uploads\/2022\/07\/IMG_0633-scaled.jpg\" alt=\"\" class=\"wp-image-746\" srcset=\"https:\/\/martins-reisen.de\/wp-content\/uploads\/2022\/07\/IMG_0633-scaled.jpg 1920w, https:\/\/martins-reisen.de\/wp-content\/uploads\/2022\/07\/IMG_0633-225x300.jpg 225w, https:\/\/martins-reisen.de\/wp-content\/uploads\/2022\/07\/IMG_0633-768x1024.jpg 768w, https:\/\/martins-reisen.de\/wp-content\/uploads\/2022\/07\/IMG_0633-1152x1536.jpg 1152w, https:\/\/martins-reisen.de\/wp-content\/uploads\/2022\/07\/IMG_0633-1536x2048.jpg 1536w\" sizes=\"auto, (max-width: 1920px) 100vw, 1920px\" \/><\/a><\/figure>\n\n\n\n<figure class=\"wp-block-image size-full\"><a href=\"http:\/\/martins-reisen.de\/wp-content\/uploads\/2022\/07\/IMG_0632-scaled.jpg\"><img loading=\"lazy\" decoding=\"async\" width=\"2560\" height=\"1920\" data-id=\"747\" src=\"http:\/\/martins-reisen.de\/wp-content\/uploads\/2022\/07\/IMG_0632-scaled.jpg\" alt=\"\" class=\"wp-image-747\" srcset=\"https:\/\/martins-reisen.de\/wp-content\/uploads\/2022\/07\/IMG_0632-scaled.jpg 2560w, https:\/\/martins-reisen.de\/wp-content\/uploads\/2022\/07\/IMG_0632-300x225.jpg 300w, https:\/\/martins-reisen.de\/wp-content\/uploads\/2022\/07\/IMG_0632-1024x768.jpg 1024w, https:\/\/martins-reisen.de\/wp-content\/uploads\/2022\/07\/IMG_0632-768x576.jpg 768w, https:\/\/martins-reisen.de\/wp-content\/uploads\/2022\/07\/IMG_0632-1536x1152.jpg 1536w, https:\/\/martins-reisen.de\/wp-content\/uploads\/2022\/07\/IMG_0632-2048x1536.jpg 2048w\" sizes=\"auto, (max-width: 2560px) 100vw, 2560px\" \/><\/a><\/figure>\n<\/figure>\n\n\n\n<p>Leider mussten wir hier, nach 6 Wochen gemeinsamen Reisens, auch meinen alten Freund Byby verabschieden, der wieder zur\u00fcck nach D geflogen ist. Sehr schade.<\/p>\n\n\n\n<figure class=\"wp-block-gallery has-nested-images columns-2 is-cropped wp-block-gallery-9 is-layout-flex wp-block-gallery-is-layout-flex\">\n<figure class=\"wp-block-image size-full\"><a href=\"http:\/\/martins-reisen.de\/wp-content\/uploads\/2022\/07\/20220710_100043_ergebnis.jpg\"><img loading=\"lazy\" decoding=\"async\" width=\"800\" height=\"600\" data-id=\"785\" src=\"http:\/\/martins-reisen.de\/wp-content\/uploads\/2022\/07\/20220710_100043_ergebnis.jpg\" alt=\"\" class=\"wp-image-785\" srcset=\"https:\/\/martins-reisen.de\/wp-content\/uploads\/2022\/07\/20220710_100043_ergebnis.jpg 800w, https:\/\/martins-reisen.de\/wp-content\/uploads\/2022\/07\/20220710_100043_ergebnis-300x225.jpg 300w, https:\/\/martins-reisen.de\/wp-content\/uploads\/2022\/07\/20220710_100043_ergebnis-768x576.jpg 768w\" sizes=\"auto, (max-width: 800px) 100vw, 800px\" \/><\/a><\/figure>\n\n\n\n<figure class=\"wp-block-image size-full\"><a href=\"http:\/\/martins-reisen.de\/wp-content\/uploads\/2022\/07\/20220710_091238_ergebnis.jpg\"><img loading=\"lazy\" decoding=\"async\" width=\"650\" height=\"600\" data-id=\"786\" src=\"http:\/\/martins-reisen.de\/wp-content\/uploads\/2022\/07\/20220710_091238_ergebnis.jpg\" alt=\"\" class=\"wp-image-786\" srcset=\"https:\/\/martins-reisen.de\/wp-content\/uploads\/2022\/07\/20220710_091238_ergebnis.jpg 650w, https:\/\/martins-reisen.de\/wp-content\/uploads\/2022\/07\/20220710_091238_ergebnis-300x277.jpg 300w\" sizes=\"auto, (max-width: 650px) 100vw, 650px\" \/><\/a><\/figure>\n<\/figure>\n\n\n\n<h3 class=\"wp-block-heading\"><a href=\"http:\/\/martins-reisen.de\/?page_id=788\" data-type=\"page\" data-id=\"788\">N\u00e4chste Seite<\/a><\/h3>\n","protected":false},"excerpt":{"rendered":"<p>Nach 2 Monaten und ca 12.000 km sind wir in San Francisco am anderen Ende der USA angekommen Schon im Vorfeld haben wir eine Stadtf\u00fchrung bei einem Deutschen, der seit 6 Jahren dort lebt, gebucht.(frank-in-cisco.com)Dadurch bekamen wir ganz andere Einblicke Frank hat uns vor allem durch &#8222;sein Viertel&#8220; gef\u00fchrt, die sog. Oberstadt, wo noch ganz &#8230; <a title=\"San Francisco\" class=\"read-more\" href=\"https:\/\/martins-reisen.de\/?page_id=763\" aria-label=\"Mehr Informationen \u00fcber San Francisco\">Weiterlesen<\/a><\/p>\n","protected":false},"author":1,"featured_media":0,"parent":0,"menu_order":18,"comment_status":"closed","ping_status":"closed","template":"","meta":{"ngg_post_thumbnail":0,"footnotes":""},"categories":[4],"tags":[],"class_list":{"0":"post-763","1":"page","2":"type-page","3":"status-publish","5":"category-nordamerika"},"_links":{"self":[{"href":"https:\/\/martins-reisen.de\/index.php?rest_route=\/wp\/v2\/pages\/763","targetHints":{"allow":["GET"]}}],"collection":[{"href":"https:\/\/martins-reisen.de\/index.php?rest_route=\/wp\/v2\/pages"}],"about":[{"href":"https:\/\/martins-reisen.de\/index.php?rest_route=\/wp\/v2\/types\/page"}],"author":[{"embeddable":true,"href":"https:\/\/martins-reisen.de\/index.php?rest_route=\/wp\/v2\/users\/1"}],"replies":[{"embeddable":true,"href":"https:\/\/martins-reisen.de\/index.php?rest_route=%2Fwp%2Fv2%2Fcomments&post=763"}],"version-history":[{"count":6,"href":"https:\/\/martins-reisen.de\/index.php?rest_route=\/wp\/v2\/pages\/763\/revisions"}],"predecessor-version":[{"id":1622,"href":"https:\/\/martins-reisen.de\/index.php?rest_route=\/wp\/v2\/pages\/763\/revisions\/1622"}],"wp:attachment":[{"href":"https:\/\/martins-reisen.de\/index.php?rest_route=%2Fwp%2Fv2%2Fmedia&parent=763"}],"wp:term":[{"taxonomy":"category","embeddable":true,"href":"https:\/\/martins-reisen.de\/index.php?rest_route=%2Fwp%2Fv2%2Fcategories&post=763"},{"taxonomy":"post_tag","embeddable":true,"href":"https:\/\/martins-reisen.de\/index.php?rest_route=%2Fwp%2Fv2%2Ftags&post=763"}],"curies":[{"name":"wp","href":"https:\/\/api.w.org\/{rel}","templated":true}]}}