{"id":729,"date":"2022-07-07T00:32:07","date_gmt":"2022-07-06T23:32:07","guid":{"rendered":"http:\/\/martins-reisen.de\/?p=729"},"modified":"2025-10-03T17:38:58","modified_gmt":"2025-10-03T16:38:58","slug":"von-las-vegas-nach-san-francisco","status":"publish","type":"page","link":"https:\/\/martins-reisen.de\/?page_id=729","title":{"rendered":"Von Las Vegas nach San Francisco"},"content":{"rendered":"\n<p>Am 30.06. konnten wir das Auto tats\u00e4chlich von der Werkstatt abholen und endlich Las Vegas verlassen (eine schreckliche Stadt)<\/p>\n\n\n\n<h3 class=\"wp-block-heading\">In Kalifornien haben wir 3 Nationalparks besucht:<br>Death Valley, King&#8217;s Canyon (Sequoia) und Yosemite<\/h3>\n\n\n\n<p>Zuerst das<strong> Death Valley,<\/strong> bekannt f\u00fcr seine warmen Tage<\/p>\n\n\n\n<figure class=\"wp-block-gallery has-nested-images columns-2 is-cropped wp-block-gallery-1 is-layout-flex wp-block-gallery-is-layout-flex\">\n<figure class=\"wp-block-image size-full\"><a href=\"http:\/\/martins-reisen.de\/wp-content\/uploads\/2022\/07\/IMG_0537_ergebnis.jpg\"><img loading=\"lazy\" decoding=\"async\" width=\"800\" height=\"600\" data-id=\"725\" src=\"http:\/\/martins-reisen.de\/wp-content\/uploads\/2022\/07\/IMG_0537_ergebnis.jpg\" alt=\"\" class=\"wp-image-725\" srcset=\"https:\/\/martins-reisen.de\/wp-content\/uploads\/2022\/07\/IMG_0537_ergebnis.jpg 800w, https:\/\/martins-reisen.de\/wp-content\/uploads\/2022\/07\/IMG_0537_ergebnis-300x225.jpg 300w, https:\/\/martins-reisen.de\/wp-content\/uploads\/2022\/07\/IMG_0537_ergebnis-768x576.jpg 768w\" sizes=\"auto, (max-width: 800px) 100vw, 800px\" \/><\/a><\/figure>\n\n\n\n<figure class=\"wp-block-image size-full\"><a href=\"http:\/\/martins-reisen.de\/wp-content\/uploads\/2022\/07\/IMG_0538_ergebnis.jpg\"><img loading=\"lazy\" decoding=\"async\" width=\"800\" height=\"600\" data-id=\"724\" src=\"http:\/\/martins-reisen.de\/wp-content\/uploads\/2022\/07\/IMG_0538_ergebnis.jpg\" alt=\"\" class=\"wp-image-724\" srcset=\"https:\/\/martins-reisen.de\/wp-content\/uploads\/2022\/07\/IMG_0538_ergebnis.jpg 800w, https:\/\/martins-reisen.de\/wp-content\/uploads\/2022\/07\/IMG_0538_ergebnis-300x225.jpg 300w, https:\/\/martins-reisen.de\/wp-content\/uploads\/2022\/07\/IMG_0538_ergebnis-768x576.jpg 768w\" sizes=\"auto, (max-width: 800px) 100vw, 800px\" \/><\/a><\/figure>\n<\/figure>\n\n\n\n<p>Zum ber\u00fchmten Aussichtspunkz Zabriskie Point musste man ein St\u00fcck laufen,<br>bergauf und in der prallen Sonne. Grenzwertig. Schnell ein paar Fotos und zur\u00fcck ins k\u00fchle Auto<\/p>\n\n\n\n<figure class=\"wp-block-gallery has-nested-images columns-3 is-cropped wp-block-gallery-2 is-layout-flex wp-block-gallery-is-layout-flex\">\n<figure class=\"wp-block-image size-full\"><a href=\"http:\/\/martins-reisen.de\/wp-content\/uploads\/2022\/07\/IMG_0533_ergebnis.jpg\"><img loading=\"lazy\" decoding=\"async\" width=\"800\" height=\"600\" data-id=\"728\" src=\"http:\/\/martins-reisen.de\/wp-content\/uploads\/2022\/07\/IMG_0533_ergebnis.jpg\" alt=\"\" class=\"wp-image-728\" srcset=\"https:\/\/martins-reisen.de\/wp-content\/uploads\/2022\/07\/IMG_0533_ergebnis.jpg 800w, https:\/\/martins-reisen.de\/wp-content\/uploads\/2022\/07\/IMG_0533_ergebnis-300x225.jpg 300w, https:\/\/martins-reisen.de\/wp-content\/uploads\/2022\/07\/IMG_0533_ergebnis-768x576.jpg 768w\" sizes=\"auto, (max-width: 800px) 100vw, 800px\" \/><\/a><\/figure>\n\n\n\n<figure class=\"wp-block-image size-full\"><a href=\"http:\/\/martins-reisen.de\/wp-content\/uploads\/2022\/07\/IMG_0534_ergebnis.jpg\"><img loading=\"lazy\" decoding=\"async\" width=\"800\" height=\"600\" data-id=\"727\" src=\"http:\/\/martins-reisen.de\/wp-content\/uploads\/2022\/07\/IMG_0534_ergebnis.jpg\" alt=\"\" class=\"wp-image-727\" srcset=\"https:\/\/martins-reisen.de\/wp-content\/uploads\/2022\/07\/IMG_0534_ergebnis.jpg 800w, https:\/\/martins-reisen.de\/wp-content\/uploads\/2022\/07\/IMG_0534_ergebnis-300x225.jpg 300w, https:\/\/martins-reisen.de\/wp-content\/uploads\/2022\/07\/IMG_0534_ergebnis-768x576.jpg 768w\" sizes=\"auto, (max-width: 800px) 100vw, 800px\" \/><\/a><\/figure>\n\n\n\n<figure class=\"wp-block-image size-full\"><a href=\"http:\/\/martins-reisen.de\/wp-content\/uploads\/2022\/07\/IMG_0535_ergebnis.jpg\"><img loading=\"lazy\" decoding=\"async\" width=\"800\" height=\"600\" data-id=\"726\" src=\"http:\/\/martins-reisen.de\/wp-content\/uploads\/2022\/07\/IMG_0535_ergebnis.jpg\" alt=\"\" class=\"wp-image-726\" srcset=\"https:\/\/martins-reisen.de\/wp-content\/uploads\/2022\/07\/IMG_0535_ergebnis.jpg 800w, https:\/\/martins-reisen.de\/wp-content\/uploads\/2022\/07\/IMG_0535_ergebnis-300x225.jpg 300w, https:\/\/martins-reisen.de\/wp-content\/uploads\/2022\/07\/IMG_0535_ergebnis-768x576.jpg 768w\" sizes=\"auto, (max-width: 800px) 100vw, 800px\" \/><\/a><\/figure>\n<\/figure>\n\n\n\n<p>Auch ein paar Sandd\u00fcnen gibt es dort<\/p>\n\n\n\n<figure class=\"wp-block-gallery has-nested-images columns-2 is-cropped wp-block-gallery-3 is-layout-flex wp-block-gallery-is-layout-flex\">\n<figure class=\"wp-block-image size-full\"><a href=\"http:\/\/martins-reisen.de\/wp-content\/uploads\/2022\/07\/IMG_0542_ergebnis.jpg\"><img loading=\"lazy\" decoding=\"async\" width=\"800\" height=\"600\" data-id=\"722\" src=\"http:\/\/martins-reisen.de\/wp-content\/uploads\/2022\/07\/IMG_0542_ergebnis.jpg\" alt=\"\" class=\"wp-image-722\" srcset=\"https:\/\/martins-reisen.de\/wp-content\/uploads\/2022\/07\/IMG_0542_ergebnis.jpg 800w, https:\/\/martins-reisen.de\/wp-content\/uploads\/2022\/07\/IMG_0542_ergebnis-300x225.jpg 300w, https:\/\/martins-reisen.de\/wp-content\/uploads\/2022\/07\/IMG_0542_ergebnis-768x576.jpg 768w\" sizes=\"auto, (max-width: 800px) 100vw, 800px\" \/><\/a><\/figure>\n\n\n\n<figure class=\"wp-block-image size-full\"><a href=\"http:\/\/martins-reisen.de\/wp-content\/uploads\/2022\/07\/IMG_0541_ergebnis.jpg\"><img loading=\"lazy\" decoding=\"async\" width=\"800\" height=\"600\" data-id=\"723\" src=\"http:\/\/martins-reisen.de\/wp-content\/uploads\/2022\/07\/IMG_0541_ergebnis.jpg\" alt=\"\" class=\"wp-image-723\" srcset=\"https:\/\/martins-reisen.de\/wp-content\/uploads\/2022\/07\/IMG_0541_ergebnis.jpg 800w, https:\/\/martins-reisen.de\/wp-content\/uploads\/2022\/07\/IMG_0541_ergebnis-300x225.jpg 300w, https:\/\/martins-reisen.de\/wp-content\/uploads\/2022\/07\/IMG_0541_ergebnis-768x576.jpg 768w\" sizes=\"auto, (max-width: 800px) 100vw, 800px\" \/><\/a><\/figure>\n<\/figure>\n\n\n\n<p>Der Campground in ein em Paralleltal war nur unwesentlich k\u00fchler, aber mit sch\u00f6nem Sonnenuntergang<\/p>\n\n\n\n<figure class=\"wp-block-gallery has-nested-images columns-4 is-cropped wp-block-gallery-4 is-layout-flex wp-block-gallery-is-layout-flex\">\n<figure class=\"wp-block-image size-full\"><a href=\"http:\/\/martins-reisen.de\/wp-content\/uploads\/2022\/07\/IMG_0545_ergebnis.jpg\"><img loading=\"lazy\" decoding=\"async\" width=\"800\" height=\"600\" data-id=\"720\" src=\"http:\/\/martins-reisen.de\/wp-content\/uploads\/2022\/07\/IMG_0545_ergebnis.jpg\" alt=\"\" class=\"wp-image-720\" srcset=\"https:\/\/martins-reisen.de\/wp-content\/uploads\/2022\/07\/IMG_0545_ergebnis.jpg 800w, https:\/\/martins-reisen.de\/wp-content\/uploads\/2022\/07\/IMG_0545_ergebnis-300x225.jpg 300w, https:\/\/martins-reisen.de\/wp-content\/uploads\/2022\/07\/IMG_0545_ergebnis-768x576.jpg 768w\" sizes=\"auto, (max-width: 800px) 100vw, 800px\" \/><\/a><\/figure>\n\n\n\n<figure class=\"wp-block-image size-full\"><a href=\"http:\/\/martins-reisen.de\/wp-content\/uploads\/2022\/07\/IMG_0547_ergebnis.jpg\"><img loading=\"lazy\" decoding=\"async\" width=\"800\" height=\"600\" data-id=\"719\" src=\"http:\/\/martins-reisen.de\/wp-content\/uploads\/2022\/07\/IMG_0547_ergebnis.jpg\" alt=\"\" class=\"wp-image-719\" srcset=\"https:\/\/martins-reisen.de\/wp-content\/uploads\/2022\/07\/IMG_0547_ergebnis.jpg 800w, https:\/\/martins-reisen.de\/wp-content\/uploads\/2022\/07\/IMG_0547_ergebnis-300x225.jpg 300w, https:\/\/martins-reisen.de\/wp-content\/uploads\/2022\/07\/IMG_0547_ergebnis-768x576.jpg 768w\" sizes=\"auto, (max-width: 800px) 100vw, 800px\" \/><\/a><\/figure>\n\n\n\n<figure class=\"wp-block-image size-full\"><a href=\"http:\/\/martins-reisen.de\/wp-content\/uploads\/2022\/07\/IMG_0549_ergebnis.jpg\"><img loading=\"lazy\" decoding=\"async\" width=\"800\" height=\"600\" data-id=\"718\" src=\"http:\/\/martins-reisen.de\/wp-content\/uploads\/2022\/07\/IMG_0549_ergebnis.jpg\" alt=\"\" class=\"wp-image-718\" srcset=\"https:\/\/martins-reisen.de\/wp-content\/uploads\/2022\/07\/IMG_0549_ergebnis.jpg 800w, https:\/\/martins-reisen.de\/wp-content\/uploads\/2022\/07\/IMG_0549_ergebnis-300x225.jpg 300w, https:\/\/martins-reisen.de\/wp-content\/uploads\/2022\/07\/IMG_0549_ergebnis-768x576.jpg 768w\" sizes=\"auto, (max-width: 800px) 100vw, 800px\" \/><\/a><\/figure>\n\n\n\n<figure class=\"wp-block-image size-full\"><a href=\"http:\/\/martins-reisen.de\/wp-content\/uploads\/2022\/07\/IMG_0543_ergebnis.jpg\"><img loading=\"lazy\" decoding=\"async\" width=\"800\" height=\"600\" data-id=\"721\" src=\"http:\/\/martins-reisen.de\/wp-content\/uploads\/2022\/07\/IMG_0543_ergebnis.jpg\" alt=\"\" class=\"wp-image-721\" srcset=\"https:\/\/martins-reisen.de\/wp-content\/uploads\/2022\/07\/IMG_0543_ergebnis.jpg 800w, https:\/\/martins-reisen.de\/wp-content\/uploads\/2022\/07\/IMG_0543_ergebnis-300x225.jpg 300w, https:\/\/martins-reisen.de\/wp-content\/uploads\/2022\/07\/IMG_0543_ergebnis-768x576.jpg 768w\" sizes=\"auto, (max-width: 800px) 100vw, 800px\" \/><\/a><\/figure>\n<\/figure>\n\n\n\n<p>Und am n\u00e4chsten Tag sah es dann so aus:<\/p>\n\n\n\n<figure class=\"wp-block-gallery has-nested-images columns-3 is-cropped wp-block-gallery-5 is-layout-flex wp-block-gallery-is-layout-flex\">\n<figure class=\"wp-block-image size-full\"><a href=\"http:\/\/martins-reisen.de\/wp-content\/uploads\/2022\/07\/IMG_0556_ergebnis.jpg\"><img loading=\"lazy\" decoding=\"async\" width=\"800\" height=\"600\" data-id=\"716\" src=\"http:\/\/martins-reisen.de\/wp-content\/uploads\/2022\/07\/IMG_0556_ergebnis.jpg\" alt=\"\" class=\"wp-image-716\" srcset=\"https:\/\/martins-reisen.de\/wp-content\/uploads\/2022\/07\/IMG_0556_ergebnis.jpg 800w, https:\/\/martins-reisen.de\/wp-content\/uploads\/2022\/07\/IMG_0556_ergebnis-300x225.jpg 300w, https:\/\/martins-reisen.de\/wp-content\/uploads\/2022\/07\/IMG_0556_ergebnis-768x576.jpg 768w\" sizes=\"auto, (max-width: 800px) 100vw, 800px\" \/><\/a><\/figure>\n\n\n\n<figure class=\"wp-block-image size-full\"><a href=\"http:\/\/martins-reisen.de\/wp-content\/uploads\/2022\/07\/IMG_0557_ergebnis.jpg\"><img loading=\"lazy\" decoding=\"async\" width=\"800\" height=\"600\" data-id=\"715\" src=\"http:\/\/martins-reisen.de\/wp-content\/uploads\/2022\/07\/IMG_0557_ergebnis.jpg\" alt=\"\" class=\"wp-image-715\" srcset=\"https:\/\/martins-reisen.de\/wp-content\/uploads\/2022\/07\/IMG_0557_ergebnis.jpg 800w, https:\/\/martins-reisen.de\/wp-content\/uploads\/2022\/07\/IMG_0557_ergebnis-300x225.jpg 300w, https:\/\/martins-reisen.de\/wp-content\/uploads\/2022\/07\/IMG_0557_ergebnis-768x576.jpg 768w\" sizes=\"auto, (max-width: 800px) 100vw, 800px\" \/><\/a><\/figure>\n\n\n\n<figure class=\"wp-block-image size-full\"><a href=\"http:\/\/martins-reisen.de\/wp-content\/uploads\/2022\/07\/IMG_0559_ergebnis.jpg\"><img loading=\"lazy\" decoding=\"async\" width=\"800\" height=\"600\" data-id=\"714\" src=\"http:\/\/martins-reisen.de\/wp-content\/uploads\/2022\/07\/IMG_0559_ergebnis.jpg\" alt=\"\" class=\"wp-image-714\" srcset=\"https:\/\/martins-reisen.de\/wp-content\/uploads\/2022\/07\/IMG_0559_ergebnis.jpg 800w, https:\/\/martins-reisen.de\/wp-content\/uploads\/2022\/07\/IMG_0559_ergebnis-300x225.jpg 300w, https:\/\/martins-reisen.de\/wp-content\/uploads\/2022\/07\/IMG_0559_ergebnis-768x576.jpg 768w\" sizes=\"auto, (max-width: 800px) 100vw, 800px\" \/><\/a><\/figure>\n<\/figure>\n\n\n\n<p>Dies ist die<strong> Sierra Nevada,<\/strong> ein Gebirgszug, der sich von Nord nach S\u00fcd durch das ganze \u00f6stliche Kalifornien zieht mit Gipfeln von \u00fcber 3000 m.<br>Sie bildet den Ostrand des sog. Central Valley (wo sehr viel Obst angebaut wird) und schlie\u00dft sich westlich an das Tiefland des Death Valley an.<br>\u00dcber ca 1500 m gibt es riesige W\u00e4lder und gem\u00e4\u00dfigte, bis k\u00fchle Temperaturen<\/p>\n\n\n\n<figure class=\"wp-block-gallery has-nested-images columns-3 is-cropped wp-block-gallery-6 is-layout-flex wp-block-gallery-is-layout-flex\">\n<figure class=\"wp-block-image size-full\"><a href=\"http:\/\/martins-reisen.de\/wp-content\/uploads\/2022\/07\/IMG_0598_ergebnis.jpg\"><img loading=\"lazy\" decoding=\"async\" width=\"800\" height=\"600\" data-id=\"737\" src=\"http:\/\/martins-reisen.de\/wp-content\/uploads\/2022\/07\/IMG_0598_ergebnis.jpg\" alt=\"\" class=\"wp-image-737\" srcset=\"https:\/\/martins-reisen.de\/wp-content\/uploads\/2022\/07\/IMG_0598_ergebnis.jpg 800w, https:\/\/martins-reisen.de\/wp-content\/uploads\/2022\/07\/IMG_0598_ergebnis-300x225.jpg 300w, https:\/\/martins-reisen.de\/wp-content\/uploads\/2022\/07\/IMG_0598_ergebnis-768x576.jpg 768w\" sizes=\"auto, (max-width: 800px) 100vw, 800px\" \/><\/a><\/figure>\n\n\n\n<figure class=\"wp-block-image size-full\"><a href=\"http:\/\/martins-reisen.de\/wp-content\/uploads\/2022\/07\/IMG_0597_ergebnis.jpg\"><img loading=\"lazy\" decoding=\"async\" width=\"800\" height=\"600\" data-id=\"738\" src=\"http:\/\/martins-reisen.de\/wp-content\/uploads\/2022\/07\/IMG_0597_ergebnis.jpg\" alt=\"\" class=\"wp-image-738\" srcset=\"https:\/\/martins-reisen.de\/wp-content\/uploads\/2022\/07\/IMG_0597_ergebnis.jpg 800w, https:\/\/martins-reisen.de\/wp-content\/uploads\/2022\/07\/IMG_0597_ergebnis-300x225.jpg 300w, https:\/\/martins-reisen.de\/wp-content\/uploads\/2022\/07\/IMG_0597_ergebnis-768x576.jpg 768w\" sizes=\"auto, (max-width: 800px) 100vw, 800px\" \/><\/a><\/figure>\n\n\n\n<figure class=\"wp-block-image size-full\"><a href=\"http:\/\/martins-reisen.de\/wp-content\/uploads\/2022\/07\/IMG_0595_ergebnis.jpg\"><img loading=\"lazy\" decoding=\"async\" width=\"450\" height=\"600\" data-id=\"739\" src=\"http:\/\/martins-reisen.de\/wp-content\/uploads\/2022\/07\/IMG_0595_ergebnis.jpg\" alt=\"\" class=\"wp-image-739\" srcset=\"https:\/\/martins-reisen.de\/wp-content\/uploads\/2022\/07\/IMG_0595_ergebnis.jpg 450w, https:\/\/martins-reisen.de\/wp-content\/uploads\/2022\/07\/IMG_0595_ergebnis-225x300.jpg 225w\" sizes=\"auto, (max-width: 450px) 100vw, 450px\" \/><\/a><\/figure>\n<\/figure>\n\n\n\n<p>Aber diese sch\u00f6nen W\u00e4lder mit ihren riesigen B\u00e4umen sind auch h\u00f6chst gef\u00e4hrdet durch Wldbr\u00e4nde.<br>Wir sind viele Kilometer durch solche abgebrannten W\u00e4lder gefahren. Deprimierend.<br>Einmal wurden wir sogar vorsorglich von einem Campground evakuiert, weil in der N\u00e4he ein gro\u00dfes Feuer ausgebrochen war.<\/p>\n\n\n\n<h3 class=\"wp-block-heading\">Nach dem Death Valley war King&#8217;s Canyon (Sequoia) in der Sierra Nevada der n\u00e4chste Nationalpark, den wir besucht haben.<\/h3>\n\n\n\n<figure class=\"wp-block-gallery has-nested-images columns-4 is-cropped wp-block-gallery-7 is-layout-flex wp-block-gallery-is-layout-flex\">\n<figure class=\"wp-block-image size-full\"><a href=\"http:\/\/martins-reisen.de\/wp-content\/uploads\/2022\/07\/IMG_0566_ergebnis.jpg\"><img loading=\"lazy\" decoding=\"async\" width=\"450\" height=\"600\" data-id=\"710\" src=\"http:\/\/martins-reisen.de\/wp-content\/uploads\/2022\/07\/IMG_0566_ergebnis.jpg\" alt=\"\" class=\"wp-image-710\" srcset=\"https:\/\/martins-reisen.de\/wp-content\/uploads\/2022\/07\/IMG_0566_ergebnis.jpg 450w, https:\/\/martins-reisen.de\/wp-content\/uploads\/2022\/07\/IMG_0566_ergebnis-225x300.jpg 225w\" sizes=\"auto, (max-width: 450px) 100vw, 450px\" \/><\/a><\/figure>\n\n\n\n<figure class=\"wp-block-image size-full\"><a href=\"http:\/\/martins-reisen.de\/wp-content\/uploads\/2022\/07\/IMG_0573_ergebnis.jpg\"><img loading=\"lazy\" decoding=\"async\" width=\"450\" height=\"600\" data-id=\"707\" src=\"http:\/\/martins-reisen.de\/wp-content\/uploads\/2022\/07\/IMG_0573_ergebnis.jpg\" alt=\"\" class=\"wp-image-707\" srcset=\"https:\/\/martins-reisen.de\/wp-content\/uploads\/2022\/07\/IMG_0573_ergebnis.jpg 450w, https:\/\/martins-reisen.de\/wp-content\/uploads\/2022\/07\/IMG_0573_ergebnis-225x300.jpg 225w\" sizes=\"auto, (max-width: 450px) 100vw, 450px\" \/><\/a><\/figure>\n\n\n\n<figure class=\"wp-block-image size-full\"><a href=\"http:\/\/martins-reisen.de\/wp-content\/uploads\/2022\/07\/IMG_0569_ergebnis.jpg\"><img loading=\"lazy\" decoding=\"async\" width=\"450\" height=\"600\" data-id=\"708\" src=\"http:\/\/martins-reisen.de\/wp-content\/uploads\/2022\/07\/IMG_0569_ergebnis.jpg\" alt=\"\" class=\"wp-image-708\" srcset=\"https:\/\/martins-reisen.de\/wp-content\/uploads\/2022\/07\/IMG_0569_ergebnis.jpg 450w, https:\/\/martins-reisen.de\/wp-content\/uploads\/2022\/07\/IMG_0569_ergebnis-225x300.jpg 225w\" sizes=\"auto, (max-width: 450px) 100vw, 450px\" \/><\/a><\/figure>\n\n\n\n<figure class=\"wp-block-image size-full\"><a href=\"http:\/\/martins-reisen.de\/wp-content\/uploads\/2022\/07\/IMG_0578_ergebnis.jpg\"><img loading=\"lazy\" decoding=\"async\" width=\"800\" height=\"600\" data-id=\"705\" src=\"http:\/\/martins-reisen.de\/wp-content\/uploads\/2022\/07\/IMG_0578_ergebnis.jpg\" alt=\"\" class=\"wp-image-705\" srcset=\"https:\/\/martins-reisen.de\/wp-content\/uploads\/2022\/07\/IMG_0578_ergebnis.jpg 800w, https:\/\/martins-reisen.de\/wp-content\/uploads\/2022\/07\/IMG_0578_ergebnis-300x225.jpg 300w, https:\/\/martins-reisen.de\/wp-content\/uploads\/2022\/07\/IMG_0578_ergebnis-768x576.jpg 768w\" sizes=\"auto, (max-width: 800px) 100vw, 800px\" \/><\/a><\/figure>\n<\/figure>\n\n\n\n<p>Die Sequoia sind riesige, uralte B\u00e4ume. Leider kann man auf den Fotos die Dimensionen nicht wirklich deutlich machen.<\/p>\n\n\n\n<p>Da alle Campgrounds im Park voll waren, sind wir auf den Tipp einer Rangerin hin in den benachbarten National Forest gefahren<br>und uns einfach neben ein Str\u00e4\u00dfchen gestellt (was im National Forest manchmal m\u00f6glich ist).<br>Einer unserer Top 10 \u00dcbernachtungspl\u00e4tze.<\/p>\n\n\n\n<figure class=\"wp-block-gallery has-nested-images columns-3 is-cropped wp-block-gallery-8 is-layout-flex wp-block-gallery-is-layout-flex\">\n<figure class=\"wp-block-image size-full\"><a href=\"http:\/\/martins-reisen.de\/wp-content\/uploads\/2022\/07\/IMG_0562_ergebnis.jpg\"><img loading=\"lazy\" decoding=\"async\" width=\"800\" height=\"600\" data-id=\"713\" src=\"http:\/\/martins-reisen.de\/wp-content\/uploads\/2022\/07\/IMG_0562_ergebnis.jpg\" alt=\"\" class=\"wp-image-713\" srcset=\"https:\/\/martins-reisen.de\/wp-content\/uploads\/2022\/07\/IMG_0562_ergebnis.jpg 800w, https:\/\/martins-reisen.de\/wp-content\/uploads\/2022\/07\/IMG_0562_ergebnis-300x225.jpg 300w, https:\/\/martins-reisen.de\/wp-content\/uploads\/2022\/07\/IMG_0562_ergebnis-768x576.jpg 768w\" sizes=\"auto, (max-width: 800px) 100vw, 800px\" \/><\/a><\/figure>\n\n\n\n<figure class=\"wp-block-image size-full\"><a href=\"http:\/\/martins-reisen.de\/wp-content\/uploads\/2022\/07\/IMG_0564_ergebnis.jpg\"><img loading=\"lazy\" decoding=\"async\" width=\"800\" height=\"600\" data-id=\"712\" src=\"http:\/\/martins-reisen.de\/wp-content\/uploads\/2022\/07\/IMG_0564_ergebnis.jpg\" alt=\"\" class=\"wp-image-712\" srcset=\"https:\/\/martins-reisen.de\/wp-content\/uploads\/2022\/07\/IMG_0564_ergebnis.jpg 800w, https:\/\/martins-reisen.de\/wp-content\/uploads\/2022\/07\/IMG_0564_ergebnis-300x225.jpg 300w, https:\/\/martins-reisen.de\/wp-content\/uploads\/2022\/07\/IMG_0564_ergebnis-768x576.jpg 768w\" sizes=\"auto, (max-width: 800px) 100vw, 800px\" \/><\/a><\/figure>\n\n\n\n<figure class=\"wp-block-image size-full\"><a href=\"http:\/\/martins-reisen.de\/wp-content\/uploads\/2022\/07\/IMG_0565_ergebnis.jpg\"><img loading=\"lazy\" decoding=\"async\" width=\"450\" height=\"600\" data-id=\"711\" src=\"http:\/\/martins-reisen.de\/wp-content\/uploads\/2022\/07\/IMG_0565_ergebnis.jpg\" alt=\"\" class=\"wp-image-711\" srcset=\"https:\/\/martins-reisen.de\/wp-content\/uploads\/2022\/07\/IMG_0565_ergebnis.jpg 450w, https:\/\/martins-reisen.de\/wp-content\/uploads\/2022\/07\/IMG_0565_ergebnis-225x300.jpg 225w\" sizes=\"auto, (max-width: 450px) 100vw, 450px\" \/><\/a><\/figure>\n<\/figure>\n\n\n\n<h3 class=\"wp-block-heading\">Der n\u00e4chste Nationalpark war der<strong> Yosemite<\/strong> mit seinen riesigen Granitfelsen<br>unter anderem der El Capitan; \u00fcber 1000 m senkrechte Wand.<\/h3>\n\n\n\n<p>Allerdings war dies das verl\u00e4ngerte Wochenende mit dem amerikanischen Nationalfeiertag (04. Juli)<br>und es war nat\u00fcrlich die H\u00f6lle los<\/p>\n\n\n\n<figure class=\"wp-block-gallery has-nested-images columns-4 is-cropped wp-block-gallery-9 is-layout-flex wp-block-gallery-is-layout-flex\">\n<figure class=\"wp-block-image size-full\"><a href=\"http:\/\/martins-reisen.de\/wp-content\/uploads\/2022\/07\/IMG_0581_ergebnis.jpg\"><img loading=\"lazy\" decoding=\"async\" width=\"450\" height=\"600\" data-id=\"704\" src=\"http:\/\/martins-reisen.de\/wp-content\/uploads\/2022\/07\/IMG_0581_ergebnis.jpg\" alt=\"\" class=\"wp-image-704\" srcset=\"https:\/\/martins-reisen.de\/wp-content\/uploads\/2022\/07\/IMG_0581_ergebnis.jpg 450w, https:\/\/martins-reisen.de\/wp-content\/uploads\/2022\/07\/IMG_0581_ergebnis-225x300.jpg 225w\" sizes=\"auto, (max-width: 450px) 100vw, 450px\" \/><\/a><\/figure>\n\n\n\n<figure class=\"wp-block-image size-full\"><a href=\"http:\/\/martins-reisen.de\/wp-content\/uploads\/2022\/07\/IMG_0583_ergebnis.jpg\"><img loading=\"lazy\" decoding=\"async\" width=\"450\" height=\"600\" data-id=\"703\" src=\"http:\/\/martins-reisen.de\/wp-content\/uploads\/2022\/07\/IMG_0583_ergebnis.jpg\" alt=\"\" class=\"wp-image-703\" srcset=\"https:\/\/martins-reisen.de\/wp-content\/uploads\/2022\/07\/IMG_0583_ergebnis.jpg 450w, https:\/\/martins-reisen.de\/wp-content\/uploads\/2022\/07\/IMG_0583_ergebnis-225x300.jpg 225w\" sizes=\"auto, (max-width: 450px) 100vw, 450px\" \/><\/a><\/figure>\n\n\n\n<figure class=\"wp-block-image size-full\"><a href=\"http:\/\/martins-reisen.de\/wp-content\/uploads\/2022\/07\/IMG_0587_ergebnis.jpg\"><img loading=\"lazy\" decoding=\"async\" width=\"450\" height=\"600\" data-id=\"701\" src=\"http:\/\/martins-reisen.de\/wp-content\/uploads\/2022\/07\/IMG_0587_ergebnis.jpg\" alt=\"\" class=\"wp-image-701\" srcset=\"https:\/\/martins-reisen.de\/wp-content\/uploads\/2022\/07\/IMG_0587_ergebnis.jpg 450w, https:\/\/martins-reisen.de\/wp-content\/uploads\/2022\/07\/IMG_0587_ergebnis-225x300.jpg 225w\" sizes=\"auto, (max-width: 450px) 100vw, 450px\" \/><\/a><\/figure>\n\n\n\n<figure class=\"wp-block-image size-full\"><a href=\"http:\/\/martins-reisen.de\/wp-content\/uploads\/2022\/07\/IMG_0590_ergebnis.jpg\"><img loading=\"lazy\" decoding=\"async\" width=\"450\" height=\"600\" data-id=\"699\" src=\"http:\/\/martins-reisen.de\/wp-content\/uploads\/2022\/07\/IMG_0590_ergebnis.jpg\" alt=\"\" class=\"wp-image-699\" srcset=\"https:\/\/martins-reisen.de\/wp-content\/uploads\/2022\/07\/IMG_0590_ergebnis.jpg 450w, https:\/\/martins-reisen.de\/wp-content\/uploads\/2022\/07\/IMG_0590_ergebnis-225x300.jpg 225w\" sizes=\"auto, (max-width: 450px) 100vw, 450px\" \/><\/a><\/figure>\n<\/figure>\n\n\n\n<p>Aber in den umliegenden National Forest W\u00e4ldern ist fast immer noch ein freier Platz zu finden<br>(Ich liebe den National Forest Service!)<\/p>\n\n\n\n<figure class=\"wp-block-image size-full\"><img loading=\"lazy\" decoding=\"async\" width=\"800\" height=\"600\" src=\"http:\/\/martins-reisen.de\/wp-content\/uploads\/2022\/07\/IMG_0592_ergebnis.jpg\" alt=\"\" class=\"wp-image-740\" srcset=\"https:\/\/martins-reisen.de\/wp-content\/uploads\/2022\/07\/IMG_0592_ergebnis.jpg 800w, https:\/\/martins-reisen.de\/wp-content\/uploads\/2022\/07\/IMG_0592_ergebnis-300x225.jpg 300w, https:\/\/martins-reisen.de\/wp-content\/uploads\/2022\/07\/IMG_0592_ergebnis-768x576.jpg 768w\" sizes=\"auto, (max-width: 800px) 100vw, 800px\" \/><\/figure>\n\n\n\n<h3 class=\"wp-block-heading\">Von hier geht es jetzt langsam nach San Franzisko<\/h3>\n\n\n\n<h3 class=\"wp-block-heading\"><a href=\"http:\/\/martins-reisen.de\/?page_id=763\" data-type=\"page\" data-id=\"763\">N\u00e4chste Seite<\/a><\/h3>\n","protected":false},"excerpt":{"rendered":"<p>Am 30.06. konnten wir das Auto tats\u00e4chlich von der Werkstatt abholen und endlich Las Vegas verlassen (eine schreckliche Stadt) In Kalifornien haben wir 3 Nationalparks besucht:Death Valley, King&#8217;s Canyon (Sequoia) und Yosemite Zuerst das Death Valley, bekannt f\u00fcr seine warmen Tage Zum ber\u00fchmten Aussichtspunkz Zabriskie Point musste man ein St\u00fcck laufen,bergauf und in der prallen &#8230; <a title=\"Von Las Vegas nach San Francisco\" class=\"read-more\" href=\"https:\/\/martins-reisen.de\/?page_id=729\" aria-label=\"Mehr Informationen \u00fcber Von Las Vegas nach San Francisco\">Weiterlesen<\/a><\/p>\n","protected":false},"author":1,"featured_media":0,"parent":0,"menu_order":17,"comment_status":"closed","ping_status":"closed","template":"","meta":{"ngg_post_thumbnail":0,"footnotes":""},"categories":[4],"tags":[],"class_list":{"0":"post-729","1":"page","2":"type-page","3":"status-publish","5":"category-nordamerika"},"_links":{"self":[{"href":"https:\/\/martins-reisen.de\/index.php?rest_route=\/wp\/v2\/pages\/729","targetHints":{"allow":["GET"]}}],"collection":[{"href":"https:\/\/martins-reisen.de\/index.php?rest_route=\/wp\/v2\/pages"}],"about":[{"href":"https:\/\/martins-reisen.de\/index.php?rest_route=\/wp\/v2\/types\/page"}],"author":[{"embeddable":true,"href":"https:\/\/martins-reisen.de\/index.php?rest_route=\/wp\/v2\/users\/1"}],"replies":[{"embeddable":true,"href":"https:\/\/martins-reisen.de\/index.php?rest_route=%2Fwp%2Fv2%2Fcomments&post=729"}],"version-history":[{"count":8,"href":"https:\/\/martins-reisen.de\/index.php?rest_route=\/wp\/v2\/pages\/729\/revisions"}],"predecessor-version":[{"id":1621,"href":"https:\/\/martins-reisen.de\/index.php?rest_route=\/wp\/v2\/pages\/729\/revisions\/1621"}],"wp:attachment":[{"href":"https:\/\/martins-reisen.de\/index.php?rest_route=%2Fwp%2Fv2%2Fmedia&parent=729"}],"wp:term":[{"taxonomy":"category","embeddable":true,"href":"https:\/\/martins-reisen.de\/index.php?rest_route=%2Fwp%2Fv2%2Fcategories&post=729"},{"taxonomy":"post_tag","embeddable":true,"href":"https:\/\/martins-reisen.de\/index.php?rest_route=%2Fwp%2Fv2%2Ftags&post=729"}],"curies":[{"name":"wp","href":"https:\/\/api.w.org\/{rel}","templated":true}]}}