{"id":691,"date":"2022-06-30T04:45:57","date_gmt":"2022-06-30T03:45:57","guid":{"rendered":"http:\/\/martins-reisen.de\/?p=691"},"modified":"2025-10-03T17:37:57","modified_gmt":"2025-10-03T16:37:57","slug":"vom-grand-canyon-nach-las-vegas","status":"publish","type":"page","link":"https:\/\/martins-reisen.de\/?page_id=691","title":{"rendered":"Vom Grand Canyon nach Las Vegas"},"content":{"rendered":"\n<h3 class=\"wp-block-heading\">Die Strecke f\u00fchrte \u00fcber den Lake Mead und den den Canyon of Fire<\/h3>\n\n\n\n<p>Der Lake Mead und seine traurigen Reste (eine weitere Staustufe des Colorado-River)<br>Wie schon beim Lake Powell (der oberen Staustufe, dazwischen liegt der Grand Canyon), ist der Wasserstand in den letzten Jahren dramatisch gesunken.<br>Von diesem Stausee bezieht aber Las Vegas ein Gro\u00dfteil seines Wassers und seiner Energie<\/p>\n\n\n\n<figure class=\"wp-block-gallery has-nested-images columns-2 is-cropped wp-block-gallery-1 is-layout-flex wp-block-gallery-is-layout-flex\">\n<figure class=\"wp-block-image size-full\"><a href=\"http:\/\/martins-reisen.de\/wp-content\/uploads\/2022\/06\/IMG_0477_ergebnis-1.jpg\"><img loading=\"lazy\" decoding=\"async\" width=\"800\" height=\"600\" data-id=\"686\" src=\"http:\/\/martins-reisen.de\/wp-content\/uploads\/2022\/06\/IMG_0477_ergebnis-1.jpg\" alt=\"\" class=\"wp-image-686\" srcset=\"https:\/\/martins-reisen.de\/wp-content\/uploads\/2022\/06\/IMG_0477_ergebnis-1.jpg 800w, https:\/\/martins-reisen.de\/wp-content\/uploads\/2022\/06\/IMG_0477_ergebnis-1-300x225.jpg 300w, https:\/\/martins-reisen.de\/wp-content\/uploads\/2022\/06\/IMG_0477_ergebnis-1-768x576.jpg 768w\" sizes=\"auto, (max-width: 800px) 100vw, 800px\" \/><\/a><\/figure>\n\n\n\n<figure class=\"wp-block-image size-full\"><a href=\"http:\/\/martins-reisen.de\/wp-content\/uploads\/2022\/06\/IMG_0478_ergebnis-1.jpg\"><img loading=\"lazy\" decoding=\"async\" width=\"800\" height=\"600\" data-id=\"685\" src=\"http:\/\/martins-reisen.de\/wp-content\/uploads\/2022\/06\/IMG_0478_ergebnis-1.jpg\" alt=\"\" class=\"wp-image-685\" srcset=\"https:\/\/martins-reisen.de\/wp-content\/uploads\/2022\/06\/IMG_0478_ergebnis-1.jpg 800w, https:\/\/martins-reisen.de\/wp-content\/uploads\/2022\/06\/IMG_0478_ergebnis-1-300x225.jpg 300w, https:\/\/martins-reisen.de\/wp-content\/uploads\/2022\/06\/IMG_0478_ergebnis-1-768x576.jpg 768w\" sizes=\"auto, (max-width: 800px) 100vw, 800px\" \/><\/a><\/figure>\n<\/figure>\n\n\n\n<p>Mittlerweile ist die Temperatur dramatisch gestiegen: Wir sind vom Colorado-Plateau (teilweise \u00fcber 2000 m) in das tiefere, sog. Basin abgestiegen.<br>Au\u00dferdem ist rundum W\u00fcste. Und es ist Sommer.<\/p>\n\n\n\n<figure class=\"wp-block-gallery has-nested-images columns-2 is-cropped wp-block-gallery-2 is-layout-flex wp-block-gallery-is-layout-flex\">\n<figure class=\"wp-block-image size-full\"><a href=\"http:\/\/martins-reisen.de\/wp-content\/uploads\/2022\/06\/IMG_0481_ergebnis-1.jpg\"><img loading=\"lazy\" decoding=\"async\" width=\"800\" height=\"600\" data-id=\"683\" src=\"http:\/\/martins-reisen.de\/wp-content\/uploads\/2022\/06\/IMG_0481_ergebnis-1.jpg\" alt=\"\" class=\"wp-image-683\" srcset=\"https:\/\/martins-reisen.de\/wp-content\/uploads\/2022\/06\/IMG_0481_ergebnis-1.jpg 800w, https:\/\/martins-reisen.de\/wp-content\/uploads\/2022\/06\/IMG_0481_ergebnis-1-300x225.jpg 300w, https:\/\/martins-reisen.de\/wp-content\/uploads\/2022\/06\/IMG_0481_ergebnis-1-768x576.jpg 768w\" sizes=\"auto, (max-width: 800px) 100vw, 800px\" \/><\/a><\/figure>\n\n\n\n<figure class=\"wp-block-image size-full\"><a href=\"http:\/\/martins-reisen.de\/wp-content\/uploads\/2022\/06\/IMG_0501_ergebnis-1.jpg\"><img loading=\"lazy\" decoding=\"async\" width=\"800\" height=\"600\" data-id=\"677\" src=\"http:\/\/martins-reisen.de\/wp-content\/uploads\/2022\/06\/IMG_0501_ergebnis-1.jpg\" alt=\"\" class=\"wp-image-677\" srcset=\"https:\/\/martins-reisen.de\/wp-content\/uploads\/2022\/06\/IMG_0501_ergebnis-1.jpg 800w, https:\/\/martins-reisen.de\/wp-content\/uploads\/2022\/06\/IMG_0501_ergebnis-1-300x225.jpg 300w, https:\/\/martins-reisen.de\/wp-content\/uploads\/2022\/06\/IMG_0501_ergebnis-1-768x576.jpg 768w\" sizes=\"auto, (max-width: 800px) 100vw, 800px\" \/><\/a><\/figure>\n<\/figure>\n\n\n\n<p>Die Temperaturanzeige im Auto. Auch nachts geht es nicht unter 35\u00b0C<\/p>\n\n\n\n<p>In der N\u00e4he des Lake Mead liegt das sog. Valley of fire (wegen seiner Farben)<br>Einige Impressionen:<\/p>\n\n\n\n<figure class=\"wp-block-gallery has-nested-images columns-3 is-cropped wp-block-gallery-3 is-layout-flex wp-block-gallery-is-layout-flex\">\n<figure class=\"wp-block-image size-full\"><a href=\"http:\/\/martins-reisen.de\/wp-content\/uploads\/2022\/06\/IMG_0491_ergebnis-1.jpg\"><img loading=\"lazy\" decoding=\"async\" width=\"800\" height=\"600\" data-id=\"681\" src=\"http:\/\/martins-reisen.de\/wp-content\/uploads\/2022\/06\/IMG_0491_ergebnis-1.jpg\" alt=\"\" class=\"wp-image-681\" srcset=\"https:\/\/martins-reisen.de\/wp-content\/uploads\/2022\/06\/IMG_0491_ergebnis-1.jpg 800w, https:\/\/martins-reisen.de\/wp-content\/uploads\/2022\/06\/IMG_0491_ergebnis-1-300x225.jpg 300w, https:\/\/martins-reisen.de\/wp-content\/uploads\/2022\/06\/IMG_0491_ergebnis-1-768x576.jpg 768w\" sizes=\"auto, (max-width: 800px) 100vw, 800px\" \/><\/a><\/figure>\n\n\n\n<figure class=\"wp-block-image size-full\"><a href=\"http:\/\/martins-reisen.de\/wp-content\/uploads\/2022\/06\/IMG_0503_ergebnis-1.jpg\"><img loading=\"lazy\" decoding=\"async\" width=\"800\" height=\"600\" data-id=\"676\" src=\"http:\/\/martins-reisen.de\/wp-content\/uploads\/2022\/06\/IMG_0503_ergebnis-1.jpg\" alt=\"\" class=\"wp-image-676\" srcset=\"https:\/\/martins-reisen.de\/wp-content\/uploads\/2022\/06\/IMG_0503_ergebnis-1.jpg 800w, https:\/\/martins-reisen.de\/wp-content\/uploads\/2022\/06\/IMG_0503_ergebnis-1-300x225.jpg 300w, https:\/\/martins-reisen.de\/wp-content\/uploads\/2022\/06\/IMG_0503_ergebnis-1-768x576.jpg 768w\" sizes=\"auto, (max-width: 800px) 100vw, 800px\" \/><\/a><\/figure>\n\n\n\n<figure class=\"wp-block-image size-full\"><a href=\"http:\/\/martins-reisen.de\/wp-content\/uploads\/2022\/06\/IMG_0506_ergebnis-1.jpg\"><img loading=\"lazy\" decoding=\"async\" width=\"800\" height=\"600\" data-id=\"675\" src=\"http:\/\/martins-reisen.de\/wp-content\/uploads\/2022\/06\/IMG_0506_ergebnis-1.jpg\" alt=\"\" class=\"wp-image-675\" srcset=\"https:\/\/martins-reisen.de\/wp-content\/uploads\/2022\/06\/IMG_0506_ergebnis-1.jpg 800w, https:\/\/martins-reisen.de\/wp-content\/uploads\/2022\/06\/IMG_0506_ergebnis-1-300x225.jpg 300w, https:\/\/martins-reisen.de\/wp-content\/uploads\/2022\/06\/IMG_0506_ergebnis-1-768x576.jpg 768w\" sizes=\"auto, (max-width: 800px) 100vw, 800px\" \/><\/a><\/figure>\n<\/figure>\n\n\n\n<figure class=\"wp-block-gallery has-nested-images columns-3 is-cropped wp-block-gallery-4 is-layout-flex wp-block-gallery-is-layout-flex\">\n<figure class=\"wp-block-image size-full\"><a href=\"http:\/\/martins-reisen.de\/wp-content\/uploads\/2022\/06\/IMG_0507_ergebnis-1.jpg\"><img loading=\"lazy\" decoding=\"async\" width=\"800\" height=\"600\" data-id=\"674\" src=\"http:\/\/martins-reisen.de\/wp-content\/uploads\/2022\/06\/IMG_0507_ergebnis-1.jpg\" alt=\"\" class=\"wp-image-674\" srcset=\"https:\/\/martins-reisen.de\/wp-content\/uploads\/2022\/06\/IMG_0507_ergebnis-1.jpg 800w, https:\/\/martins-reisen.de\/wp-content\/uploads\/2022\/06\/IMG_0507_ergebnis-1-300x225.jpg 300w, https:\/\/martins-reisen.de\/wp-content\/uploads\/2022\/06\/IMG_0507_ergebnis-1-768x576.jpg 768w\" sizes=\"auto, (max-width: 800px) 100vw, 800px\" \/><\/a><\/figure>\n\n\n\n<figure class=\"wp-block-image size-full\"><a href=\"http:\/\/martins-reisen.de\/wp-content\/uploads\/2022\/06\/IMG_0508_ergebnis-1.jpg\"><img loading=\"lazy\" decoding=\"async\" width=\"800\" height=\"600\" data-id=\"673\" src=\"http:\/\/martins-reisen.de\/wp-content\/uploads\/2022\/06\/IMG_0508_ergebnis-1.jpg\" alt=\"\" class=\"wp-image-673\" srcset=\"https:\/\/martins-reisen.de\/wp-content\/uploads\/2022\/06\/IMG_0508_ergebnis-1.jpg 800w, https:\/\/martins-reisen.de\/wp-content\/uploads\/2022\/06\/IMG_0508_ergebnis-1-300x225.jpg 300w, https:\/\/martins-reisen.de\/wp-content\/uploads\/2022\/06\/IMG_0508_ergebnis-1-768x576.jpg 768w\" sizes=\"auto, (max-width: 800px) 100vw, 800px\" \/><\/a><\/figure>\n\n\n\n<figure class=\"wp-block-image size-full\"><a href=\"http:\/\/martins-reisen.de\/wp-content\/uploads\/2022\/06\/IMG_0515_ergebnis-1.jpg\"><img loading=\"lazy\" decoding=\"async\" width=\"800\" height=\"600\" data-id=\"658\" src=\"http:\/\/martins-reisen.de\/wp-content\/uploads\/2022\/06\/IMG_0515_ergebnis-1.jpg\" alt=\"\" class=\"wp-image-658\" srcset=\"https:\/\/martins-reisen.de\/wp-content\/uploads\/2022\/06\/IMG_0515_ergebnis-1.jpg 800w, https:\/\/martins-reisen.de\/wp-content\/uploads\/2022\/06\/IMG_0515_ergebnis-1-300x225.jpg 300w, https:\/\/martins-reisen.de\/wp-content\/uploads\/2022\/06\/IMG_0515_ergebnis-1-768x576.jpg 768w\" sizes=\"auto, (max-width: 800px) 100vw, 800px\" \/><\/a><\/figure>\n<\/figure>\n\n\n\n<h3 class=\"wp-block-heading\">Und dann Las Vegas! Was f\u00fcr ein Kontrast.<\/h3>\n\n\n\n<p>Diese Stadt ist eine einzige Provokation und Obsz\u00f6nit\u00e4t:<br>Mitten in der W\u00fcste, vom Wasser des Lake Mead hochgradig abh\u00e4ngig, wird unverdrossen weiter gemacht als g\u00e4be es kein Morgen<\/p>\n\n\n\n<p>Und dann erst die Stadt selbst (bzw. der Las Vegas Boulevard, der sog. Strip): Wenn man es nicht gesehen hat, glaubt man es nicht.<\/p>\n\n\n\n<p>Ein paar Zahlen: Die Stadt selbst hat 600.000 Einwohener, Gro\u00dfraum ca. 2,5 Mio): 45 Mio G\u00e4ste im Jahr, ca. 450.000 Hotelbetten)<br>Der Wasser und Stromverbrauch liegt \u00fcber dem fast aller St\u00e4dte der USA)<\/p>\n\n\n\n<figure class=\"wp-block-gallery has-nested-images columns-2 is-cropped wp-block-gallery-5 is-layout-flex wp-block-gallery-is-layout-flex\">\n<figure class=\"wp-block-image size-full\"><a href=\"http:\/\/martins-reisen.de\/wp-content\/uploads\/2022\/06\/IMG_0520_ergebnis-2.jpg\"><img loading=\"lazy\" decoding=\"async\" width=\"800\" height=\"600\" data-id=\"667\" src=\"http:\/\/martins-reisen.de\/wp-content\/uploads\/2022\/06\/IMG_0520_ergebnis-2.jpg\" alt=\"\" class=\"wp-image-667\" srcset=\"https:\/\/martins-reisen.de\/wp-content\/uploads\/2022\/06\/IMG_0520_ergebnis-2.jpg 800w, https:\/\/martins-reisen.de\/wp-content\/uploads\/2022\/06\/IMG_0520_ergebnis-2-300x225.jpg 300w, https:\/\/martins-reisen.de\/wp-content\/uploads\/2022\/06\/IMG_0520_ergebnis-2-768x576.jpg 768w\" sizes=\"auto, (max-width: 800px) 100vw, 800px\" \/><\/a><\/figure>\n\n\n\n<figure class=\"wp-block-image size-full\"><a href=\"http:\/\/martins-reisen.de\/wp-content\/uploads\/2022\/06\/IMG_0516_ergebnis-2.jpg\"><img loading=\"lazy\" decoding=\"async\" width=\"800\" height=\"600\" data-id=\"670\" src=\"http:\/\/martins-reisen.de\/wp-content\/uploads\/2022\/06\/IMG_0516_ergebnis-2.jpg\" alt=\"\" class=\"wp-image-670\" srcset=\"https:\/\/martins-reisen.de\/wp-content\/uploads\/2022\/06\/IMG_0516_ergebnis-2.jpg 800w, https:\/\/martins-reisen.de\/wp-content\/uploads\/2022\/06\/IMG_0516_ergebnis-2-300x225.jpg 300w, https:\/\/martins-reisen.de\/wp-content\/uploads\/2022\/06\/IMG_0516_ergebnis-2-768x576.jpg 768w\" sizes=\"auto, (max-width: 800px) 100vw, 800px\" \/><\/a><\/figure>\n<\/figure>\n\n\n\n<p>Das Ganze ist eine Mischung aus Protz, Kitsch und Gelsenkirchener Barock<\/p>\n\n\n\n<p>Wir haben uns f\u00fcr 2 N\u00e4chte ein Hotelzimmer genommen, um auch das Nachtleben zu sehen<br>Viele Casino bieten recht g\u00fcnstig Hotelzimmer an, um m\u00f6glichst viele G\u00e4ste in die Spielhallen zu locken<\/p>\n\n\n\n<p>Das Nachtleben setzt dann allem die Krone auf:<br>Auf dem Strip sind dann Massen von Leuten unterwegs<\/p>\n\n\n\n<figure class=\"wp-block-gallery has-nested-images columns-3 is-cropped wp-block-gallery-6 is-layout-flex wp-block-gallery-is-layout-flex\">\n<figure class=\"wp-block-image size-full\"><a href=\"http:\/\/martins-reisen.de\/wp-content\/uploads\/2022\/06\/IMG_0525_ergebnis-2.jpg\"><img loading=\"lazy\" decoding=\"async\" width=\"800\" height=\"600\" data-id=\"664\" src=\"http:\/\/martins-reisen.de\/wp-content\/uploads\/2022\/06\/IMG_0525_ergebnis-2.jpg\" alt=\"\" class=\"wp-image-664\" srcset=\"https:\/\/martins-reisen.de\/wp-content\/uploads\/2022\/06\/IMG_0525_ergebnis-2.jpg 800w, https:\/\/martins-reisen.de\/wp-content\/uploads\/2022\/06\/IMG_0525_ergebnis-2-300x225.jpg 300w, https:\/\/martins-reisen.de\/wp-content\/uploads\/2022\/06\/IMG_0525_ergebnis-2-768x576.jpg 768w\" sizes=\"auto, (max-width: 800px) 100vw, 800px\" \/><\/a><\/figure>\n\n\n\n<figure class=\"wp-block-image size-full\"><a href=\"http:\/\/martins-reisen.de\/wp-content\/uploads\/2022\/06\/IMG_0526_ergebnis-2.jpg\"><img loading=\"lazy\" decoding=\"async\" width=\"800\" height=\"600\" data-id=\"663\" src=\"http:\/\/martins-reisen.de\/wp-content\/uploads\/2022\/06\/IMG_0526_ergebnis-2.jpg\" alt=\"\" class=\"wp-image-663\" srcset=\"https:\/\/martins-reisen.de\/wp-content\/uploads\/2022\/06\/IMG_0526_ergebnis-2.jpg 800w, https:\/\/martins-reisen.de\/wp-content\/uploads\/2022\/06\/IMG_0526_ergebnis-2-300x225.jpg 300w, https:\/\/martins-reisen.de\/wp-content\/uploads\/2022\/06\/IMG_0526_ergebnis-2-768x576.jpg 768w\" sizes=\"auto, (max-width: 800px) 100vw, 800px\" \/><\/a><\/figure>\n\n\n\n<figure class=\"wp-block-image size-full\"><a href=\"http:\/\/martins-reisen.de\/wp-content\/uploads\/2022\/06\/IMG_0530_ergebnis-2.jpg\"><img loading=\"lazy\" decoding=\"async\" width=\"800\" height=\"600\" data-id=\"661\" src=\"http:\/\/martins-reisen.de\/wp-content\/uploads\/2022\/06\/IMG_0530_ergebnis-2.jpg\" alt=\"\" class=\"wp-image-661\" srcset=\"https:\/\/martins-reisen.de\/wp-content\/uploads\/2022\/06\/IMG_0530_ergebnis-2.jpg 800w, https:\/\/martins-reisen.de\/wp-content\/uploads\/2022\/06\/IMG_0530_ergebnis-2-300x225.jpg 300w, https:\/\/martins-reisen.de\/wp-content\/uploads\/2022\/06\/IMG_0530_ergebnis-2-768x576.jpg 768w\" sizes=\"auto, (max-width: 800px) 100vw, 800px\" \/><\/a><\/figure>\n<\/figure>\n\n\n\n<figure class=\"wp-block-gallery has-nested-images columns-2 is-cropped wp-block-gallery-7 is-layout-flex wp-block-gallery-is-layout-flex\">\n<figure class=\"wp-block-image size-full\"><a href=\"http:\/\/martins-reisen.de\/wp-content\/uploads\/2022\/06\/IMG_0527_ergebnis-2.jpg\"><img loading=\"lazy\" decoding=\"async\" width=\"800\" height=\"600\" data-id=\"662\" src=\"http:\/\/martins-reisen.de\/wp-content\/uploads\/2022\/06\/IMG_0527_ergebnis-2.jpg\" alt=\"\" class=\"wp-image-662\" srcset=\"https:\/\/martins-reisen.de\/wp-content\/uploads\/2022\/06\/IMG_0527_ergebnis-2.jpg 800w, https:\/\/martins-reisen.de\/wp-content\/uploads\/2022\/06\/IMG_0527_ergebnis-2-300x225.jpg 300w, https:\/\/martins-reisen.de\/wp-content\/uploads\/2022\/06\/IMG_0527_ergebnis-2-768x576.jpg 768w\" sizes=\"auto, (max-width: 800px) 100vw, 800px\" \/><\/a><\/figure>\n\n\n\n<figure class=\"wp-block-image size-full\"><a href=\"http:\/\/martins-reisen.de\/wp-content\/uploads\/2022\/06\/IMG_0531_ergebnis-2.jpg\"><img loading=\"lazy\" decoding=\"async\" width=\"450\" height=\"600\" data-id=\"660\" src=\"http:\/\/martins-reisen.de\/wp-content\/uploads\/2022\/06\/IMG_0531_ergebnis-2.jpg\" alt=\"\" class=\"wp-image-660\" srcset=\"https:\/\/martins-reisen.de\/wp-content\/uploads\/2022\/06\/IMG_0531_ergebnis-2.jpg 450w, https:\/\/martins-reisen.de\/wp-content\/uploads\/2022\/06\/IMG_0531_ergebnis-2-225x300.jpg 225w\" sizes=\"auto, (max-width: 450px) 100vw, 450px\" \/><\/a><\/figure>\n<\/figure>\n\n\n\n<p>Der Clou sind sog. Themen-Casinos: Hier als Beispiel das &#8222;Venetian&#8220;.<br>Alle Aufnahmen sind wohlgemerkt &#8222;indoor&#8220;, im Inneren des Casinos<\/p>\n\n\n\n<figure class=\"wp-block-gallery has-nested-images columns-2 is-cropped wp-block-gallery-8 is-layout-flex wp-block-gallery-is-layout-flex\">\n<figure class=\"wp-block-image size-full\"><a href=\"http:\/\/martins-reisen.de\/wp-content\/uploads\/2022\/06\/IMG_0517_ergebnis-1.jpg\"><img loading=\"lazy\" decoding=\"async\" width=\"800\" height=\"600\" data-id=\"656\" src=\"http:\/\/martins-reisen.de\/wp-content\/uploads\/2022\/06\/IMG_0517_ergebnis-1.jpg\" alt=\"\" class=\"wp-image-656\" srcset=\"https:\/\/martins-reisen.de\/wp-content\/uploads\/2022\/06\/IMG_0517_ergebnis-1.jpg 800w, https:\/\/martins-reisen.de\/wp-content\/uploads\/2022\/06\/IMG_0517_ergebnis-1-300x225.jpg 300w, https:\/\/martins-reisen.de\/wp-content\/uploads\/2022\/06\/IMG_0517_ergebnis-1-768x576.jpg 768w\" sizes=\"auto, (max-width: 800px) 100vw, 800px\" \/><\/a><\/figure>\n\n\n\n<figure class=\"wp-block-image size-full\"><a href=\"http:\/\/martins-reisen.de\/wp-content\/uploads\/2022\/06\/IMG_0518_ergebnis-1.jpg\"><img loading=\"lazy\" decoding=\"async\" width=\"800\" height=\"600\" data-id=\"655\" src=\"http:\/\/martins-reisen.de\/wp-content\/uploads\/2022\/06\/IMG_0518_ergebnis-1.jpg\" alt=\"\" class=\"wp-image-655\" srcset=\"https:\/\/martins-reisen.de\/wp-content\/uploads\/2022\/06\/IMG_0518_ergebnis-1.jpg 800w, https:\/\/martins-reisen.de\/wp-content\/uploads\/2022\/06\/IMG_0518_ergebnis-1-300x225.jpg 300w, https:\/\/martins-reisen.de\/wp-content\/uploads\/2022\/06\/IMG_0518_ergebnis-1-768x576.jpg 768w\" sizes=\"auto, (max-width: 800px) 100vw, 800px\" \/><\/a><\/figure>\n<\/figure>\n\n\n\n<p>Verkauft werden hier Illusionen.<br>Das Ganze ist eine einzige Maschinerie des Geldmachens.<br>In unserem Hotel waren ausgesprochen viele Familien mit Kindern aus der unteren Mittelschicht: Was wollen die hier?<\/p>\n\n\n\n<p>Gleichzeitig hat Las Vegas die meisten Selbstmorde und Obdachlosen der USA. Die Stadt hat eine sehr ungute Ausstrahlung<\/p>\n\n\n\n<h3 class=\"wp-block-heading\">Exkurs, Sprinterreparatur (ohne Bilder)<\/h3>\n\n\n\n<p>Seit vielen Wochen verliert der rechte vordere Sto\u00dfd\u00e4mpfer des Sprinters \u00d6l, mittlerweile ist er praktisch leer.<br>Keine Frage, das Teil muss ersetzt werden<br>Ein paar emails und Telefonate mit Iglhaut (die den Allradumbau gemacht haben), dann war klar:<br>Ja, das darf nach so kurzer Zeit nicht sein, wir schicken einen neuen Sto\u00dfd\u00e4mpfer und \u00fcbernehmen die Kosten einschlie\u00dflich Einbau.<br>Wir w\u00e4hlten eine Mercedeswerkstatt in Las Vegas, was am besten mit unserem Terminplan vereinbar war.<\/p>\n\n\n\n<p>Einige emails und Telefonate hin und her und alles war klar (dachten wir)<br>Wir haben das Auto zum vereinbarten Termin in der Werkstatt abgegeben und sind wieder gefahren.<br>2 Stunden sp\u00e4ter kam ein Anruf aus der Werkstatt: Ja, mit der Kosten\u00fcbernahme durch Iglhaut, das sei ja alles nichts so klar<br>(obwohl die seit 2 Wochen alle Unterlagen hatten) und der Chef habe bestimmt, bevor keine Kohle bei Ihnen auf dem Tisch liegt, r\u00fchren sie das Auto erst gar nicht an.<br>(Soweit zur angeblichen amerikanischen Kundenfreundlichkeit)<br>Die Kl\u00e4rung mit Iglhaut h\u00e4tte wegen der Zeitverschiebung von 9 Stunden mindestens 3 Tage gedauert (die wir nicht hatten, weil der n\u00e4chste Nationalpark vorgebucht war)<\/p>\n\n\n\n<p>Also habe ich mich bereit erkl\u00e4rt, erstmal die Kosten zu \u00fcbernahmen. Dann haben sie angefangen.<br>2 Stunden sp\u00e4ter der n\u00e4chste Anruf: Das Teil passt nicht.<br>Darauf sind wir zum 3. Mal zur Werkstatt zu fahren, um zu sehen, was denn nicht passt.<br>Beim Vergleich alter und neuer Sto\u00dfd\u00e4mpfer war zu sehen, dass Iglhaut an 2 Stellen einen Steg wegschliffen hat, damit das Teil reinpasst.<br>Davon aber keinen Ton zur Werkstatt, bzw. sie h\u00e4tten vor dem Verschicken die Modifikation selber vornehmen m\u00fcssen.<\/p>\n\n\n\n<p>Die Werkstatt hat sich aber geweigert, die Kante abzuschleifen: Wir bauen nur Originalteile ein, es ist Firmenphilosophie, bla, bla, bla.<br>Darauf wollten wir es selber machen, Flex war dabei, wir brauchten nur Strom.<br>Nein, das k\u00f6nnten sie aus Sicherheitsgr\u00fcnden auf keinen Fall erlauben, es sei Firmenphilosophie&#8230;.<br>Die Amerikaner k\u00f6nnen unglaublich rigide sein, wenn es um Vorschriften geht (F\u00fcr eine Werkstatt in Deutschland w\u00e4re das alles kein Thema gewesen).<\/p>\n\n\n\n<p>Darauf sind wir losgefahren, haben eine Hinterhofwerkstett gesucht, die das dann f\u00fcr uns gemacht hat.<br>Zur\u00fcck zur Mercedeswerkstatt: Ja Teil passt jetzt so gerade.<\/p>\n\n\n\n<p>2 Stunden sp\u00e4ter der n\u00e4chste Anruf: Ja heute wird das aber nichts mehr.<br>Das ist der aktuelle Stand bei Ver\u00f6ffentlichung des Beitrags. Mal sehen, was uns noch erwartet<\/p>\n\n\n\n<h3 class=\"wp-block-heading\"><a href=\"http:\/\/martins-reisen.de\/?page_id=729\" data-type=\"page\" data-id=\"729\">N\u00e4chste Seite<\/a><\/h3>\n","protected":false},"excerpt":{"rendered":"<p>Die Strecke f\u00fchrte \u00fcber den Lake Mead und den den Canyon of Fire Der Lake Mead und seine traurigen Reste (eine weitere Staustufe des Colorado-River)Wie schon beim Lake Powell (der oberen Staustufe, dazwischen liegt der Grand Canyon), ist der Wasserstand in den letzten Jahren dramatisch gesunken.Von diesem Stausee bezieht aber Las Vegas ein Gro\u00dfteil seines &#8230; <a title=\"Vom Grand Canyon nach Las Vegas\" class=\"read-more\" href=\"https:\/\/martins-reisen.de\/?page_id=691\" aria-label=\"Mehr Informationen \u00fcber Vom Grand Canyon nach Las Vegas\">Weiterlesen<\/a><\/p>\n","protected":false},"author":1,"featured_media":0,"parent":0,"menu_order":16,"comment_status":"closed","ping_status":"closed","template":"","meta":{"ngg_post_thumbnail":0,"footnotes":""},"categories":[4],"tags":[],"class_list":{"0":"post-691","1":"page","2":"type-page","3":"status-publish","5":"category-nordamerika"},"_links":{"self":[{"href":"https:\/\/martins-reisen.de\/index.php?rest_route=\/wp\/v2\/pages\/691","targetHints":{"allow":["GET"]}}],"collection":[{"href":"https:\/\/martins-reisen.de\/index.php?rest_route=\/wp\/v2\/pages"}],"about":[{"href":"https:\/\/martins-reisen.de\/index.php?rest_route=\/wp\/v2\/types\/page"}],"author":[{"embeddable":true,"href":"https:\/\/martins-reisen.de\/index.php?rest_route=\/wp\/v2\/users\/1"}],"replies":[{"embeddable":true,"href":"https:\/\/martins-reisen.de\/index.php?rest_route=%2Fwp%2Fv2%2Fcomments&post=691"}],"version-history":[{"count":8,"href":"https:\/\/martins-reisen.de\/index.php?rest_route=\/wp\/v2\/pages\/691\/revisions"}],"predecessor-version":[{"id":1620,"href":"https:\/\/martins-reisen.de\/index.php?rest_route=\/wp\/v2\/pages\/691\/revisions\/1620"}],"wp:attachment":[{"href":"https:\/\/martins-reisen.de\/index.php?rest_route=%2Fwp%2Fv2%2Fmedia&parent=691"}],"wp:term":[{"taxonomy":"category","embeddable":true,"href":"https:\/\/martins-reisen.de\/index.php?rest_route=%2Fwp%2Fv2%2Fcategories&post=691"},{"taxonomy":"post_tag","embeddable":true,"href":"https:\/\/martins-reisen.de\/index.php?rest_route=%2Fwp%2Fv2%2Ftags&post=691"}],"curies":[{"name":"wp","href":"https:\/\/api.w.org\/{rel}","templated":true}]}}