{"id":687,"date":"2022-06-30T03:26:33","date_gmt":"2022-06-30T02:26:33","guid":{"rendered":"http:\/\/martins-reisen.de\/?p=687"},"modified":"2025-10-03T17:36:58","modified_gmt":"2025-10-03T16:36:58","slug":"grand-canyon","status":"publish","type":"page","link":"https:\/\/martins-reisen.de\/?page_id=687","title":{"rendered":"Grand Canyon"},"content":{"rendered":"\n<h3 class=\"wp-block-heading\">Eines der gr\u00f6\u00dften Highlights im S\u00fcdwesten ist mit Sicherheit der Grand Canyon. Mit Recht!<\/h3>\n\n\n\n<p>Vom Canyon de Chelly sind wir zum Grand Canyon gefahren, zuerst auf der Ostseite der s\u00fcdlichen Canyon-Kante (South rim).<\/p>\n\n\n\n<p>Auf dem Weg dorthin kamen wir durch Flaggstaff im n\u00f6rdlichen Arizona<\/p>\n\n\n\n<figure class=\"wp-block-image size-full\"><img loading=\"lazy\" decoding=\"async\" width=\"800\" height=\"600\" src=\"http:\/\/martins-reisen.de\/wp-content\/uploads\/2022\/06\/IMG_0406_ergebnis.jpg\" alt=\"\" class=\"wp-image-619\" srcset=\"https:\/\/martins-reisen.de\/wp-content\/uploads\/2022\/06\/IMG_0406_ergebnis.jpg 800w, https:\/\/martins-reisen.de\/wp-content\/uploads\/2022\/06\/IMG_0406_ergebnis-300x225.jpg 300w, https:\/\/martins-reisen.de\/wp-content\/uploads\/2022\/06\/IMG_0406_ergebnis-768x576.jpg 768w\" sizes=\"auto, (max-width: 800px) 100vw, 800px\" \/><\/figure>\n\n\n\n<p>So stellt man sich Arizona nicht unbedingt vor, aber Flaggstaff und Umgebung liegt auf \u00fcber 2000 m und ist daher sehr bewaldet<\/p>\n\n\n\n<p>Hier jetzt einige Impressionen vom Canyon (Ostseite)<\/p>\n\n\n\n<figure class=\"wp-block-gallery has-nested-images columns-3 is-cropped wp-block-gallery-1 is-layout-flex wp-block-gallery-is-layout-flex\">\n<figure class=\"wp-block-image size-full\"><a href=\"http:\/\/martins-reisen.de\/wp-content\/uploads\/2022\/06\/IMG_0407_ergebnis.jpg\"><img loading=\"lazy\" decoding=\"async\" width=\"800\" height=\"600\" data-id=\"618\" src=\"http:\/\/martins-reisen.de\/wp-content\/uploads\/2022\/06\/IMG_0407_ergebnis.jpg\" alt=\"\" class=\"wp-image-618\" srcset=\"https:\/\/martins-reisen.de\/wp-content\/uploads\/2022\/06\/IMG_0407_ergebnis.jpg 800w, https:\/\/martins-reisen.de\/wp-content\/uploads\/2022\/06\/IMG_0407_ergebnis-300x225.jpg 300w, https:\/\/martins-reisen.de\/wp-content\/uploads\/2022\/06\/IMG_0407_ergebnis-768x576.jpg 768w\" sizes=\"auto, (max-width: 800px) 100vw, 800px\" \/><\/a><\/figure>\n\n\n\n<figure class=\"wp-block-image size-full\"><a href=\"http:\/\/martins-reisen.de\/wp-content\/uploads\/2022\/06\/IMG_0413_ergebnis.jpg\"><img loading=\"lazy\" decoding=\"async\" width=\"800\" height=\"600\" data-id=\"617\" src=\"http:\/\/martins-reisen.de\/wp-content\/uploads\/2022\/06\/IMG_0413_ergebnis.jpg\" alt=\"\" class=\"wp-image-617\" srcset=\"https:\/\/martins-reisen.de\/wp-content\/uploads\/2022\/06\/IMG_0413_ergebnis.jpg 800w, https:\/\/martins-reisen.de\/wp-content\/uploads\/2022\/06\/IMG_0413_ergebnis-300x225.jpg 300w, https:\/\/martins-reisen.de\/wp-content\/uploads\/2022\/06\/IMG_0413_ergebnis-768x576.jpg 768w\" sizes=\"auto, (max-width: 800px) 100vw, 800px\" \/><\/a><\/figure>\n\n\n\n<figure class=\"wp-block-image size-full\"><a href=\"http:\/\/martins-reisen.de\/wp-content\/uploads\/2022\/06\/IMG_0414_ergebnis.jpg\"><img loading=\"lazy\" decoding=\"async\" width=\"800\" height=\"600\" data-id=\"616\" src=\"http:\/\/martins-reisen.de\/wp-content\/uploads\/2022\/06\/IMG_0414_ergebnis.jpg\" alt=\"\" class=\"wp-image-616\" srcset=\"https:\/\/martins-reisen.de\/wp-content\/uploads\/2022\/06\/IMG_0414_ergebnis.jpg 800w, https:\/\/martins-reisen.de\/wp-content\/uploads\/2022\/06\/IMG_0414_ergebnis-300x225.jpg 300w, https:\/\/martins-reisen.de\/wp-content\/uploads\/2022\/06\/IMG_0414_ergebnis-768x576.jpg 768w\" sizes=\"auto, (max-width: 800px) 100vw, 800px\" \/><\/a><\/figure>\n<\/figure>\n\n\n\n<figure class=\"wp-block-gallery has-nested-images columns-3 is-cropped wp-block-gallery-2 is-layout-flex wp-block-gallery-is-layout-flex\">\n<figure class=\"wp-block-image size-full\"><a href=\"http:\/\/martins-reisen.de\/wp-content\/uploads\/2022\/06\/IMG_0417_ergebnis.jpg\"><img loading=\"lazy\" decoding=\"async\" width=\"800\" height=\"600\" data-id=\"614\" src=\"http:\/\/martins-reisen.de\/wp-content\/uploads\/2022\/06\/IMG_0417_ergebnis.jpg\" alt=\"\" class=\"wp-image-614\" srcset=\"https:\/\/martins-reisen.de\/wp-content\/uploads\/2022\/06\/IMG_0417_ergebnis.jpg 800w, https:\/\/martins-reisen.de\/wp-content\/uploads\/2022\/06\/IMG_0417_ergebnis-300x225.jpg 300w, https:\/\/martins-reisen.de\/wp-content\/uploads\/2022\/06\/IMG_0417_ergebnis-768x576.jpg 768w\" sizes=\"auto, (max-width: 800px) 100vw, 800px\" \/><\/a><\/figure>\n\n\n\n<figure class=\"wp-block-image size-full\"><a href=\"http:\/\/martins-reisen.de\/wp-content\/uploads\/2022\/06\/IMG_0421_ergebnis.jpg\"><img loading=\"lazy\" decoding=\"async\" width=\"800\" height=\"600\" data-id=\"612\" src=\"http:\/\/martins-reisen.de\/wp-content\/uploads\/2022\/06\/IMG_0421_ergebnis.jpg\" alt=\"\" class=\"wp-image-612\" srcset=\"https:\/\/martins-reisen.de\/wp-content\/uploads\/2022\/06\/IMG_0421_ergebnis.jpg 800w, https:\/\/martins-reisen.de\/wp-content\/uploads\/2022\/06\/IMG_0421_ergebnis-300x225.jpg 300w, https:\/\/martins-reisen.de\/wp-content\/uploads\/2022\/06\/IMG_0421_ergebnis-768x576.jpg 768w\" sizes=\"auto, (max-width: 800px) 100vw, 800px\" \/><\/a><\/figure>\n\n\n\n<figure class=\"wp-block-image size-full\"><a href=\"http:\/\/martins-reisen.de\/wp-content\/uploads\/2022\/06\/IMG_0424_ergebnis.jpg\"><img loading=\"lazy\" decoding=\"async\" width=\"800\" height=\"600\" data-id=\"609\" src=\"http:\/\/martins-reisen.de\/wp-content\/uploads\/2022\/06\/IMG_0424_ergebnis.jpg\" alt=\"\" class=\"wp-image-609\" srcset=\"https:\/\/martins-reisen.de\/wp-content\/uploads\/2022\/06\/IMG_0424_ergebnis.jpg 800w, https:\/\/martins-reisen.de\/wp-content\/uploads\/2022\/06\/IMG_0424_ergebnis-300x225.jpg 300w, https:\/\/martins-reisen.de\/wp-content\/uploads\/2022\/06\/IMG_0424_ergebnis-768x576.jpg 768w\" sizes=\"auto, (max-width: 800px) 100vw, 800px\" \/><\/a><\/figure>\n<\/figure>\n\n\n\n<p>Bei Gewitter dann noch eindrucksvoller.<br>Diese Gewitter, die oft pl\u00f6tzlich kommen, k\u00f6nnen sehr heftig sein. In unserem Fall wurde ein Teil der Rim-Star\u00dfe sofort evakuiert.<\/p>\n\n\n\n<figure class=\"wp-block-gallery has-nested-images columns-4 is-cropped wp-block-gallery-3 is-layout-flex wp-block-gallery-is-layout-flex\">\n<figure class=\"wp-block-image size-full\"><a href=\"http:\/\/martins-reisen.de\/wp-content\/uploads\/2022\/06\/IMG_0425_ergebnis.jpg\"><img loading=\"lazy\" decoding=\"async\" width=\"800\" height=\"600\" data-id=\"608\" src=\"http:\/\/martins-reisen.de\/wp-content\/uploads\/2022\/06\/IMG_0425_ergebnis.jpg\" alt=\"\" class=\"wp-image-608\" srcset=\"https:\/\/martins-reisen.de\/wp-content\/uploads\/2022\/06\/IMG_0425_ergebnis.jpg 800w, https:\/\/martins-reisen.de\/wp-content\/uploads\/2022\/06\/IMG_0425_ergebnis-300x225.jpg 300w, https:\/\/martins-reisen.de\/wp-content\/uploads\/2022\/06\/IMG_0425_ergebnis-768x576.jpg 768w\" sizes=\"auto, (max-width: 800px) 100vw, 800px\" \/><\/a><\/figure>\n\n\n\n<figure class=\"wp-block-image size-full\"><a href=\"http:\/\/martins-reisen.de\/wp-content\/uploads\/2022\/06\/IMG_0431_ergebnis.jpg\"><img loading=\"lazy\" decoding=\"async\" width=\"800\" height=\"600\" data-id=\"607\" src=\"http:\/\/martins-reisen.de\/wp-content\/uploads\/2022\/06\/IMG_0431_ergebnis.jpg\" alt=\"\" class=\"wp-image-607\" srcset=\"https:\/\/martins-reisen.de\/wp-content\/uploads\/2022\/06\/IMG_0431_ergebnis.jpg 800w, https:\/\/martins-reisen.de\/wp-content\/uploads\/2022\/06\/IMG_0431_ergebnis-300x225.jpg 300w, https:\/\/martins-reisen.de\/wp-content\/uploads\/2022\/06\/IMG_0431_ergebnis-768x576.jpg 768w\" sizes=\"auto, (max-width: 800px) 100vw, 800px\" \/><\/a><\/figure>\n\n\n\n<figure class=\"wp-block-image size-full\"><a href=\"http:\/\/martins-reisen.de\/wp-content\/uploads\/2022\/06\/IMG_0432_ergebnis.jpg\"><img loading=\"lazy\" decoding=\"async\" width=\"800\" height=\"600\" data-id=\"606\" src=\"http:\/\/martins-reisen.de\/wp-content\/uploads\/2022\/06\/IMG_0432_ergebnis.jpg\" alt=\"\" class=\"wp-image-606\" srcset=\"https:\/\/martins-reisen.de\/wp-content\/uploads\/2022\/06\/IMG_0432_ergebnis.jpg 800w, https:\/\/martins-reisen.de\/wp-content\/uploads\/2022\/06\/IMG_0432_ergebnis-300x225.jpg 300w, https:\/\/martins-reisen.de\/wp-content\/uploads\/2022\/06\/IMG_0432_ergebnis-768x576.jpg 768w\" sizes=\"auto, (max-width: 800px) 100vw, 800px\" \/><\/a><\/figure>\n\n\n\n<figure class=\"wp-block-image size-full\"><a href=\"http:\/\/martins-reisen.de\/wp-content\/uploads\/2022\/06\/IMG_0433_ergebnis.jpg\"><img loading=\"lazy\" decoding=\"async\" width=\"800\" height=\"600\" data-id=\"605\" src=\"http:\/\/martins-reisen.de\/wp-content\/uploads\/2022\/06\/IMG_0433_ergebnis.jpg\" alt=\"\" class=\"wp-image-605\" srcset=\"https:\/\/martins-reisen.de\/wp-content\/uploads\/2022\/06\/IMG_0433_ergebnis.jpg 800w, https:\/\/martins-reisen.de\/wp-content\/uploads\/2022\/06\/IMG_0433_ergebnis-300x225.jpg 300w, https:\/\/martins-reisen.de\/wp-content\/uploads\/2022\/06\/IMG_0433_ergebnis-768x576.jpg 768w\" sizes=\"auto, (max-width: 800px) 100vw, 800px\" \/><\/a><\/figure>\n<\/figure>\n\n\n\n<p>Allerdings ist man bei weitem nicht alleine.<br>Trotzdem sind die Campgrounds gro\u00dfz\u00fcgig angelegt, man tritt sich nicht auf die F\u00fc\u00dfe.<br>Man muss aber viele Monate im Voraus buchen, sonst: kein Chance<\/p>\n\n\n\n<figure class=\"wp-block-gallery has-nested-images columns-2 is-cropped wp-block-gallery-4 is-layout-flex wp-block-gallery-is-layout-flex\">\n<figure class=\"wp-block-image size-full\"><a href=\"http:\/\/martins-reisen.de\/wp-content\/uploads\/2022\/06\/IMG_0423_ergebnis.jpg\"><img loading=\"lazy\" decoding=\"async\" width=\"800\" height=\"600\" data-id=\"610\" src=\"http:\/\/martins-reisen.de\/wp-content\/uploads\/2022\/06\/IMG_0423_ergebnis.jpg\" alt=\"\" class=\"wp-image-610\" srcset=\"https:\/\/martins-reisen.de\/wp-content\/uploads\/2022\/06\/IMG_0423_ergebnis.jpg 800w, https:\/\/martins-reisen.de\/wp-content\/uploads\/2022\/06\/IMG_0423_ergebnis-300x225.jpg 300w, https:\/\/martins-reisen.de\/wp-content\/uploads\/2022\/06\/IMG_0423_ergebnis-768x576.jpg 768w\" sizes=\"auto, (max-width: 800px) 100vw, 800px\" \/><\/a><\/figure>\n\n\n\n<figure class=\"wp-block-image size-full\"><a href=\"http:\/\/martins-reisen.de\/wp-content\/uploads\/2022\/06\/IMG_0422_ergebnis.jpg\"><img loading=\"lazy\" decoding=\"async\" width=\"800\" height=\"600\" data-id=\"611\" src=\"http:\/\/martins-reisen.de\/wp-content\/uploads\/2022\/06\/IMG_0422_ergebnis.jpg\" alt=\"\" class=\"wp-image-611\" srcset=\"https:\/\/martins-reisen.de\/wp-content\/uploads\/2022\/06\/IMG_0422_ergebnis.jpg 800w, https:\/\/martins-reisen.de\/wp-content\/uploads\/2022\/06\/IMG_0422_ergebnis-300x225.jpg 300w, https:\/\/martins-reisen.de\/wp-content\/uploads\/2022\/06\/IMG_0422_ergebnis-768x576.jpg 768w\" sizes=\"auto, (max-width: 800px) 100vw, 800px\" \/><\/a><\/figure>\n<\/figure>\n\n\n\n<p>Zur\u00fcck, wieder ein St\u00fcck s\u00fcdw\u00e4rts, ging es \u00fcber einen Teilabschnitt der alten, ber\u00fchmten Route 66 zum Westteil des Canyons<\/p>\n\n\n\n<figure class=\"wp-block-gallery has-nested-images columns-3 is-cropped wp-block-gallery-5 is-layout-flex wp-block-gallery-is-layout-flex\">\n<figure class=\"wp-block-image size-full\"><a href=\"http:\/\/martins-reisen.de\/wp-content\/uploads\/2022\/06\/IMG_0434_ergebnis.jpg\"><img loading=\"lazy\" decoding=\"async\" width=\"800\" height=\"600\" data-id=\"604\" src=\"http:\/\/martins-reisen.de\/wp-content\/uploads\/2022\/06\/IMG_0434_ergebnis.jpg\" alt=\"\" class=\"wp-image-604\" srcset=\"https:\/\/martins-reisen.de\/wp-content\/uploads\/2022\/06\/IMG_0434_ergebnis.jpg 800w, https:\/\/martins-reisen.de\/wp-content\/uploads\/2022\/06\/IMG_0434_ergebnis-300x225.jpg 300w, https:\/\/martins-reisen.de\/wp-content\/uploads\/2022\/06\/IMG_0434_ergebnis-768x576.jpg 768w\" sizes=\"auto, (max-width: 800px) 100vw, 800px\" \/><\/a><\/figure>\n\n\n\n<figure class=\"wp-block-image size-full\"><a href=\"http:\/\/martins-reisen.de\/wp-content\/uploads\/2022\/06\/IMG_0435_ergebnis.jpg\"><img loading=\"lazy\" decoding=\"async\" width=\"800\" height=\"600\" data-id=\"603\" src=\"http:\/\/martins-reisen.de\/wp-content\/uploads\/2022\/06\/IMG_0435_ergebnis.jpg\" alt=\"\" class=\"wp-image-603\" srcset=\"https:\/\/martins-reisen.de\/wp-content\/uploads\/2022\/06\/IMG_0435_ergebnis.jpg 800w, https:\/\/martins-reisen.de\/wp-content\/uploads\/2022\/06\/IMG_0435_ergebnis-300x225.jpg 300w, https:\/\/martins-reisen.de\/wp-content\/uploads\/2022\/06\/IMG_0435_ergebnis-768x576.jpg 768w\" sizes=\"auto, (max-width: 800px) 100vw, 800px\" \/><\/a><\/figure>\n\n\n\n<figure class=\"wp-block-image size-full\"><a href=\"http:\/\/martins-reisen.de\/wp-content\/uploads\/2022\/06\/IMG_0439_ergebnis.jpg\"><img loading=\"lazy\" decoding=\"async\" width=\"800\" height=\"600\" data-id=\"602\" src=\"http:\/\/martins-reisen.de\/wp-content\/uploads\/2022\/06\/IMG_0439_ergebnis.jpg\" alt=\"\" class=\"wp-image-602\" srcset=\"https:\/\/martins-reisen.de\/wp-content\/uploads\/2022\/06\/IMG_0439_ergebnis.jpg 800w, https:\/\/martins-reisen.de\/wp-content\/uploads\/2022\/06\/IMG_0439_ergebnis-300x225.jpg 300w, https:\/\/martins-reisen.de\/wp-content\/uploads\/2022\/06\/IMG_0439_ergebnis-768x576.jpg 768w\" sizes=\"auto, (max-width: 800px) 100vw, 800px\" \/><\/a><\/figure>\n<\/figure>\n\n\n\n<p>Dann die Westseite des Canyons (mit happigen Eintrittspreisen, wo wir ins Gr\u00fcbeln kamen).<br>Gott sei Dank entschieden wir uns trotzdem daf\u00fcr, es war es wert<\/p>\n\n\n\n<figure class=\"wp-block-gallery has-nested-images columns-2 is-cropped wp-block-gallery-6 is-layout-flex wp-block-gallery-is-layout-flex\">\n<figure class=\"wp-block-image size-full\"><a href=\"http:\/\/martins-reisen.de\/wp-content\/uploads\/2022\/06\/IMG_0441_ergebnis.jpg\"><img loading=\"lazy\" decoding=\"async\" width=\"800\" height=\"600\" data-id=\"601\" src=\"http:\/\/martins-reisen.de\/wp-content\/uploads\/2022\/06\/IMG_0441_ergebnis.jpg\" alt=\"\" class=\"wp-image-601\" srcset=\"https:\/\/martins-reisen.de\/wp-content\/uploads\/2022\/06\/IMG_0441_ergebnis.jpg 800w, https:\/\/martins-reisen.de\/wp-content\/uploads\/2022\/06\/IMG_0441_ergebnis-300x225.jpg 300w, https:\/\/martins-reisen.de\/wp-content\/uploads\/2022\/06\/IMG_0441_ergebnis-768x576.jpg 768w\" sizes=\"auto, (max-width: 800px) 100vw, 800px\" \/><\/a><\/figure>\n\n\n\n<figure class=\"wp-block-image size-full\"><a href=\"http:\/\/martins-reisen.de\/wp-content\/uploads\/2022\/06\/IMG_0445_ergebnis.jpg\"><img loading=\"lazy\" decoding=\"async\" width=\"800\" height=\"600\" data-id=\"598\" src=\"http:\/\/martins-reisen.de\/wp-content\/uploads\/2022\/06\/IMG_0445_ergebnis.jpg\" alt=\"\" class=\"wp-image-598\" srcset=\"https:\/\/martins-reisen.de\/wp-content\/uploads\/2022\/06\/IMG_0445_ergebnis.jpg 800w, https:\/\/martins-reisen.de\/wp-content\/uploads\/2022\/06\/IMG_0445_ergebnis-300x225.jpg 300w, https:\/\/martins-reisen.de\/wp-content\/uploads\/2022\/06\/IMG_0445_ergebnis-768x576.jpg 768w\" sizes=\"auto, (max-width: 800px) 100vw, 800px\" \/><\/a><\/figure>\n<\/figure>\n\n\n\n<p>Der ber\u00fchmte &#8222;Skywalk&#8220;: Eine U-f\u00f6rmige Plattform, die \u00fcber den Canyonrand hinausragt. Von da geht es 1200 m nach unten.<br>Der Clou: Der Boden ist aus durchsichtigem Glas (hergestellt in Deutschland): Nichts f\u00fcr Leute mit H\u00f6henangst.<\/p>\n\n\n\n<figure class=\"wp-block-gallery has-nested-images columns-3 is-cropped wp-block-gallery-7 is-layout-flex wp-block-gallery-is-layout-flex\">\n<figure class=\"wp-block-image size-full\"><a href=\"http:\/\/martins-reisen.de\/wp-content\/uploads\/2022\/06\/IMG_0442_ergebnis.jpg\"><img loading=\"lazy\" decoding=\"async\" width=\"800\" height=\"600\" data-id=\"600\" src=\"http:\/\/martins-reisen.de\/wp-content\/uploads\/2022\/06\/IMG_0442_ergebnis.jpg\" alt=\"\" class=\"wp-image-600\" srcset=\"https:\/\/martins-reisen.de\/wp-content\/uploads\/2022\/06\/IMG_0442_ergebnis.jpg 800w, https:\/\/martins-reisen.de\/wp-content\/uploads\/2022\/06\/IMG_0442_ergebnis-300x225.jpg 300w, https:\/\/martins-reisen.de\/wp-content\/uploads\/2022\/06\/IMG_0442_ergebnis-768x576.jpg 768w\" sizes=\"auto, (max-width: 800px) 100vw, 800px\" \/><\/a><\/figure>\n\n\n\n<figure class=\"wp-block-image size-full\"><a href=\"http:\/\/martins-reisen.de\/wp-content\/uploads\/2022\/06\/IMG_0453_ergebnis.jpg\"><img loading=\"lazy\" decoding=\"async\" width=\"450\" height=\"600\" data-id=\"595\" src=\"http:\/\/martins-reisen.de\/wp-content\/uploads\/2022\/06\/IMG_0453_ergebnis.jpg\" alt=\"\" class=\"wp-image-595\" srcset=\"https:\/\/martins-reisen.de\/wp-content\/uploads\/2022\/06\/IMG_0453_ergebnis.jpg 450w, https:\/\/martins-reisen.de\/wp-content\/uploads\/2022\/06\/IMG_0453_ergebnis-225x300.jpg 225w\" sizes=\"auto, (max-width: 450px) 100vw, 450px\" \/><\/a><\/figure>\n\n\n\n<figure class=\"wp-block-image size-full\"><a href=\"http:\/\/martins-reisen.de\/wp-content\/uploads\/2022\/06\/IMG_0458_ergebnis.jpg\"><img loading=\"lazy\" decoding=\"async\" width=\"800\" height=\"600\" data-id=\"593\" src=\"http:\/\/martins-reisen.de\/wp-content\/uploads\/2022\/06\/IMG_0458_ergebnis.jpg\" alt=\"\" class=\"wp-image-593\" srcset=\"https:\/\/martins-reisen.de\/wp-content\/uploads\/2022\/06\/IMG_0458_ergebnis.jpg 800w, https:\/\/martins-reisen.de\/wp-content\/uploads\/2022\/06\/IMG_0458_ergebnis-300x225.jpg 300w, https:\/\/martins-reisen.de\/wp-content\/uploads\/2022\/06\/IMG_0458_ergebnis-768x576.jpg 768w\" sizes=\"auto, (max-width: 800px) 100vw, 800px\" \/><\/a><\/figure>\n<\/figure>\n\n\n\n<p>Und auch hier wieder ein heftiges Gewitter<br>Dieser Teil des S\u00fcdwestens liegt in einer Monsunzone, nachmittags kommen die Gewitter (It never rains in Southern California, man it poures)<\/p>\n\n\n\n<figure class=\"wp-block-gallery has-nested-images columns-3 is-cropped wp-block-gallery-8 is-layout-flex wp-block-gallery-is-layout-flex\">\n<figure class=\"wp-block-image size-full\"><a href=\"http:\/\/martins-reisen.de\/wp-content\/uploads\/2022\/06\/IMG_0447_ergebnis.jpg\"><img loading=\"lazy\" decoding=\"async\" width=\"800\" height=\"600\" data-id=\"597\" src=\"http:\/\/martins-reisen.de\/wp-content\/uploads\/2022\/06\/IMG_0447_ergebnis.jpg\" alt=\"\" class=\"wp-image-597\" srcset=\"https:\/\/martins-reisen.de\/wp-content\/uploads\/2022\/06\/IMG_0447_ergebnis.jpg 800w, https:\/\/martins-reisen.de\/wp-content\/uploads\/2022\/06\/IMG_0447_ergebnis-300x225.jpg 300w, https:\/\/martins-reisen.de\/wp-content\/uploads\/2022\/06\/IMG_0447_ergebnis-768x576.jpg 768w\" sizes=\"auto, (max-width: 800px) 100vw, 800px\" \/><\/a><\/figure>\n\n\n\n<figure class=\"wp-block-image size-full\"><a href=\"http:\/\/martins-reisen.de\/wp-content\/uploads\/2022\/06\/IMG_0450_ergebnis.jpg\"><img loading=\"lazy\" decoding=\"async\" width=\"450\" height=\"600\" data-id=\"596\" src=\"http:\/\/martins-reisen.de\/wp-content\/uploads\/2022\/06\/IMG_0450_ergebnis.jpg\" alt=\"\" class=\"wp-image-596\" srcset=\"https:\/\/martins-reisen.de\/wp-content\/uploads\/2022\/06\/IMG_0450_ergebnis.jpg 450w, https:\/\/martins-reisen.de\/wp-content\/uploads\/2022\/06\/IMG_0450_ergebnis-225x300.jpg 225w\" sizes=\"auto, (max-width: 450px) 100vw, 450px\" \/><\/a><\/figure>\n\n\n\n<figure class=\"wp-block-image size-full\"><a href=\"http:\/\/martins-reisen.de\/wp-content\/uploads\/2022\/06\/IMG_0455_ergebnis.jpg\"><img loading=\"lazy\" decoding=\"async\" width=\"450\" height=\"600\" data-id=\"594\" src=\"http:\/\/martins-reisen.de\/wp-content\/uploads\/2022\/06\/IMG_0455_ergebnis.jpg\" alt=\"\" class=\"wp-image-594\" srcset=\"https:\/\/martins-reisen.de\/wp-content\/uploads\/2022\/06\/IMG_0455_ergebnis.jpg 450w, https:\/\/martins-reisen.de\/wp-content\/uploads\/2022\/06\/IMG_0455_ergebnis-225x300.jpg 225w\" sizes=\"auto, (max-width: 450px) 100vw, 450px\" \/><\/a><\/figure>\n<\/figure>\n\n\n\n<p>Abends dann das volle Programm: Spektakul\u00e4rer Sonnenuntergang, Regenbogen und Wildlife (Rehe, die ganz nah herankamen)<\/p>\n\n\n\n<figure class=\"wp-block-gallery has-nested-images columns-2 is-cropped wp-block-gallery-9 is-layout-flex wp-block-gallery-is-layout-flex\">\n<figure class=\"wp-block-image size-full\"><a href=\"http:\/\/martins-reisen.de\/wp-content\/uploads\/2022\/06\/IMG_0463_ergebnis.jpg\"><img loading=\"lazy\" decoding=\"async\" width=\"800\" height=\"600\" data-id=\"592\" src=\"http:\/\/martins-reisen.de\/wp-content\/uploads\/2022\/06\/IMG_0463_ergebnis.jpg\" alt=\"\" class=\"wp-image-592\" srcset=\"https:\/\/martins-reisen.de\/wp-content\/uploads\/2022\/06\/IMG_0463_ergebnis.jpg 800w, https:\/\/martins-reisen.de\/wp-content\/uploads\/2022\/06\/IMG_0463_ergebnis-300x225.jpg 300w, https:\/\/martins-reisen.de\/wp-content\/uploads\/2022\/06\/IMG_0463_ergebnis-768x576.jpg 768w\" sizes=\"auto, (max-width: 800px) 100vw, 800px\" \/><\/a><\/figure>\n\n\n\n<figure class=\"wp-block-image size-full\"><a href=\"http:\/\/martins-reisen.de\/wp-content\/uploads\/2022\/06\/IMG_0464_ergebnis.jpg\"><img loading=\"lazy\" decoding=\"async\" width=\"800\" height=\"600\" data-id=\"591\" src=\"http:\/\/martins-reisen.de\/wp-content\/uploads\/2022\/06\/IMG_0464_ergebnis.jpg\" alt=\"\" class=\"wp-image-591\" srcset=\"https:\/\/martins-reisen.de\/wp-content\/uploads\/2022\/06\/IMG_0464_ergebnis.jpg 800w, https:\/\/martins-reisen.de\/wp-content\/uploads\/2022\/06\/IMG_0464_ergebnis-300x225.jpg 300w, https:\/\/martins-reisen.de\/wp-content\/uploads\/2022\/06\/IMG_0464_ergebnis-768x576.jpg 768w\" sizes=\"auto, (max-width: 800px) 100vw, 800px\" \/><\/a><\/figure>\n<\/figure>\n\n\n\n<figure class=\"wp-block-gallery has-nested-images columns-2 is-cropped wp-block-gallery-10 is-layout-flex wp-block-gallery-is-layout-flex\">\n<figure class=\"wp-block-image size-full\"><a href=\"http:\/\/martins-reisen.de\/wp-content\/uploads\/2022\/06\/IMG_0471_ergebnis.jpg\"><img loading=\"lazy\" decoding=\"async\" width=\"800\" height=\"600\" data-id=\"588\" src=\"http:\/\/martins-reisen.de\/wp-content\/uploads\/2022\/06\/IMG_0471_ergebnis.jpg\" alt=\"\" class=\"wp-image-588\" srcset=\"https:\/\/martins-reisen.de\/wp-content\/uploads\/2022\/06\/IMG_0471_ergebnis.jpg 800w, https:\/\/martins-reisen.de\/wp-content\/uploads\/2022\/06\/IMG_0471_ergebnis-300x225.jpg 300w, https:\/\/martins-reisen.de\/wp-content\/uploads\/2022\/06\/IMG_0471_ergebnis-768x576.jpg 768w\" sizes=\"auto, (max-width: 800px) 100vw, 800px\" \/><\/a><\/figure>\n\n\n\n<figure class=\"wp-block-image size-full\"><a href=\"http:\/\/martins-reisen.de\/wp-content\/uploads\/2022\/06\/IMG_0474_ergebnis.jpg\"><img loading=\"lazy\" decoding=\"async\" width=\"800\" height=\"600\" data-id=\"587\" src=\"http:\/\/martins-reisen.de\/wp-content\/uploads\/2022\/06\/IMG_0474_ergebnis.jpg\" alt=\"\" class=\"wp-image-587\" srcset=\"https:\/\/martins-reisen.de\/wp-content\/uploads\/2022\/06\/IMG_0474_ergebnis.jpg 800w, https:\/\/martins-reisen.de\/wp-content\/uploads\/2022\/06\/IMG_0474_ergebnis-300x225.jpg 300w, https:\/\/martins-reisen.de\/wp-content\/uploads\/2022\/06\/IMG_0474_ergebnis-768x576.jpg 768w\" sizes=\"auto, (max-width: 800px) 100vw, 800px\" \/><\/a><\/figure>\n<\/figure>\n\n\n\n<h3 class=\"wp-block-heading\"><a href=\"http:\/\/martins-reisen.de\/?page_id=691\" data-type=\"page\" data-id=\"691\">N\u00e4chste Seite<\/a><\/h3>\n","protected":false},"excerpt":{"rendered":"<p>Eines der gr\u00f6\u00dften Highlights im S\u00fcdwesten ist mit Sicherheit der Grand Canyon. Mit Recht! Vom Canyon de Chelly sind wir zum Grand Canyon gefahren, zuerst auf der Ostseite der s\u00fcdlichen Canyon-Kante (South rim). Auf dem Weg dorthin kamen wir durch Flaggstaff im n\u00f6rdlichen Arizona So stellt man sich Arizona nicht unbedingt vor, aber Flaggstaff und &#8230; <a title=\"Grand Canyon\" class=\"read-more\" href=\"https:\/\/martins-reisen.de\/?page_id=687\" aria-label=\"Mehr Informationen \u00fcber Grand Canyon\">Weiterlesen<\/a><\/p>\n","protected":false},"author":1,"featured_media":0,"parent":0,"menu_order":15,"comment_status":"closed","ping_status":"closed","template":"","meta":{"ngg_post_thumbnail":0,"footnotes":""},"categories":[4],"tags":[],"class_list":{"0":"post-687","1":"page","2":"type-page","3":"status-publish","5":"category-nordamerika"},"_links":{"self":[{"href":"https:\/\/martins-reisen.de\/index.php?rest_route=\/wp\/v2\/pages\/687","targetHints":{"allow":["GET"]}}],"collection":[{"href":"https:\/\/martins-reisen.de\/index.php?rest_route=\/wp\/v2\/pages"}],"about":[{"href":"https:\/\/martins-reisen.de\/index.php?rest_route=\/wp\/v2\/types\/page"}],"author":[{"embeddable":true,"href":"https:\/\/martins-reisen.de\/index.php?rest_route=\/wp\/v2\/users\/1"}],"replies":[{"embeddable":true,"href":"https:\/\/martins-reisen.de\/index.php?rest_route=%2Fwp%2Fv2%2Fcomments&post=687"}],"version-history":[{"count":5,"href":"https:\/\/martins-reisen.de\/index.php?rest_route=\/wp\/v2\/pages\/687\/revisions"}],"predecessor-version":[{"id":1619,"href":"https:\/\/martins-reisen.de\/index.php?rest_route=\/wp\/v2\/pages\/687\/revisions\/1619"}],"wp:attachment":[{"href":"https:\/\/martins-reisen.de\/index.php?rest_route=%2Fwp%2Fv2%2Fmedia&parent=687"}],"wp:term":[{"taxonomy":"category","embeddable":true,"href":"https:\/\/martins-reisen.de\/index.php?rest_route=%2Fwp%2Fv2%2Fcategories&post=687"},{"taxonomy":"post_tag","embeddable":true,"href":"https:\/\/martins-reisen.de\/index.php?rest_route=%2Fwp%2Fv2%2Ftags&post=687"}],"curies":[{"name":"wp","href":"https:\/\/api.w.org\/{rel}","templated":true}]}}