{"id":562,"date":"2022-06-19T21:32:51","date_gmt":"2022-06-19T20:32:51","guid":{"rendered":"http:\/\/martins-reisen.de\/?p=562"},"modified":"2025-10-03T17:34:48","modified_gmt":"2025-10-03T16:34:48","slug":"von-page-zum-monument-valley","status":"publish","type":"page","link":"https:\/\/martins-reisen.de\/?page_id=562","title":{"rendered":"Von Page zum Monument Valley"},"content":{"rendered":"\n<h3 class=\"wp-block-heading\">Das Monument Valley ist quasi ein Muss,<br>ich fand es eher entt\u00e4uschend<\/h3>\n\n\n\n<p>Jeder kennt diese Bilder, weil John Ford es verfimt hat; entsprechend viel ist dort los<\/p>\n\n\n\n<figure class=\"wp-block-gallery has-nested-images columns-3 is-cropped wp-block-gallery-1 is-layout-flex wp-block-gallery-is-layout-flex\">\n<figure class=\"wp-block-image size-full\"><a href=\"http:\/\/martins-reisen.de\/wp-content\/uploads\/2022\/06\/IMG_0301_ergebnis.jpg\"><img loading=\"lazy\" decoding=\"async\" width=\"800\" height=\"600\" data-id=\"522\" src=\"http:\/\/martins-reisen.de\/wp-content\/uploads\/2022\/06\/IMG_0301_ergebnis.jpg\" alt=\"\" class=\"wp-image-522\" srcset=\"https:\/\/martins-reisen.de\/wp-content\/uploads\/2022\/06\/IMG_0301_ergebnis.jpg 800w, https:\/\/martins-reisen.de\/wp-content\/uploads\/2022\/06\/IMG_0301_ergebnis-300x225.jpg 300w, https:\/\/martins-reisen.de\/wp-content\/uploads\/2022\/06\/IMG_0301_ergebnis-768x576.jpg 768w\" sizes=\"auto, (max-width: 800px) 100vw, 800px\" \/><\/a><\/figure>\n\n\n\n<figure class=\"wp-block-image size-full\"><a href=\"http:\/\/martins-reisen.de\/wp-content\/uploads\/2022\/06\/IMG_0288_ergebnis.jpg\"><img loading=\"lazy\" decoding=\"async\" width=\"800\" height=\"600\" data-id=\"525\" src=\"http:\/\/martins-reisen.de\/wp-content\/uploads\/2022\/06\/IMG_0288_ergebnis.jpg\" alt=\"\" class=\"wp-image-525\" srcset=\"https:\/\/martins-reisen.de\/wp-content\/uploads\/2022\/06\/IMG_0288_ergebnis.jpg 800w, https:\/\/martins-reisen.de\/wp-content\/uploads\/2022\/06\/IMG_0288_ergebnis-300x225.jpg 300w, https:\/\/martins-reisen.de\/wp-content\/uploads\/2022\/06\/IMG_0288_ergebnis-768x576.jpg 768w\" sizes=\"auto, (max-width: 800px) 100vw, 800px\" \/><\/a><\/figure>\n\n\n\n<figure class=\"wp-block-image size-full\"><a href=\"http:\/\/martins-reisen.de\/wp-content\/uploads\/2022\/06\/IMG_0294_ergebnis.jpg\"><img loading=\"lazy\" decoding=\"async\" width=\"800\" height=\"600\" data-id=\"524\" src=\"http:\/\/martins-reisen.de\/wp-content\/uploads\/2022\/06\/IMG_0294_ergebnis.jpg\" alt=\"\" class=\"wp-image-524\" srcset=\"https:\/\/martins-reisen.de\/wp-content\/uploads\/2022\/06\/IMG_0294_ergebnis.jpg 800w, https:\/\/martins-reisen.de\/wp-content\/uploads\/2022\/06\/IMG_0294_ergebnis-300x225.jpg 300w, https:\/\/martins-reisen.de\/wp-content\/uploads\/2022\/06\/IMG_0294_ergebnis-768x576.jpg 768w\" sizes=\"auto, (max-width: 800px) 100vw, 800px\" \/><\/a><\/figure>\n<\/figure>\n\n\n\n<p>Weg vom Trubel haben wir in einem kleinen State Park (Goosenecks) \u00fcbernachtet, fast alleine<\/p>\n\n\n\n<figure class=\"wp-block-gallery has-nested-images columns-3 is-cropped wp-block-gallery-2 is-layout-flex wp-block-gallery-is-layout-flex\">\n<figure class=\"wp-block-image size-full\"><a href=\"http:\/\/martins-reisen.de\/wp-content\/uploads\/2022\/06\/IMG_0304_ergebnis.jpg\"><img loading=\"lazy\" decoding=\"async\" width=\"800\" height=\"600\" data-id=\"563\" src=\"http:\/\/martins-reisen.de\/wp-content\/uploads\/2022\/06\/IMG_0304_ergebnis.jpg\" alt=\"\" class=\"wp-image-563\" srcset=\"https:\/\/martins-reisen.de\/wp-content\/uploads\/2022\/06\/IMG_0304_ergebnis.jpg 800w, https:\/\/martins-reisen.de\/wp-content\/uploads\/2022\/06\/IMG_0304_ergebnis-300x225.jpg 300w, https:\/\/martins-reisen.de\/wp-content\/uploads\/2022\/06\/IMG_0304_ergebnis-768x576.jpg 768w\" sizes=\"auto, (max-width: 800px) 100vw, 800px\" \/><\/a><\/figure>\n\n\n\n<figure class=\"wp-block-image size-full\"><a href=\"http:\/\/martins-reisen.de\/wp-content\/uploads\/2022\/06\/IMG_0303_ergebnis.jpg\"><img loading=\"lazy\" decoding=\"async\" width=\"800\" height=\"600\" data-id=\"564\" src=\"http:\/\/martins-reisen.de\/wp-content\/uploads\/2022\/06\/IMG_0303_ergebnis.jpg\" alt=\"\" class=\"wp-image-564\" srcset=\"https:\/\/martins-reisen.de\/wp-content\/uploads\/2022\/06\/IMG_0303_ergebnis.jpg 800w, https:\/\/martins-reisen.de\/wp-content\/uploads\/2022\/06\/IMG_0303_ergebnis-300x225.jpg 300w, https:\/\/martins-reisen.de\/wp-content\/uploads\/2022\/06\/IMG_0303_ergebnis-768x576.jpg 768w\" sizes=\"auto, (max-width: 800px) 100vw, 800px\" \/><\/a><\/figure>\n\n\n\n<figure class=\"wp-block-image size-full\"><a href=\"http:\/\/martins-reisen.de\/wp-content\/uploads\/2022\/06\/IMG_0302_ergebnis-1.jpg\"><img loading=\"lazy\" decoding=\"async\" width=\"800\" height=\"600\" data-id=\"565\" src=\"http:\/\/martins-reisen.de\/wp-content\/uploads\/2022\/06\/IMG_0302_ergebnis-1.jpg\" alt=\"\" class=\"wp-image-565\" srcset=\"https:\/\/martins-reisen.de\/wp-content\/uploads\/2022\/06\/IMG_0302_ergebnis-1.jpg 800w, https:\/\/martins-reisen.de\/wp-content\/uploads\/2022\/06\/IMG_0302_ergebnis-1-300x225.jpg 300w, https:\/\/martins-reisen.de\/wp-content\/uploads\/2022\/06\/IMG_0302_ergebnis-1-768x576.jpg 768w\" sizes=\"auto, (max-width: 800px) 100vw, 800px\" \/><\/a><\/figure>\n<\/figure>\n\n\n\n<p>Wir sind lieber ins &#8222;Monument Valley f\u00fcr Arme&#8220; gefahren, n\u00e4mlich das Valley of the Gods, was ich viel beeindruckender fand;&nbsp; nichts los und nicht weit weg<\/p>\n\n\n\n<p>Schon der Weg dorthin ging \u00fcber eine spektakul\u00e4re Bergpiste<\/p>\n\n\n\n<figure class=\"wp-block-gallery has-nested-images columns-3 is-cropped wp-block-gallery-3 is-layout-flex wp-block-gallery-is-layout-flex\">\n<figure class=\"wp-block-image size-full\"><a href=\"http:\/\/martins-reisen.de\/wp-content\/uploads\/2022\/06\/IMG_0353_ergebnis.jpg\"><img loading=\"lazy\" decoding=\"async\" width=\"800\" height=\"600\" data-id=\"533\" src=\"http:\/\/martins-reisen.de\/wp-content\/uploads\/2022\/06\/IMG_0353_ergebnis.jpg\" alt=\"\" class=\"wp-image-533\" srcset=\"https:\/\/martins-reisen.de\/wp-content\/uploads\/2022\/06\/IMG_0353_ergebnis.jpg 800w, https:\/\/martins-reisen.de\/wp-content\/uploads\/2022\/06\/IMG_0353_ergebnis-300x225.jpg 300w, https:\/\/martins-reisen.de\/wp-content\/uploads\/2022\/06\/IMG_0353_ergebnis-768x576.jpg 768w\" sizes=\"auto, (max-width: 800px) 100vw, 800px\" \/><\/a><\/figure>\n\n\n\n<figure class=\"wp-block-image size-full\"><a href=\"http:\/\/martins-reisen.de\/wp-content\/uploads\/2022\/06\/IMG_0347_ergebnis.jpg\"><img loading=\"lazy\" decoding=\"async\" width=\"800\" height=\"600\" data-id=\"537\" src=\"http:\/\/martins-reisen.de\/wp-content\/uploads\/2022\/06\/IMG_0347_ergebnis.jpg\" alt=\"\" class=\"wp-image-537\" srcset=\"https:\/\/martins-reisen.de\/wp-content\/uploads\/2022\/06\/IMG_0347_ergebnis.jpg 800w, https:\/\/martins-reisen.de\/wp-content\/uploads\/2022\/06\/IMG_0347_ergebnis-300x225.jpg 300w, https:\/\/martins-reisen.de\/wp-content\/uploads\/2022\/06\/IMG_0347_ergebnis-768x576.jpg 768w\" sizes=\"auto, (max-width: 800px) 100vw, 800px\" \/><\/a><\/figure>\n\n\n\n<figure class=\"wp-block-image size-full\"><a href=\"http:\/\/martins-reisen.de\/wp-content\/uploads\/2022\/06\/IMG_0349_ergebnis.jpg\"><img loading=\"lazy\" decoding=\"async\" width=\"800\" height=\"600\" data-id=\"536\" src=\"http:\/\/martins-reisen.de\/wp-content\/uploads\/2022\/06\/IMG_0349_ergebnis.jpg\" alt=\"\" class=\"wp-image-536\" srcset=\"https:\/\/martins-reisen.de\/wp-content\/uploads\/2022\/06\/IMG_0349_ergebnis.jpg 800w, https:\/\/martins-reisen.de\/wp-content\/uploads\/2022\/06\/IMG_0349_ergebnis-300x225.jpg 300w, https:\/\/martins-reisen.de\/wp-content\/uploads\/2022\/06\/IMG_0349_ergebnis-768x576.jpg 768w\" sizes=\"auto, (max-width: 800px) 100vw, 800px\" \/><\/a><\/figure>\n<\/figure>\n\n\n\n<p>Durch das Valley of the Gods f\u00fchrt eine ca 30 km lange Piste<\/p>\n\n\n\n<figure class=\"wp-block-gallery has-nested-images columns-3 is-cropped wp-block-gallery-4 is-layout-flex wp-block-gallery-is-layout-flex\">\n<figure class=\"wp-block-image size-full\"><a href=\"http:\/\/martins-reisen.de\/wp-content\/uploads\/2022\/06\/IMG_0323_ergebnis.jpg\"><img loading=\"lazy\" decoding=\"async\" width=\"800\" height=\"600\" data-id=\"547\" src=\"http:\/\/martins-reisen.de\/wp-content\/uploads\/2022\/06\/IMG_0323_ergebnis.jpg\" alt=\"\" class=\"wp-image-547\" srcset=\"https:\/\/martins-reisen.de\/wp-content\/uploads\/2022\/06\/IMG_0323_ergebnis.jpg 800w, https:\/\/martins-reisen.de\/wp-content\/uploads\/2022\/06\/IMG_0323_ergebnis-300x225.jpg 300w, https:\/\/martins-reisen.de\/wp-content\/uploads\/2022\/06\/IMG_0323_ergebnis-768x576.jpg 768w\" sizes=\"auto, (max-width: 800px) 100vw, 800px\" \/><\/a><\/figure>\n\n\n\n<figure class=\"wp-block-image size-full\"><a href=\"http:\/\/martins-reisen.de\/wp-content\/uploads\/2022\/06\/IMG_0308_ergebnis.jpg\"><img loading=\"lazy\" decoding=\"async\" width=\"800\" height=\"600\" data-id=\"555\" src=\"http:\/\/martins-reisen.de\/wp-content\/uploads\/2022\/06\/IMG_0308_ergebnis.jpg\" alt=\"\" class=\"wp-image-555\" srcset=\"https:\/\/martins-reisen.de\/wp-content\/uploads\/2022\/06\/IMG_0308_ergebnis.jpg 800w, https:\/\/martins-reisen.de\/wp-content\/uploads\/2022\/06\/IMG_0308_ergebnis-300x225.jpg 300w, https:\/\/martins-reisen.de\/wp-content\/uploads\/2022\/06\/IMG_0308_ergebnis-768x576.jpg 768w\" sizes=\"auto, (max-width: 800px) 100vw, 800px\" \/><\/a><\/figure>\n\n\n\n<figure class=\"wp-block-image size-full\"><a href=\"http:\/\/martins-reisen.de\/wp-content\/uploads\/2022\/06\/IMG_0315_ergebnis.jpg\"><img loading=\"lazy\" decoding=\"async\" width=\"800\" height=\"600\" data-id=\"550\" src=\"http:\/\/martins-reisen.de\/wp-content\/uploads\/2022\/06\/IMG_0315_ergebnis.jpg\" alt=\"\" class=\"wp-image-550\" srcset=\"https:\/\/martins-reisen.de\/wp-content\/uploads\/2022\/06\/IMG_0315_ergebnis.jpg 800w, https:\/\/martins-reisen.de\/wp-content\/uploads\/2022\/06\/IMG_0315_ergebnis-300x225.jpg 300w, https:\/\/martins-reisen.de\/wp-content\/uploads\/2022\/06\/IMG_0315_ergebnis-768x576.jpg 768w\" sizes=\"auto, (max-width: 800px) 100vw, 800px\" \/><\/a><\/figure>\n<\/figure>\n\n\n\n<figure class=\"wp-block-gallery has-nested-images columns-3 is-cropped wp-block-gallery-5 is-layout-flex wp-block-gallery-is-layout-flex\">\n<figure class=\"wp-block-image size-full\"><a href=\"http:\/\/martins-reisen.de\/wp-content\/uploads\/2022\/06\/IMG_0319_ergebnis.jpg\"><img loading=\"lazy\" decoding=\"async\" width=\"800\" height=\"600\" data-id=\"548\" src=\"http:\/\/martins-reisen.de\/wp-content\/uploads\/2022\/06\/IMG_0319_ergebnis.jpg\" alt=\"\" class=\"wp-image-548\" srcset=\"https:\/\/martins-reisen.de\/wp-content\/uploads\/2022\/06\/IMG_0319_ergebnis.jpg 800w, https:\/\/martins-reisen.de\/wp-content\/uploads\/2022\/06\/IMG_0319_ergebnis-300x225.jpg 300w, https:\/\/martins-reisen.de\/wp-content\/uploads\/2022\/06\/IMG_0319_ergebnis-768x576.jpg 768w\" sizes=\"auto, (max-width: 800px) 100vw, 800px\" \/><\/a><\/figure>\n\n\n\n<figure class=\"wp-block-image size-full\"><a href=\"http:\/\/martins-reisen.de\/wp-content\/uploads\/2022\/06\/IMG_0312_ergebnis.jpg\"><img loading=\"lazy\" decoding=\"async\" width=\"800\" height=\"600\" data-id=\"552\" src=\"http:\/\/martins-reisen.de\/wp-content\/uploads\/2022\/06\/IMG_0312_ergebnis.jpg\" alt=\"\" class=\"wp-image-552\" srcset=\"https:\/\/martins-reisen.de\/wp-content\/uploads\/2022\/06\/IMG_0312_ergebnis.jpg 800w, https:\/\/martins-reisen.de\/wp-content\/uploads\/2022\/06\/IMG_0312_ergebnis-300x225.jpg 300w, https:\/\/martins-reisen.de\/wp-content\/uploads\/2022\/06\/IMG_0312_ergebnis-768x576.jpg 768w\" sizes=\"auto, (max-width: 800px) 100vw, 800px\" \/><\/a><\/figure>\n\n\n\n<figure class=\"wp-block-image size-full\"><a href=\"http:\/\/martins-reisen.de\/wp-content\/uploads\/2022\/06\/IMG_0317_ergebnis.jpg\"><img loading=\"lazy\" decoding=\"async\" width=\"800\" height=\"600\" data-id=\"549\" src=\"http:\/\/martins-reisen.de\/wp-content\/uploads\/2022\/06\/IMG_0317_ergebnis.jpg\" alt=\"\" class=\"wp-image-549\" srcset=\"https:\/\/martins-reisen.de\/wp-content\/uploads\/2022\/06\/IMG_0317_ergebnis.jpg 800w, https:\/\/martins-reisen.de\/wp-content\/uploads\/2022\/06\/IMG_0317_ergebnis-300x225.jpg 300w, https:\/\/martins-reisen.de\/wp-content\/uploads\/2022\/06\/IMG_0317_ergebnis-768x576.jpg 768w\" sizes=\"auto, (max-width: 800px) 100vw, 800px\" \/><\/a><\/figure>\n<\/figure>\n\n\n\n<h3 class=\"wp-block-heading\"><a href=\"http:\/\/martins-reisen.de\/?page_id=568\" data-type=\"page\" data-id=\"568\">N\u00e4chste Seite<\/a><\/h3>\n","protected":false},"excerpt":{"rendered":"<p>Das Monument Valley ist quasi ein Muss,ich fand es eher entt\u00e4uschend Jeder kennt diese Bilder, weil John Ford es verfimt hat; entsprechend viel ist dort los Weg vom Trubel haben wir in einem kleinen State Park (Goosenecks) \u00fcbernachtet, fast alleine Wir sind lieber ins &#8222;Monument Valley f\u00fcr Arme&#8220; gefahren, n\u00e4mlich das Valley of the Gods, &#8230; <a title=\"Von Page zum Monument Valley\" class=\"read-more\" href=\"https:\/\/martins-reisen.de\/?page_id=562\" aria-label=\"Mehr Informationen \u00fcber Von Page zum Monument Valley\">Weiterlesen<\/a><\/p>\n","protected":false},"author":1,"featured_media":0,"parent":0,"menu_order":13,"comment_status":"closed","ping_status":"closed","template":"","meta":{"ngg_post_thumbnail":0,"footnotes":""},"categories":[4],"tags":[],"class_list":{"0":"post-562","1":"page","2":"type-page","3":"status-publish","5":"category-nordamerika"},"_links":{"self":[{"href":"https:\/\/martins-reisen.de\/index.php?rest_route=\/wp\/v2\/pages\/562","targetHints":{"allow":["GET"]}}],"collection":[{"href":"https:\/\/martins-reisen.de\/index.php?rest_route=\/wp\/v2\/pages"}],"about":[{"href":"https:\/\/martins-reisen.de\/index.php?rest_route=\/wp\/v2\/types\/page"}],"author":[{"embeddable":true,"href":"https:\/\/martins-reisen.de\/index.php?rest_route=\/wp\/v2\/users\/1"}],"replies":[{"embeddable":true,"href":"https:\/\/martins-reisen.de\/index.php?rest_route=%2Fwp%2Fv2%2Fcomments&post=562"}],"version-history":[{"count":4,"href":"https:\/\/martins-reisen.de\/index.php?rest_route=\/wp\/v2\/pages\/562\/revisions"}],"predecessor-version":[{"id":1617,"href":"https:\/\/martins-reisen.de\/index.php?rest_route=\/wp\/v2\/pages\/562\/revisions\/1617"}],"wp:attachment":[{"href":"https:\/\/martins-reisen.de\/index.php?rest_route=%2Fwp%2Fv2%2Fmedia&parent=562"}],"wp:term":[{"taxonomy":"category","embeddable":true,"href":"https:\/\/martins-reisen.de\/index.php?rest_route=%2Fwp%2Fv2%2Fcategories&post=562"},{"taxonomy":"post_tag","embeddable":true,"href":"https:\/\/martins-reisen.de\/index.php?rest_route=%2Fwp%2Fv2%2Ftags&post=562"}],"curies":[{"name":"wp","href":"https:\/\/api.w.org\/{rel}","templated":true}]}}