{"id":557,"date":"2022-06-19T21:01:58","date_gmt":"2022-06-19T20:01:58","guid":{"rendered":"http:\/\/martins-reisen.de\/?p=557"},"modified":"2025-10-03T17:33:49","modified_gmt":"2025-10-03T16:33:49","slug":"bryce-canyon-nach-page-lake-powell","status":"publish","type":"page","link":"https:\/\/martins-reisen.de\/?page_id=557","title":{"rendered":"Vom Bryce-Canyon nach Page (Lake Powell)"},"content":{"rendered":"\n<h3 class=\"wp-block-heading\">Vom beindruckenden Bryce-Canyon ging es weiter nach Page.<\/h3>\n\n\n\n<p>Wieder sind wir eine sch\u00f6ne, abgelegene Pistenstrecke gefahren<\/p>\n\n\n\n<figure class=\"wp-block-gallery has-nested-images columns-3 is-cropped wp-block-gallery-1 is-layout-flex wp-block-gallery-is-layout-flex\">\n<figure class=\"wp-block-image size-full\"><a href=\"http:\/\/martins-reisen.de\/wp-content\/uploads\/2022\/06\/IMG_0209_ergebnis.jpg\"><img loading=\"lazy\" decoding=\"async\" width=\"800\" height=\"600\" data-id=\"518\" src=\"http:\/\/martins-reisen.de\/wp-content\/uploads\/2022\/06\/IMG_0209_ergebnis.jpg\" alt=\"\" class=\"wp-image-518\" srcset=\"https:\/\/martins-reisen.de\/wp-content\/uploads\/2022\/06\/IMG_0209_ergebnis.jpg 800w, https:\/\/martins-reisen.de\/wp-content\/uploads\/2022\/06\/IMG_0209_ergebnis-300x225.jpg 300w, https:\/\/martins-reisen.de\/wp-content\/uploads\/2022\/06\/IMG_0209_ergebnis-768x576.jpg 768w\" sizes=\"auto, (max-width: 800px) 100vw, 800px\" \/><\/a><\/figure>\n\n\n\n<figure class=\"wp-block-image size-full\"><a href=\"http:\/\/martins-reisen.de\/wp-content\/uploads\/2022\/06\/IMG_0207_ergebnis.jpg\"><img loading=\"lazy\" decoding=\"async\" width=\"450\" height=\"600\" data-id=\"519\" src=\"http:\/\/martins-reisen.de\/wp-content\/uploads\/2022\/06\/IMG_0207_ergebnis.jpg\" alt=\"\" class=\"wp-image-519\" srcset=\"https:\/\/martins-reisen.de\/wp-content\/uploads\/2022\/06\/IMG_0207_ergebnis.jpg 450w, https:\/\/martins-reisen.de\/wp-content\/uploads\/2022\/06\/IMG_0207_ergebnis-225x300.jpg 225w\" sizes=\"auto, (max-width: 450px) 100vw, 450px\" \/><\/a><\/figure>\n\n\n\n<figure class=\"wp-block-image size-full\"><a href=\"http:\/\/martins-reisen.de\/wp-content\/uploads\/2022\/06\/IMG_0211_ergebnis.jpg\"><img loading=\"lazy\" decoding=\"async\" width=\"800\" height=\"600\" data-id=\"517\" src=\"http:\/\/martins-reisen.de\/wp-content\/uploads\/2022\/06\/IMG_0211_ergebnis.jpg\" alt=\"\" class=\"wp-image-517\" srcset=\"https:\/\/martins-reisen.de\/wp-content\/uploads\/2022\/06\/IMG_0211_ergebnis.jpg 800w, https:\/\/martins-reisen.de\/wp-content\/uploads\/2022\/06\/IMG_0211_ergebnis-300x225.jpg 300w, https:\/\/martins-reisen.de\/wp-content\/uploads\/2022\/06\/IMG_0211_ergebnis-768x576.jpg 768w\" sizes=\"auto, (max-width: 800px) 100vw, 800px\" \/><\/a><\/figure>\n<\/figure>\n\n\n\n<p>Page liegt am Staudamm, der den Colorado River zum Lake Powell aufstaut.<br>Der Ort wurde erst 1957 gegr\u00fcndet als Camp f\u00fcr die Staudamm-Arbeiter<\/p>\n\n\n\n<figure class=\"wp-block-gallery has-nested-images columns-3 is-cropped wp-block-gallery-2 is-layout-flex wp-block-gallery-is-layout-flex\">\n<figure class=\"wp-block-image size-full\"><a href=\"http:\/\/martins-reisen.de\/wp-content\/uploads\/2022\/06\/IMG_0216_ergebnis.jpg\"><img loading=\"lazy\" decoding=\"async\" width=\"800\" height=\"600\" data-id=\"515\" src=\"http:\/\/martins-reisen.de\/wp-content\/uploads\/2022\/06\/IMG_0216_ergebnis.jpg\" alt=\"\" class=\"wp-image-515\" srcset=\"https:\/\/martins-reisen.de\/wp-content\/uploads\/2022\/06\/IMG_0216_ergebnis.jpg 800w, https:\/\/martins-reisen.de\/wp-content\/uploads\/2022\/06\/IMG_0216_ergebnis-300x225.jpg 300w, https:\/\/martins-reisen.de\/wp-content\/uploads\/2022\/06\/IMG_0216_ergebnis-768x576.jpg 768w\" sizes=\"auto, (max-width: 800px) 100vw, 800px\" \/><\/a><\/figure>\n\n\n\n<figure class=\"wp-block-image size-full\"><a href=\"http:\/\/martins-reisen.de\/wp-content\/uploads\/2022\/06\/IMG_0220_ergebnis.jpg\"><img loading=\"lazy\" decoding=\"async\" width=\"800\" height=\"600\" data-id=\"513\" src=\"http:\/\/martins-reisen.de\/wp-content\/uploads\/2022\/06\/IMG_0220_ergebnis.jpg\" alt=\"\" class=\"wp-image-513\" srcset=\"https:\/\/martins-reisen.de\/wp-content\/uploads\/2022\/06\/IMG_0220_ergebnis.jpg 800w, https:\/\/martins-reisen.de\/wp-content\/uploads\/2022\/06\/IMG_0220_ergebnis-300x225.jpg 300w, https:\/\/martins-reisen.de\/wp-content\/uploads\/2022\/06\/IMG_0220_ergebnis-768x576.jpg 768w\" sizes=\"auto, (max-width: 800px) 100vw, 800px\" \/><\/a><\/figure>\n\n\n\n<figure class=\"wp-block-image size-full\"><a href=\"http:\/\/martins-reisen.de\/wp-content\/uploads\/2022\/06\/IMG_0221_ergebnis.jpg\"><img loading=\"lazy\" decoding=\"async\" width=\"800\" height=\"600\" data-id=\"512\" src=\"http:\/\/martins-reisen.de\/wp-content\/uploads\/2022\/06\/IMG_0221_ergebnis.jpg\" alt=\"\" class=\"wp-image-512\" srcset=\"https:\/\/martins-reisen.de\/wp-content\/uploads\/2022\/06\/IMG_0221_ergebnis.jpg 800w, https:\/\/martins-reisen.de\/wp-content\/uploads\/2022\/06\/IMG_0221_ergebnis-300x225.jpg 300w, https:\/\/martins-reisen.de\/wp-content\/uploads\/2022\/06\/IMG_0221_ergebnis-768x576.jpg 768w\" sizes=\"auto, (max-width: 800px) 100vw, 800px\" \/><\/a><\/figure>\n<\/figure>\n\n\n\n<p>Leider ist der Lake Powell nur noch ein Schatten seiner selbst, nur noch zu 27% gef\u00fcllt,<br>was enorme Auswirkungen auf die Strom- und Wasserversorgung der Region hat<\/p>\n\n\n\n<figure class=\"wp-block-gallery has-nested-images columns-3 is-cropped wp-block-gallery-3 is-layout-flex wp-block-gallery-is-layout-flex\">\n<figure class=\"wp-block-image size-full\"><a href=\"http:\/\/martins-reisen.de\/wp-content\/uploads\/2022\/06\/IMG_0215_ergebnis.jpg\"><img loading=\"lazy\" decoding=\"async\" width=\"800\" height=\"600\" data-id=\"516\" src=\"http:\/\/martins-reisen.de\/wp-content\/uploads\/2022\/06\/IMG_0215_ergebnis.jpg\" alt=\"\" class=\"wp-image-516\" srcset=\"https:\/\/martins-reisen.de\/wp-content\/uploads\/2022\/06\/IMG_0215_ergebnis.jpg 800w, https:\/\/martins-reisen.de\/wp-content\/uploads\/2022\/06\/IMG_0215_ergebnis-300x225.jpg 300w, https:\/\/martins-reisen.de\/wp-content\/uploads\/2022\/06\/IMG_0215_ergebnis-768x576.jpg 768w\" sizes=\"auto, (max-width: 800px) 100vw, 800px\" \/><\/a><\/figure>\n\n\n\n<figure class=\"wp-block-image size-full\"><a href=\"http:\/\/martins-reisen.de\/wp-content\/uploads\/2022\/06\/IMG_0219_ergebnis.jpg\"><img loading=\"lazy\" decoding=\"async\" width=\"800\" height=\"600\" data-id=\"514\" src=\"http:\/\/martins-reisen.de\/wp-content\/uploads\/2022\/06\/IMG_0219_ergebnis.jpg\" alt=\"\" class=\"wp-image-514\" srcset=\"https:\/\/martins-reisen.de\/wp-content\/uploads\/2022\/06\/IMG_0219_ergebnis.jpg 800w, https:\/\/martins-reisen.de\/wp-content\/uploads\/2022\/06\/IMG_0219_ergebnis-300x225.jpg 300w, https:\/\/martins-reisen.de\/wp-content\/uploads\/2022\/06\/IMG_0219_ergebnis-768x576.jpg 768w\" sizes=\"auto, (max-width: 800px) 100vw, 800px\" \/><\/a><\/figure>\n\n\n\n<figure class=\"wp-block-image size-full\"><a href=\"http:\/\/martins-reisen.de\/wp-content\/uploads\/2022\/06\/IMG_0360_ergebnis.jpg\"><img loading=\"lazy\" decoding=\"async\" width=\"800\" height=\"600\" data-id=\"531\" src=\"http:\/\/martins-reisen.de\/wp-content\/uploads\/2022\/06\/IMG_0360_ergebnis.jpg\" alt=\"\" class=\"wp-image-531\" srcset=\"https:\/\/martins-reisen.de\/wp-content\/uploads\/2022\/06\/IMG_0360_ergebnis.jpg 800w, https:\/\/martins-reisen.de\/wp-content\/uploads\/2022\/06\/IMG_0360_ergebnis-300x225.jpg 300w, https:\/\/martins-reisen.de\/wp-content\/uploads\/2022\/06\/IMG_0360_ergebnis-768x576.jpg 768w\" sizes=\"auto, (max-width: 800px) 100vw, 800px\" \/><\/a><\/figure>\n<\/figure>\n\n\n\n<p>Und es ist richtig hei\u00df hier, bis 38\u00b0C.<\/p>\n\n\n\n<p>Daf\u00fcr g\u00f6nnten wir uns eine Wanderung durch den Antelope Canyon.<br>Dieser ist ein sog. &#8222;Slot-Canyon&#8220; (Schlitz-Canyon), sehr eng;<br>und leider sehr teuer (90$); die Einrichtung liegt auf Navajo-Land und die langen so richtig zu;<br>aber es lohnt sich, unten eine Bilderfolge aus dem Canyon.<\/p>\n\n\n\n<figure class=\"wp-block-gallery has-nested-images columns-3 is-cropped wp-block-gallery-4 is-layout-flex wp-block-gallery-is-layout-flex\">\n<figure class=\"wp-block-image size-full\"><a href=\"http:\/\/martins-reisen.de\/wp-content\/uploads\/2022\/06\/IMG_0263_ergebnis.jpg\"><img loading=\"lazy\" decoding=\"async\" width=\"450\" height=\"600\" data-id=\"502\" src=\"http:\/\/martins-reisen.de\/wp-content\/uploads\/2022\/06\/IMG_0263_ergebnis.jpg\" alt=\"\" class=\"wp-image-502\" srcset=\"https:\/\/martins-reisen.de\/wp-content\/uploads\/2022\/06\/IMG_0263_ergebnis.jpg 450w, https:\/\/martins-reisen.de\/wp-content\/uploads\/2022\/06\/IMG_0263_ergebnis-225x300.jpg 225w\" sizes=\"auto, (max-width: 450px) 100vw, 450px\" \/><\/a><\/figure>\n\n\n\n<figure class=\"wp-block-image size-full\"><a href=\"http:\/\/martins-reisen.de\/wp-content\/uploads\/2022\/06\/IMG_0261_ergebnis.jpg\"><img loading=\"lazy\" decoding=\"async\" width=\"450\" height=\"600\" data-id=\"503\" src=\"http:\/\/martins-reisen.de\/wp-content\/uploads\/2022\/06\/IMG_0261_ergebnis.jpg\" alt=\"\" class=\"wp-image-503\" srcset=\"https:\/\/martins-reisen.de\/wp-content\/uploads\/2022\/06\/IMG_0261_ergebnis.jpg 450w, https:\/\/martins-reisen.de\/wp-content\/uploads\/2022\/06\/IMG_0261_ergebnis-225x300.jpg 225w\" sizes=\"auto, (max-width: 450px) 100vw, 450px\" \/><\/a><\/figure>\n\n\n\n<figure class=\"wp-block-image size-full\"><a href=\"http:\/\/martins-reisen.de\/wp-content\/uploads\/2022\/06\/IMG_0260_ergebnis.jpg\"><img loading=\"lazy\" decoding=\"async\" width=\"450\" height=\"600\" data-id=\"504\" src=\"http:\/\/martins-reisen.de\/wp-content\/uploads\/2022\/06\/IMG_0260_ergebnis.jpg\" alt=\"\" class=\"wp-image-504\" srcset=\"https:\/\/martins-reisen.de\/wp-content\/uploads\/2022\/06\/IMG_0260_ergebnis.jpg 450w, https:\/\/martins-reisen.de\/wp-content\/uploads\/2022\/06\/IMG_0260_ergebnis-225x300.jpg 225w\" sizes=\"auto, (max-width: 450px) 100vw, 450px\" \/><\/a><\/figure>\n<\/figure>\n\n\n\n<figure class=\"wp-block-gallery has-nested-images columns-3 is-cropped wp-block-gallery-5 is-layout-flex wp-block-gallery-is-layout-flex\">\n<figure class=\"wp-block-image size-full\"><a href=\"http:\/\/martins-reisen.de\/wp-content\/uploads\/2022\/06\/IMG_0273_ergebnis.jpg\"><img loading=\"lazy\" decoding=\"async\" width=\"450\" height=\"600\" data-id=\"499\" src=\"http:\/\/martins-reisen.de\/wp-content\/uploads\/2022\/06\/IMG_0273_ergebnis.jpg\" alt=\"\" class=\"wp-image-499\" srcset=\"https:\/\/martins-reisen.de\/wp-content\/uploads\/2022\/06\/IMG_0273_ergebnis.jpg 450w, https:\/\/martins-reisen.de\/wp-content\/uploads\/2022\/06\/IMG_0273_ergebnis-225x300.jpg 225w\" sizes=\"auto, (max-width: 450px) 100vw, 450px\" \/><\/a><\/figure>\n\n\n\n<figure class=\"wp-block-image size-full\"><a href=\"http:\/\/martins-reisen.de\/wp-content\/uploads\/2022\/06\/IMG_0244_ergebnis.jpg\"><img loading=\"lazy\" decoding=\"async\" width=\"450\" height=\"600\" data-id=\"508\" src=\"http:\/\/martins-reisen.de\/wp-content\/uploads\/2022\/06\/IMG_0244_ergebnis.jpg\" alt=\"\" class=\"wp-image-508\" srcset=\"https:\/\/martins-reisen.de\/wp-content\/uploads\/2022\/06\/IMG_0244_ergebnis.jpg 450w, https:\/\/martins-reisen.de\/wp-content\/uploads\/2022\/06\/IMG_0244_ergebnis-225x300.jpg 225w\" sizes=\"auto, (max-width: 450px) 100vw, 450px\" \/><\/a><\/figure>\n\n\n\n<figure class=\"wp-block-image size-full\"><a href=\"http:\/\/martins-reisen.de\/wp-content\/uploads\/2022\/06\/IMG_0267_ergebnis.jpg\"><img loading=\"lazy\" decoding=\"async\" width=\"450\" height=\"600\" data-id=\"500\" src=\"http:\/\/martins-reisen.de\/wp-content\/uploads\/2022\/06\/IMG_0267_ergebnis.jpg\" alt=\"\" class=\"wp-image-500\" srcset=\"https:\/\/martins-reisen.de\/wp-content\/uploads\/2022\/06\/IMG_0267_ergebnis.jpg 450w, https:\/\/martins-reisen.de\/wp-content\/uploads\/2022\/06\/IMG_0267_ergebnis-225x300.jpg 225w\" sizes=\"auto, (max-width: 450px) 100vw, 450px\" \/><\/a><\/figure>\n<\/figure>\n\n\n\n<figure class=\"wp-block-gallery has-nested-images columns-3 is-cropped wp-block-gallery-6 is-layout-flex wp-block-gallery-is-layout-flex\">\n<figure class=\"wp-block-image size-full\"><a href=\"http:\/\/martins-reisen.de\/wp-content\/uploads\/2022\/06\/IMG_0266_ergebnis.jpg\"><img loading=\"lazy\" decoding=\"async\" width=\"450\" height=\"600\" data-id=\"501\" src=\"http:\/\/martins-reisen.de\/wp-content\/uploads\/2022\/06\/IMG_0266_ergebnis.jpg\" alt=\"\" class=\"wp-image-501\" srcset=\"https:\/\/martins-reisen.de\/wp-content\/uploads\/2022\/06\/IMG_0266_ergebnis.jpg 450w, https:\/\/martins-reisen.de\/wp-content\/uploads\/2022\/06\/IMG_0266_ergebnis-225x300.jpg 225w\" sizes=\"auto, (max-width: 450px) 100vw, 450px\" \/><\/a><\/figure>\n\n\n\n<figure class=\"wp-block-image size-full\"><a href=\"http:\/\/martins-reisen.de\/wp-content\/uploads\/2022\/06\/IMG_0250_ergebnis.jpg\"><img loading=\"lazy\" decoding=\"async\" width=\"450\" height=\"600\" data-id=\"505\" src=\"http:\/\/martins-reisen.de\/wp-content\/uploads\/2022\/06\/IMG_0250_ergebnis.jpg\" alt=\"\" class=\"wp-image-505\" srcset=\"https:\/\/martins-reisen.de\/wp-content\/uploads\/2022\/06\/IMG_0250_ergebnis.jpg 450w, https:\/\/martins-reisen.de\/wp-content\/uploads\/2022\/06\/IMG_0250_ergebnis-225x300.jpg 225w\" sizes=\"auto, (max-width: 450px) 100vw, 450px\" \/><\/a><\/figure>\n\n\n\n<figure class=\"wp-block-image size-full\"><a href=\"http:\/\/martins-reisen.de\/wp-content\/uploads\/2022\/06\/IMG_0238_ergebnis.jpg\"><img loading=\"lazy\" decoding=\"async\" width=\"450\" height=\"600\" data-id=\"509\" src=\"http:\/\/martins-reisen.de\/wp-content\/uploads\/2022\/06\/IMG_0238_ergebnis.jpg\" alt=\"\" class=\"wp-image-509\" srcset=\"https:\/\/martins-reisen.de\/wp-content\/uploads\/2022\/06\/IMG_0238_ergebnis.jpg 450w, https:\/\/martins-reisen.de\/wp-content\/uploads\/2022\/06\/IMG_0238_ergebnis-225x300.jpg 225w\" sizes=\"auto, (max-width: 450px) 100vw, 450px\" \/><\/a><\/figure>\n<\/figure>\n\n\n\n<h3 class=\"wp-block-heading\"><a href=\"http:\/\/martins-reisen.de\/?page_id=562\" data-type=\"page\" data-id=\"562\">N\u00e4chste Seite<\/a><\/h3>\n","protected":false},"excerpt":{"rendered":"<p>Vom beindruckenden Bryce-Canyon ging es weiter nach Page. Wieder sind wir eine sch\u00f6ne, abgelegene Pistenstrecke gefahren Page liegt am Staudamm, der den Colorado River zum Lake Powell aufstaut.Der Ort wurde erst 1957 gegr\u00fcndet als Camp f\u00fcr die Staudamm-Arbeiter Leider ist der Lake Powell nur noch ein Schatten seiner selbst, nur noch zu 27% gef\u00fcllt,was enorme &#8230; <a title=\"Vom Bryce-Canyon nach Page (Lake Powell)\" class=\"read-more\" href=\"https:\/\/martins-reisen.de\/?page_id=557\" aria-label=\"Mehr Informationen \u00fcber Vom Bryce-Canyon nach Page (Lake Powell)\">Weiterlesen<\/a><\/p>\n","protected":false},"author":1,"featured_media":0,"parent":0,"menu_order":12,"comment_status":"closed","ping_status":"closed","template":"","meta":{"ngg_post_thumbnail":0,"footnotes":""},"categories":[4],"tags":[],"class_list":{"0":"post-557","1":"page","2":"type-page","3":"status-publish","5":"category-nordamerika"},"_links":{"self":[{"href":"https:\/\/martins-reisen.de\/index.php?rest_route=\/wp\/v2\/pages\/557","targetHints":{"allow":["GET"]}}],"collection":[{"href":"https:\/\/martins-reisen.de\/index.php?rest_route=\/wp\/v2\/pages"}],"about":[{"href":"https:\/\/martins-reisen.de\/index.php?rest_route=\/wp\/v2\/types\/page"}],"author":[{"embeddable":true,"href":"https:\/\/martins-reisen.de\/index.php?rest_route=\/wp\/v2\/users\/1"}],"replies":[{"embeddable":true,"href":"https:\/\/martins-reisen.de\/index.php?rest_route=%2Fwp%2Fv2%2Fcomments&post=557"}],"version-history":[{"count":8,"href":"https:\/\/martins-reisen.de\/index.php?rest_route=\/wp\/v2\/pages\/557\/revisions"}],"predecessor-version":[{"id":1616,"href":"https:\/\/martins-reisen.de\/index.php?rest_route=\/wp\/v2\/pages\/557\/revisions\/1616"}],"wp:attachment":[{"href":"https:\/\/martins-reisen.de\/index.php?rest_route=%2Fwp%2Fv2%2Fmedia&parent=557"}],"wp:term":[{"taxonomy":"category","embeddable":true,"href":"https:\/\/martins-reisen.de\/index.php?rest_route=%2Fwp%2Fv2%2Fcategories&post=557"},{"taxonomy":"post_tag","embeddable":true,"href":"https:\/\/martins-reisen.de\/index.php?rest_route=%2Fwp%2Fv2%2Ftags&post=557"}],"curies":[{"name":"wp","href":"https:\/\/api.w.org\/{rel}","templated":true}]}}