{"id":437,"date":"2022-06-13T00:45:13","date_gmt":"2022-06-12T23:45:13","guid":{"rendered":"http:\/\/martins-reisen.de\/?p=437"},"modified":"2025-10-03T17:31:51","modified_gmt":"2025-10-03T16:31:51","slug":"utah","status":"publish","type":"page","link":"https:\/\/martins-reisen.de\/?page_id=437","title":{"rendered":"Utah"},"content":{"rendered":"\n<h3 class=\"wp-block-heading\">Westlich an die Rockies schlie\u00dft sich Utah an.<\/h3>\n\n\n\n<h3 class=\"wp-block-heading\">Hier wird die Landschaft langsam so, wie man sich den S\u00fcdwesten der USA vorstellt:<br>Trocken, hei\u00df,&nbsp; w\u00fcstenartig und viel roter Sandstein<\/h3>\n\n\n\n<figure class=\"wp-block-gallery has-nested-images columns-3 is-cropped wp-block-gallery-1 is-layout-flex wp-block-gallery-is-layout-flex\">\n<figure class=\"wp-block-image size-full\"><a href=\"http:\/\/martins-reisen.de\/wp-content\/uploads\/2022\/06\/IMG_0098_ergebnis.jpg\"><img loading=\"lazy\" decoding=\"async\" width=\"800\" height=\"600\" data-id=\"425\" src=\"http:\/\/martins-reisen.de\/wp-content\/uploads\/2022\/06\/IMG_0098_ergebnis.jpg\" alt=\"\" class=\"wp-image-425\" srcset=\"https:\/\/martins-reisen.de\/wp-content\/uploads\/2022\/06\/IMG_0098_ergebnis.jpg 800w, https:\/\/martins-reisen.de\/wp-content\/uploads\/2022\/06\/IMG_0098_ergebnis-300x225.jpg 300w, https:\/\/martins-reisen.de\/wp-content\/uploads\/2022\/06\/IMG_0098_ergebnis-768x576.jpg 768w\" sizes=\"auto, (max-width: 800px) 100vw, 800px\" \/><\/a><\/figure>\n\n\n\n<figure class=\"wp-block-image size-full\"><a href=\"http:\/\/martins-reisen.de\/wp-content\/uploads\/2022\/06\/IMG_0130_ergebnis.jpg\"><img loading=\"lazy\" decoding=\"async\" width=\"450\" height=\"600\" data-id=\"417\" src=\"http:\/\/martins-reisen.de\/wp-content\/uploads\/2022\/06\/IMG_0130_ergebnis.jpg\" alt=\"\" class=\"wp-image-417\" srcset=\"https:\/\/martins-reisen.de\/wp-content\/uploads\/2022\/06\/IMG_0130_ergebnis.jpg 450w, https:\/\/martins-reisen.de\/wp-content\/uploads\/2022\/06\/IMG_0130_ergebnis-225x300.jpg 225w\" sizes=\"auto, (max-width: 450px) 100vw, 450px\" \/><\/a><\/figure>\n\n\n\n<figure class=\"wp-block-image size-full\"><a href=\"http:\/\/martins-reisen.de\/wp-content\/uploads\/2022\/06\/IMG_0111_ergebnis.jpg\"><img loading=\"lazy\" decoding=\"async\" width=\"800\" height=\"600\" data-id=\"420\" src=\"http:\/\/martins-reisen.de\/wp-content\/uploads\/2022\/06\/IMG_0111_ergebnis.jpg\" alt=\"\" class=\"wp-image-420\" srcset=\"https:\/\/martins-reisen.de\/wp-content\/uploads\/2022\/06\/IMG_0111_ergebnis.jpg 800w, https:\/\/martins-reisen.de\/wp-content\/uploads\/2022\/06\/IMG_0111_ergebnis-300x225.jpg 300w, https:\/\/martins-reisen.de\/wp-content\/uploads\/2022\/06\/IMG_0111_ergebnis-768x576.jpg 768w\" sizes=\"auto, (max-width: 800px) 100vw, 800px\" \/><\/a><\/figure>\n<\/figure>\n\n\n\n<p>In Utah finden sich einige der spektakul\u00e4rsten Nationalparks (NP) der USA<\/p>\n\n\n\n<p>\u00dcber teils traumhafte Nebenstrecken haben wir einige davon abgeklappert<\/p>\n\n\n\n<p>Zuerst Goblin-Park. Seinen Namen (Kobolde) hat er von den dort vorherrschenden Steinformationen<\/p>\n\n\n\n<figure class=\"wp-block-gallery has-nested-images columns-3 is-cropped wp-block-gallery-2 is-layout-flex wp-block-gallery-is-layout-flex\">\n<figure class=\"wp-block-image size-full\"><a href=\"http:\/\/martins-reisen.de\/wp-content\/uploads\/2022\/06\/IMG_0111_ergebnis.jpg\"><img loading=\"lazy\" decoding=\"async\" width=\"800\" height=\"600\" data-id=\"420\" src=\"http:\/\/martins-reisen.de\/wp-content\/uploads\/2022\/06\/IMG_0111_ergebnis.jpg\" alt=\"\" class=\"wp-image-420\" srcset=\"https:\/\/martins-reisen.de\/wp-content\/uploads\/2022\/06\/IMG_0111_ergebnis.jpg 800w, https:\/\/martins-reisen.de\/wp-content\/uploads\/2022\/06\/IMG_0111_ergebnis-300x225.jpg 300w, https:\/\/martins-reisen.de\/wp-content\/uploads\/2022\/06\/IMG_0111_ergebnis-768x576.jpg 768w\" sizes=\"auto, (max-width: 800px) 100vw, 800px\" \/><\/a><\/figure>\n\n\n\n<figure class=\"wp-block-image size-full\"><a href=\"http:\/\/martins-reisen.de\/wp-content\/uploads\/2022\/06\/IMG_0115_ergebnis.jpg\"><img loading=\"lazy\" decoding=\"async\" width=\"800\" height=\"600\" data-id=\"419\" src=\"http:\/\/martins-reisen.de\/wp-content\/uploads\/2022\/06\/IMG_0115_ergebnis.jpg\" alt=\"\" class=\"wp-image-419\" srcset=\"https:\/\/martins-reisen.de\/wp-content\/uploads\/2022\/06\/IMG_0115_ergebnis.jpg 800w, https:\/\/martins-reisen.de\/wp-content\/uploads\/2022\/06\/IMG_0115_ergebnis-300x225.jpg 300w, https:\/\/martins-reisen.de\/wp-content\/uploads\/2022\/06\/IMG_0115_ergebnis-768x576.jpg 768w\" sizes=\"auto, (max-width: 800px) 100vw, 800px\" \/><\/a><\/figure>\n\n\n\n<figure class=\"wp-block-image size-full\"><a href=\"http:\/\/martins-reisen.de\/wp-content\/uploads\/2022\/06\/IMG_0119_ergebnis.jpg\"><img loading=\"lazy\" decoding=\"async\" width=\"800\" height=\"600\" data-id=\"418\" src=\"http:\/\/martins-reisen.de\/wp-content\/uploads\/2022\/06\/IMG_0119_ergebnis.jpg\" alt=\"\" class=\"wp-image-418\" srcset=\"https:\/\/martins-reisen.de\/wp-content\/uploads\/2022\/06\/IMG_0119_ergebnis.jpg 800w, https:\/\/martins-reisen.de\/wp-content\/uploads\/2022\/06\/IMG_0119_ergebnis-300x225.jpg 300w, https:\/\/martins-reisen.de\/wp-content\/uploads\/2022\/06\/IMG_0119_ergebnis-768x576.jpg 768w\" sizes=\"auto, (max-width: 800px) 100vw, 800px\" \/><\/a><\/figure>\n<\/figure>\n\n\n\n<p>Und es gibt sehr enge kleine &#8222;Canyons&#8220; zwischen den Felsen<\/p>\n\n\n\n<figure class=\"wp-block-gallery has-nested-images columns-3 is-cropped wp-block-gallery-3 is-layout-flex wp-block-gallery-is-layout-flex\">\n<figure class=\"wp-block-image size-full\"><a href=\"http:\/\/martins-reisen.de\/wp-content\/uploads\/2022\/06\/IMG_0104_ergebnis.jpg\"><img loading=\"lazy\" decoding=\"async\" width=\"450\" height=\"600\" data-id=\"422\" src=\"http:\/\/martins-reisen.de\/wp-content\/uploads\/2022\/06\/IMG_0104_ergebnis.jpg\" alt=\"\" class=\"wp-image-422\" srcset=\"https:\/\/martins-reisen.de\/wp-content\/uploads\/2022\/06\/IMG_0104_ergebnis.jpg 450w, https:\/\/martins-reisen.de\/wp-content\/uploads\/2022\/06\/IMG_0104_ergebnis-225x300.jpg 225w\" sizes=\"auto, (max-width: 450px) 100vw, 450px\" \/><\/a><\/figure>\n\n\n\n<figure class=\"wp-block-image size-full\"><a href=\"http:\/\/martins-reisen.de\/wp-content\/uploads\/2022\/06\/IMG_0105_ergebnis.jpg\"><img loading=\"lazy\" decoding=\"async\" width=\"450\" height=\"600\" data-id=\"421\" src=\"http:\/\/martins-reisen.de\/wp-content\/uploads\/2022\/06\/IMG_0105_ergebnis.jpg\" alt=\"\" class=\"wp-image-421\" srcset=\"https:\/\/martins-reisen.de\/wp-content\/uploads\/2022\/06\/IMG_0105_ergebnis.jpg 450w, https:\/\/martins-reisen.de\/wp-content\/uploads\/2022\/06\/IMG_0105_ergebnis-225x300.jpg 225w\" sizes=\"auto, (max-width: 450px) 100vw, 450px\" \/><\/a><\/figure>\n\n\n\n<figure class=\"wp-block-image size-full\"><a href=\"http:\/\/martins-reisen.de\/wp-content\/uploads\/2022\/06\/IMG_2952_ergebnis.jpg\"><img loading=\"lazy\" decoding=\"async\" width=\"400\" height=\"600\" data-id=\"401\" src=\"http:\/\/martins-reisen.de\/wp-content\/uploads\/2022\/06\/IMG_2952_ergebnis.jpg\" alt=\"\" class=\"wp-image-401\" srcset=\"https:\/\/martins-reisen.de\/wp-content\/uploads\/2022\/06\/IMG_2952_ergebnis.jpg 400w, https:\/\/martins-reisen.de\/wp-content\/uploads\/2022\/06\/IMG_2952_ergebnis-200x300.jpg 200w\" sizes=\"auto, (max-width: 400px) 100vw, 400px\" \/><\/a><\/figure>\n<\/figure>\n\n\n\n<p>Das Klima ist sehr unterschiedlich: Unter 2000 m w\u00fcstenartig hei\u00df (bis 38\u00b0C),&nbsp; dar\u00fcber gibt es oft Pinienw\u00e4lder mit ca 28\u00b0C.<br>Diese Campgrounds haben wir bevorzugt (2200 m bis 2500 m)<\/p>\n\n\n\n<figure class=\"wp-block-gallery has-nested-images columns-4 is-cropped wp-block-gallery-4 is-layout-flex wp-block-gallery-is-layout-flex\">\n<figure class=\"wp-block-image size-full\"><a href=\"http:\/\/martins-reisen.de\/wp-content\/uploads\/2022\/06\/IMG_3093_ergebnis.jpg\"><img loading=\"lazy\" decoding=\"async\" width=\"400\" height=\"600\" data-id=\"399\" src=\"http:\/\/martins-reisen.de\/wp-content\/uploads\/2022\/06\/IMG_3093_ergebnis.jpg\" alt=\"\" class=\"wp-image-399\" srcset=\"https:\/\/martins-reisen.de\/wp-content\/uploads\/2022\/06\/IMG_3093_ergebnis.jpg 400w, https:\/\/martins-reisen.de\/wp-content\/uploads\/2022\/06\/IMG_3093_ergebnis-200x300.jpg 200w\" sizes=\"auto, (max-width: 400px) 100vw, 400px\" \/><\/a><\/figure>\n\n\n\n<figure class=\"wp-block-image size-full\"><a href=\"http:\/\/martins-reisen.de\/wp-content\/uploads\/2022\/06\/IMG_2859_ergebnis.jpg\"><img loading=\"lazy\" decoding=\"async\" width=\"800\" height=\"533\" data-id=\"406\" src=\"http:\/\/martins-reisen.de\/wp-content\/uploads\/2022\/06\/IMG_2859_ergebnis.jpg\" alt=\"\" class=\"wp-image-406\" srcset=\"https:\/\/martins-reisen.de\/wp-content\/uploads\/2022\/06\/IMG_2859_ergebnis.jpg 800w, https:\/\/martins-reisen.de\/wp-content\/uploads\/2022\/06\/IMG_2859_ergebnis-300x200.jpg 300w, https:\/\/martins-reisen.de\/wp-content\/uploads\/2022\/06\/IMG_2859_ergebnis-768x512.jpg 768w\" sizes=\"auto, (max-width: 800px) 100vw, 800px\" \/><\/a><\/figure>\n\n\n\n<figure class=\"wp-block-image size-full\"><a href=\"http:\/\/martins-reisen.de\/wp-content\/uploads\/2022\/06\/IMG_2462_ergebnis.jpg\"><img loading=\"lazy\" decoding=\"async\" width=\"800\" height=\"533\" data-id=\"412\" src=\"http:\/\/martins-reisen.de\/wp-content\/uploads\/2022\/06\/IMG_2462_ergebnis.jpg\" alt=\"\" class=\"wp-image-412\" srcset=\"https:\/\/martins-reisen.de\/wp-content\/uploads\/2022\/06\/IMG_2462_ergebnis.jpg 800w, https:\/\/martins-reisen.de\/wp-content\/uploads\/2022\/06\/IMG_2462_ergebnis-300x200.jpg 300w, https:\/\/martins-reisen.de\/wp-content\/uploads\/2022\/06\/IMG_2462_ergebnis-768x512.jpg 768w\" sizes=\"auto, (max-width: 800px) 100vw, 800px\" \/><\/a><\/figure>\n\n\n\n<figure class=\"wp-block-image size-full\"><a href=\"http:\/\/martins-reisen.de\/wp-content\/uploads\/2022\/06\/IMG_2555_ergebnis.jpg\"><img loading=\"lazy\" decoding=\"async\" width=\"800\" height=\"533\" data-id=\"411\" src=\"http:\/\/martins-reisen.de\/wp-content\/uploads\/2022\/06\/IMG_2555_ergebnis.jpg\" alt=\"\" class=\"wp-image-411\" srcset=\"https:\/\/martins-reisen.de\/wp-content\/uploads\/2022\/06\/IMG_2555_ergebnis.jpg 800w, https:\/\/martins-reisen.de\/wp-content\/uploads\/2022\/06\/IMG_2555_ergebnis-300x200.jpg 300w, https:\/\/martins-reisen.de\/wp-content\/uploads\/2022\/06\/IMG_2555_ergebnis-768x512.jpg 768w\" sizes=\"auto, (max-width: 800px) 100vw, 800px\" \/><\/a><\/figure>\n<\/figure>\n\n\n\n<p>Immer wieder gibt es Punkte von denen man einen tollen \u00dcberblick \u00fcber das Land hat<\/p>\n\n\n\n<figure class=\"wp-block-gallery has-nested-images columns-3 is-cropped wp-block-gallery-5 is-layout-flex wp-block-gallery-is-layout-flex\">\n<figure class=\"wp-block-image size-full\"><a href=\"http:\/\/martins-reisen.de\/wp-content\/uploads\/2022\/06\/IMG_0134_ergebnis.jpg\"><img loading=\"lazy\" decoding=\"async\" width=\"800\" height=\"600\" data-id=\"416\" src=\"http:\/\/martins-reisen.de\/wp-content\/uploads\/2022\/06\/IMG_0134_ergebnis.jpg\" alt=\"\" class=\"wp-image-416\" srcset=\"https:\/\/martins-reisen.de\/wp-content\/uploads\/2022\/06\/IMG_0134_ergebnis.jpg 800w, https:\/\/martins-reisen.de\/wp-content\/uploads\/2022\/06\/IMG_0134_ergebnis-300x225.jpg 300w, https:\/\/martins-reisen.de\/wp-content\/uploads\/2022\/06\/IMG_0134_ergebnis-768x576.jpg 768w\" sizes=\"auto, (max-width: 800px) 100vw, 800px\" \/><\/a><\/figure>\n\n\n\n<figure class=\"wp-block-image size-full\"><a href=\"http:\/\/martins-reisen.de\/wp-content\/uploads\/2022\/06\/IMG_0135_ergebnis.jpg\"><img loading=\"lazy\" decoding=\"async\" width=\"800\" height=\"600\" data-id=\"415\" src=\"http:\/\/martins-reisen.de\/wp-content\/uploads\/2022\/06\/IMG_0135_ergebnis.jpg\" alt=\"\" class=\"wp-image-415\" srcset=\"https:\/\/martins-reisen.de\/wp-content\/uploads\/2022\/06\/IMG_0135_ergebnis.jpg 800w, https:\/\/martins-reisen.de\/wp-content\/uploads\/2022\/06\/IMG_0135_ergebnis-300x225.jpg 300w, https:\/\/martins-reisen.de\/wp-content\/uploads\/2022\/06\/IMG_0135_ergebnis-768x576.jpg 768w\" sizes=\"auto, (max-width: 800px) 100vw, 800px\" \/><\/a><\/figure>\n\n\n\n<figure class=\"wp-block-image size-full\"><a href=\"http:\/\/martins-reisen.de\/wp-content\/uploads\/2022\/06\/IMG_0147_ergebnis.jpg\"><img loading=\"lazy\" decoding=\"async\" width=\"800\" height=\"600\" data-id=\"413\" src=\"http:\/\/martins-reisen.de\/wp-content\/uploads\/2022\/06\/IMG_0147_ergebnis.jpg\" alt=\"\" class=\"wp-image-413\" srcset=\"https:\/\/martins-reisen.de\/wp-content\/uploads\/2022\/06\/IMG_0147_ergebnis.jpg 800w, https:\/\/martins-reisen.de\/wp-content\/uploads\/2022\/06\/IMG_0147_ergebnis-300x225.jpg 300w, https:\/\/martins-reisen.de\/wp-content\/uploads\/2022\/06\/IMG_0147_ergebnis-768x576.jpg 768w\" sizes=\"auto, (max-width: 800px) 100vw, 800px\" \/><\/a><\/figure>\n<\/figure>\n\n\n\n<h3 class=\"wp-block-heading\"><a href=\"http:\/\/martins-reisen.de\/?page_id=477\" data-type=\"page\" data-id=\"477\">N\u00e4chste Seite<\/a><\/h3>\n\n\n\n<p><\/p>\n","protected":false},"excerpt":{"rendered":"<p>Westlich an die Rockies schlie\u00dft sich Utah an. Hier wird die Landschaft langsam so, wie man sich den S\u00fcdwesten der USA vorstellt:Trocken, hei\u00df,&nbsp; w\u00fcstenartig und viel roter Sandstein In Utah finden sich einige der spektakul\u00e4rsten Nationalparks (NP) der USA \u00dcber teils traumhafte Nebenstrecken haben wir einige davon abgeklappert Zuerst Goblin-Park. Seinen Namen (Kobolde) hat er &#8230; <a title=\"Utah\" class=\"read-more\" href=\"https:\/\/martins-reisen.de\/?page_id=437\" aria-label=\"Mehr Informationen \u00fcber Utah\">Weiterlesen<\/a><\/p>\n","protected":false},"author":1,"featured_media":0,"parent":0,"menu_order":10,"comment_status":"closed","ping_status":"closed","template":"","meta":{"ngg_post_thumbnail":0,"footnotes":""},"categories":[4],"tags":[],"class_list":{"0":"post-437","1":"page","2":"type-page","3":"status-publish","5":"category-nordamerika"},"_links":{"self":[{"href":"https:\/\/martins-reisen.de\/index.php?rest_route=\/wp\/v2\/pages\/437","targetHints":{"allow":["GET"]}}],"collection":[{"href":"https:\/\/martins-reisen.de\/index.php?rest_route=\/wp\/v2\/pages"}],"about":[{"href":"https:\/\/martins-reisen.de\/index.php?rest_route=\/wp\/v2\/types\/page"}],"author":[{"embeddable":true,"href":"https:\/\/martins-reisen.de\/index.php?rest_route=\/wp\/v2\/users\/1"}],"replies":[{"embeddable":true,"href":"https:\/\/martins-reisen.de\/index.php?rest_route=%2Fwp%2Fv2%2Fcomments&post=437"}],"version-history":[{"count":6,"href":"https:\/\/martins-reisen.de\/index.php?rest_route=\/wp\/v2\/pages\/437\/revisions"}],"predecessor-version":[{"id":1614,"href":"https:\/\/martins-reisen.de\/index.php?rest_route=\/wp\/v2\/pages\/437\/revisions\/1614"}],"wp:attachment":[{"href":"https:\/\/martins-reisen.de\/index.php?rest_route=%2Fwp%2Fv2%2Fmedia&parent=437"}],"wp:term":[{"taxonomy":"category","embeddable":true,"href":"https:\/\/martins-reisen.de\/index.php?rest_route=%2Fwp%2Fv2%2Fcategories&post=437"},{"taxonomy":"post_tag","embeddable":true,"href":"https:\/\/martins-reisen.de\/index.php?rest_route=%2Fwp%2Fv2%2Ftags&post=437"}],"curies":[{"name":"wp","href":"https:\/\/api.w.org\/{rel}","templated":true}]}}