{"id":369,"date":"2022-06-13T00:19:47","date_gmt":"2022-06-12T23:19:47","guid":{"rendered":"http:\/\/martins-reisen.de\/?p=369"},"modified":"2025-10-03T17:30:42","modified_gmt":"2025-10-03T16:30:42","slug":"von-boulder-nach-utah-durch-die-rockies","status":"publish","type":"page","link":"https:\/\/martins-reisen.de\/?page_id=369","title":{"rendered":"Von Boulder nach Utah durch die Rockies"},"content":{"rendered":"\n<h3 class=\"wp-block-heading\">Am 01.06. habe ich meinen alten Freund Andreas in Denver vom Flughafen abgeholt.<br>Wir bereisen jetzt 5 Wochen gemeinsam den S\u00fcdwesten der USA<\/h3>\n\n\n\n<p>Zueerst ging es von Denver in die Berge hoch zu einem recht einsamen Campground des National Forest Service.<br>Dieser Service unterh\u00e4lt im ganzen Land unz\u00e4hlige sehr einfache (nur Plumpsklo) Campingpl\u00e4tze, die meist auch sehr preisg\u00fcnstig sind<\/p>\n\n\n\n<figure class=\"wp-block-gallery has-nested-images columns-3 is-cropped wp-block-gallery-1 is-layout-flex wp-block-gallery-is-layout-flex\">\n<figure class=\"wp-block-image size-full\"><a href=\"http:\/\/martins-reisen.de\/wp-content\/uploads\/2022\/06\/P1010757_ergebnis.jpg\"><img loading=\"lazy\" decoding=\"async\" width=\"800\" height=\"600\" data-id=\"394\" src=\"http:\/\/martins-reisen.de\/wp-content\/uploads\/2022\/06\/P1010757_ergebnis.jpg\" alt=\"\" class=\"wp-image-394\" srcset=\"https:\/\/martins-reisen.de\/wp-content\/uploads\/2022\/06\/P1010757_ergebnis.jpg 800w, https:\/\/martins-reisen.de\/wp-content\/uploads\/2022\/06\/P1010757_ergebnis-300x225.jpg 300w, https:\/\/martins-reisen.de\/wp-content\/uploads\/2022\/06\/P1010757_ergebnis-768x576.jpg 768w\" sizes=\"auto, (max-width: 800px) 100vw, 800px\" \/><\/a><\/figure>\n\n\n\n<figure class=\"wp-block-image size-full\"><a href=\"http:\/\/martins-reisen.de\/wp-content\/uploads\/2022\/06\/P1010758_ergebnis.jpg\"><img loading=\"lazy\" decoding=\"async\" width=\"800\" height=\"600\" data-id=\"393\" src=\"http:\/\/martins-reisen.de\/wp-content\/uploads\/2022\/06\/P1010758_ergebnis.jpg\" alt=\"\" class=\"wp-image-393\" srcset=\"https:\/\/martins-reisen.de\/wp-content\/uploads\/2022\/06\/P1010758_ergebnis.jpg 800w, https:\/\/martins-reisen.de\/wp-content\/uploads\/2022\/06\/P1010758_ergebnis-300x225.jpg 300w, https:\/\/martins-reisen.de\/wp-content\/uploads\/2022\/06\/P1010758_ergebnis-768x576.jpg 768w\" sizes=\"auto, (max-width: 800px) 100vw, 800px\" \/><\/a><\/figure>\n\n\n\n<figure class=\"wp-block-image size-full\"><a href=\"http:\/\/martins-reisen.de\/wp-content\/uploads\/2022\/06\/P1010761_ergebnis.jpg\"><img loading=\"lazy\" decoding=\"async\" width=\"800\" height=\"600\" data-id=\"392\" src=\"http:\/\/martins-reisen.de\/wp-content\/uploads\/2022\/06\/P1010761_ergebnis.jpg\" alt=\"\" class=\"wp-image-392\" srcset=\"https:\/\/martins-reisen.de\/wp-content\/uploads\/2022\/06\/P1010761_ergebnis.jpg 800w, https:\/\/martins-reisen.de\/wp-content\/uploads\/2022\/06\/P1010761_ergebnis-300x225.jpg 300w, https:\/\/martins-reisen.de\/wp-content\/uploads\/2022\/06\/P1010761_ergebnis-768x576.jpg 768w\" sizes=\"auto, (max-width: 800px) 100vw, 800px\" \/><\/a><\/figure>\n<\/figure>\n\n\n\n<p>Der Hinweis auf die B\u00e4ren ist keine Show: Abends kam extra ein Ranger und warnte uns, dass letzte Nacht nebenan ein B\u00e4r den Abfallcontainer ausger\u00e4umt h\u00e4tte<\/p>\n\n\n\n<p>Weiter ging es durch die Berge. Man findet immer wieder einsame Strecken, teils als Pisten, die man befahren kann.<\/p>\n\n\n\n<figure class=\"wp-block-gallery has-nested-images columns-3 is-cropped wp-block-gallery-2 is-layout-flex wp-block-gallery-is-layout-flex\">\n<figure class=\"wp-block-image size-full\"><a href=\"http:\/\/martins-reisen.de\/wp-content\/uploads\/2022\/06\/P1010764_ergebnis.jpg\"><img loading=\"lazy\" decoding=\"async\" width=\"800\" height=\"600\" data-id=\"391\" src=\"http:\/\/martins-reisen.de\/wp-content\/uploads\/2022\/06\/P1010764_ergebnis.jpg\" alt=\"\" class=\"wp-image-391\" srcset=\"https:\/\/martins-reisen.de\/wp-content\/uploads\/2022\/06\/P1010764_ergebnis.jpg 800w, https:\/\/martins-reisen.de\/wp-content\/uploads\/2022\/06\/P1010764_ergebnis-300x225.jpg 300w, https:\/\/martins-reisen.de\/wp-content\/uploads\/2022\/06\/P1010764_ergebnis-768x576.jpg 768w\" sizes=\"auto, (max-width: 800px) 100vw, 800px\" \/><\/a><\/figure>\n\n\n\n<figure class=\"wp-block-image size-full\"><a href=\"http:\/\/martins-reisen.de\/wp-content\/uploads\/2022\/06\/P1010765_ergebnis.jpg\"><img loading=\"lazy\" decoding=\"async\" width=\"800\" height=\"600\" data-id=\"390\" src=\"http:\/\/martins-reisen.de\/wp-content\/uploads\/2022\/06\/P1010765_ergebnis.jpg\" alt=\"\" class=\"wp-image-390\" srcset=\"https:\/\/martins-reisen.de\/wp-content\/uploads\/2022\/06\/P1010765_ergebnis.jpg 800w, https:\/\/martins-reisen.de\/wp-content\/uploads\/2022\/06\/P1010765_ergebnis-300x225.jpg 300w, https:\/\/martins-reisen.de\/wp-content\/uploads\/2022\/06\/P1010765_ergebnis-768x576.jpg 768w\" sizes=\"auto, (max-width: 800px) 100vw, 800px\" \/><\/a><\/figure>\n\n\n\n<figure class=\"wp-block-image size-full\"><a href=\"http:\/\/martins-reisen.de\/wp-content\/uploads\/2022\/06\/P1010766_ergebnis.jpg\"><img loading=\"lazy\" decoding=\"async\" width=\"800\" height=\"600\" data-id=\"389\" src=\"http:\/\/martins-reisen.de\/wp-content\/uploads\/2022\/06\/P1010766_ergebnis.jpg\" alt=\"\" class=\"wp-image-389\" srcset=\"https:\/\/martins-reisen.de\/wp-content\/uploads\/2022\/06\/P1010766_ergebnis.jpg 800w, https:\/\/martins-reisen.de\/wp-content\/uploads\/2022\/06\/P1010766_ergebnis-300x225.jpg 300w, https:\/\/martins-reisen.de\/wp-content\/uploads\/2022\/06\/P1010766_ergebnis-768x576.jpg 768w\" sizes=\"auto, (max-width: 800px) 100vw, 800px\" \/><\/a><\/figure>\n<\/figure>\n\n\n\n<p>Die Hauptkette der Rockies haben wir bei diesem Pass \u00fcberquert: Ca. 3500 m hoch, bildet er die kontinentale Wasserscheide (continental divide)<\/p>\n\n\n\n<figure class=\"wp-block-gallery has-nested-images columns-2 is-cropped wp-block-gallery-3 is-layout-flex wp-block-gallery-is-layout-flex\">\n<figure class=\"wp-block-image size-full\"><a href=\"http:\/\/martins-reisen.de\/wp-content\/uploads\/2022\/06\/P1010767_ergebnis.jpg\"><img loading=\"lazy\" decoding=\"async\" width=\"800\" height=\"600\" data-id=\"388\" src=\"http:\/\/martins-reisen.de\/wp-content\/uploads\/2022\/06\/P1010767_ergebnis.jpg\" alt=\"\" class=\"wp-image-388\" srcset=\"https:\/\/martins-reisen.de\/wp-content\/uploads\/2022\/06\/P1010767_ergebnis.jpg 800w, https:\/\/martins-reisen.de\/wp-content\/uploads\/2022\/06\/P1010767_ergebnis-300x225.jpg 300w, https:\/\/martins-reisen.de\/wp-content\/uploads\/2022\/06\/P1010767_ergebnis-768x576.jpg 768w\" sizes=\"auto, (max-width: 800px) 100vw, 800px\" \/><\/a><\/figure>\n\n\n\n<figure class=\"wp-block-image size-full\"><a href=\"http:\/\/martins-reisen.de\/wp-content\/uploads\/2022\/06\/P1010771_ergebnis.jpg\"><img loading=\"lazy\" decoding=\"async\" width=\"800\" height=\"600\" data-id=\"386\" src=\"http:\/\/martins-reisen.de\/wp-content\/uploads\/2022\/06\/P1010771_ergebnis.jpg\" alt=\"\" class=\"wp-image-386\" srcset=\"https:\/\/martins-reisen.de\/wp-content\/uploads\/2022\/06\/P1010771_ergebnis.jpg 800w, https:\/\/martins-reisen.de\/wp-content\/uploads\/2022\/06\/P1010771_ergebnis-300x225.jpg 300w, https:\/\/martins-reisen.de\/wp-content\/uploads\/2022\/06\/P1010771_ergebnis-768x576.jpg 768w\" sizes=\"auto, (max-width: 800px) 100vw, 800px\" \/><\/a><\/figure>\n<\/figure>\n\n\n\n<p>Weiter nach Westen f\u00e4llt das Land nur ganz allm\u00e4hlich ab, auf mehreren hundert Kilometern bewegt man sich immer zwischen 1500 m und 2500 m.<\/p>\n\n\n\n<p>Und man findet trotz US-Urlaubszeit tolle einsame Pl\u00e4tze zum Campen (allerdings nicht an den touristischen Hot-Spots)<\/p>\n\n\n\n<figure class=\"wp-block-gallery has-nested-images columns-3 is-cropped wp-block-gallery-4 is-layout-flex wp-block-gallery-is-layout-flex\">\n<figure class=\"wp-block-image size-full\"><a href=\"http:\/\/martins-reisen.de\/wp-content\/uploads\/2022\/06\/P1010772_ergebnis.jpg\"><img loading=\"lazy\" decoding=\"async\" width=\"800\" height=\"600\" data-id=\"385\" src=\"http:\/\/martins-reisen.de\/wp-content\/uploads\/2022\/06\/P1010772_ergebnis.jpg\" alt=\"\" class=\"wp-image-385\" srcset=\"https:\/\/martins-reisen.de\/wp-content\/uploads\/2022\/06\/P1010772_ergebnis.jpg 800w, https:\/\/martins-reisen.de\/wp-content\/uploads\/2022\/06\/P1010772_ergebnis-300x225.jpg 300w, https:\/\/martins-reisen.de\/wp-content\/uploads\/2022\/06\/P1010772_ergebnis-768x576.jpg 768w\" sizes=\"auto, (max-width: 800px) 100vw, 800px\" \/><\/a><\/figure>\n\n\n\n<figure class=\"wp-block-image size-full\"><a href=\"http:\/\/martins-reisen.de\/wp-content\/uploads\/2022\/06\/P1010773_ergebnis.jpg\"><img loading=\"lazy\" decoding=\"async\" width=\"800\" height=\"600\" data-id=\"384\" src=\"http:\/\/martins-reisen.de\/wp-content\/uploads\/2022\/06\/P1010773_ergebnis.jpg\" alt=\"\" class=\"wp-image-384\" srcset=\"https:\/\/martins-reisen.de\/wp-content\/uploads\/2022\/06\/P1010773_ergebnis.jpg 800w, https:\/\/martins-reisen.de\/wp-content\/uploads\/2022\/06\/P1010773_ergebnis-300x225.jpg 300w, https:\/\/martins-reisen.de\/wp-content\/uploads\/2022\/06\/P1010773_ergebnis-768x576.jpg 768w\" sizes=\"auto, (max-width: 800px) 100vw, 800px\" \/><\/a><\/figure>\n\n\n\n<figure class=\"wp-block-image size-full\"><a href=\"http:\/\/martins-reisen.de\/wp-content\/uploads\/2022\/06\/P1010776_ergebnis.jpg\"><img loading=\"lazy\" decoding=\"async\" width=\"800\" height=\"600\" data-id=\"382\" src=\"http:\/\/martins-reisen.de\/wp-content\/uploads\/2022\/06\/P1010776_ergebnis.jpg\" alt=\"\" class=\"wp-image-382\" srcset=\"https:\/\/martins-reisen.de\/wp-content\/uploads\/2022\/06\/P1010776_ergebnis.jpg 800w, https:\/\/martins-reisen.de\/wp-content\/uploads\/2022\/06\/P1010776_ergebnis-300x225.jpg 300w, https:\/\/martins-reisen.de\/wp-content\/uploads\/2022\/06\/P1010776_ergebnis-768x576.jpg 768w\" sizes=\"auto, (max-width: 800px) 100vw, 800px\" \/><\/a><\/figure>\n<\/figure>\n\n\n\n<p>Und weiter zum Dinosaur NP; Wie der Name vermuten l\u00e4sst, wurden hier einige Dino-Knochen gefunden; viel sch\u00f6ner ist allerdings die Landschaft im Park<\/p>\n\n\n\n<figure class=\"wp-block-gallery has-nested-images columns-4 is-cropped wp-block-gallery-5 is-layout-flex wp-block-gallery-is-layout-flex\">\n<figure class=\"wp-block-image size-full\"><a href=\"http:\/\/martins-reisen.de\/wp-content\/uploads\/2022\/06\/IMG_0068_ergebnis-1.jpg\"><img loading=\"lazy\" decoding=\"async\" width=\"800\" height=\"600\" data-id=\"434\" src=\"http:\/\/martins-reisen.de\/wp-content\/uploads\/2022\/06\/IMG_0068_ergebnis-1.jpg\" alt=\"\" class=\"wp-image-434\" srcset=\"https:\/\/martins-reisen.de\/wp-content\/uploads\/2022\/06\/IMG_0068_ergebnis-1.jpg 800w, https:\/\/martins-reisen.de\/wp-content\/uploads\/2022\/06\/IMG_0068_ergebnis-1-300x225.jpg 300w, https:\/\/martins-reisen.de\/wp-content\/uploads\/2022\/06\/IMG_0068_ergebnis-1-768x576.jpg 768w\" sizes=\"auto, (max-width: 800px) 100vw, 800px\" \/><\/a><\/figure>\n\n\n\n<figure class=\"wp-block-image size-full\"><a href=\"http:\/\/martins-reisen.de\/wp-content\/uploads\/2022\/06\/IMG_0070_ergebnis-1.jpg\"><img loading=\"lazy\" decoding=\"async\" width=\"800\" height=\"600\" data-id=\"433\" src=\"http:\/\/martins-reisen.de\/wp-content\/uploads\/2022\/06\/IMG_0070_ergebnis-1.jpg\" alt=\"\" class=\"wp-image-433\" srcset=\"https:\/\/martins-reisen.de\/wp-content\/uploads\/2022\/06\/IMG_0070_ergebnis-1.jpg 800w, https:\/\/martins-reisen.de\/wp-content\/uploads\/2022\/06\/IMG_0070_ergebnis-1-300x225.jpg 300w, https:\/\/martins-reisen.de\/wp-content\/uploads\/2022\/06\/IMG_0070_ergebnis-1-768x576.jpg 768w\" sizes=\"auto, (max-width: 800px) 100vw, 800px\" \/><\/a><\/figure>\n\n\n\n<figure class=\"wp-block-image size-full\"><a href=\"http:\/\/martins-reisen.de\/wp-content\/uploads\/2022\/06\/IMG_0084_ergebnis-1.jpg\"><img loading=\"lazy\" decoding=\"async\" width=\"800\" height=\"600\" data-id=\"429\" src=\"http:\/\/martins-reisen.de\/wp-content\/uploads\/2022\/06\/IMG_0084_ergebnis-1.jpg\" alt=\"\" class=\"wp-image-429\" srcset=\"https:\/\/martins-reisen.de\/wp-content\/uploads\/2022\/06\/IMG_0084_ergebnis-1.jpg 800w, https:\/\/martins-reisen.de\/wp-content\/uploads\/2022\/06\/IMG_0084_ergebnis-1-300x225.jpg 300w, https:\/\/martins-reisen.de\/wp-content\/uploads\/2022\/06\/IMG_0084_ergebnis-1-768x576.jpg 768w\" sizes=\"auto, (max-width: 800px) 100vw, 800px\" \/><\/a><\/figure>\n\n\n\n<figure class=\"wp-block-image size-full\"><a href=\"http:\/\/martins-reisen.de\/wp-content\/uploads\/2022\/06\/IMG_0086_ergebnis-1.jpg\"><img loading=\"lazy\" decoding=\"async\" width=\"800\" height=\"600\" data-id=\"428\" src=\"http:\/\/martins-reisen.de\/wp-content\/uploads\/2022\/06\/IMG_0086_ergebnis-1.jpg\" alt=\"\" class=\"wp-image-428\" srcset=\"https:\/\/martins-reisen.de\/wp-content\/uploads\/2022\/06\/IMG_0086_ergebnis-1.jpg 800w, https:\/\/martins-reisen.de\/wp-content\/uploads\/2022\/06\/IMG_0086_ergebnis-1-300x225.jpg 300w, https:\/\/martins-reisen.de\/wp-content\/uploads\/2022\/06\/IMG_0086_ergebnis-1-768x576.jpg 768w\" sizes=\"auto, (max-width: 800px) 100vw, 800px\" \/><\/a><\/figure>\n<\/figure>\n\n\n\n<p>Wir w\u00e4hlten eine l\u00e4ngere Piste durch den Park<br>Das ist \u00fcbrigens eine weitere \u00dcberraschung in den USA: Man kann sich auf kleinen einsamen Nebenstra\u00dfen durch das ganze Land bewegen<br>und es gibt noch jede Menge Pisten, auf denen fast nichts los ist.<br>Davon haben wir regen Gebrauch gemacht<\/p>\n\n\n\n<figure class=\"wp-block-gallery has-nested-images columns-3 is-cropped wp-block-gallery-6 is-layout-flex wp-block-gallery-is-layout-flex\">\n<figure class=\"wp-block-image size-full\"><a href=\"http:\/\/martins-reisen.de\/wp-content\/uploads\/2022\/06\/IMG_0062_ergebnis-1.jpg\"><img loading=\"lazy\" decoding=\"async\" width=\"800\" height=\"600\" data-id=\"435\" src=\"http:\/\/martins-reisen.de\/wp-content\/uploads\/2022\/06\/IMG_0062_ergebnis-1.jpg\" alt=\"\" class=\"wp-image-435\" srcset=\"https:\/\/martins-reisen.de\/wp-content\/uploads\/2022\/06\/IMG_0062_ergebnis-1.jpg 800w, https:\/\/martins-reisen.de\/wp-content\/uploads\/2022\/06\/IMG_0062_ergebnis-1-300x225.jpg 300w, https:\/\/martins-reisen.de\/wp-content\/uploads\/2022\/06\/IMG_0062_ergebnis-1-768x576.jpg 768w\" sizes=\"auto, (max-width: 800px) 100vw, 800px\" \/><\/a><\/figure>\n\n\n\n<figure class=\"wp-block-image size-full\"><a href=\"http:\/\/martins-reisen.de\/wp-content\/uploads\/2022\/06\/IMG_0074_ergebnis-1.jpg\"><img loading=\"lazy\" decoding=\"async\" width=\"800\" height=\"600\" data-id=\"432\" src=\"http:\/\/martins-reisen.de\/wp-content\/uploads\/2022\/06\/IMG_0074_ergebnis-1.jpg\" alt=\"\" class=\"wp-image-432\" srcset=\"https:\/\/martins-reisen.de\/wp-content\/uploads\/2022\/06\/IMG_0074_ergebnis-1.jpg 800w, https:\/\/martins-reisen.de\/wp-content\/uploads\/2022\/06\/IMG_0074_ergebnis-1-300x225.jpg 300w, https:\/\/martins-reisen.de\/wp-content\/uploads\/2022\/06\/IMG_0074_ergebnis-1-768x576.jpg 768w\" sizes=\"auto, (max-width: 800px) 100vw, 800px\" \/><\/a><\/figure>\n\n\n\n<figure class=\"wp-block-image size-full\"><a href=\"http:\/\/martins-reisen.de\/wp-content\/uploads\/2022\/06\/IMG_0081_ergebnis-1.jpg\"><img loading=\"lazy\" decoding=\"async\" width=\"800\" height=\"600\" data-id=\"431\" src=\"http:\/\/martins-reisen.de\/wp-content\/uploads\/2022\/06\/IMG_0081_ergebnis-1.jpg\" alt=\"\" class=\"wp-image-431\" srcset=\"https:\/\/martins-reisen.de\/wp-content\/uploads\/2022\/06\/IMG_0081_ergebnis-1.jpg 800w, https:\/\/martins-reisen.de\/wp-content\/uploads\/2022\/06\/IMG_0081_ergebnis-1-300x225.jpg 300w, https:\/\/martins-reisen.de\/wp-content\/uploads\/2022\/06\/IMG_0081_ergebnis-1-768x576.jpg 768w\" sizes=\"auto, (max-width: 800px) 100vw, 800px\" \/><\/a><\/figure>\n<\/figure>\n\n\n\n<h3 class=\"wp-block-heading\">Exkurs Campgrounds:<\/h3>\n\n\n\n<p>Eine grobe Unterteilung ist: staatlich und kommerziell<\/p>\n\n\n\n<h4 class=\"wp-block-heading\">Staatlich:<\/h4>\n\n\n\n<p>Davon gibt es 3 Kategorien, je nach Betreiber:<br>National Park (Bundesbeh\u00f6rde), NP<br>State Park (von den einzelnen Bundesstaaten betrieben), SP<br>National Forest (Bundes-Forstbeh\u00f6rde), NF;<\/p>\n\n\n\n<p>Generell gilt: gro\u00dfz\u00fcgig angelegt, der Platz zum Nachbarn ist ausreichend; jeder Platz hat mind.<br>eine Bank\/Tisch-Kombination und eine Feuer-\/Grill-Stelle.<br>Manche Pl\u00e4tze haben sog. &#8222;full hook up&#8220;, also Elektro-, Frischwasser-, und Abwasseranschluss direkt am Stellplatz.<br>Alle Camgrounds haben ein oder mehrere Toilettenh\u00e4uschen, manche auch Duschen und Waschsalon; alles sehr sauber<\/p>\n\n\n\n<figure class=\"wp-block-gallery has-nested-images columns-3 is-cropped wp-block-gallery-7 is-layout-flex wp-block-gallery-is-layout-flex\">\n<figure class=\"wp-block-image size-full\"><a href=\"http:\/\/martins-reisen.de\/wp-content\/uploads\/2022\/06\/IMG_0152_ergebnis.jpg\"><img loading=\"lazy\" decoding=\"async\" width=\"800\" height=\"600\" data-id=\"476\" src=\"http:\/\/martins-reisen.de\/wp-content\/uploads\/2022\/06\/IMG_0152_ergebnis.jpg\" alt=\"\" class=\"wp-image-476\" srcset=\"https:\/\/martins-reisen.de\/wp-content\/uploads\/2022\/06\/IMG_0152_ergebnis.jpg 800w, https:\/\/martins-reisen.de\/wp-content\/uploads\/2022\/06\/IMG_0152_ergebnis-300x225.jpg 300w, https:\/\/martins-reisen.de\/wp-content\/uploads\/2022\/06\/IMG_0152_ergebnis-768x576.jpg 768w\" sizes=\"auto, (max-width: 800px) 100vw, 800px\" \/><\/a><\/figure>\n\n\n\n<figure class=\"wp-block-image size-full\"><a href=\"http:\/\/martins-reisen.de\/wp-content\/uploads\/2022\/06\/20220610_172126_ergebnis.jpg\"><img loading=\"lazy\" decoding=\"async\" width=\"800\" height=\"600\" data-id=\"486\" src=\"http:\/\/martins-reisen.de\/wp-content\/uploads\/2022\/06\/20220610_172126_ergebnis.jpg\" alt=\"\" class=\"wp-image-486\" srcset=\"https:\/\/martins-reisen.de\/wp-content\/uploads\/2022\/06\/20220610_172126_ergebnis.jpg 800w, https:\/\/martins-reisen.de\/wp-content\/uploads\/2022\/06\/20220610_172126_ergebnis-300x225.jpg 300w, https:\/\/martins-reisen.de\/wp-content\/uploads\/2022\/06\/20220610_172126_ergebnis-768x576.jpg 768w\" sizes=\"auto, (max-width: 800px) 100vw, 800px\" \/><\/a><\/figure>\n\n\n\n<figure class=\"wp-block-image size-full\"><a href=\"http:\/\/martins-reisen.de\/wp-content\/uploads\/2022\/06\/20220612_092623_ergebnis.jpg\"><img loading=\"lazy\" decoding=\"async\" width=\"800\" height=\"600\" data-id=\"485\" src=\"http:\/\/martins-reisen.de\/wp-content\/uploads\/2022\/06\/20220612_092623_ergebnis.jpg\" alt=\"\" class=\"wp-image-485\" srcset=\"https:\/\/martins-reisen.de\/wp-content\/uploads\/2022\/06\/20220612_092623_ergebnis.jpg 800w, https:\/\/martins-reisen.de\/wp-content\/uploads\/2022\/06\/20220612_092623_ergebnis-300x225.jpg 300w, https:\/\/martins-reisen.de\/wp-content\/uploads\/2022\/06\/20220612_092623_ergebnis-768x576.jpg 768w\" sizes=\"auto, (max-width: 800px) 100vw, 800px\" \/><\/a><\/figure>\n<\/figure>\n\n\n\n<p>Die staatlichen Campgrounds kosten meist 18 &#8211; 30$ f\u00fcr den Standardplatz (full hook up teurer).<br>Allerdings sind sie auch schnell ausgebucht; An den gro\u00dfen Highlights (Grand Canyon, Bryce-Canyon) geht ohne Vorausbuchung gar nichts<br>der NF betreibt unz\u00e4hlige, einfache, preiswerte Pl\u00e4tze, wo auch in der Hochsaison meist noch was zu finden ist.<\/p>\n\n\n\n<h4 class=\"wp-block-heading\">kommerziell:<\/h4>\n\n\n\n<p>meist in der N\u00e4he der St\u00e4dte; dicht gedr\u00e4ngt, eher teuer, meist mit &#8222;full hook up&#8220;<br>Vorteil: es gibt oft noch freie Pl\u00e4tze<\/p>\n\n\n\n<h3 class=\"wp-block-heading\"><a href=\"http:\/\/martins-reisen.de\/?page_id=437\" data-type=\"page\" data-id=\"437\">N\u00e4chste Seite<\/a><\/h3>\n","protected":false},"excerpt":{"rendered":"<p>Am 01.06. habe ich meinen alten Freund Andreas in Denver vom Flughafen abgeholt.Wir bereisen jetzt 5 Wochen gemeinsam den S\u00fcdwesten der USA Zueerst ging es von Denver in die Berge hoch zu einem recht einsamen Campground des National Forest Service.Dieser Service unterh\u00e4lt im ganzen Land unz\u00e4hlige sehr einfache (nur Plumpsklo) Campingpl\u00e4tze, die meist auch sehr &#8230; <a title=\"Von Boulder nach Utah durch die Rockies\" class=\"read-more\" href=\"https:\/\/martins-reisen.de\/?page_id=369\" aria-label=\"Mehr Informationen \u00fcber Von Boulder nach Utah durch die Rockies\">Weiterlesen<\/a><\/p>\n","protected":false},"author":1,"featured_media":0,"parent":0,"menu_order":9,"comment_status":"closed","ping_status":"closed","template":"","meta":{"ngg_post_thumbnail":0,"footnotes":""},"categories":[4],"tags":[],"class_list":{"0":"post-369","1":"page","2":"type-page","3":"status-publish","5":"category-nordamerika"},"_links":{"self":[{"href":"https:\/\/martins-reisen.de\/index.php?rest_route=\/wp\/v2\/pages\/369","targetHints":{"allow":["GET"]}}],"collection":[{"href":"https:\/\/martins-reisen.de\/index.php?rest_route=\/wp\/v2\/pages"}],"about":[{"href":"https:\/\/martins-reisen.de\/index.php?rest_route=\/wp\/v2\/types\/page"}],"author":[{"embeddable":true,"href":"https:\/\/martins-reisen.de\/index.php?rest_route=\/wp\/v2\/users\/1"}],"replies":[{"embeddable":true,"href":"https:\/\/martins-reisen.de\/index.php?rest_route=%2Fwp%2Fv2%2Fcomments&post=369"}],"version-history":[{"count":10,"href":"https:\/\/martins-reisen.de\/index.php?rest_route=\/wp\/v2\/pages\/369\/revisions"}],"predecessor-version":[{"id":1613,"href":"https:\/\/martins-reisen.de\/index.php?rest_route=\/wp\/v2\/pages\/369\/revisions\/1613"}],"wp:attachment":[{"href":"https:\/\/martins-reisen.de\/index.php?rest_route=%2Fwp%2Fv2%2Fmedia&parent=369"}],"wp:term":[{"taxonomy":"category","embeddable":true,"href":"https:\/\/martins-reisen.de\/index.php?rest_route=%2Fwp%2Fv2%2Fcategories&post=369"},{"taxonomy":"post_tag","embeddable":true,"href":"https:\/\/martins-reisen.de\/index.php?rest_route=%2Fwp%2Fv2%2Ftags&post=369"}],"curies":[{"name":"wp","href":"https:\/\/api.w.org\/{rel}","templated":true}]}}