{"id":321,"date":"2022-05-31T23:40:25","date_gmt":"2022-05-31T22:40:25","guid":{"rendered":"http:\/\/martins-reisen.de\/?p=321"},"modified":"2025-10-03T17:29:51","modified_gmt":"2025-10-03T16:29:51","slug":"colorado-springs","status":"publish","type":"page","link":"https:\/\/martins-reisen.de\/?page_id=321","title":{"rendered":"Colorado Springs"},"content":{"rendered":"\n<h3 class=\"wp-block-heading\">Ausflug von Boulder nach Colorado Springs (ca. 150 km s\u00fcdlich von Boulder)<\/h3>\n\n\n\n<p>Zusammen mit meiner alten Freundin Shelley habe ich einen Ausflug nach Colorado Springs gemacht.<br>Hinzu \u00fcber eine sehr sch\u00f6ne kurvenreiche Strecke durch Pinienw\u00e4lder durch die Ausl\u00e4ufer der Rockies<\/p>\n\n\n\n<p>Ein Ziel war die Fahrt auf den Pike Peak, einen der 4000er in der Rockies-Kette<\/p>\n\n\n\n<figure class=\"wp-block-image size-full\"><img loading=\"lazy\" decoding=\"async\" width=\"450\" height=\"600\" src=\"http:\/\/martins-reisen.de\/wp-content\/uploads\/2022\/05\/IMG_0036_ergebnis.jpg\" alt=\"\" class=\"wp-image-323\" srcset=\"https:\/\/martins-reisen.de\/wp-content\/uploads\/2022\/05\/IMG_0036_ergebnis.jpg 450w, https:\/\/martins-reisen.de\/wp-content\/uploads\/2022\/05\/IMG_0036_ergebnis-225x300.jpg 225w\" sizes=\"auto, (max-width: 450px) 100vw, 450px\" \/><\/figure>\n\n\n\n<p>Von einem sehr sch\u00f6n restaurierten Bahnhof f\u00e4hrt eine Zahnradbahn auf den Gipfel<br>Die Z\u00fcge kommen aus der Schweiz, die Technik aus Deutschland<\/p>\n\n\n\n<figure class=\"wp-block-image size-full\"><img loading=\"lazy\" decoding=\"async\" width=\"450\" height=\"600\" src=\"http:\/\/martins-reisen.de\/wp-content\/uploads\/2022\/05\/IMG_0039_ergebnis.jpg\" alt=\"\" class=\"wp-image-324\" srcset=\"https:\/\/martins-reisen.de\/wp-content\/uploads\/2022\/05\/IMG_0039_ergebnis.jpg 450w, https:\/\/martins-reisen.de\/wp-content\/uploads\/2022\/05\/IMG_0039_ergebnis-225x300.jpg 225w\" sizes=\"auto, (max-width: 450px) 100vw, 450px\" \/><\/figure>\n\n\n\n<p>Diese Warnung ist nicht aus der Luft gegriffen:<br>Von Manitou Springs (ca. 2000 m) geht es in einer einst\u00fcndigen Fahrt auf 4200 m.<br>Das ist schon eine Hausnummer!<\/p>\n\n\n\n<figure class=\"wp-block-image size-full\"><img loading=\"lazy\" decoding=\"async\" width=\"800\" height=\"600\" src=\"http:\/\/martins-reisen.de\/wp-content\/uploads\/2022\/05\/IMG_0045_ergebnis.jpg\" alt=\"\" class=\"wp-image-329\" srcset=\"https:\/\/martins-reisen.de\/wp-content\/uploads\/2022\/05\/IMG_0045_ergebnis.jpg 800w, https:\/\/martins-reisen.de\/wp-content\/uploads\/2022\/05\/IMG_0045_ergebnis-300x225.jpg 300w, https:\/\/martins-reisen.de\/wp-content\/uploads\/2022\/05\/IMG_0045_ergebnis-768x576.jpg 768w\" sizes=\"auto, (max-width: 800px) 100vw, 800px\" \/><\/figure>\n\n\n\n<p>Und auch diese Warnung war kein Scherz: Ca. -5\u00b0C, durch den starken Wind gef\u00fchlte -15\u00b0C.<\/p>\n\n\n\n<figure class=\"wp-block-gallery has-nested-images columns-3 is-cropped wp-block-gallery-1 is-layout-flex wp-block-gallery-is-layout-flex\">\n<figure class=\"wp-block-image size-full\"><a href=\"http:\/\/martins-reisen.de\/wp-content\/uploads\/2022\/05\/IMG_0052_ergebnis.jpg\"><img loading=\"lazy\" decoding=\"async\" width=\"800\" height=\"600\" data-id=\"334\" src=\"http:\/\/martins-reisen.de\/wp-content\/uploads\/2022\/05\/IMG_0052_ergebnis.jpg\" alt=\"\" class=\"wp-image-334\" srcset=\"https:\/\/martins-reisen.de\/wp-content\/uploads\/2022\/05\/IMG_0052_ergebnis.jpg 800w, https:\/\/martins-reisen.de\/wp-content\/uploads\/2022\/05\/IMG_0052_ergebnis-300x225.jpg 300w, https:\/\/martins-reisen.de\/wp-content\/uploads\/2022\/05\/IMG_0052_ergebnis-768x576.jpg 768w\" sizes=\"auto, (max-width: 800px) 100vw, 800px\" \/><\/a><\/figure>\n\n\n\n<figure class=\"wp-block-image size-full\"><a href=\"http:\/\/martins-reisen.de\/wp-content\/uploads\/2022\/05\/IMG_0049_ergebnis.jpg\"><img loading=\"lazy\" decoding=\"async\" width=\"800\" height=\"600\" data-id=\"333\" src=\"http:\/\/martins-reisen.de\/wp-content\/uploads\/2022\/05\/IMG_0049_ergebnis.jpg\" alt=\"\" class=\"wp-image-333\" srcset=\"https:\/\/martins-reisen.de\/wp-content\/uploads\/2022\/05\/IMG_0049_ergebnis.jpg 800w, https:\/\/martins-reisen.de\/wp-content\/uploads\/2022\/05\/IMG_0049_ergebnis-300x225.jpg 300w, https:\/\/martins-reisen.de\/wp-content\/uploads\/2022\/05\/IMG_0049_ergebnis-768x576.jpg 768w\" sizes=\"auto, (max-width: 800px) 100vw, 800px\" \/><\/a><\/figure>\n\n\n\n<figure class=\"wp-block-image size-full\"><a href=\"http:\/\/martins-reisen.de\/wp-content\/uploads\/2022\/05\/IMG_0048_ergebnis.jpg\"><img loading=\"lazy\" decoding=\"async\" width=\"800\" height=\"600\" data-id=\"332\" src=\"http:\/\/martins-reisen.de\/wp-content\/uploads\/2022\/05\/IMG_0048_ergebnis.jpg\" alt=\"\" class=\"wp-image-332\" srcset=\"https:\/\/martins-reisen.de\/wp-content\/uploads\/2022\/05\/IMG_0048_ergebnis.jpg 800w, https:\/\/martins-reisen.de\/wp-content\/uploads\/2022\/05\/IMG_0048_ergebnis-300x225.jpg 300w, https:\/\/martins-reisen.de\/wp-content\/uploads\/2022\/05\/IMG_0048_ergebnis-768x576.jpg 768w\" sizes=\"auto, (max-width: 800px) 100vw, 800px\" \/><\/a><\/figure>\n<\/figure>\n\n\n\n<p>Man hat es nur ganz kurz im Freien ausgehalten, aber der Ausblick war einfach \u00fcberw\u00e4ltigend<\/p>\n\n\n\n<figure class=\"wp-block-gallery has-nested-images columns-3 is-cropped wp-block-gallery-2 is-layout-flex wp-block-gallery-is-layout-flex\">\n<figure class=\"wp-block-image size-full\"><a href=\"http:\/\/martins-reisen.de\/wp-content\/uploads\/2022\/05\/IMG_0047_ergebnis.jpg\"><img loading=\"lazy\" decoding=\"async\" width=\"800\" height=\"600\" data-id=\"331\" src=\"http:\/\/martins-reisen.de\/wp-content\/uploads\/2022\/05\/IMG_0047_ergebnis.jpg\" alt=\"\" class=\"wp-image-331\" srcset=\"https:\/\/martins-reisen.de\/wp-content\/uploads\/2022\/05\/IMG_0047_ergebnis.jpg 800w, https:\/\/martins-reisen.de\/wp-content\/uploads\/2022\/05\/IMG_0047_ergebnis-300x225.jpg 300w, https:\/\/martins-reisen.de\/wp-content\/uploads\/2022\/05\/IMG_0047_ergebnis-768x576.jpg 768w\" sizes=\"auto, (max-width: 800px) 100vw, 800px\" \/><\/a><\/figure>\n\n\n\n<figure class=\"wp-block-image size-full\"><a href=\"http:\/\/martins-reisen.de\/wp-content\/uploads\/2022\/05\/IMG_0046_ergebnis.jpg\"><img loading=\"lazy\" decoding=\"async\" width=\"800\" height=\"600\" data-id=\"330\" src=\"http:\/\/martins-reisen.de\/wp-content\/uploads\/2022\/05\/IMG_0046_ergebnis.jpg\" alt=\"\" class=\"wp-image-330\" srcset=\"https:\/\/martins-reisen.de\/wp-content\/uploads\/2022\/05\/IMG_0046_ergebnis.jpg 800w, https:\/\/martins-reisen.de\/wp-content\/uploads\/2022\/05\/IMG_0046_ergebnis-300x225.jpg 300w, https:\/\/martins-reisen.de\/wp-content\/uploads\/2022\/05\/IMG_0046_ergebnis-768x576.jpg 768w\" sizes=\"auto, (max-width: 800px) 100vw, 800px\" \/><\/a><\/figure>\n\n\n\n<figure class=\"wp-block-image size-full\"><a href=\"http:\/\/martins-reisen.de\/wp-content\/uploads\/2022\/05\/IMG_0041_ergebnis.jpg\"><img loading=\"lazy\" decoding=\"async\" width=\"800\" height=\"600\" data-id=\"326\" src=\"http:\/\/martins-reisen.de\/wp-content\/uploads\/2022\/05\/IMG_0041_ergebnis.jpg\" alt=\"\" class=\"wp-image-326\" srcset=\"https:\/\/martins-reisen.de\/wp-content\/uploads\/2022\/05\/IMG_0041_ergebnis.jpg 800w, https:\/\/martins-reisen.de\/wp-content\/uploads\/2022\/05\/IMG_0041_ergebnis-300x225.jpg 300w, https:\/\/martins-reisen.de\/wp-content\/uploads\/2022\/05\/IMG_0041_ergebnis-768x576.jpg 768w\" sizes=\"auto, (max-width: 800px) 100vw, 800px\" \/><\/a><\/figure>\n<\/figure>\n\n\n\n<figure class=\"wp-block-gallery has-nested-images columns-3 is-cropped wp-block-gallery-3 is-layout-flex wp-block-gallery-is-layout-flex\">\n<figure class=\"wp-block-image size-full\"><a href=\"http:\/\/martins-reisen.de\/wp-content\/uploads\/2022\/05\/IMG_0040_ergebnis.jpg\"><img loading=\"lazy\" decoding=\"async\" width=\"800\" height=\"600\" data-id=\"325\" src=\"http:\/\/martins-reisen.de\/wp-content\/uploads\/2022\/05\/IMG_0040_ergebnis.jpg\" alt=\"\" class=\"wp-image-325\" srcset=\"https:\/\/martins-reisen.de\/wp-content\/uploads\/2022\/05\/IMG_0040_ergebnis.jpg 800w, https:\/\/martins-reisen.de\/wp-content\/uploads\/2022\/05\/IMG_0040_ergebnis-300x225.jpg 300w, https:\/\/martins-reisen.de\/wp-content\/uploads\/2022\/05\/IMG_0040_ergebnis-768x576.jpg 768w\" sizes=\"auto, (max-width: 800px) 100vw, 800px\" \/><\/a><\/figure>\n\n\n\n<figure class=\"wp-block-image size-full\"><a href=\"http:\/\/martins-reisen.de\/wp-content\/uploads\/2022\/05\/IMG_0042_ergebnis.jpg\"><img loading=\"lazy\" decoding=\"async\" width=\"800\" height=\"600\" data-id=\"327\" src=\"http:\/\/martins-reisen.de\/wp-content\/uploads\/2022\/05\/IMG_0042_ergebnis.jpg\" alt=\"\" class=\"wp-image-327\" srcset=\"https:\/\/martins-reisen.de\/wp-content\/uploads\/2022\/05\/IMG_0042_ergebnis.jpg 800w, https:\/\/martins-reisen.de\/wp-content\/uploads\/2022\/05\/IMG_0042_ergebnis-300x225.jpg 300w, https:\/\/martins-reisen.de\/wp-content\/uploads\/2022\/05\/IMG_0042_ergebnis-768x576.jpg 768w\" sizes=\"auto, (max-width: 800px) 100vw, 800px\" \/><\/a><\/figure>\n\n\n\n<figure class=\"wp-block-image size-full\"><a href=\"http:\/\/martins-reisen.de\/wp-content\/uploads\/2022\/05\/IMG_0044_ergebnis.jpg\"><img loading=\"lazy\" decoding=\"async\" width=\"800\" height=\"600\" data-id=\"328\" src=\"http:\/\/martins-reisen.de\/wp-content\/uploads\/2022\/05\/IMG_0044_ergebnis.jpg\" alt=\"\" class=\"wp-image-328\" srcset=\"https:\/\/martins-reisen.de\/wp-content\/uploads\/2022\/05\/IMG_0044_ergebnis.jpg 800w, https:\/\/martins-reisen.de\/wp-content\/uploads\/2022\/05\/IMG_0044_ergebnis-300x225.jpg 300w, https:\/\/martins-reisen.de\/wp-content\/uploads\/2022\/05\/IMG_0044_ergebnis-768x576.jpg 768w\" sizes=\"auto, (max-width: 800px) 100vw, 800px\" \/><\/a><\/figure>\n<\/figure>\n\n\n\n<figure class=\"wp-block-image size-full\"><img loading=\"lazy\" decoding=\"async\" width=\"800\" height=\"600\" src=\"http:\/\/martins-reisen.de\/wp-content\/uploads\/2022\/05\/IMG_0053_ergebnis.jpg\" alt=\"\" class=\"wp-image-335\" srcset=\"https:\/\/martins-reisen.de\/wp-content\/uploads\/2022\/05\/IMG_0053_ergebnis.jpg 800w, https:\/\/martins-reisen.de\/wp-content\/uploads\/2022\/05\/IMG_0053_ergebnis-300x225.jpg 300w, https:\/\/martins-reisen.de\/wp-content\/uploads\/2022\/05\/IMG_0053_ergebnis-768x576.jpg 768w\" sizes=\"auto, (max-width: 800px) 100vw, 800px\" \/><\/figure>\n\n\n\n<p>Nicht die B\u00e4ume stehen schr\u00e4g, die Steigung der Zugstrecke ist so enorm<\/p>\n\n\n\n<h4 class=\"wp-block-heading\">Am n\u00e4chsten Tag ging es dann in den Park &#8222;Garden of the Gods&#8220; bei Colorado Springs<\/h4>\n\n\n\n<figure class=\"wp-block-gallery has-nested-images columns-3 is-cropped wp-block-gallery-4 is-layout-flex wp-block-gallery-is-layout-flex\">\n<figure class=\"wp-block-image size-full\"><a href=\"http:\/\/martins-reisen.de\/wp-content\/uploads\/2022\/05\/IMG_0056_ergebnis.jpg\"><img loading=\"lazy\" decoding=\"async\" width=\"800\" height=\"600\" data-id=\"337\" src=\"http:\/\/martins-reisen.de\/wp-content\/uploads\/2022\/05\/IMG_0056_ergebnis.jpg\" alt=\"\" class=\"wp-image-337\" srcset=\"https:\/\/martins-reisen.de\/wp-content\/uploads\/2022\/05\/IMG_0056_ergebnis.jpg 800w, https:\/\/martins-reisen.de\/wp-content\/uploads\/2022\/05\/IMG_0056_ergebnis-300x225.jpg 300w, https:\/\/martins-reisen.de\/wp-content\/uploads\/2022\/05\/IMG_0056_ergebnis-768x576.jpg 768w\" sizes=\"auto, (max-width: 800px) 100vw, 800px\" \/><\/a><\/figure>\n\n\n\n<figure class=\"wp-block-image size-full\"><a href=\"http:\/\/martins-reisen.de\/wp-content\/uploads\/2022\/05\/IMG_0054_ergebnis.jpg\"><img loading=\"lazy\" decoding=\"async\" width=\"800\" height=\"600\" data-id=\"336\" src=\"http:\/\/martins-reisen.de\/wp-content\/uploads\/2022\/05\/IMG_0054_ergebnis.jpg\" alt=\"\" class=\"wp-image-336\" srcset=\"https:\/\/martins-reisen.de\/wp-content\/uploads\/2022\/05\/IMG_0054_ergebnis.jpg 800w, https:\/\/martins-reisen.de\/wp-content\/uploads\/2022\/05\/IMG_0054_ergebnis-300x225.jpg 300w, https:\/\/martins-reisen.de\/wp-content\/uploads\/2022\/05\/IMG_0054_ergebnis-768x576.jpg 768w\" sizes=\"auto, (max-width: 800px) 100vw, 800px\" \/><\/a><\/figure>\n\n\n\n<figure class=\"wp-block-image size-full\"><a href=\"http:\/\/martins-reisen.de\/wp-content\/uploads\/2022\/05\/IMG_0060_ergebnis.jpg\"><img loading=\"lazy\" decoding=\"async\" width=\"800\" height=\"600\" data-id=\"339\" src=\"http:\/\/martins-reisen.de\/wp-content\/uploads\/2022\/05\/IMG_0060_ergebnis.jpg\" alt=\"\" class=\"wp-image-339\" srcset=\"https:\/\/martins-reisen.de\/wp-content\/uploads\/2022\/05\/IMG_0060_ergebnis.jpg 800w, https:\/\/martins-reisen.de\/wp-content\/uploads\/2022\/05\/IMG_0060_ergebnis-300x225.jpg 300w, https:\/\/martins-reisen.de\/wp-content\/uploads\/2022\/05\/IMG_0060_ergebnis-768x576.jpg 768w\" sizes=\"auto, (max-width: 800px) 100vw, 800px\" \/><\/a><\/figure>\n<\/figure>\n\n\n\n<p>Bei beiden Attraktionen war der Andrang enorm.<br>Am &#8222;Memorial Day&#8220; (dieses Jahr am 30.05.) beginnen die amerikanischen Sommerferien bis zum &#8222;Labor Day&#8220; (05.09.).<br>Aber wie schon bei fr\u00fcheren Erfahrungen: Alles war bestens organisiert.<\/p>\n\n\n\n<h3 class=\"wp-block-heading\"><a href=\"http:\/\/martins-reisen.de\/?page_id=369\" data-type=\"page\" data-id=\"369\">N\u00e4chste Seite<\/a><\/h3>\n","protected":false},"excerpt":{"rendered":"<p>Ausflug von Boulder nach Colorado Springs (ca. 150 km s\u00fcdlich von Boulder) Zusammen mit meiner alten Freundin Shelley habe ich einen Ausflug nach Colorado Springs gemacht.Hinzu \u00fcber eine sehr sch\u00f6ne kurvenreiche Strecke durch Pinienw\u00e4lder durch die Ausl\u00e4ufer der Rockies Ein Ziel war die Fahrt auf den Pike Peak, einen der 4000er in der Rockies-Kette Von &#8230; <a title=\"Colorado Springs\" class=\"read-more\" href=\"https:\/\/martins-reisen.de\/?page_id=321\" aria-label=\"Mehr Informationen \u00fcber Colorado Springs\">Weiterlesen<\/a><\/p>\n","protected":false},"author":1,"featured_media":0,"parent":0,"menu_order":8,"comment_status":"closed","ping_status":"closed","template":"","meta":{"ngg_post_thumbnail":0,"footnotes":""},"categories":[4],"tags":[],"class_list":{"0":"post-321","1":"page","2":"type-page","3":"status-publish","5":"category-nordamerika"},"_links":{"self":[{"href":"https:\/\/martins-reisen.de\/index.php?rest_route=\/wp\/v2\/pages\/321","targetHints":{"allow":["GET"]}}],"collection":[{"href":"https:\/\/martins-reisen.de\/index.php?rest_route=\/wp\/v2\/pages"}],"about":[{"href":"https:\/\/martins-reisen.de\/index.php?rest_route=\/wp\/v2\/types\/page"}],"author":[{"embeddable":true,"href":"https:\/\/martins-reisen.de\/index.php?rest_route=\/wp\/v2\/users\/1"}],"replies":[{"embeddable":true,"href":"https:\/\/martins-reisen.de\/index.php?rest_route=%2Fwp%2Fv2%2Fcomments&post=321"}],"version-history":[{"count":5,"href":"https:\/\/martins-reisen.de\/index.php?rest_route=\/wp\/v2\/pages\/321\/revisions"}],"predecessor-version":[{"id":1612,"href":"https:\/\/martins-reisen.de\/index.php?rest_route=\/wp\/v2\/pages\/321\/revisions\/1612"}],"wp:attachment":[{"href":"https:\/\/martins-reisen.de\/index.php?rest_route=%2Fwp%2Fv2%2Fmedia&parent=321"}],"wp:term":[{"taxonomy":"category","embeddable":true,"href":"https:\/\/martins-reisen.de\/index.php?rest_route=%2Fwp%2Fv2%2Fcategories&post=321"},{"taxonomy":"post_tag","embeddable":true,"href":"https:\/\/martins-reisen.de\/index.php?rest_route=%2Fwp%2Fv2%2Ftags&post=321"}],"curies":[{"name":"wp","href":"https:\/\/api.w.org\/{rel}","templated":true}]}}