{"id":301,"date":"2022-05-28T17:53:01","date_gmt":"2022-05-28T16:53:01","guid":{"rendered":"http:\/\/martins-reisen.de\/?p=301"},"modified":"2025-10-03T17:19:02","modified_gmt":"2025-10-03T16:19:02","slug":"boulder-denver","status":"publish","type":"page","link":"https:\/\/martins-reisen.de\/?page_id=301","title":{"rendered":"Boulder \/ Denver"},"content":{"rendered":"\n<h3 class=\"wp-block-heading\">Boulder geh\u00f6rt zum Gro\u00dfraum Denver<br>eine Universit\u00e4tsstadt (100.000 Einwohner, 20.000 Studenten)<br>sch\u00f6n gelegen am Fu\u00dfe der Rockies<\/h3>\n\n\n\n<p>Sehr sympathisch, wenn auch keine typische amerikanische Stadt<br>Hier verbringe ich ca 1 Woche bei einer alten guten Freundin bis am 01.06. Byby eintrifft zur Weiterreise in die NPs<\/p>\n\n\n\n<figure class=\"wp-block-image alignnone size-full wp-image-304\"><img loading=\"lazy\" decoding=\"async\" width=\"800\" height=\"600\" src=\"http:\/\/martins-reisen.de\/wp-content\/uploads\/2022\/05\/IMG_0016_ergebnis.jpg\" alt=\"\" class=\"wp-image-304\" srcset=\"https:\/\/martins-reisen.de\/wp-content\/uploads\/2022\/05\/IMG_0016_ergebnis.jpg 800w, https:\/\/martins-reisen.de\/wp-content\/uploads\/2022\/05\/IMG_0016_ergebnis-300x225.jpg 300w, https:\/\/martins-reisen.de\/wp-content\/uploads\/2022\/05\/IMG_0016_ergebnis-768x576.jpg 768w\" sizes=\"auto, (max-width: 800px) 100vw, 800px\" \/><figcaption class=\"wp-element-caption\">Sch\u00f6ner ruhiger Parkplatz vor dem Haus von ShelleySierra Nevada,<\/figcaption><\/figure>\n\n\n\n<p>Die Stadt bietet sehr viel gr\u00fcn<\/p>\n\n\n\n<figure class=\"wp-block-gallery has-nested-images columns-3 is-cropped wp-block-gallery-1 is-layout-flex wp-block-gallery-is-layout-flex\">\n<figure class=\"wp-block-image size-full\"><a href=\"http:\/\/martins-reisen.de\/wp-content\/uploads\/2022\/05\/IMG_0026_ergebnis.jpg\"><img loading=\"lazy\" decoding=\"async\" width=\"800\" height=\"600\" data-id=\"314\" src=\"http:\/\/martins-reisen.de\/wp-content\/uploads\/2022\/05\/IMG_0026_ergebnis.jpg\" alt=\"\" class=\"wp-image-314\" srcset=\"https:\/\/martins-reisen.de\/wp-content\/uploads\/2022\/05\/IMG_0026_ergebnis.jpg 800w, https:\/\/martins-reisen.de\/wp-content\/uploads\/2022\/05\/IMG_0026_ergebnis-300x225.jpg 300w, https:\/\/martins-reisen.de\/wp-content\/uploads\/2022\/05\/IMG_0026_ergebnis-768x576.jpg 768w\" sizes=\"auto, (max-width: 800px) 100vw, 800px\" \/><\/a><\/figure>\n\n\n\n<figure class=\"wp-block-image size-full\"><a href=\"http:\/\/martins-reisen.de\/wp-content\/uploads\/2022\/05\/IMG_0021_ergebnis.jpg\"><img loading=\"lazy\" decoding=\"async\" width=\"800\" height=\"600\" data-id=\"309\" src=\"http:\/\/martins-reisen.de\/wp-content\/uploads\/2022\/05\/IMG_0021_ergebnis.jpg\" alt=\"\" class=\"wp-image-309\" srcset=\"https:\/\/martins-reisen.de\/wp-content\/uploads\/2022\/05\/IMG_0021_ergebnis.jpg 800w, https:\/\/martins-reisen.de\/wp-content\/uploads\/2022\/05\/IMG_0021_ergebnis-300x225.jpg 300w, https:\/\/martins-reisen.de\/wp-content\/uploads\/2022\/05\/IMG_0021_ergebnis-768x576.jpg 768w\" sizes=\"auto, (max-width: 800px) 100vw, 800px\" \/><\/a><\/figure>\n\n\n\n<figure class=\"wp-block-image size-full\"><a href=\"http:\/\/martins-reisen.de\/wp-content\/uploads\/2022\/05\/IMG_0017_ergebnis.jpg\"><img loading=\"lazy\" decoding=\"async\" width=\"800\" height=\"600\" data-id=\"305\" src=\"http:\/\/martins-reisen.de\/wp-content\/uploads\/2022\/05\/IMG_0017_ergebnis.jpg\" alt=\"\" class=\"wp-image-305\" srcset=\"https:\/\/martins-reisen.de\/wp-content\/uploads\/2022\/05\/IMG_0017_ergebnis.jpg 800w, https:\/\/martins-reisen.de\/wp-content\/uploads\/2022\/05\/IMG_0017_ergebnis-300x225.jpg 300w, https:\/\/martins-reisen.de\/wp-content\/uploads\/2022\/05\/IMG_0017_ergebnis-768x576.jpg 768w\" sizes=\"auto, (max-width: 800px) 100vw, 800px\" \/><\/a><\/figure>\n<\/figure>\n\n\n\n<p>In der Innenstadt gibt es architektonisch geschmackvolle Geb\u00e4ude, auch eine Fu\u00dfg\u00e4ngerzone<\/p>\n\n\n\n<figure class=\"wp-block-gallery has-nested-images columns-3 is-cropped wp-block-gallery-2 is-layout-flex wp-block-gallery-is-layout-flex\">\n<figure class=\"wp-block-image size-full\"><a href=\"http:\/\/martins-reisen.de\/wp-content\/uploads\/2022\/05\/IMG_0021_ergebnis.jpg\"><img loading=\"lazy\" decoding=\"async\" width=\"800\" height=\"600\" data-id=\"309\" src=\"http:\/\/martins-reisen.de\/wp-content\/uploads\/2022\/05\/IMG_0021_ergebnis.jpg\" alt=\"\" class=\"wp-image-309\" srcset=\"https:\/\/martins-reisen.de\/wp-content\/uploads\/2022\/05\/IMG_0021_ergebnis.jpg 800w, https:\/\/martins-reisen.de\/wp-content\/uploads\/2022\/05\/IMG_0021_ergebnis-300x225.jpg 300w, https:\/\/martins-reisen.de\/wp-content\/uploads\/2022\/05\/IMG_0021_ergebnis-768x576.jpg 768w\" sizes=\"auto, (max-width: 800px) 100vw, 800px\" \/><\/a><\/figure>\n\n\n\n<figure class=\"wp-block-image size-full\"><a href=\"http:\/\/martins-reisen.de\/wp-content\/uploads\/2022\/05\/IMG_0018_ergebnis.jpg\"><img loading=\"lazy\" decoding=\"async\" width=\"450\" height=\"600\" data-id=\"306\" src=\"http:\/\/martins-reisen.de\/wp-content\/uploads\/2022\/05\/IMG_0018_ergebnis.jpg\" alt=\"\" class=\"wp-image-306\" srcset=\"https:\/\/martins-reisen.de\/wp-content\/uploads\/2022\/05\/IMG_0018_ergebnis.jpg 450w, https:\/\/martins-reisen.de\/wp-content\/uploads\/2022\/05\/IMG_0018_ergebnis-225x300.jpg 225w\" sizes=\"auto, (max-width: 450px) 100vw, 450px\" \/><\/a><\/figure>\n\n\n\n<figure class=\"wp-block-image size-full\"><a href=\"http:\/\/martins-reisen.de\/wp-content\/uploads\/2022\/05\/IMG_0020_ergebnis.jpg\"><img loading=\"lazy\" decoding=\"async\" width=\"800\" height=\"600\" data-id=\"308\" src=\"http:\/\/martins-reisen.de\/wp-content\/uploads\/2022\/05\/IMG_0020_ergebnis.jpg\" alt=\"\" class=\"wp-image-308\" srcset=\"https:\/\/martins-reisen.de\/wp-content\/uploads\/2022\/05\/IMG_0020_ergebnis.jpg 800w, https:\/\/martins-reisen.de\/wp-content\/uploads\/2022\/05\/IMG_0020_ergebnis-300x225.jpg 300w, https:\/\/martins-reisen.de\/wp-content\/uploads\/2022\/05\/IMG_0020_ergebnis-768x576.jpg 768w\" sizes=\"auto, (max-width: 800px) 100vw, 800px\" \/><\/a><\/figure>\n<\/figure>\n\n\n\n<p>Die Stadt ist gepr\u00e4gt vom Studentenleben: viele Kneipen, Restaurants, Buchl\u00e4den;<br>Man sieht nur wenig dicke Menschen, daf\u00fcr viele passionierte Radfahrer; es herrscht ein gewisser Fitnesswahn;<br>Und, anscheinend ist auch viel Geld in der Stadt: Jede Menge Lexus, Audis, BMWs<\/p>\n\n\n\n<figure class=\"wp-block-image size-full\"><img loading=\"lazy\" decoding=\"async\" width=\"800\" height=\"600\" src=\"http:\/\/martins-reisen.de\/wp-content\/uploads\/2022\/05\/IMG_0028_ergebnis.jpg\" alt=\"\" class=\"wp-image-316\" srcset=\"https:\/\/martins-reisen.de\/wp-content\/uploads\/2022\/05\/IMG_0028_ergebnis.jpg 800w, https:\/\/martins-reisen.de\/wp-content\/uploads\/2022\/05\/IMG_0028_ergebnis-300x225.jpg 300w, https:\/\/martins-reisen.de\/wp-content\/uploads\/2022\/05\/IMG_0028_ergebnis-768x576.jpg 768w\" sizes=\"auto, (max-width: 800px) 100vw, 800px\" \/><\/figure>\n\n\n\n<p>Die Lage ist traumhaft: Unmittelbar am Stadtrand geht es steil hoch in die sog. Foothills (die Vorberge zur Rockies-Hauptkette),<br>mit Pienienw\u00e4ldern und tollen Ausblicken<\/p>\n\n\n\n<figure class=\"wp-block-gallery has-nested-images columns-3 is-cropped wp-block-gallery-3 is-layout-flex wp-block-gallery-is-layout-flex\">\n<figure class=\"wp-block-image size-full\"><a href=\"http:\/\/martins-reisen.de\/wp-content\/uploads\/2022\/05\/IMG_0024_ergebnis.jpg\"><img loading=\"lazy\" decoding=\"async\" width=\"800\" height=\"600\" data-id=\"312\" src=\"http:\/\/martins-reisen.de\/wp-content\/uploads\/2022\/05\/IMG_0024_ergebnis.jpg\" alt=\"\" class=\"wp-image-312\" srcset=\"https:\/\/martins-reisen.de\/wp-content\/uploads\/2022\/05\/IMG_0024_ergebnis.jpg 800w, https:\/\/martins-reisen.de\/wp-content\/uploads\/2022\/05\/IMG_0024_ergebnis-300x225.jpg 300w, https:\/\/martins-reisen.de\/wp-content\/uploads\/2022\/05\/IMG_0024_ergebnis-768x576.jpg 768w\" sizes=\"auto, (max-width: 800px) 100vw, 800px\" \/><\/a><\/figure>\n\n\n\n<figure class=\"wp-block-image size-full\"><a href=\"http:\/\/martins-reisen.de\/wp-content\/uploads\/2022\/05\/IMG_0025_ergebnis.jpg\"><img loading=\"lazy\" decoding=\"async\" width=\"800\" height=\"600\" data-id=\"313\" src=\"http:\/\/martins-reisen.de\/wp-content\/uploads\/2022\/05\/IMG_0025_ergebnis.jpg\" alt=\"\" class=\"wp-image-313\" srcset=\"https:\/\/martins-reisen.de\/wp-content\/uploads\/2022\/05\/IMG_0025_ergebnis.jpg 800w, https:\/\/martins-reisen.de\/wp-content\/uploads\/2022\/05\/IMG_0025_ergebnis-300x225.jpg 300w, https:\/\/martins-reisen.de\/wp-content\/uploads\/2022\/05\/IMG_0025_ergebnis-768x576.jpg 768w\" sizes=\"auto, (max-width: 800px) 100vw, 800px\" \/><\/a><\/figure>\n\n\n\n<figure class=\"wp-block-image size-full\"><a href=\"http:\/\/martins-reisen.de\/wp-content\/uploads\/2022\/05\/IMG_0022_ergebnis.jpg\"><img loading=\"lazy\" decoding=\"async\" width=\"800\" height=\"600\" data-id=\"310\" src=\"http:\/\/martins-reisen.de\/wp-content\/uploads\/2022\/05\/IMG_0022_ergebnis.jpg\" alt=\"\" class=\"wp-image-310\" srcset=\"https:\/\/martins-reisen.de\/wp-content\/uploads\/2022\/05\/IMG_0022_ergebnis.jpg 800w, https:\/\/martins-reisen.de\/wp-content\/uploads\/2022\/05\/IMG_0022_ergebnis-300x225.jpg 300w, https:\/\/martins-reisen.de\/wp-content\/uploads\/2022\/05\/IMG_0022_ergebnis-768x576.jpg 768w\" sizes=\"auto, (max-width: 800px) 100vw, 800px\" \/><\/a><\/figure>\n<\/figure>\n\n\n\n<h3 class=\"wp-block-heading\"><a href=\"http:\/\/martins-reisen.de\/?page_id=321\" data-type=\"page\" data-id=\"321\">N\u00e4chste Seite<\/a><\/h3>\n","protected":false},"excerpt":{"rendered":"<p>Boulder geh\u00f6rt zum Gro\u00dfraum Denvereine Universit\u00e4tsstadt (100.000 Einwohner, 20.000 Studenten)sch\u00f6n gelegen am Fu\u00dfe der Rockies Sehr sympathisch, wenn auch keine typische amerikanische StadtHier verbringe ich ca 1 Woche bei einer alten guten Freundin bis am 01.06. Byby eintrifft zur Weiterreise in die NPs Die Stadt bietet sehr viel gr\u00fcn In der Innenstadt gibt es architektonisch &#8230; <a title=\"Boulder \/ Denver\" class=\"read-more\" href=\"https:\/\/martins-reisen.de\/?page_id=301\" aria-label=\"Mehr Informationen \u00fcber Boulder \/ Denver\">Weiterlesen<\/a><\/p>\n","protected":false},"author":1,"featured_media":0,"parent":0,"menu_order":7,"comment_status":"closed","ping_status":"closed","template":"","meta":{"ngg_post_thumbnail":0,"footnotes":""},"categories":[4],"tags":[],"class_list":{"0":"post-301","1":"page","2":"type-page","3":"status-publish","5":"category-nordamerika"},"_links":{"self":[{"href":"https:\/\/martins-reisen.de\/index.php?rest_route=\/wp\/v2\/pages\/301","targetHints":{"allow":["GET"]}}],"collection":[{"href":"https:\/\/martins-reisen.de\/index.php?rest_route=\/wp\/v2\/pages"}],"about":[{"href":"https:\/\/martins-reisen.de\/index.php?rest_route=\/wp\/v2\/types\/page"}],"author":[{"embeddable":true,"href":"https:\/\/martins-reisen.de\/index.php?rest_route=\/wp\/v2\/users\/1"}],"replies":[{"embeddable":true,"href":"https:\/\/martins-reisen.de\/index.php?rest_route=%2Fwp%2Fv2%2Fcomments&post=301"}],"version-history":[{"count":5,"href":"https:\/\/martins-reisen.de\/index.php?rest_route=\/wp\/v2\/pages\/301\/revisions"}],"predecessor-version":[{"id":1610,"href":"https:\/\/martins-reisen.de\/index.php?rest_route=\/wp\/v2\/pages\/301\/revisions\/1610"}],"wp:attachment":[{"href":"https:\/\/martins-reisen.de\/index.php?rest_route=%2Fwp%2Fv2%2Fmedia&parent=301"}],"wp:term":[{"taxonomy":"category","embeddable":true,"href":"https:\/\/martins-reisen.de\/index.php?rest_route=%2Fwp%2Fv2%2Fcategories&post=301"},{"taxonomy":"post_tag","embeddable":true,"href":"https:\/\/martins-reisen.de\/index.php?rest_route=%2Fwp%2Fv2%2Ftags&post=301"}],"curies":[{"name":"wp","href":"https:\/\/api.w.org\/{rel}","templated":true}]}}