{"id":253,"date":"2022-05-25T00:02:09","date_gmt":"2022-05-24T23:02:09","guid":{"rendered":"http:\/\/martins-reisen.de\/?p=253"},"modified":"2025-10-03T17:18:17","modified_gmt":"2025-10-03T16:18:17","slug":"von-niagara-nach-denver","status":"publish","type":"page","link":"https:\/\/martins-reisen.de\/?page_id=253","title":{"rendered":"Von Niagara nach Denver"},"content":{"rendered":"\n<h3 class=\"wp-block-heading\">Ca. 2500 km, davon ca 2000 km nur Farmland<br>durch die Bundesstaaten:<br>New York State, Pennsylvania, Ohio, Indiana, Illinois, Iowa, Nebraska, Colorado<\/h3>\n\n\n\n<p>Wir sind fast nur Bundesstra\u00dfen gefahren und haben die Interstates (Autobahnen) gemieden.<br>So konnten wir das Land viel besser erleben, kamen auch durch kleine St\u00e4dte und D\u00f6rfer.<br>Aber das zieht sich!<\/p>\n\n\n\n<p>Die Beschilderung ist gut, die Verkehrsregeln klar.<br>Im Unterschied zu uns richtet man sich weniger an den Ortsnamen, sondern an den Star\u00dfen-Nummern und der Himmelsrichtung<\/p>\n\n\n\n<figure class=\"wp-block-gallery has-nested-images columns-3 is-cropped wp-block-gallery-1 is-layout-flex wp-block-gallery-is-layout-flex\">\n<figure class=\"wp-block-image size-full\"><a href=\"http:\/\/martins-reisen.de\/wp-content\/uploads\/2022\/05\/IMG_9840_ergebnis.jpg\"><img loading=\"lazy\" decoding=\"async\" width=\"800\" height=\"533\" data-id=\"286\" src=\"http:\/\/martins-reisen.de\/wp-content\/uploads\/2022\/05\/IMG_9840_ergebnis.jpg\" alt=\"\" class=\"wp-image-286\" srcset=\"https:\/\/martins-reisen.de\/wp-content\/uploads\/2022\/05\/IMG_9840_ergebnis.jpg 800w, https:\/\/martins-reisen.de\/wp-content\/uploads\/2022\/05\/IMG_9840_ergebnis-300x200.jpg 300w, https:\/\/martins-reisen.de\/wp-content\/uploads\/2022\/05\/IMG_9840_ergebnis-768x512.jpg 768w\" sizes=\"auto, (max-width: 800px) 100vw, 800px\" \/><\/a><\/figure>\n\n\n\n<figure class=\"wp-block-image size-full\"><a href=\"http:\/\/martins-reisen.de\/wp-content\/uploads\/2022\/05\/20220524_145611_ergebnis.jpg\"><img loading=\"lazy\" decoding=\"async\" width=\"800\" height=\"600\" data-id=\"265\" src=\"http:\/\/martins-reisen.de\/wp-content\/uploads\/2022\/05\/20220524_145611_ergebnis.jpg\" alt=\"\" class=\"wp-image-265\" srcset=\"https:\/\/martins-reisen.de\/wp-content\/uploads\/2022\/05\/20220524_145611_ergebnis.jpg 800w, https:\/\/martins-reisen.de\/wp-content\/uploads\/2022\/05\/20220524_145611_ergebnis-300x225.jpg 300w, https:\/\/martins-reisen.de\/wp-content\/uploads\/2022\/05\/20220524_145611_ergebnis-768x576.jpg 768w\" sizes=\"auto, (max-width: 800px) 100vw, 800px\" \/><\/a><\/figure>\n\n\n\n<figure class=\"wp-block-image size-full\"><a href=\"http:\/\/martins-reisen.de\/wp-content\/uploads\/2022\/05\/IMG_9889_ergebnis.jpg\"><img loading=\"lazy\" decoding=\"async\" width=\"800\" height=\"533\" data-id=\"293\" src=\"http:\/\/martins-reisen.de\/wp-content\/uploads\/2022\/05\/IMG_9889_ergebnis.jpg\" alt=\"\" class=\"wp-image-293\" srcset=\"https:\/\/martins-reisen.de\/wp-content\/uploads\/2022\/05\/IMG_9889_ergebnis.jpg 800w, https:\/\/martins-reisen.de\/wp-content\/uploads\/2022\/05\/IMG_9889_ergebnis-300x200.jpg 300w, https:\/\/martins-reisen.de\/wp-content\/uploads\/2022\/05\/IMG_9889_ergebnis-768x512.jpg 768w\" sizes=\"auto, (max-width: 800px) 100vw, 800px\" \/><\/a><\/figure>\n<\/figure>\n\n\n\n<p>Die St\u00e4dte wie gehabt: Irgendwie zersiedelt, sehr weitl\u00e4ufig; an den Ein- und Ausfallstra\u00dfen v\u00f6llig \u00fcberdimensionierte Einkaufszentren.<\/p>\n\n\n\n<figure class=\"wp-block-gallery has-nested-images columns-3 is-cropped wp-block-gallery-2 is-layout-flex wp-block-gallery-is-layout-flex\">\n<figure class=\"wp-block-image size-full\"><a href=\"http:\/\/martins-reisen.de\/wp-content\/uploads\/2022\/05\/20220524_145811_ergebnis.jpg\"><img loading=\"lazy\" decoding=\"async\" width=\"800\" height=\"600\" data-id=\"266\" src=\"http:\/\/martins-reisen.de\/wp-content\/uploads\/2022\/05\/20220524_145811_ergebnis.jpg\" alt=\"\" class=\"wp-image-266\" srcset=\"https:\/\/martins-reisen.de\/wp-content\/uploads\/2022\/05\/20220524_145811_ergebnis.jpg 800w, https:\/\/martins-reisen.de\/wp-content\/uploads\/2022\/05\/20220524_145811_ergebnis-300x225.jpg 300w, https:\/\/martins-reisen.de\/wp-content\/uploads\/2022\/05\/20220524_145811_ergebnis-768x576.jpg 768w\" sizes=\"auto, (max-width: 800px) 100vw, 800px\" \/><\/a><\/figure>\n\n\n\n<figure class=\"wp-block-image size-full\"><a href=\"http:\/\/martins-reisen.de\/wp-content\/uploads\/2022\/05\/IMG_9887_ergebnis.jpg\"><img loading=\"lazy\" decoding=\"async\" width=\"800\" height=\"533\" data-id=\"292\" src=\"http:\/\/martins-reisen.de\/wp-content\/uploads\/2022\/05\/IMG_9887_ergebnis.jpg\" alt=\"\" class=\"wp-image-292\" srcset=\"https:\/\/martins-reisen.de\/wp-content\/uploads\/2022\/05\/IMG_9887_ergebnis.jpg 800w, https:\/\/martins-reisen.de\/wp-content\/uploads\/2022\/05\/IMG_9887_ergebnis-300x200.jpg 300w, https:\/\/martins-reisen.de\/wp-content\/uploads\/2022\/05\/IMG_9887_ergebnis-768x512.jpg 768w\" sizes=\"auto, (max-width: 800px) 100vw, 800px\" \/><\/a><\/figure>\n\n\n\n<figure class=\"wp-block-image size-full\"><a href=\"http:\/\/martins-reisen.de\/wp-content\/uploads\/2022\/05\/IMG_9877_ergebnis.jpg\"><img loading=\"lazy\" decoding=\"async\" width=\"800\" height=\"533\" data-id=\"290\" src=\"http:\/\/martins-reisen.de\/wp-content\/uploads\/2022\/05\/IMG_9877_ergebnis.jpg\" alt=\"\" class=\"wp-image-290\" srcset=\"https:\/\/martins-reisen.de\/wp-content\/uploads\/2022\/05\/IMG_9877_ergebnis.jpg 800w, https:\/\/martins-reisen.de\/wp-content\/uploads\/2022\/05\/IMG_9877_ergebnis-300x200.jpg 300w, https:\/\/martins-reisen.de\/wp-content\/uploads\/2022\/05\/IMG_9877_ergebnis-768x512.jpg 768w\" sizes=\"auto, (max-width: 800px) 100vw, 800px\" \/><\/a><\/figure>\n<\/figure>\n\n\n\n<p>Und, wie gesagt, eine Farm neben der anderen, endlose Felder, gigantische Silos.<br>Hier kann man gut nachvollziehen, dass die USA der gr\u00f6\u00dfte Nahrungsmittelexporteur der Welt sind.<\/p>\n\n\n\n<figure class=\"wp-block-gallery has-nested-images columns-3 is-cropped wp-block-gallery-3 is-layout-flex wp-block-gallery-is-layout-flex\">\n<figure class=\"wp-block-image size-full\"><a href=\"http:\/\/martins-reisen.de\/wp-content\/uploads\/2022\/05\/IMG_9794_ergebnis.jpg\"><img loading=\"lazy\" decoding=\"async\" width=\"800\" height=\"533\" data-id=\"281\" src=\"http:\/\/martins-reisen.de\/wp-content\/uploads\/2022\/05\/IMG_9794_ergebnis.jpg\" alt=\"\" class=\"wp-image-281\" srcset=\"https:\/\/martins-reisen.de\/wp-content\/uploads\/2022\/05\/IMG_9794_ergebnis.jpg 800w, https:\/\/martins-reisen.de\/wp-content\/uploads\/2022\/05\/IMG_9794_ergebnis-300x200.jpg 300w, https:\/\/martins-reisen.de\/wp-content\/uploads\/2022\/05\/IMG_9794_ergebnis-768x512.jpg 768w\" sizes=\"auto, (max-width: 800px) 100vw, 800px\" \/><\/a><\/figure>\n\n\n\n<figure class=\"wp-block-image size-full\"><a href=\"http:\/\/martins-reisen.de\/wp-content\/uploads\/2022\/05\/IMG_9768_ergebnis.jpg\"><img loading=\"lazy\" decoding=\"async\" width=\"800\" height=\"533\" data-id=\"279\" src=\"http:\/\/martins-reisen.de\/wp-content\/uploads\/2022\/05\/IMG_9768_ergebnis.jpg\" alt=\"\" class=\"wp-image-279\" srcset=\"https:\/\/martins-reisen.de\/wp-content\/uploads\/2022\/05\/IMG_9768_ergebnis.jpg 800w, https:\/\/martins-reisen.de\/wp-content\/uploads\/2022\/05\/IMG_9768_ergebnis-300x200.jpg 300w, https:\/\/martins-reisen.de\/wp-content\/uploads\/2022\/05\/IMG_9768_ergebnis-768x512.jpg 768w\" sizes=\"auto, (max-width: 800px) 100vw, 800px\" \/><\/a><\/figure>\n\n\n\n<figure class=\"wp-block-image size-full\"><a href=\"http:\/\/martins-reisen.de\/wp-content\/uploads\/2022\/05\/IMG_9869_ergebnis.jpg\"><img loading=\"lazy\" decoding=\"async\" width=\"800\" height=\"533\" data-id=\"289\" src=\"http:\/\/martins-reisen.de\/wp-content\/uploads\/2022\/05\/IMG_9869_ergebnis.jpg\" alt=\"\" class=\"wp-image-289\" srcset=\"https:\/\/martins-reisen.de\/wp-content\/uploads\/2022\/05\/IMG_9869_ergebnis.jpg 800w, https:\/\/martins-reisen.de\/wp-content\/uploads\/2022\/05\/IMG_9869_ergebnis-300x200.jpg 300w, https:\/\/martins-reisen.de\/wp-content\/uploads\/2022\/05\/IMG_9869_ergebnis-768x512.jpg 768w\" sizes=\"auto, (max-width: 800px) 100vw, 800px\" \/><\/a><\/figure>\n<\/figure>\n\n\n\n<p>Nur anfangs, im n\u00f6rdlichen Pennsylvania, sch\u00f6ne h\u00fcgelige Waldlandschaft im Tal des Allegheny River<\/p>\n\n\n\n<p>Erst im westlichen Nebraska wurde das Land h\u00fcgeliger und die Felder wechselten zu Viehweiden<\/p>\n\n\n\n<p>Beim \u00dcbernachten haben wir einen gewissen Rhythmus gefunden: Abwechselnd Walmart und bevorzugt State Campgrounds (oft unter 20$)<\/p>\n\n\n\n<figure class=\"wp-block-gallery has-nested-images columns-3 is-cropped wp-block-gallery-4 is-layout-flex wp-block-gallery-is-layout-flex\">\n<figure class=\"wp-block-image size-full\"><a href=\"http:\/\/martins-reisen.de\/wp-content\/uploads\/2022\/05\/IMG_9695_ergebnis.jpg\"><img loading=\"lazy\" decoding=\"async\" width=\"800\" height=\"533\" data-id=\"272\" src=\"http:\/\/martins-reisen.de\/wp-content\/uploads\/2022\/05\/IMG_9695_ergebnis.jpg\" alt=\"\" class=\"wp-image-272\" srcset=\"https:\/\/martins-reisen.de\/wp-content\/uploads\/2022\/05\/IMG_9695_ergebnis.jpg 800w, https:\/\/martins-reisen.de\/wp-content\/uploads\/2022\/05\/IMG_9695_ergebnis-300x200.jpg 300w, https:\/\/martins-reisen.de\/wp-content\/uploads\/2022\/05\/IMG_9695_ergebnis-768x512.jpg 768w\" sizes=\"auto, (max-width: 800px) 100vw, 800px\" \/><\/a><\/figure>\n\n\n\n<figure class=\"wp-block-image size-full\"><a href=\"http:\/\/martins-reisen.de\/wp-content\/uploads\/2022\/05\/IMG_9657_ergebnis.jpg\"><img loading=\"lazy\" decoding=\"async\" width=\"800\" height=\"533\" data-id=\"270\" src=\"http:\/\/martins-reisen.de\/wp-content\/uploads\/2022\/05\/IMG_9657_ergebnis.jpg\" alt=\"\" class=\"wp-image-270\" srcset=\"https:\/\/martins-reisen.de\/wp-content\/uploads\/2022\/05\/IMG_9657_ergebnis.jpg 800w, https:\/\/martins-reisen.de\/wp-content\/uploads\/2022\/05\/IMG_9657_ergebnis-300x200.jpg 300w, https:\/\/martins-reisen.de\/wp-content\/uploads\/2022\/05\/IMG_9657_ergebnis-768x512.jpg 768w\" sizes=\"auto, (max-width: 800px) 100vw, 800px\" \/><\/a><\/figure>\n\n\n\n<figure class=\"wp-block-image size-full\"><a href=\"http:\/\/martins-reisen.de\/wp-content\/uploads\/2022\/05\/20220519_175624_ergebnis.jpg\"><img loading=\"lazy\" decoding=\"async\" width=\"800\" height=\"600\" data-id=\"257\" src=\"http:\/\/martins-reisen.de\/wp-content\/uploads\/2022\/05\/20220519_175624_ergebnis.jpg\" alt=\"\" class=\"wp-image-257\" srcset=\"https:\/\/martins-reisen.de\/wp-content\/uploads\/2022\/05\/20220519_175624_ergebnis.jpg 800w, https:\/\/martins-reisen.de\/wp-content\/uploads\/2022\/05\/20220519_175624_ergebnis-300x225.jpg 300w, https:\/\/martins-reisen.de\/wp-content\/uploads\/2022\/05\/20220519_175624_ergebnis-768x576.jpg 768w\" sizes=\"auto, (max-width: 800px) 100vw, 800px\" \/><\/a><\/figure>\n<\/figure>\n\n\n\n<p>Und nat\u00fcrlich immer wieder die Au\u00dfenk\u00fcche im Einsatz (danke, Thomas):<\/p>\n\n\n\n<figure class=\"wp-block-gallery has-nested-images columns-2 is-cropped wp-block-gallery-5 is-layout-flex wp-block-gallery-is-layout-flex\">\n<figure class=\"wp-block-image size-full\"><a href=\"http:\/\/martins-reisen.de\/wp-content\/uploads\/2022\/05\/IMG_9653_ergebnis.jpg\"><img loading=\"lazy\" decoding=\"async\" width=\"800\" height=\"533\" data-id=\"268\" src=\"http:\/\/martins-reisen.de\/wp-content\/uploads\/2022\/05\/IMG_9653_ergebnis.jpg\" alt=\"\" class=\"wp-image-268\" srcset=\"https:\/\/martins-reisen.de\/wp-content\/uploads\/2022\/05\/IMG_9653_ergebnis.jpg 800w, https:\/\/martins-reisen.de\/wp-content\/uploads\/2022\/05\/IMG_9653_ergebnis-300x200.jpg 300w, https:\/\/martins-reisen.de\/wp-content\/uploads\/2022\/05\/IMG_9653_ergebnis-768x512.jpg 768w\" sizes=\"auto, (max-width: 800px) 100vw, 800px\" \/><\/a><\/figure>\n\n\n\n<figure class=\"wp-block-image size-full\"><a href=\"http:\/\/martins-reisen.de\/wp-content\/uploads\/2022\/05\/IMG_9644_ergebnis.jpg\"><img loading=\"lazy\" decoding=\"async\" width=\"800\" height=\"533\" data-id=\"267\" src=\"http:\/\/martins-reisen.de\/wp-content\/uploads\/2022\/05\/IMG_9644_ergebnis.jpg\" alt=\"\" class=\"wp-image-267\" srcset=\"https:\/\/martins-reisen.de\/wp-content\/uploads\/2022\/05\/IMG_9644_ergebnis.jpg 800w, https:\/\/martins-reisen.de\/wp-content\/uploads\/2022\/05\/IMG_9644_ergebnis-300x200.jpg 300w, https:\/\/martins-reisen.de\/wp-content\/uploads\/2022\/05\/IMG_9644_ergebnis-768x512.jpg 768w\" sizes=\"auto, (max-width: 800px) 100vw, 800px\" \/><\/a><\/figure>\n<\/figure>\n\n\n\n<p>Die Mittagspause:<\/p>\n\n\n\n<figure class=\"wp-block-gallery has-nested-images columns-3 is-cropped wp-block-gallery-6 is-layout-flex wp-block-gallery-is-layout-flex\">\n<figure class=\"wp-block-image size-full\"><a href=\"http:\/\/martins-reisen.de\/wp-content\/uploads\/2022\/05\/IMG_9905_ergebnis.jpg\"><img loading=\"lazy\" decoding=\"async\" width=\"800\" height=\"533\" data-id=\"295\" src=\"http:\/\/martins-reisen.de\/wp-content\/uploads\/2022\/05\/IMG_9905_ergebnis.jpg\" alt=\"\" class=\"wp-image-295\" srcset=\"https:\/\/martins-reisen.de\/wp-content\/uploads\/2022\/05\/IMG_9905_ergebnis.jpg 800w, https:\/\/martins-reisen.de\/wp-content\/uploads\/2022\/05\/IMG_9905_ergebnis-300x200.jpg 300w, https:\/\/martins-reisen.de\/wp-content\/uploads\/2022\/05\/IMG_9905_ergebnis-768x512.jpg 768w\" sizes=\"auto, (max-width: 800px) 100vw, 800px\" \/><\/a><\/figure>\n\n\n\n<figure class=\"wp-block-image size-full\"><a href=\"http:\/\/martins-reisen.de\/wp-content\/uploads\/2022\/05\/IMG_9815_ergebnis.jpg\"><img loading=\"lazy\" decoding=\"async\" width=\"800\" height=\"533\" data-id=\"283\" src=\"http:\/\/martins-reisen.de\/wp-content\/uploads\/2022\/05\/IMG_9815_ergebnis.jpg\" alt=\"\" class=\"wp-image-283\" srcset=\"https:\/\/martins-reisen.de\/wp-content\/uploads\/2022\/05\/IMG_9815_ergebnis.jpg 800w, https:\/\/martins-reisen.de\/wp-content\/uploads\/2022\/05\/IMG_9815_ergebnis-300x200.jpg 300w, https:\/\/martins-reisen.de\/wp-content\/uploads\/2022\/05\/IMG_9815_ergebnis-768x512.jpg 768w\" sizes=\"auto, (max-width: 800px) 100vw, 800px\" \/><\/a><\/figure>\n\n\n\n<figure class=\"wp-block-image size-full\"><a href=\"http:\/\/martins-reisen.de\/wp-content\/uploads\/2022\/05\/IMG_9821_ergebnis.jpg\"><img loading=\"lazy\" decoding=\"async\" width=\"800\" height=\"533\" data-id=\"284\" src=\"http:\/\/martins-reisen.de\/wp-content\/uploads\/2022\/05\/IMG_9821_ergebnis.jpg\" alt=\"\" class=\"wp-image-284\" srcset=\"https:\/\/martins-reisen.de\/wp-content\/uploads\/2022\/05\/IMG_9821_ergebnis.jpg 800w, https:\/\/martins-reisen.de\/wp-content\/uploads\/2022\/05\/IMG_9821_ergebnis-300x200.jpg 300w, https:\/\/martins-reisen.de\/wp-content\/uploads\/2022\/05\/IMG_9821_ergebnis-768x512.jpg 768w\" sizes=\"auto, (max-width: 800px) 100vw, 800px\" \/><\/a><\/figure>\n<\/figure>\n\n\n\n<p>Und alles nur im XXL-Format: Die Getr\u00e4nke, die LKWs, die Wohnanh\u00e4nger, die Z\u00fcge und last not least die Leute<\/p>\n\n\n\n<figure class=\"wp-block-gallery has-nested-images columns-3 is-cropped wp-block-gallery-7 is-layout-flex wp-block-gallery-is-layout-flex\">\n<figure class=\"wp-block-image size-full\"><a href=\"http:\/\/martins-reisen.de\/wp-content\/uploads\/2022\/05\/IMG_9862_ergebnis.jpg\"><img loading=\"lazy\" decoding=\"async\" width=\"800\" height=\"533\" data-id=\"288\" src=\"http:\/\/martins-reisen.de\/wp-content\/uploads\/2022\/05\/IMG_9862_ergebnis.jpg\" alt=\"\" class=\"wp-image-288\" srcset=\"https:\/\/martins-reisen.de\/wp-content\/uploads\/2022\/05\/IMG_9862_ergebnis.jpg 800w, https:\/\/martins-reisen.de\/wp-content\/uploads\/2022\/05\/IMG_9862_ergebnis-300x200.jpg 300w, https:\/\/martins-reisen.de\/wp-content\/uploads\/2022\/05\/IMG_9862_ergebnis-768x512.jpg 768w\" sizes=\"auto, (max-width: 800px) 100vw, 800px\" \/><\/a><\/figure>\n\n\n\n<figure class=\"wp-block-image size-full\"><a href=\"http:\/\/martins-reisen.de\/wp-content\/uploads\/2022\/05\/IMG_9886_ergebnis.jpg\"><img loading=\"lazy\" decoding=\"async\" width=\"800\" height=\"533\" data-id=\"291\" src=\"http:\/\/martins-reisen.de\/wp-content\/uploads\/2022\/05\/IMG_9886_ergebnis.jpg\" alt=\"\" class=\"wp-image-291\" srcset=\"https:\/\/martins-reisen.de\/wp-content\/uploads\/2022\/05\/IMG_9886_ergebnis.jpg 800w, https:\/\/martins-reisen.de\/wp-content\/uploads\/2022\/05\/IMG_9886_ergebnis-300x200.jpg 300w, https:\/\/martins-reisen.de\/wp-content\/uploads\/2022\/05\/IMG_9886_ergebnis-768x512.jpg 768w\" sizes=\"auto, (max-width: 800px) 100vw, 800px\" \/><\/a><\/figure>\n\n\n\n<figure class=\"wp-block-image size-full\"><a href=\"http:\/\/martins-reisen.de\/wp-content\/uploads\/2022\/05\/20220519_180936_ergebnis.jpg\"><img loading=\"lazy\" decoding=\"async\" width=\"800\" height=\"600\" data-id=\"259\" src=\"http:\/\/martins-reisen.de\/wp-content\/uploads\/2022\/05\/20220519_180936_ergebnis.jpg\" alt=\"\" class=\"wp-image-259\" srcset=\"https:\/\/martins-reisen.de\/wp-content\/uploads\/2022\/05\/20220519_180936_ergebnis.jpg 800w, https:\/\/martins-reisen.de\/wp-content\/uploads\/2022\/05\/20220519_180936_ergebnis-300x225.jpg 300w, https:\/\/martins-reisen.de\/wp-content\/uploads\/2022\/05\/20220519_180936_ergebnis-768x576.jpg 768w\" sizes=\"auto, (max-width: 800px) 100vw, 800px\" \/><\/a><\/figure>\n<\/figure>\n\n\n\n<h3 class=\"wp-block-heading\">Exkurs zu den Leuten hier:<\/h3>\n\n\n\n<p>Sehr freundlich, hilfsbereit; wir haben bisher keine einzige schlechte Erfahrung gemacht.Sierra Nevada,<\/p>\n\n\n\n<p>Z.B. vor 2 Tagen beim Mittagessen holen im Subway: Es waren viele Lute da (Mittagszeit) und es ergaben sich 1 , 2 kurze Gespr\u00e4che (woher? wohin?, etc);<br>Als es ans Bezahlen ging, wollte die Kassiererin partout unser Geld nicht haben, bis wir kapiert haben, dass ein anderer der Kunden unbekannterweise einfach so f\u00fcr uns bezahlt hatte.<\/p>\n\n\n\n<p>Abends am gleichen Tag auf einem sch\u00f6nen, fast leeren State Campground: Hermann hatte sich mit H\u00e4nden und F\u00fc\u00dfen mit einem Mann verst\u00e4ndigt, der dort angelte ( so von Fischer zu Fischer); sp\u00e4ter brachte uns dieser Mann auch einfach so, fertig panierte und gebratene Fischfilets vorbei.<\/p>\n\n\n\n<h3 class=\"wp-block-heading\"><a href=\"http:\/\/martins-reisen.de\/?page_id=301\" data-type=\"page\" data-id=\"301\">N\u00e4chste Seite<\/a><\/h3>\n","protected":false},"excerpt":{"rendered":"<p>Ca. 2500 km, davon ca 2000 km nur Farmlanddurch die Bundesstaaten:New York State, Pennsylvania, Ohio, Indiana, Illinois, Iowa, Nebraska, Colorado Wir sind fast nur Bundesstra\u00dfen gefahren und haben die Interstates (Autobahnen) gemieden.So konnten wir das Land viel besser erleben, kamen auch durch kleine St\u00e4dte und D\u00f6rfer.Aber das zieht sich! Die Beschilderung ist gut, die Verkehrsregeln &#8230; <a title=\"Von Niagara nach Denver\" class=\"read-more\" href=\"https:\/\/martins-reisen.de\/?page_id=253\" aria-label=\"Mehr Informationen \u00fcber Von Niagara nach Denver\">Weiterlesen<\/a><\/p>\n","protected":false},"author":1,"featured_media":0,"parent":0,"menu_order":6,"comment_status":"closed","ping_status":"closed","template":"","meta":{"ngg_post_thumbnail":0,"footnotes":""},"categories":[4],"tags":[],"class_list":{"0":"post-253","1":"page","2":"type-page","3":"status-publish","5":"category-nordamerika"},"_links":{"self":[{"href":"https:\/\/martins-reisen.de\/index.php?rest_route=\/wp\/v2\/pages\/253","targetHints":{"allow":["GET"]}}],"collection":[{"href":"https:\/\/martins-reisen.de\/index.php?rest_route=\/wp\/v2\/pages"}],"about":[{"href":"https:\/\/martins-reisen.de\/index.php?rest_route=\/wp\/v2\/types\/page"}],"author":[{"embeddable":true,"href":"https:\/\/martins-reisen.de\/index.php?rest_route=\/wp\/v2\/users\/1"}],"replies":[{"embeddable":true,"href":"https:\/\/martins-reisen.de\/index.php?rest_route=%2Fwp%2Fv2%2Fcomments&post=253"}],"version-history":[{"count":7,"href":"https:\/\/martins-reisen.de\/index.php?rest_route=\/wp\/v2\/pages\/253\/revisions"}],"predecessor-version":[{"id":1609,"href":"https:\/\/martins-reisen.de\/index.php?rest_route=\/wp\/v2\/pages\/253\/revisions\/1609"}],"wp:attachment":[{"href":"https:\/\/martins-reisen.de\/index.php?rest_route=%2Fwp%2Fv2%2Fmedia&parent=253"}],"wp:term":[{"taxonomy":"category","embeddable":true,"href":"https:\/\/martins-reisen.de\/index.php?rest_route=%2Fwp%2Fv2%2Fcategories&post=253"},{"taxonomy":"post_tag","embeddable":true,"href":"https:\/\/martins-reisen.de\/index.php?rest_route=%2Fwp%2Fv2%2Ftags&post=253"}],"curies":[{"name":"wp","href":"https:\/\/api.w.org\/{rel}","templated":true}]}}