{"id":227,"date":"2022-05-22T23:40:36","date_gmt":"2022-05-22T22:40:36","guid":{"rendered":"http:\/\/martins-reisen.de\/?p=227"},"modified":"2025-10-03T17:17:23","modified_gmt":"2025-10-03T16:17:23","slug":"niagara-falls","status":"publish","type":"page","link":"https:\/\/martins-reisen.de\/?page_id=227","title":{"rendered":"Niagara Falls"},"content":{"rendered":"\n<h3 class=\"wp-block-heading\">Ein erster H\u00f6hepunkt waren die Niagara-F\u00e4lle,<br>zwischen Lake Erie und Lake Ontario, ca 150km von Toronto<\/h3>\n\n\n\n<p>Bis dahin sind wir schon mal locker 2000km gefahren. Halt alles sehr weitl\u00e4ufig hier<\/p>\n\n\n\n<h3 class=\"wp-block-heading\">Die bisherige Route:<\/h3>\n\n\n\n<p>Halifax (Nova Scotia) \u00fcber die Provinz New Brunswick nach Quebec ins Tal des St.Lorenz-Stromes.<br>Hier gibt es viel Landwirtschaft, dicht besiedelt, die Vegetation wirkt viel mitteleurop\u00e4ischer.<br>Vorher haben die W\u00e4lder eher an die sibirische Taiga oder Skandinavien erinnert.<\/p>\n\n\n\n<p>Vom St.Lorenz \u00fcber Montreal, Ottawa und Toronto zu den Niagara-F\u00e4llen<\/p>\n\n\n\n<p>Es empfehlt sich die F\u00e4lle von beiden Seiten ans zuschauen, also von der kanadischen und US Seite (genau \u00fcber die F\u00e4lle und den Fluss verl\u00e4uft die Grenze).<br>Jede Seite bietet ihre eigene Perspektive.<\/p>\n\n\n\n<p>Von Kanada kommend waren wir zuerst auf der kanadischen Seite<\/p>\n\n\n\n<figure class=\"wp-block-gallery has-nested-images columns-3 is-cropped wp-block-gallery-1 is-layout-flex wp-block-gallery-is-layout-flex\">\n<figure class=\"wp-block-image size-full\"><a href=\"http:\/\/martins-reisen.de\/wp-content\/uploads\/2022\/05\/20220517_145442_ergebnis.jpg\"><img loading=\"lazy\" decoding=\"async\" width=\"800\" height=\"600\" data-id=\"229\" src=\"http:\/\/martins-reisen.de\/wp-content\/uploads\/2022\/05\/20220517_145442_ergebnis.jpg\" alt=\"\" class=\"wp-image-229\" srcset=\"https:\/\/martins-reisen.de\/wp-content\/uploads\/2022\/05\/20220517_145442_ergebnis.jpg 800w, https:\/\/martins-reisen.de\/wp-content\/uploads\/2022\/05\/20220517_145442_ergebnis-300x225.jpg 300w, https:\/\/martins-reisen.de\/wp-content\/uploads\/2022\/05\/20220517_145442_ergebnis-768x576.jpg 768w\" sizes=\"auto, (max-width: 800px) 100vw, 800px\" \/><\/a><\/figure>\n\n\n\n<figure class=\"wp-block-image size-full\"><a href=\"http:\/\/martins-reisen.de\/wp-content\/uploads\/2022\/05\/20220517_145402_ergebnis.jpg\"><img loading=\"lazy\" decoding=\"async\" width=\"800\" height=\"600\" data-id=\"250\" src=\"http:\/\/martins-reisen.de\/wp-content\/uploads\/2022\/05\/20220517_145402_ergebnis.jpg\" alt=\"\" class=\"wp-image-250\" srcset=\"https:\/\/martins-reisen.de\/wp-content\/uploads\/2022\/05\/20220517_145402_ergebnis.jpg 800w, https:\/\/martins-reisen.de\/wp-content\/uploads\/2022\/05\/20220517_145402_ergebnis-300x225.jpg 300w, https:\/\/martins-reisen.de\/wp-content\/uploads\/2022\/05\/20220517_145402_ergebnis-768x576.jpg 768w\" sizes=\"auto, (max-width: 800px) 100vw, 800px\" \/><\/a><\/figure>\n\n\n\n<figure class=\"wp-block-image size-full\"><a href=\"http:\/\/martins-reisen.de\/wp-content\/uploads\/2022\/05\/20220517_145451_ergebnis.jpg\"><img loading=\"lazy\" decoding=\"async\" width=\"800\" height=\"600\" data-id=\"230\" src=\"http:\/\/martins-reisen.de\/wp-content\/uploads\/2022\/05\/20220517_145451_ergebnis.jpg\" alt=\"\" class=\"wp-image-230\" srcset=\"https:\/\/martins-reisen.de\/wp-content\/uploads\/2022\/05\/20220517_145451_ergebnis.jpg 800w, https:\/\/martins-reisen.de\/wp-content\/uploads\/2022\/05\/20220517_145451_ergebnis-300x225.jpg 300w, https:\/\/martins-reisen.de\/wp-content\/uploads\/2022\/05\/20220517_145451_ergebnis-768x576.jpg 768w\" sizes=\"auto, (max-width: 800px) 100vw, 800px\" \/><\/a><\/figure>\n<\/figure>\n\n\n\n<figure class=\"wp-block-gallery has-nested-images columns-3 is-cropped wp-block-gallery-2 is-layout-flex wp-block-gallery-is-layout-flex\">\n<figure class=\"wp-block-image size-full\"><a href=\"http:\/\/martins-reisen.de\/wp-content\/uploads\/2022\/05\/IMG_9625_ergebnis.jpg\"><img loading=\"lazy\" decoding=\"async\" width=\"800\" height=\"533\" data-id=\"238\" src=\"http:\/\/martins-reisen.de\/wp-content\/uploads\/2022\/05\/IMG_9625_ergebnis.jpg\" alt=\"\" class=\"wp-image-238\" srcset=\"https:\/\/martins-reisen.de\/wp-content\/uploads\/2022\/05\/IMG_9625_ergebnis.jpg 800w, https:\/\/martins-reisen.de\/wp-content\/uploads\/2022\/05\/IMG_9625_ergebnis-300x200.jpg 300w, https:\/\/martins-reisen.de\/wp-content\/uploads\/2022\/05\/IMG_9625_ergebnis-768x512.jpg 768w\" sizes=\"auto, (max-width: 800px) 100vw, 800px\" \/><\/a><\/figure>\n\n\n\n<figure class=\"wp-block-image size-full\"><a href=\"http:\/\/martins-reisen.de\/wp-content\/uploads\/2022\/05\/P1160127_ergebnis.jpg\"><img loading=\"lazy\" decoding=\"async\" width=\"800\" height=\"534\" data-id=\"239\" src=\"http:\/\/martins-reisen.de\/wp-content\/uploads\/2022\/05\/P1160127_ergebnis.jpg\" alt=\"\" class=\"wp-image-239\" srcset=\"https:\/\/martins-reisen.de\/wp-content\/uploads\/2022\/05\/P1160127_ergebnis.jpg 800w, https:\/\/martins-reisen.de\/wp-content\/uploads\/2022\/05\/P1160127_ergebnis-300x200.jpg 300w, https:\/\/martins-reisen.de\/wp-content\/uploads\/2022\/05\/P1160127_ergebnis-768x513.jpg 768w\" sizes=\"auto, (max-width: 800px) 100vw, 800px\" \/><\/a><\/figure>\n\n\n\n<figure class=\"wp-block-image size-full\"><a href=\"http:\/\/martins-reisen.de\/wp-content\/uploads\/2022\/05\/IMG_9623_ergebnis.jpg\"><img loading=\"lazy\" decoding=\"async\" width=\"800\" height=\"533\" data-id=\"237\" src=\"http:\/\/martins-reisen.de\/wp-content\/uploads\/2022\/05\/IMG_9623_ergebnis.jpg\" alt=\"\" class=\"wp-image-237\" srcset=\"https:\/\/martins-reisen.de\/wp-content\/uploads\/2022\/05\/IMG_9623_ergebnis.jpg 800w, https:\/\/martins-reisen.de\/wp-content\/uploads\/2022\/05\/IMG_9623_ergebnis-300x200.jpg 300w, https:\/\/martins-reisen.de\/wp-content\/uploads\/2022\/05\/IMG_9623_ergebnis-768x512.jpg 768w\" sizes=\"auto, (max-width: 800px) 100vw, 800px\" \/><\/a><\/figure>\n<\/figure>\n\n\n\n<p>Auf der kanadischen Seite herrscht gnadenloser Kommerz, Disneyland ist ein Tretroller dagegen<\/p>\n\n\n\n<figure class=\"wp-block-gallery has-nested-images columns-3 is-cropped wp-block-gallery-3 is-layout-flex wp-block-gallery-is-layout-flex\">\n<figure class=\"wp-block-image size-full\"><a href=\"http:\/\/martins-reisen.de\/wp-content\/uploads\/2022\/05\/IMG_9556_ergebnis.jpg\"><img loading=\"lazy\" decoding=\"async\" width=\"800\" height=\"533\" data-id=\"234\" src=\"http:\/\/martins-reisen.de\/wp-content\/uploads\/2022\/05\/IMG_9556_ergebnis.jpg\" alt=\"\" class=\"wp-image-234\" srcset=\"https:\/\/martins-reisen.de\/wp-content\/uploads\/2022\/05\/IMG_9556_ergebnis.jpg 800w, https:\/\/martins-reisen.de\/wp-content\/uploads\/2022\/05\/IMG_9556_ergebnis-300x200.jpg 300w, https:\/\/martins-reisen.de\/wp-content\/uploads\/2022\/05\/IMG_9556_ergebnis-768x512.jpg 768w\" sizes=\"auto, (max-width: 800px) 100vw, 800px\" \/><\/a><\/figure>\n\n\n\n<figure class=\"wp-block-image size-full\"><a href=\"http:\/\/martins-reisen.de\/wp-content\/uploads\/2022\/05\/IMG_9555_ergebnis.jpg\"><img loading=\"lazy\" decoding=\"async\" width=\"800\" height=\"533\" data-id=\"233\" src=\"http:\/\/martins-reisen.de\/wp-content\/uploads\/2022\/05\/IMG_9555_ergebnis.jpg\" alt=\"\" class=\"wp-image-233\" srcset=\"https:\/\/martins-reisen.de\/wp-content\/uploads\/2022\/05\/IMG_9555_ergebnis.jpg 800w, https:\/\/martins-reisen.de\/wp-content\/uploads\/2022\/05\/IMG_9555_ergebnis-300x200.jpg 300w, https:\/\/martins-reisen.de\/wp-content\/uploads\/2022\/05\/IMG_9555_ergebnis-768x512.jpg 768w\" sizes=\"auto, (max-width: 800px) 100vw, 800px\" \/><\/a><\/figure>\n\n\n\n<figure class=\"wp-block-image size-full\"><a href=\"http:\/\/martins-reisen.de\/wp-content\/uploads\/2022\/05\/IMG_9552_ergebnis.jpg\"><img loading=\"lazy\" decoding=\"async\" width=\"800\" height=\"533\" data-id=\"232\" src=\"http:\/\/martins-reisen.de\/wp-content\/uploads\/2022\/05\/IMG_9552_ergebnis.jpg\" alt=\"\" class=\"wp-image-232\" srcset=\"https:\/\/martins-reisen.de\/wp-content\/uploads\/2022\/05\/IMG_9552_ergebnis.jpg 800w, https:\/\/martins-reisen.de\/wp-content\/uploads\/2022\/05\/IMG_9552_ergebnis-300x200.jpg 300w, https:\/\/martins-reisen.de\/wp-content\/uploads\/2022\/05\/IMG_9552_ergebnis-768x512.jpg 768w\" sizes=\"auto, (max-width: 800px) 100vw, 800px\" \/><\/a><\/figure>\n<\/figure>\n\n\n\n<p>\u00dcber diese Br\u00fccke (Rainbow-Bridge) sind wir dann auf die US-Seite \u00fcbergewechseltSierra Nevada,<\/p>\n\n\n\n<figure class=\"wp-block-image size-full\"><img loading=\"lazy\" decoding=\"async\" width=\"800\" height=\"534\" src=\"http:\/\/martins-reisen.de\/wp-content\/uploads\/2022\/05\/P1160130_ergebnis.jpg\" alt=\"\" class=\"wp-image-240\" srcset=\"https:\/\/martins-reisen.de\/wp-content\/uploads\/2022\/05\/P1160130_ergebnis.jpg 800w, https:\/\/martins-reisen.de\/wp-content\/uploads\/2022\/05\/P1160130_ergebnis-300x200.jpg 300w, https:\/\/martins-reisen.de\/wp-content\/uploads\/2022\/05\/P1160130_ergebnis-768x513.jpg 768w\" sizes=\"auto, (max-width: 800px) 100vw, 800px\" \/><\/figure>\n\n\n\n<p>Der Grenz\u00fcbertritt selber war eigentlich problemlos, ca. 10 Minuten, keine Fahrzeugkontrolle oder Zolldokumente, nur Stempel in den Pass (aber nat\u00fcrlich mit erkennnungsdienstlicher Erfassung), aber bis dahin 2 Stunden Wartezeit!<\/p>\n\n\n\n<p>Auf dieser Seite war der Kommerz nicht so gnadenlos, aber alles perfekt organisiert.<\/p>\n\n\n\n<p>Der H\u00f6hepunkt f\u00fcr uns war eine Fahrt mit dem Boot, direkt unter die F\u00e4lle<\/p>\n\n\n\n<figure class=\"wp-block-gallery has-nested-images columns-3 is-cropped wp-block-gallery-4 is-layout-flex wp-block-gallery-is-layout-flex\">\n<figure class=\"wp-block-image size-full\"><a href=\"http:\/\/martins-reisen.de\/wp-content\/uploads\/2022\/05\/P1160154_ergebnis.jpg\"><img loading=\"lazy\" decoding=\"async\" width=\"800\" height=\"534\" data-id=\"248\" src=\"http:\/\/martins-reisen.de\/wp-content\/uploads\/2022\/05\/P1160154_ergebnis.jpg\" alt=\"\" class=\"wp-image-248\" srcset=\"https:\/\/martins-reisen.de\/wp-content\/uploads\/2022\/05\/P1160154_ergebnis.jpg 800w, https:\/\/martins-reisen.de\/wp-content\/uploads\/2022\/05\/P1160154_ergebnis-300x200.jpg 300w, https:\/\/martins-reisen.de\/wp-content\/uploads\/2022\/05\/P1160154_ergebnis-768x513.jpg 768w\" sizes=\"auto, (max-width: 800px) 100vw, 800px\" \/><\/a><\/figure>\n\n\n\n<figure class=\"wp-block-image size-full\"><a href=\"http:\/\/martins-reisen.de\/wp-content\/uploads\/2022\/05\/P1160151_ergebnis.jpg\"><img loading=\"lazy\" decoding=\"async\" width=\"800\" height=\"534\" data-id=\"247\" src=\"http:\/\/martins-reisen.de\/wp-content\/uploads\/2022\/05\/P1160151_ergebnis.jpg\" alt=\"\" class=\"wp-image-247\" srcset=\"https:\/\/martins-reisen.de\/wp-content\/uploads\/2022\/05\/P1160151_ergebnis.jpg 800w, https:\/\/martins-reisen.de\/wp-content\/uploads\/2022\/05\/P1160151_ergebnis-300x200.jpg 300w, https:\/\/martins-reisen.de\/wp-content\/uploads\/2022\/05\/P1160151_ergebnis-768x513.jpg 768w\" sizes=\"auto, (max-width: 800px) 100vw, 800px\" \/><\/a><\/figure>\n\n\n\n<figure class=\"wp-block-image size-full\"><a href=\"http:\/\/martins-reisen.de\/wp-content\/uploads\/2022\/05\/P1160146_ergebnis.jpg\"><img loading=\"lazy\" decoding=\"async\" width=\"800\" height=\"534\" data-id=\"246\" src=\"http:\/\/martins-reisen.de\/wp-content\/uploads\/2022\/05\/P1160146_ergebnis.jpg\" alt=\"\" class=\"wp-image-246\" srcset=\"https:\/\/martins-reisen.de\/wp-content\/uploads\/2022\/05\/P1160146_ergebnis.jpg 800w, https:\/\/martins-reisen.de\/wp-content\/uploads\/2022\/05\/P1160146_ergebnis-300x200.jpg 300w, https:\/\/martins-reisen.de\/wp-content\/uploads\/2022\/05\/P1160146_ergebnis-768x513.jpg 768w\" sizes=\"auto, (max-width: 800px) 100vw, 800px\" \/><\/a><\/figure>\n<\/figure>\n\n\n\n<figure class=\"wp-block-gallery has-nested-images columns-3 is-cropped wp-block-gallery-5 is-layout-flex wp-block-gallery-is-layout-flex\">\n<figure class=\"wp-block-image size-full\"><a href=\"http:\/\/martins-reisen.de\/wp-content\/uploads\/2022\/05\/P1160144_ergebnis.jpg\"><img loading=\"lazy\" decoding=\"async\" width=\"800\" height=\"534\" data-id=\"244\" src=\"http:\/\/martins-reisen.de\/wp-content\/uploads\/2022\/05\/P1160144_ergebnis.jpg\" alt=\"\" class=\"wp-image-244\" srcset=\"https:\/\/martins-reisen.de\/wp-content\/uploads\/2022\/05\/P1160144_ergebnis.jpg 800w, https:\/\/martins-reisen.de\/wp-content\/uploads\/2022\/05\/P1160144_ergebnis-300x200.jpg 300w, https:\/\/martins-reisen.de\/wp-content\/uploads\/2022\/05\/P1160144_ergebnis-768x513.jpg 768w\" sizes=\"auto, (max-width: 800px) 100vw, 800px\" \/><\/a><\/figure>\n\n\n\n<figure class=\"wp-block-image size-full\"><a href=\"http:\/\/martins-reisen.de\/wp-content\/uploads\/2022\/05\/P1160139_ergebnis.jpg\"><img loading=\"lazy\" decoding=\"async\" width=\"800\" height=\"534\" data-id=\"243\" src=\"http:\/\/martins-reisen.de\/wp-content\/uploads\/2022\/05\/P1160139_ergebnis.jpg\" alt=\"\" class=\"wp-image-243\" srcset=\"https:\/\/martins-reisen.de\/wp-content\/uploads\/2022\/05\/P1160139_ergebnis.jpg 800w, https:\/\/martins-reisen.de\/wp-content\/uploads\/2022\/05\/P1160139_ergebnis-300x200.jpg 300w, https:\/\/martins-reisen.de\/wp-content\/uploads\/2022\/05\/P1160139_ergebnis-768x513.jpg 768w\" sizes=\"auto, (max-width: 800px) 100vw, 800px\" \/><\/a><\/figure>\n\n\n\n<figure class=\"wp-block-image size-full\"><a href=\"http:\/\/martins-reisen.de\/wp-content\/uploads\/2022\/05\/P1160145_ergebnis.jpg\"><img loading=\"lazy\" decoding=\"async\" width=\"800\" height=\"534\" data-id=\"245\" src=\"http:\/\/martins-reisen.de\/wp-content\/uploads\/2022\/05\/P1160145_ergebnis.jpg\" alt=\"\" class=\"wp-image-245\" srcset=\"https:\/\/martins-reisen.de\/wp-content\/uploads\/2022\/05\/P1160145_ergebnis.jpg 800w, https:\/\/martins-reisen.de\/wp-content\/uploads\/2022\/05\/P1160145_ergebnis-300x200.jpg 300w, https:\/\/martins-reisen.de\/wp-content\/uploads\/2022\/05\/P1160145_ergebnis-768x513.jpg 768w\" sizes=\"auto, (max-width: 800px) 100vw, 800px\" \/><\/a><\/figure>\n<\/figure>\n\n\n\n<p>Erst da konnte man die Gewalt des Wassers so richtig sp\u00fcren.<br>Trotz der Plastik\u00fcberz\u00fcge wurde man ganz sch\u00f6n nass.<br>Als Tipp: Unbedingt machen, zumal es auch nicht wirklich teuer ist (25$)<\/p>\n\n\n\n<h3 class=\"wp-block-heading\"><a href=\"http:\/\/martins-reisen.de\/?page_id=253\" data-type=\"page\" data-id=\"253\">N\u00e4chste Seite<\/a><\/h3>\n","protected":false},"excerpt":{"rendered":"<p>Ein erster H\u00f6hepunkt waren die Niagara-F\u00e4lle,zwischen Lake Erie und Lake Ontario, ca 150km von Toronto Bis dahin sind wir schon mal locker 2000km gefahren. Halt alles sehr weitl\u00e4ufig hier Die bisherige Route: Halifax (Nova Scotia) \u00fcber die Provinz New Brunswick nach Quebec ins Tal des St.Lorenz-Stromes.Hier gibt es viel Landwirtschaft, dicht besiedelt, die Vegetation wirkt &#8230; <a title=\"Niagara Falls\" class=\"read-more\" href=\"https:\/\/martins-reisen.de\/?page_id=227\" aria-label=\"Mehr Informationen \u00fcber Niagara Falls\">Weiterlesen<\/a><\/p>\n","protected":false},"author":1,"featured_media":0,"parent":0,"menu_order":5,"comment_status":"closed","ping_status":"closed","template":"","meta":{"ngg_post_thumbnail":0,"footnotes":""},"categories":[4],"tags":[],"class_list":{"0":"post-227","1":"page","2":"type-page","3":"status-publish","5":"category-nordamerika"},"_links":{"self":[{"href":"https:\/\/martins-reisen.de\/index.php?rest_route=\/wp\/v2\/pages\/227","targetHints":{"allow":["GET"]}}],"collection":[{"href":"https:\/\/martins-reisen.de\/index.php?rest_route=\/wp\/v2\/pages"}],"about":[{"href":"https:\/\/martins-reisen.de\/index.php?rest_route=\/wp\/v2\/types\/page"}],"author":[{"embeddable":true,"href":"https:\/\/martins-reisen.de\/index.php?rest_route=\/wp\/v2\/users\/1"}],"replies":[{"embeddable":true,"href":"https:\/\/martins-reisen.de\/index.php?rest_route=%2Fwp%2Fv2%2Fcomments&post=227"}],"version-history":[{"count":5,"href":"https:\/\/martins-reisen.de\/index.php?rest_route=\/wp\/v2\/pages\/227\/revisions"}],"predecessor-version":[{"id":1608,"href":"https:\/\/martins-reisen.de\/index.php?rest_route=\/wp\/v2\/pages\/227\/revisions\/1608"}],"wp:attachment":[{"href":"https:\/\/martins-reisen.de\/index.php?rest_route=%2Fwp%2Fv2%2Fmedia&parent=227"}],"wp:term":[{"taxonomy":"category","embeddable":true,"href":"https:\/\/martins-reisen.de\/index.php?rest_route=%2Fwp%2Fv2%2Fcategories&post=227"},{"taxonomy":"post_tag","embeddable":true,"href":"https:\/\/martins-reisen.de\/index.php?rest_route=%2Fwp%2Fv2%2Ftags&post=227"}],"curies":[{"name":"wp","href":"https:\/\/api.w.org\/{rel}","templated":true}]}}