{"id":1578,"date":"2025-10-03T13:38:15","date_gmt":"2025-10-03T12:38:15","guid":{"rendered":"http:\/\/martins-reisen.de\/?page_id=1578"},"modified":"2025-10-03T15:09:50","modified_gmt":"2025-10-03T14:09:50","slug":"reisearchive","status":"publish","type":"page","link":"https:\/\/martins-reisen.de\/?page_id=1578","title":{"rendered":"Reisearchive"},"content":{"rendered":"\n<p>Hier k\u00f6nnen die Blogs von fr\u00fcheren Reisen ausgew\u00e4hlt werden<\/p>\n\n\n\n<p>Die Beitr\u00e4ge sind chronologisch umgekehrt geordnet (die neuesten sind oben)<\/p>\n\n\n<ul class=\"wp-block-categories-list wp-block-categories\">\t<li class=\"cat-item cat-item-4\"><a href=\"https:\/\/martins-reisen.de\/?cat=4\">Nordamerika<\/a>\n<\/li>\n\t<li class=\"cat-item cat-item-1\"><a href=\"https:\/\/martins-reisen.de\/?cat=1\">Uncategorized<\/a>\n<\/li>\n<\/ul>","protected":false},"excerpt":{"rendered":"<p>Hier k\u00f6nnen die Blogs von fr\u00fcheren Reisen ausgew\u00e4hlt werden Die Beitr\u00e4ge sind chronologisch umgekehrt geordnet (die neuesten sind oben)<\/p>\n","protected":false},"author":1,"featured_media":0,"parent":0,"menu_order":0,"comment_status":"closed","ping_status":"closed","template":"","meta":{"ngg_post_thumbnail":0,"footnotes":""},"categories":[],"tags":[],"class_list":["post-1578","page","type-page","status-publish"],"_links":{"self":[{"href":"https:\/\/martins-reisen.de\/index.php?rest_route=\/wp\/v2\/pages\/1578","targetHints":{"allow":["GET"]}}],"collection":[{"href":"https:\/\/martins-reisen.de\/index.php?rest_route=\/wp\/v2\/pages"}],"about":[{"href":"https:\/\/martins-reisen.de\/index.php?rest_route=\/wp\/v2\/types\/page"}],"author":[{"embeddable":true,"href":"https:\/\/martins-reisen.de\/index.php?rest_route=\/wp\/v2\/users\/1"}],"replies":[{"embeddable":true,"href":"https:\/\/martins-reisen.de\/index.php?rest_route=%2Fwp%2Fv2%2Fcomments&post=1578"}],"version-history":[{"count":2,"href":"https:\/\/martins-reisen.de\/index.php?rest_route=\/wp\/v2\/pages\/1578\/revisions"}],"predecessor-version":[{"id":1590,"href":"https:\/\/martins-reisen.de\/index.php?rest_route=\/wp\/v2\/pages\/1578\/revisions\/1590"}],"wp:attachment":[{"href":"https:\/\/martins-reisen.de\/index.php?rest_route=%2Fwp%2Fv2%2Fmedia&parent=1578"}],"wp:term":[{"taxonomy":"category","embeddable":true,"href":"https:\/\/martins-reisen.de\/index.php?rest_route=%2Fwp%2Fv2%2Fcategories&post=1578"},{"taxonomy":"post_tag","embeddable":true,"href":"https:\/\/martins-reisen.de\/index.php?rest_route=%2Fwp%2Fv2%2Ftags&post=1578"}],"curies":[{"name":"wp","href":"https:\/\/api.w.org\/{rel}","templated":true}]}}