{"id":156,"date":"2022-05-22T21:12:35","date_gmt":"2022-05-22T20:12:35","guid":{"rendered":"http:\/\/martins-reisen.de\/?p=156"},"modified":"2025-10-03T17:15:35","modified_gmt":"2025-10-03T16:15:35","slug":"die-ersten-2-wochen","status":"publish","type":"page","link":"https:\/\/martins-reisen.de\/?page_id=156","title":{"rendered":"Ankunft in Halifax"},"content":{"rendered":"\n<h3 class=\"wp-block-heading\">Endlich komme ich dazu, einen Beitrag zu erstellen<br>bisher scheiterte es meist an ungen\u00fcgenden Internetverbindungen<\/h3>\n\n\n\n<p>Die Anreise am 08.05.22: Von Berlin nach London, von dort direkt nach Halifax.<br>London war stressig, da der Flug von Berlin schon 1 Stunde Versp\u00e4tung hatte und in Heathrow endlose Wege zu bew\u00e4ltigen sind, einschlie\u00dflich einer sehr peniblen erneuten Sicherheitskontrolle. Wir kamen so ziemlich als letzte an Bord. Egal, Hauptsache geschafft!<\/p>\n\n\n\n<figure class=\"wp-block-image size-full\"><img loading=\"lazy\" decoding=\"async\" width=\"800\" height=\"600\" src=\"http:\/\/martins-reisen.de\/wp-content\/uploads\/2022\/05\/20220508_153900_ergebnis.jpg\" alt=\"\" class=\"wp-image-172\" srcset=\"https:\/\/martins-reisen.de\/wp-content\/uploads\/2022\/05\/20220508_153900_ergebnis.jpg 800w, https:\/\/martins-reisen.de\/wp-content\/uploads\/2022\/05\/20220508_153900_ergebnis-300x225.jpg 300w, https:\/\/martins-reisen.de\/wp-content\/uploads\/2022\/05\/20220508_153900_ergebnis-768x576.jpg 768w\" sizes=\"auto, (max-width: 800px) 100vw, 800px\" \/><\/figure>\n\n\n\n<p>Die Einreiseprozedur war unkompliziert, der Grenzbeamte war sogar gl\u00fccklich, endlich mal sein in der Schule gelerntes Deutsch anbringen zu k\u00f6nnen.<\/p>\n\n\n\n<p>Zuerst Geld ziehen und Leihwagen abholen<\/p>\n\n\n\n<figure class=\"wp-block-gallery has-nested-images columns-3 is-cropped wp-block-gallery-1 is-layout-flex wp-block-gallery-is-layout-flex\">\n<figure class=\"wp-block-image size-full\"><a href=\"http:\/\/martins-reisen.de\/wp-content\/uploads\/2022\/05\/20220508_172412_ergebnis.jpg\"><img loading=\"lazy\" decoding=\"async\" width=\"800\" height=\"600\" data-id=\"173\" src=\"http:\/\/martins-reisen.de\/wp-content\/uploads\/2022\/05\/20220508_172412_ergebnis.jpg\" alt=\"\" class=\"wp-image-173\" srcset=\"https:\/\/martins-reisen.de\/wp-content\/uploads\/2022\/05\/20220508_172412_ergebnis.jpg 800w, https:\/\/martins-reisen.de\/wp-content\/uploads\/2022\/05\/20220508_172412_ergebnis-300x225.jpg 300w, https:\/\/martins-reisen.de\/wp-content\/uploads\/2022\/05\/20220508_172412_ergebnis-768x576.jpg 768w\" sizes=\"auto, (max-width: 800px) 100vw, 800px\" \/><\/a><\/figure>\n\n\n\n<figure class=\"wp-block-image size-full\"><a href=\"http:\/\/martins-reisen.de\/wp-content\/uploads\/2022\/05\/20220508_134316_ergebnis.jpg\"><img loading=\"lazy\" decoding=\"async\" width=\"800\" height=\"600\" data-id=\"171\" src=\"http:\/\/martins-reisen.de\/wp-content\/uploads\/2022\/05\/20220508_134316_ergebnis.jpg\" alt=\"\" class=\"wp-image-171\" srcset=\"https:\/\/martins-reisen.de\/wp-content\/uploads\/2022\/05\/20220508_134316_ergebnis.jpg 800w, https:\/\/martins-reisen.de\/wp-content\/uploads\/2022\/05\/20220508_134316_ergebnis-300x225.jpg 300w, https:\/\/martins-reisen.de\/wp-content\/uploads\/2022\/05\/20220508_134316_ergebnis-768x576.jpg 768w\" sizes=\"auto, (max-width: 800px) 100vw, 800px\" \/><\/a><\/figure>\n\n\n\n<figure class=\"wp-block-image size-full\"><a href=\"http:\/\/martins-reisen.de\/wp-content\/uploads\/2022\/05\/IMG_9314_ergebnis.jpg\"><img loading=\"lazy\" decoding=\"async\" width=\"800\" height=\"533\" data-id=\"162\" src=\"http:\/\/martins-reisen.de\/wp-content\/uploads\/2022\/05\/IMG_9314_ergebnis.jpg\" alt=\"\" class=\"wp-image-162\" srcset=\"https:\/\/martins-reisen.de\/wp-content\/uploads\/2022\/05\/IMG_9314_ergebnis.jpg 800w, https:\/\/martins-reisen.de\/wp-content\/uploads\/2022\/05\/IMG_9314_ergebnis-300x200.jpg 300w, https:\/\/martins-reisen.de\/wp-content\/uploads\/2022\/05\/IMG_9314_ergebnis-768x512.jpg 768w\" sizes=\"auto, (max-width: 800px) 100vw, 800px\" \/><\/a><\/figure>\n<\/figure>\n\n\n\n<p>Danach ging es in unser vorgebuchtes &#8222;Luxushotel&#8220; (war eher eine Absteige f\u00fcr Wander-Monteure, daf\u00fcr aber bezahlbar)<\/p>\n\n\n\n<figure class=\"wp-block-gallery has-nested-images columns-2 is-cropped wp-block-gallery-2 is-layout-flex wp-block-gallery-is-layout-flex\">\n<figure class=\"wp-block-image size-full\"><a href=\"http:\/\/martins-reisen.de\/wp-content\/uploads\/2022\/05\/IMG_9311_ergebnis.jpg\"><img loading=\"lazy\" decoding=\"async\" width=\"800\" height=\"533\" data-id=\"161\" src=\"http:\/\/martins-reisen.de\/wp-content\/uploads\/2022\/05\/IMG_9311_ergebnis.jpg\" alt=\"\" class=\"wp-image-161\" srcset=\"https:\/\/martins-reisen.de\/wp-content\/uploads\/2022\/05\/IMG_9311_ergebnis.jpg 800w, https:\/\/martins-reisen.de\/wp-content\/uploads\/2022\/05\/IMG_9311_ergebnis-300x200.jpg 300w, https:\/\/martins-reisen.de\/wp-content\/uploads\/2022\/05\/IMG_9311_ergebnis-768x512.jpg 768w\" sizes=\"auto, (max-width: 800px) 100vw, 800px\" \/><\/a><\/figure>\n\n\n\n<figure class=\"wp-block-image size-full\"><a href=\"http:\/\/martins-reisen.de\/wp-content\/uploads\/2022\/05\/IMG_9289_ergebnis.jpg\"><img loading=\"lazy\" decoding=\"async\" width=\"800\" height=\"533\" data-id=\"160\" src=\"http:\/\/martins-reisen.de\/wp-content\/uploads\/2022\/05\/IMG_9289_ergebnis.jpg\" alt=\"\" class=\"wp-image-160\" srcset=\"https:\/\/martins-reisen.de\/wp-content\/uploads\/2022\/05\/IMG_9289_ergebnis.jpg 800w, https:\/\/martins-reisen.de\/wp-content\/uploads\/2022\/05\/IMG_9289_ergebnis-300x200.jpg 300w, https:\/\/martins-reisen.de\/wp-content\/uploads\/2022\/05\/IMG_9289_ergebnis-768x512.jpg 768w\" sizes=\"auto, (max-width: 800px) 100vw, 800px\" \/><\/a><\/figure>\n<\/figure>\n\n\n\n<h2 class=\"wp-block-heading\">Die ersten Eindr\u00fccke:<\/h2>\n\n\n\n<p>Preisschock!! Das Preisniveau f\u00fcr alles entspricht etwa dem der Schweiz<\/p>\n\n\n\n<p>Das Wetter: kalt! (ca. 12\u00b0). Die Natur ist ungef\u00e4hr 1 Monat zur\u00fcck (Vergleich Deutschland). Es weht ein unagenehm kalter Wind vom Atlantik, obwohl Halifax auf 46\u00b0 Nord liegt (wie Mailand)<\/p>\n\n\n\n<figure class=\"wp-block-image size-full\"><img loading=\"lazy\" decoding=\"async\" width=\"800\" height=\"533\" src=\"http:\/\/martins-reisen.de\/wp-content\/uploads\/2022\/05\/IMG_9402_ergebnis.jpg\" alt=\"\" class=\"wp-image-174\" srcset=\"https:\/\/martins-reisen.de\/wp-content\/uploads\/2022\/05\/IMG_9402_ergebnis.jpg 800w, https:\/\/martins-reisen.de\/wp-content\/uploads\/2022\/05\/IMG_9402_ergebnis-300x200.jpg 300w, https:\/\/martins-reisen.de\/wp-content\/uploads\/2022\/05\/IMG_9402_ergebnis-768x512.jpg 768w\" sizes=\"auto, (max-width: 800px) 100vw, 800px\" \/><\/figure>\n\n\n\n<h4 class=\"wp-block-heading\">Der erste Stadrundgang:<\/h4>\n\n\n\n<figure class=\"wp-block-gallery has-nested-images columns-3 is-cropped wp-block-gallery-3 is-layout-flex wp-block-gallery-is-layout-flex\">\n<figure class=\"wp-block-image size-full\"><a href=\"http:\/\/martins-reisen.de\/wp-content\/uploads\/2022\/05\/IMG_9357_ergebnis.jpg\"><img loading=\"lazy\" decoding=\"async\" width=\"400\" height=\"600\" data-id=\"167\" src=\"http:\/\/martins-reisen.de\/wp-content\/uploads\/2022\/05\/IMG_9357_ergebnis.jpg\" alt=\"\" class=\"wp-image-167\" srcset=\"https:\/\/martins-reisen.de\/wp-content\/uploads\/2022\/05\/IMG_9357_ergebnis.jpg 400w, https:\/\/martins-reisen.de\/wp-content\/uploads\/2022\/05\/IMG_9357_ergebnis-200x300.jpg 200w\" sizes=\"auto, (max-width: 400px) 100vw, 400px\" \/><\/a><\/figure>\n\n\n\n<figure class=\"wp-block-image size-full\"><a href=\"http:\/\/martins-reisen.de\/wp-content\/uploads\/2022\/05\/IMG_9369_ergebnis.jpg\"><img loading=\"lazy\" decoding=\"async\" width=\"800\" height=\"533\" data-id=\"168\" src=\"http:\/\/martins-reisen.de\/wp-content\/uploads\/2022\/05\/IMG_9369_ergebnis.jpg\" alt=\"\" class=\"wp-image-168\" srcset=\"https:\/\/martins-reisen.de\/wp-content\/uploads\/2022\/05\/IMG_9369_ergebnis.jpg 800w, https:\/\/martins-reisen.de\/wp-content\/uploads\/2022\/05\/IMG_9369_ergebnis-300x200.jpg 300w, https:\/\/martins-reisen.de\/wp-content\/uploads\/2022\/05\/IMG_9369_ergebnis-768x512.jpg 768w\" sizes=\"auto, (max-width: 800px) 100vw, 800px\" \/><\/a><\/figure>\n\n\n\n<figure class=\"wp-block-image size-full\"><a href=\"http:\/\/martins-reisen.de\/wp-content\/uploads\/2022\/05\/IMG_9334_ergebnis.jpg\"><img loading=\"lazy\" decoding=\"async\" width=\"800\" height=\"533\" data-id=\"165\" src=\"http:\/\/martins-reisen.de\/wp-content\/uploads\/2022\/05\/IMG_9334_ergebnis.jpg\" alt=\"\" class=\"wp-image-165\" srcset=\"https:\/\/martins-reisen.de\/wp-content\/uploads\/2022\/05\/IMG_9334_ergebnis.jpg 800w, https:\/\/martins-reisen.de\/wp-content\/uploads\/2022\/05\/IMG_9334_ergebnis-300x200.jpg 300w, https:\/\/martins-reisen.de\/wp-content\/uploads\/2022\/05\/IMG_9334_ergebnis-768x512.jpg 768w\" sizes=\"auto, (max-width: 800px) 100vw, 800px\" \/><\/a><\/figure>\n<\/figure>\n\n\n\n<p>Die Stadt wirkt zersiedelt, ausgefranst, nur im Zentrum ein paar Hochh\u00e4user. Au\u00dferdem hat die Saison anscheinend noch nicht begonnen, an der Strandpromenade war fast alles noch geschlossen.<\/p>\n\n\n\n<p>Und alles total auf den Autoverkehr ausgelegt!<\/p>\n\n\n\n<figure class=\"wp-block-gallery has-nested-images columns-2 is-cropped wp-block-gallery-4 is-layout-flex wp-block-gallery-is-layout-flex\">\n<figure class=\"wp-block-image size-full\"><a href=\"http:\/\/martins-reisen.de\/wp-content\/uploads\/2022\/05\/IMG_9338_ergebnis.jpg\"><img loading=\"lazy\" decoding=\"async\" width=\"800\" height=\"533\" data-id=\"166\" src=\"http:\/\/martins-reisen.de\/wp-content\/uploads\/2022\/05\/IMG_9338_ergebnis.jpg\" alt=\"\" class=\"wp-image-166\" srcset=\"https:\/\/martins-reisen.de\/wp-content\/uploads\/2022\/05\/IMG_9338_ergebnis.jpg 800w, https:\/\/martins-reisen.de\/wp-content\/uploads\/2022\/05\/IMG_9338_ergebnis-300x200.jpg 300w, https:\/\/martins-reisen.de\/wp-content\/uploads\/2022\/05\/IMG_9338_ergebnis-768x512.jpg 768w\" sizes=\"auto, (max-width: 800px) 100vw, 800px\" \/><\/a><\/figure>\n\n\n\n<figure class=\"wp-block-image size-full\"><a href=\"http:\/\/martins-reisen.de\/wp-content\/uploads\/2022\/05\/20220509_132205_ergebnis.jpg\"><img loading=\"lazy\" decoding=\"async\" width=\"800\" height=\"600\" data-id=\"158\" src=\"http:\/\/martins-reisen.de\/wp-content\/uploads\/2022\/05\/20220509_132205_ergebnis.jpg\" alt=\"\" class=\"wp-image-158\" srcset=\"https:\/\/martins-reisen.de\/wp-content\/uploads\/2022\/05\/20220509_132205_ergebnis.jpg 800w, https:\/\/martins-reisen.de\/wp-content\/uploads\/2022\/05\/20220509_132205_ergebnis-300x225.jpg 300w, https:\/\/martins-reisen.de\/wp-content\/uploads\/2022\/05\/20220509_132205_ergebnis-768x576.jpg 768w\" sizes=\"auto, (max-width: 800px) 100vw, 800px\" \/><\/a><\/figure>\n<\/figure>\n\n\n\n<p>Eine leckere Falafel und ein Eis als Nachspeise<\/p>\n\n\n\n<h3 class=\"wp-block-heading\"><a href=\"http:\/\/martins-reisen.de\/?page_id=178\" data-type=\"page\" data-id=\"178\">N\u00e4chste Seite<\/a><\/h3>\n","protected":false},"excerpt":{"rendered":"<p>Endlich komme ich dazu, einen Beitrag zu erstellenbisher scheiterte es meist an ungen\u00fcgenden Internetverbindungen Die Anreise am 08.05.22: Von Berlin nach London, von dort direkt nach Halifax.London war stressig, da der Flug von Berlin schon 1 Stunde Versp\u00e4tung hatte und in Heathrow endlose Wege zu bew\u00e4ltigen sind, einschlie\u00dflich einer sehr peniblen erneuten Sicherheitskontrolle. Wir kamen &#8230; <a title=\"Ankunft in Halifax\" class=\"read-more\" href=\"https:\/\/martins-reisen.de\/?page_id=156\" aria-label=\"Mehr Informationen \u00fcber Ankunft in Halifax\">Weiterlesen<\/a><\/p>\n","protected":false},"author":1,"featured_media":0,"parent":0,"menu_order":3,"comment_status":"closed","ping_status":"closed","template":"","meta":{"ngg_post_thumbnail":0,"footnotes":""},"categories":[4],"tags":[],"class_list":{"0":"post-156","1":"page","2":"type-page","3":"status-publish","5":"category-nordamerika"},"_links":{"self":[{"href":"https:\/\/martins-reisen.de\/index.php?rest_route=\/wp\/v2\/pages\/156","targetHints":{"allow":["GET"]}}],"collection":[{"href":"https:\/\/martins-reisen.de\/index.php?rest_route=\/wp\/v2\/pages"}],"about":[{"href":"https:\/\/martins-reisen.de\/index.php?rest_route=\/wp\/v2\/types\/page"}],"author":[{"embeddable":true,"href":"https:\/\/martins-reisen.de\/index.php?rest_route=\/wp\/v2\/users\/1"}],"replies":[{"embeddable":true,"href":"https:\/\/martins-reisen.de\/index.php?rest_route=%2Fwp%2Fv2%2Fcomments&post=156"}],"version-history":[{"count":10,"href":"https:\/\/martins-reisen.de\/index.php?rest_route=\/wp\/v2\/pages\/156\/revisions"}],"predecessor-version":[{"id":1606,"href":"https:\/\/martins-reisen.de\/index.php?rest_route=\/wp\/v2\/pages\/156\/revisions\/1606"}],"wp:attachment":[{"href":"https:\/\/martins-reisen.de\/index.php?rest_route=%2Fwp%2Fv2%2Fmedia&parent=156"}],"wp:term":[{"taxonomy":"category","embeddable":true,"href":"https:\/\/martins-reisen.de\/index.php?rest_route=%2Fwp%2Fv2%2Fcategories&post=156"},{"taxonomy":"post_tag","embeddable":true,"href":"https:\/\/martins-reisen.de\/index.php?rest_route=%2Fwp%2Fv2%2Ftags&post=156"}],"curies":[{"name":"wp","href":"https:\/\/api.w.org\/{rel}","templated":true}]}}