{"id":108,"date":"2019-01-15T16:06:47","date_gmt":"2019-01-15T15:06:47","guid":{"rendered":"http:\/\/martins-reisen.de\/?page_id=108"},"modified":"2025-10-03T14:43:21","modified_gmt":"2025-10-03T13:43:21","slug":"startseite","status":"publish","type":"page","link":"https:\/\/martins-reisen.de\/","title":{"rendered":"Startseite"},"content":{"rendered":"\n<figure class=\"wp-block-image size-full\"><img loading=\"lazy\" decoding=\"async\" width=\"1808\" height=\"1356\" src=\"http:\/\/martins-reisen.de\/wp-content\/uploads\/2019\/01\/aw12_0275.jpg\" alt=\"\" class=\"wp-image-97\" srcset=\"https:\/\/martins-reisen.de\/wp-content\/uploads\/2019\/01\/aw12_0275.jpg 1808w, https:\/\/martins-reisen.de\/wp-content\/uploads\/2019\/01\/aw12_0275-300x225.jpg 300w, https:\/\/martins-reisen.de\/wp-content\/uploads\/2019\/01\/aw12_0275-768x576.jpg 768w, https:\/\/martins-reisen.de\/wp-content\/uploads\/2019\/01\/aw12_0275-1024x768.jpg 1024w\" sizes=\"auto, (max-width: 1808px) 100vw, 1808px\" \/><\/figure>\n\n\n\n<h2 class=\"wp-block-heading\"><br><\/h2>\n\n\n\n<h3 class=\"wp-block-heading\">Die aktuelle Reise kann in den Beitr\u00e4gen (rechte Spalte) verfolgt werden und es k\u00f6nnen auch eigene Kommentare dazugef\u00fcgt werden<\/h3>\n\n\n\n<h3 class=\"wp-block-heading\">Fr\u00fchere Reisen k\u00f6nnen \u00fcber das Men\u00fc &#8222;Reisearchive&#8220; aufgerufen werden<\/h3>\n\n\n\n<h2 class=\"wp-block-heading\">&nbsp;<\/h2>\n\n\n\n<p><\/p>\n","protected":false},"excerpt":{"rendered":"<p>Die aktuelle Reise kann in den Beitr\u00e4gen (rechte Spalte) verfolgt werden und es k\u00f6nnen auch eigene Kommentare dazugef\u00fcgt werden Fr\u00fchere Reisen k\u00f6nnen \u00fcber das Men\u00fc &#8222;Reisearchive&#8220; aufgerufen werden &nbsp;<\/p>\n","protected":false},"author":1,"featured_media":0,"parent":0,"menu_order":1,"comment_status":"closed","ping_status":"closed","template":"","meta":{"ngg_post_thumbnail":0,"footnotes":""},"categories":[],"tags":[],"class_list":["post-108","page","type-page","status-publish"],"_links":{"self":[{"href":"https:\/\/martins-reisen.de\/index.php?rest_route=\/wp\/v2\/pages\/108","targetHints":{"allow":["GET"]}}],"collection":[{"href":"https:\/\/martins-reisen.de\/index.php?rest_route=\/wp\/v2\/pages"}],"about":[{"href":"https:\/\/martins-reisen.de\/index.php?rest_route=\/wp\/v2\/types\/page"}],"author":[{"embeddable":true,"href":"https:\/\/martins-reisen.de\/index.php?rest_route=\/wp\/v2\/users\/1"}],"replies":[{"embeddable":true,"href":"https:\/\/martins-reisen.de\/index.php?rest_route=%2Fwp%2Fv2%2Fcomments&post=108"}],"version-history":[{"count":5,"href":"https:\/\/martins-reisen.de\/index.php?rest_route=\/wp\/v2\/pages\/108\/revisions"}],"predecessor-version":[{"id":1583,"href":"https:\/\/martins-reisen.de\/index.php?rest_route=\/wp\/v2\/pages\/108\/revisions\/1583"}],"wp:attachment":[{"href":"https:\/\/martins-reisen.de\/index.php?rest_route=%2Fwp%2Fv2%2Fmedia&parent=108"}],"wp:term":[{"taxonomy":"category","embeddable":true,"href":"https:\/\/martins-reisen.de\/index.php?rest_route=%2Fwp%2Fv2%2Fcategories&post=108"},{"taxonomy":"post_tag","embeddable":true,"href":"https:\/\/martins-reisen.de\/index.php?rest_route=%2Fwp%2Fv2%2Ftags&post=108"}],"curies":[{"name":"wp","href":"https:\/\/api.w.org\/{rel}","templated":true}]}}